{"id":26778,"date":"2021-02-05T18:29:46","date_gmt":"2021-02-05T16:29:46","guid":{"rendered":"https:\/\/www.czslc.sk\/?page_id=26778"},"modified":"2022-01-14T19:19:37","modified_gmt":"2022-01-14T17:19:37","slug":"objednavky-2021","status":"publish","type":"page","link":"https:\/\/www.czslc.sk\/?page_id=26778","title":{"rendered":"Objedn\u00e1vky 2021"},"content":{"rendered":"\n<table width=\"478\">\n<tbody>\n<tr>\n<td width=\"337\">Doxx &#8211; stravn\u00e9 l\u00edstky<\/td>\n<td width=\"77\">14.1.2021<\/td>\n<td width=\"64\">1\/2021<\/td>\n<\/tr>\n<tr>\n<td>Slovensk\u00e1 leg\u00e1lna metrol\u00f3gia, no., Bratislaa<\/td>\n<td>15.1.2021<\/td>\n<td>2\/2021<\/td>\n<\/tr>\n<tr>\n<td>Interi\u00e9r invest, s.r.o., Ko\u0161ice &#8211; juh<\/td>\n<td>19.1.2021<\/td>\n<td>3\/2021<\/td>\n<\/tr>\n<tr>\n<td>Sierra Enterprises, s.r.o.<\/td>\n<td>25.1.2021<\/td>\n<td>4\/2021<\/td>\n<\/tr>\n<tr>\n<td>TOPICO, s.r.o., B. Bystrica<\/td>\n<td>10.2.2021<\/td>\n<td>5\/2021<\/td>\n<\/tr>\n<tr>\n<td>Lek\u00e1re\u0148 na n\u00e1mest\u00ed, Lu\u010denec<\/td>\n<td>11.2.2021<\/td>\n<td>6\/2021<\/td>\n<\/tr>\n<tr>\n<td>Jozef Krn\u00e1\u010d &#8211; rev\u00edzny technik<\/td>\n<td>11.2.2021<\/td>\n<td>7\/2021<\/td>\n<\/tr>\n<tr>\n<td>Barnab\u00e1\u0161 Mag, \u0160urice<\/td>\n<td>11.2.2021<\/td>\n<td>8\/2021<\/td>\n<\/tr>\n<tr>\n<td>Doxx &#8211; stravn\u00e9 l\u00edstky<\/td>\n<td>22.2.2021<\/td>\n<td>9\/2021<\/td>\n<\/tr>\n<tr>\n<td>MagicPrint, s.r.o.<\/td>\n<td>22.2.2021<\/td>\n<td>10\/2021<\/td>\n<\/tr>\n<tr>\n<td>Forex, Lu\u010denec<\/td>\n<td>22.2.2021<\/td>\n<td>11\/2021<\/td>\n<\/tr>\n<tr>\n<td>Pavol Pocklan, Papiernictvo, Lu\u010denec<\/td>\n<td>4.3.2021<\/td>\n<td>12\/2021<\/td>\n<\/tr>\n<tr>\n<td>Doxx &#8211; stravn\u00e9 l\u00edstky<\/td>\n<td>17.3.2021<\/td>\n<td>13\/2021<\/td>\n<\/tr>\n<tr>\n<td>Doxx &#8211; stravn\u00e9 l\u00edstky<\/td>\n<td>23.4.2021<\/td>\n<td>14\/2021<\/td>\n<\/tr>\n<tr>\n<td>\u013dubom\u00edr L\u00ed\u0161ka, prev\u00e1dzka Zlat\u00e1 uli\u010dka, Lu\u010denec<\/td>\n<td>28.4.2021<\/td>\n<td>15\/2021<\/td>\n<\/tr>\n<tr>\n<td>Slovensk\u00e1 po\u0161ta, Bratislava<\/td>\n<td>7.5.2021<\/td>\n<td>16\/2021<\/td>\n<\/tr>\n<tr>\n<td>Kn\u00edhkupectvo, knihy, dar\u010deky Dov\u00e1\u013e,&nbsp; Lu\u010denec<\/td>\n<td>10.5.2021<\/td>\n<td>17\/2021<\/td>\n<\/tr>\n<tr>\n<td>Zebra hygiena, s.r.o., Bratislava<\/td>\n<td>18.5.2021<\/td>\n<td>19\/2021<\/td>\n<\/tr>\n<tr>\n<td>Doxx &#8211; stravn\u00e9 l\u00edstky<\/td>\n<td>9.6.2021<\/td>\n<td>20\/2021<\/td>\n<\/tr>\n<tr>\n<td>MERDOK, s.r.o., Vidin\u00e1<\/td>\n<td>19.7.2021<\/td>\n<td>21\/2021<\/td>\n<\/tr>\n<tr>\n<td>MERDOK, s.r.o., Vidin\u00e1<\/td>\n<td>19.7.2021<\/td>\n<td>22\/2021<\/td>\n<\/tr>\n<tr>\n<td>Ivan Nagy, \u0160urice<\/td>\n<td>18.8.2021<\/td>\n<td>23\/2021<\/td>\n<\/tr>\n<tr>\n<td>J2 studio, s.r.o., Lu\u010denec<\/td>\n<td>20.8.2021<\/td>\n<td>24\/2021<\/td>\n<\/tr>\n<tr>\n<td>STENEZI, s.r.o., Lu\u010denec<\/td>\n<td>20.8.2021<\/td>\n<td>25\/2021<\/td>\n<\/tr>\n<tr>\n<td>MERDOK, s.r.o., Vidin\u00e1<\/td>\n<td>20.8.2021<\/td>\n<td>26\/2021<\/td>\n<\/tr>\n<tr>\n<td>Doxx &#8211; stravn\u00e9 l\u00edstky<\/td>\n<td>2.9.2021<\/td>\n<td>27\/2021<\/td>\n<\/tr>\n<tr>\n<td>SIGNAL-CODE, s.r.o., Lu\u010denec<\/td>\n<td>7.9.2021<\/td>\n<td>28\/2021<\/td>\n<\/tr>\n<tr>\n<td>Forex, Lu\u010denec<\/td>\n<td>9.9.2021<\/td>\n<td>29\/2021<\/td>\n<\/tr>\n<tr>\n<td>J2 studio, s.r.o., Lu\u010denec<\/td>\n<td>23.9.2021<\/td>\n<td>30\/2021<\/td>\n<\/tr>\n<tr>\n<td>SIGNAL-CODE, s.r.o., Lu\u010denec<\/td>\n<td>5.10.2021<\/td>\n<td>31\/2021<\/td>\n<\/tr>\n<tr>\n<td>Doxx &#8211; stravn\u00e9 l\u00edstky<\/td>\n<td>5.10.2021<\/td>\n<td>32\/2021<\/td>\n<\/tr>\n<tr>\n<td>Pavol Pocklan, Papiernictvo, Lu\u010denec<\/td>\n<td>18.10.2021<\/td>\n<td>33\/2021<\/td>\n<\/tr>\n<tr>\n<td>Bc. Kamil Kraj\u0148\u00e1k, Lu\u010denec<\/td>\n<td>18.10.2021<\/td>\n<td>34\/2021<\/td>\n<\/tr>\n<tr>\n<td>N\u00e1bo\u017eensk\u00e1 predaj\u0148a M\u00e1ria<\/td>\n<td>2.11.2021<\/td>\n<td>35\/2021<\/td>\n<\/tr>\n<tr>\n<td>Doxx &#8211; stravn\u00e9 l\u00edstky<\/td>\n<td>3.11.2021<\/td>\n<td>36\/2021<\/td>\n<\/tr>\n<tr>\n<td>LIDL, v.o.s., Bratislava<\/td>\n<td>11.11.2021<\/td>\n<td>37\/2021<\/td>\n<\/tr>\n<tr>\n<td>Doxx &#8211; stravn\u00e9 l\u00edstky<\/td>\n<td>9.12.2021<\/td>\n<td>38\/2021<\/td>\n<\/tr>\n<tr>\n<td>Sierra Enterprises, s.r.o.<\/td>\n<td>15.12.2021<\/td>\n<td>39\/2021<\/td>\n<\/tr>\n<\/tbody>\n<\/table>\n","protected":false},"excerpt":{"rendered":"<p>Doxx &#8211; stravn\u00e9 l\u00edstky 14.1.2021 1\/2021 Slovensk\u00e1 leg\u00e1lna metrol\u00f3gia, no., Bratislaa 15.1.2021 2\/2021 Interi\u00e9r invest, s.r.o., Ko\u0161ice &#8211; juh 19.1.2021 3\/2021 Sierra Enterprises, s.r.o. 25.1.2021 4\/2021 TOPICO, s.r.o., B. Bystrica 10.2.2021 5\/2021 Lek\u00e1re\u0148 na n\u00e1mest\u00ed, Lu\u010denec 11.2.2021 6\/2021 Jozef Krn\u00e1\u010d &#8211; rev\u00edzny technik 11.2.2021 7\/2021 Barnab\u00e1\u0161 Mag, \u0160urice 11.2.2021 8\/2021 &hellip;<\/p>\n","protected":false},"author":1,"featured_media":0,"parent":0,"menu_order":0,"comment_status":"closed","ping_status":"closed","template":"","meta":{"ngg_post_thumbnail":0,"footnotes":""},"class_list":["post-26778","page","type-page","status-publish","hentry"],"aioseo_notices":[],"_links":{"self":[{"href":"https:\/\/www.czslc.sk\/index.php?rest_route=\/wp\/v2\/pages\/26778","targetHints":{"allow":["GET"]}}],"collection":[{"href":"https:\/\/www.czslc.sk\/index.php?rest_route=\/wp\/v2\/pages"}],"about":[{"href":"https:\/\/www.czslc.sk\/index.php?rest_route=\/wp\/v2\/types\/page"}],"author":[{"embeddable":true,"href":"https:\/\/www.czslc.sk\/index.php?rest_route=\/wp\/v2\/users\/1"}],"replies":[{"embeddable":true,"href":"https:\/\/www.czslc.sk\/index.php?rest_route=%2Fwp%2Fv2%2Fcomments&post=26778"}],"version-history":[{"count":6,"href":"https:\/\/www.czslc.sk\/index.php?rest_route=\/wp\/v2\/pages\/26778\/revisions"}],"predecessor-version":[{"id":27316,"href":"https:\/\/www.czslc.sk\/index.php?rest_route=\/wp\/v2\/pages\/26778\/revisions\/27316"}],"wp:attachment":[{"href":"https:\/\/www.czslc.sk\/index.php?rest_route=%2Fwp%2Fv2%2Fmedia&parent=26778"}],"curies":[{"name":"wp","href":"https:\/\/api.w.org\/{rel}","templated":true}]}}