{"id":26773,"date":"2021-02-05T18:26:20","date_gmt":"2021-02-05T16:26:20","guid":{"rendered":"https:\/\/www.czslc.sk\/?page_id=26773"},"modified":"2021-12-09T20:41:30","modified_gmt":"2021-12-09T18:41:30","slug":"faktury-2021","status":"publish","type":"page","link":"https:\/\/www.czslc.sk\/?page_id=26773","title":{"rendered":"Fakt\u00fary 2021"},"content":{"rendered":"\n<table id=\"wp-table-reloaded-id-101-no-1\" class=\"wp-table-reloaded wp-table-reloaded-id-101\" style=\"width: 100%; height: 288px;\">\n<tbody>\n<tr class=\"row-1 odd\" style=\"height: 24px;\">\n<td class=\"column-1\" style=\"height: 24px; width: 50.2242%;\"><a href=\"https:\/\/www.czslc.sk\/?page_id=26775\">Janu\u00e1r 2021<\/a><\/td>\n<td style=\"width: 18.6547%;\">&nbsp;<\/td>\n<td style=\"width: 12.8251%;\">&nbsp;<\/td>\n<td style=\"width: 17.3094%;\">&nbsp;<\/td>\n<\/tr>\n<tr class=\"row-2 even\" style=\"height: 24px;\">\n<td class=\"column-1\" style=\"height: 24px; width: 50.2242%;\"><a href=\"https:\/\/www.czslc.sk\/?page_id=26826\">Febru\u00e1r 2021<\/a><\/td>\n<td style=\"width: 18.6547%;\">&nbsp;<\/td>\n<td style=\"width: 12.8251%;\">&nbsp;<\/td>\n<td style=\"width: 17.3094%;\">&nbsp;<\/td>\n<\/tr>\n<tr class=\"row-3 odd\" style=\"height: 24px;\">\n<td class=\"column-1\" style=\"height: 24px; width: 50.2242%;\"><a href=\"https:\/\/www.czslc.sk\/?page_id=26898\">Marec 2021<\/a><\/td>\n<td style=\"width: 18.6547%;\">&nbsp;<\/td>\n<td style=\"width: 12.8251%;\">&nbsp;<\/td>\n<td style=\"width: 17.3094%;\">&nbsp;<\/td>\n<\/tr>\n<tr class=\"row-4 even\" style=\"height: 24px;\">\n<td class=\"column-1\" style=\"height: 24px; width: 50.2242%;\"><a href=\"https:\/\/www.czslc.sk\/?page_id=26911\">Apr\u00edl 2021<\/a><\/td>\n<td style=\"width: 18.6547%;\">&nbsp;<\/td>\n<td style=\"width: 12.8251%;\">&nbsp;<\/td>\n<td style=\"width: 17.3094%;\">&nbsp;<\/td>\n<\/tr>\n<tr class=\"row-5 odd\" style=\"height: 24px;\">\n<td class=\"column-1\" style=\"height: 24px; width: 50.2242%;\"><a href=\"https:\/\/www.czslc.sk\/?page_id=27003\">M\u00e1j 2021<\/a><\/td>\n<td style=\"width: 18.6547%;\">&nbsp;<\/td>\n<td style=\"width: 12.8251%;\">&nbsp;<\/td>\n<td style=\"width: 17.3094%;\">&nbsp;<\/td>\n<\/tr>\n<tr class=\"row-6 even\" style=\"height: 24px;\">\n<td class=\"column-1\" style=\"height: 24px; width: 50.2242%;\">J\u00fan 2021<\/td>\n<td style=\"width: 18.6547%;\">&nbsp;<\/td>\n<td style=\"width: 12.8251%;\">&nbsp;<\/td>\n<td style=\"width: 17.3094%;\">&nbsp;<\/td>\n<\/tr>\n<tr class=\"row-7 odd\" style=\"height: 24px;\">\n<td class=\"column-1\" style=\"height: 24px; width: 50.2242%;\">J\u00fal 2021<\/td>\n<td style=\"width: 18.6547%;\">&nbsp;<\/td>\n<td style=\"width: 12.8251%;\">&nbsp;<\/td>\n<td style=\"width: 17.3094%;\">&nbsp;<\/td>\n<\/tr>\n<tr class=\"row-8 even\" style=\"height: 24px;\">\n<td class=\"column-1\" style=\"height: 24px; width: 50.2242%;\"><a href=\"https:\/\/www.czslc.sk\/?page_id=27038\">August 2021<\/a><\/td>\n<td style=\"width: 18.6547%;\">&nbsp;<\/td>\n<td style=\"width: 12.8251%;\">&nbsp;<\/td>\n<td style=\"width: 17.3094%;\">&nbsp;<\/td>\n<\/tr>\n<tr class=\"row-9 odd\" style=\"height: 24px;\">\n<td class=\"column-1\" style=\"height: 24px; width: 50.2242%;\"><a href=\"https:\/\/www.czslc.sk\/?page_id=27150\">September 2021<\/a><\/td>\n<td style=\"width: 18.6547%;\">&nbsp;<\/td>\n<td style=\"width: 12.8251%;\">&nbsp;<\/td>\n<td style=\"width: 17.3094%;\">&nbsp;<\/td>\n<\/tr>\n<tr class=\"row-10 even\" style=\"height: 24px;\">\n<td class=\"column-1\" style=\"height: 24px; width: 50.2242%;\"><a href=\"https:\/\/www.czslc.sk\/?page_id=27288\">Okt\u00f3ber 2021<\/a><\/td>\n<td style=\"width: 18.6547%;\">&nbsp;<\/td>\n<td style=\"width: 12.8251%;\">&nbsp;<\/td>\n<td style=\"width: 17.3094%;\">&nbsp;<\/td>\n<\/tr>\n<tr class=\"row-11 odd\" style=\"height: 24px;\">\n<td class=\"column-1\" style=\"height: 24px; width: 50.2242%;\"><a href=\"https:\/\/www.czslc.sk\/?page_id=27290\">November 2021<\/a><\/td>\n<td style=\"width: 18.6547%;\">&nbsp;<\/td>\n<td style=\"width: 12.8251%;\">&nbsp;<\/td>\n<td style=\"width: 17.3094%;\">&nbsp;<\/td>\n<\/tr>\n<tr>\n<td style=\"width: 50.2242%;\" width=\"215\"><a href=\"https:\/\/www.czslc.sk\/?page_id=27293\">December 2021<\/a><\/td>\n<td style=\"width: 18.6547%;\" width=\"84\">&nbsp;<\/td>\n<td style=\"width: 12.8251%;\" width=\"56\">&nbsp;<\/td>\n<td style=\"width: 17.3094%;\" width=\"71\">&nbsp;<\/td>\n<\/tr>\n<\/tbody>\n<\/table>\n","protected":false},"excerpt":{"rendered":"<p>Janu\u00e1r 2021 &nbsp; &nbsp; &nbsp; Febru\u00e1r 2021 &nbsp; &nbsp; &nbsp; Marec 2021 &nbsp; &nbsp; &nbsp; Apr\u00edl 2021 &nbsp; &nbsp; &nbsp; M\u00e1j 2021 &nbsp; &nbsp; &nbsp; J\u00fan 2021 &nbsp; &nbsp; &nbsp; J\u00fal 2021 &nbsp; &nbsp; &nbsp; August 2021 &nbsp; &nbsp; &nbsp; September 2021 &nbsp; &nbsp; &nbsp; Okt\u00f3ber 2021 &nbsp; &nbsp; &nbsp; &hellip;<\/p>\n","protected":false},"author":1,"featured_media":0,"parent":0,"menu_order":0,"comment_status":"closed","ping_status":"closed","template":"","meta":{"ngg_post_thumbnail":0,"footnotes":""},"class_list":["post-26773","page","type-page","status-publish","hentry"],"aioseo_notices":[],"_links":{"self":[{"href":"https:\/\/www.czslc.sk\/index.php?rest_route=\/wp\/v2\/pages\/26773","targetHints":{"allow":["GET"]}}],"collection":[{"href":"https:\/\/www.czslc.sk\/index.php?rest_route=\/wp\/v2\/pages"}],"about":[{"href":"https:\/\/www.czslc.sk\/index.php?rest_route=\/wp\/v2\/types\/page"}],"author":[{"embeddable":true,"href":"https:\/\/www.czslc.sk\/index.php?rest_route=\/wp\/v2\/users\/1"}],"replies":[{"embeddable":true,"href":"https:\/\/www.czslc.sk\/index.php?rest_route=%2Fwp%2Fv2%2Fcomments&post=26773"}],"version-history":[{"count":11,"href":"https:\/\/www.czslc.sk\/index.php?rest_route=\/wp\/v2\/pages\/26773\/revisions"}],"predecessor-version":[{"id":27371,"href":"https:\/\/www.czslc.sk\/index.php?rest_route=\/wp\/v2\/pages\/26773\/revisions\/27371"}],"wp:attachment":[{"href":"https:\/\/www.czslc.sk\/index.php?rest_route=%2Fwp%2Fv2%2Fmedia&parent=26773"}],"curies":[{"name":"wp","href":"https:\/\/api.w.org\/{rel}","templated":true}]}}