{"id":26771,"date":"2021-01-14T14:48:58","date_gmt":"2021-01-14T12:48:58","guid":{"rendered":"https:\/\/www.czslc.sk\/?page_id=26771"},"modified":"2021-01-14T14:48:58","modified_gmt":"2021-01-14T12:48:58","slug":"december-2020","status":"publish","type":"page","link":"https:\/\/www.czslc.sk\/?page_id=26771","title":{"rendered":"December 2020"},"content":{"rendered":"\n<figure class=\"wp-block-table\"><table><tbody><tr><td>Valman, s.r.o., B. Bystrica<\/td><td>99201387<\/td><td>14,75 \u20ac<\/td><td>1.12.2020<\/td><\/tr><tr><td>osobny \u00fadaj.sk, s.r.o.<\/td><td>1020121151<\/td><td>36,00 \u20ac<\/td><td>1.12.2020<\/td><\/tr><tr><td>Alza.sk, Bratislava<\/td><td>5220361493<\/td><td>28,48 \u20ac<\/td><td>1.12.2020<\/td><\/tr><tr><td>Mgr. Ladislav Kanaba &#8211; ABT<\/td><td>922020<\/td><td>80,00 \u20ac<\/td><td>3.12.2020<\/td><\/tr><tr><td>Miroslav Melich, Fi\u013eakovo<\/td><td>2020006<\/td><td>190,00 \u20ac<\/td><td>4.12.2020<\/td><\/tr><tr><td>Slovak Telekom, a.s., Bratislava<\/td><td>8273194293<\/td><td>41,09 \u20ac<\/td><td>4.12.2020<\/td><\/tr><tr><td>Liberra Terra, s.r.o<\/td><td>20203129<\/td><td>102,90 \u20ac<\/td><td>7.12.2020<\/td><\/tr><tr><td>Doxx- stravn\u00e9 l\u00edstky<\/td><td>3020998558<\/td><td>464,40 \u20ac<\/td><td>7.12.2020<\/td><\/tr><tr><td>MERDOK, s.r.o., Vidin\u00e1<\/td><td>19112019<\/td><td>672,00 \u20ac<\/td><td>7.12.2020<\/td><\/tr><tr><td>MERDOK, s.r.o., Vidin\u00e1<\/td><td>20112019<\/td><td>36,00 \u20ac<\/td><td>7.12.2020<\/td><\/tr><tr><td>LEDart, s.r.o., BA<\/td><td>12022989<\/td><td>119,96 \u20ac<\/td><td>7.12.2020<\/td><\/tr><tr><td>Stavmonta, s.r.o.,&nbsp;<\/td><td>F200685<\/td><td>49,50 \u20ac<\/td><td>8.12.2020<\/td><\/tr><tr><td>Innogy Slovensko, s.r.o.<\/td><td>4434589224<\/td><td>667,10 \u20ac<\/td><td>8.12.2020<\/td><\/tr><tr><td>Pece, s.r.o., O\u010dov\u00e1<\/td><td>20200927<\/td><td>3 773,62 \u20ac<\/td><td>8.12.2020<\/td><\/tr><tr><td>Softwork, s.r.o., \u017dilina<\/td><td>OF-200942<\/td><td>40,92 \u20ac<\/td><td>9.12.2020<\/td><\/tr><tr><td>Z\u00e1bavn\u00e9 u\u010den\u00ed, s.r.o., \u010cR<\/td><td>FSK2000483<\/td><td>287,70 \u20ac<\/td><td>9.12.2020<\/td><\/tr><tr><td>D\u011btsk\u00fd eshop, Bratislava<\/td><td>20SK12107<\/td><td>23,15 \u20ac<\/td><td>9.12.2020<\/td><\/tr><tr><td>MakroFoto, s.r.o., Bratislava<\/td><td>12206098<\/td><td>667,01 \u20ac<\/td><td>9.12.2020<\/td><\/tr><tr><td>\u017dofia Lackov\u00e1, Lu\u010denec<\/td><td>392020<\/td><td>150,00 \u20ac<\/td><td>10.12.2020<\/td><\/tr><tr><td>\u017dofia Lackov\u00e1, Lu\u010denec<\/td><td>382020<\/td><td>108,00 \u20ac<\/td><td>10.12.2020<\/td><\/tr><tr><td>VSE, a.s., Ko\u0161ice<\/td><td>7293356159<\/td><td>429,16 \u20ac<\/td><td>10.12.2020<\/td><\/tr><tr><td>Alza.sk, s.r.o., Bratislava<\/td><td>5220378980<\/td><td>71,34 \u20ac<\/td><td>10.12.2020<\/td><\/tr><tr><td>Dom Matice Slovenskej, LC<\/td><td>202009<\/td><td>47,40 \u20ac<\/td><td>10.12.2020<\/td><\/tr><tr><td>Taktik vydavate\u013estvo, s.r.o.<\/td><td>2027059<\/td><td>99,80 \u20ac<\/td><td>10.12.2020<\/td><\/tr><tr><td>j2 studio, s.r.o., LC<\/td><td>Fa20200014<\/td><td>1 700,00 \u20ac<\/td><td>11.12.2020<\/td><\/tr><tr><td>Zebra Group, s.r.o.<\/td><td>20VF00968<\/td><td>459,80 \u20ac<\/td><td>14.12.2020<\/td><\/tr><tr><td>Conatex-u\u010debn\u00ed pom\u00facky, \u010cR<\/td><td>20.801.649<\/td><td>353,36 \u20ac<\/td><td>14.12.2020<\/td><\/tr><tr><td>Alza.cz, Praha, \u010cR<\/td><td>5202487656<\/td><td>19,63 \u20ac<\/td><td>15.12.2020<\/td><\/tr><tr><td>SZ\u0160 s M\u0160 DSA, Lu\u010denec<\/td><td>1\/12\/2020<\/td><td>1 189,09 \u20ac<\/td><td>15.12.2020<\/td><\/tr><tr><td>SZ\u0160 s M\u0160 DSA, Lu\u010denec<\/td><td>2\/12\/2020<\/td><td>204,00 \u20ac<\/td><td>15.12.2020<\/td><\/tr><tr><td>SZ\u0160 s M\u0160 DSA, Lu\u010denec<\/td><td>RN\u017d1\/12\/2020<\/td><td>216,00 \u20ac<\/td><td>15.12.2020<\/td><\/tr><tr><td>Krp\u010diar Pavel, Lu\u010denec<\/td><td>1\/12\/2020\/PS<\/td><td>60,00 \u20ac<\/td><td>15.12.2020<\/td><\/tr><tr><td>Valman, s.r.o., B. Bystrica<\/td><td>99201581<\/td><td>4,89 \u20ac<\/td><td>15.12.2020<\/td><\/tr><tr><td>Juryko, s.r.o., Ivanovce<\/td><td>1022366<\/td><td>95,00 \u20ac<\/td><td>15.12.2020<\/td><\/tr><tr><td>Vydavate\u013estvo Don Bosco<\/td><td>FV201200124<\/td><td>31,36 \u20ac<\/td><td>16.12.2020<\/td><\/tr><tr><td>Zdru\u017eenie katol. \u0160k\u00f4l SR<\/td><td>200100022<\/td><td>20,00 \u20ac<\/td><td>16.12.2020<\/td><\/tr><tr><td>Taktik vydavate\u013estvo, s.r.o.<\/td><td>2027427<\/td><td>61,90 \u20ac<\/td><td>16.12.2020<\/td><\/tr><tr><td>MB Tech BB, s.r.o.<\/td><td>202115167<\/td><td>1 234,00 \u20ac<\/td><td>16.12.2020<\/td><\/tr><tr><td>Richard \u0160rob\u00e1r &#8211; Littera<\/td><td>VF202887<\/td><td>102,72 \u20ac<\/td><td>17.12.2020<\/td><\/tr><tr><td>\u017dofia Lackov\u00e1, Lu\u010denec<\/td><td>402020<\/td><td>600,00 \u20ac<\/td><td>17.12.2020<\/td><\/tr><tr><td>Alza.sk, s.r.o., Bratislava<\/td><td>5220389747<\/td><td>276,00 \u20ac<\/td><td>17.12.2020<\/td><\/tr><tr><td>Conatex-u\u010debn\u00ed pom\u00facky, \u010cR<\/td><td>20.801.715<\/td><td>63,90 \u20ac<\/td><td>18.12.2020<\/td><\/tr><tr><td>PZS Lu\u010denec, s.r.o., LC<\/td><td>222020<\/td><td>100,00 \u20ac<\/td><td>18.12.2020<\/td><\/tr><tr><td>Unizdrav Pre\u0161ov, s.r.o.<\/td><td>202090864<\/td><td>191,20 \u20ac<\/td><td>18.12.2020<\/td><\/tr><tr><td>ESV plus, s.r.o., Lu\u010denec<\/td><td>417\/2020<\/td><td>98,82 \u20ac<\/td><td>21.12.2020<\/td><\/tr><tr><td>ESV plus, s.r.o., Lu\u010denec<\/td><td>416\/2020<\/td><td>61,01 \u20ac<\/td><td>21.12.2020<\/td><\/tr><tr><td>JTF partnership, s.r.o.<\/td><td>ZF1024198<\/td><td>76,32 \u20ac<\/td><td>9.12.2020<\/td><\/tr><\/tbody><\/table><\/figure>\n\n\n","protected":false},"excerpt":{"rendered":"<p>Valman, s.r.o., B. Bystrica 99201387 14,75 \u20ac 1.12.2020 osobny \u00fadaj.sk, s.r.o. 1020121151 36,00 \u20ac 1.12.2020 Alza.sk, Bratislava 5220361493 28,48 \u20ac 1.12.2020 Mgr. Ladislav Kanaba &#8211; ABT 922020 80,00 \u20ac 3.12.2020 Miroslav Melich, Fi\u013eakovo 2020006 190,00 \u20ac 4.12.2020 Slovak Telekom, a.s., Bratislava 8273194293 41,09 \u20ac 4.12.2020 Liberra Terra, s.r.o 20203129 102,90 &hellip;<\/p>\n","protected":false},"author":1,"featured_media":0,"parent":0,"menu_order":0,"comment_status":"closed","ping_status":"closed","template":"","meta":{"ngg_post_thumbnail":0,"footnotes":""},"class_list":["post-26771","page","type-page","status-publish","hentry"],"aioseo_notices":[],"_links":{"self":[{"href":"https:\/\/www.czslc.sk\/index.php?rest_route=\/wp\/v2\/pages\/26771","targetHints":{"allow":["GET"]}}],"collection":[{"href":"https:\/\/www.czslc.sk\/index.php?rest_route=\/wp\/v2\/pages"}],"about":[{"href":"https:\/\/www.czslc.sk\/index.php?rest_route=\/wp\/v2\/types\/page"}],"author":[{"embeddable":true,"href":"https:\/\/www.czslc.sk\/index.php?rest_route=\/wp\/v2\/users\/1"}],"replies":[{"embeddable":true,"href":"https:\/\/www.czslc.sk\/index.php?rest_route=%2Fwp%2Fv2%2Fcomments&post=26771"}],"version-history":[{"count":1,"href":"https:\/\/www.czslc.sk\/index.php?rest_route=\/wp\/v2\/pages\/26771\/revisions"}],"predecessor-version":[{"id":26772,"href":"https:\/\/www.czslc.sk\/index.php?rest_route=\/wp\/v2\/pages\/26771\/revisions\/26772"}],"wp:attachment":[{"href":"https:\/\/www.czslc.sk\/index.php?rest_route=%2Fwp%2Fv2%2Fmedia&parent=26771"}],"curies":[{"name":"wp","href":"https:\/\/api.w.org\/{rel}","templated":true}]}}