{"id":26298,"date":"2020-09-18T17:34:52","date_gmt":"2020-09-18T15:34:52","guid":{"rendered":"https:\/\/www.czslc.sk\/?page_id=26298"},"modified":"2020-11-09T14:04:03","modified_gmt":"2020-11-09T12:04:03","slug":"covid-19","status":"publish","type":"page","link":"https:\/\/www.czslc.sk\/?page_id=26298","title":{"rendered":"Covid 19"},"content":{"rendered":"\nngg_shortcode_0_placeholder\n\n\n\n<h3><span style=\"color: #ff0000;\">D\u00f4le\u017eit\u00e9 dokumenty<br \/><\/span><\/h3>\n<h5 style=\"text-align: center;\" tabindex=\"-1\" data-thread-perm-id=\"thread-f:1678067158087114940\" data-legacy-thread-id=\"1749b130830820bc\"><a href=\"https:\/\/www.minedu.sk\/data\/att\/17849.pdf\"><strong><span style=\"color: #008000;\">Vyhl\u00e1senie o bezinfek\u010dnosti<\/span><\/strong><\/a><\/h5>\n<h5 style=\"text-align: center;\"><a href=\"https:\/\/www.minedu.sk\/data\/att\/17847.pdf\"><strong><span style=\"color: #339966;\">Tla\u010divo pre n\u00e1v\u0161tevn\u00edka<\/span><\/strong><\/a><\/h5>\n<h5 style=\"text-align: center;\"><a href=\"https:\/\/www.minedu.sk\/data\/att\/17867.pdf\"><span style=\"color: #339966;\"><strong>Podmienky vstupu do \u0161koly<\/strong><\/span><\/a><\/h5>\n<p>&nbsp;<\/p>\n<p>&nbsp;<\/p>\n<p><code><\/code><\/p>\n<div class=\"entry-content\">\n<h3><strong>Oznam rodi\u010dom<\/strong><\/h3>\n<pre><br \/>24.10.2020<\/pre>\n<p><em>V\u00e1\u017een\u00ed rodi\u010dia,<\/em><br \/><em>na z\u00e1klade rozhodnutia vl\u00e1dy doch\u00e1dza k&nbsp;\u00faprave sp\u00f4sobu \u0161kolskej doch\u00e1dzky.<br \/><\/em><br \/><em>Od pondelka 26. okt\u00f3bra do 27. novembra 2020 sa so \u017eiakmi I. stup\u0148a stretneme v&nbsp;pondelok 26. okt\u00f3bra 2020 v&nbsp;\u0161kole,<br \/><\/em><br \/><em>kde bude prebieha\u0165 prezen\u010dn\u00e1 v\u00fdu\u010dba.<br \/>\u017diaci maj\u00fa zabezpe\u010den\u00e9 obedy a&nbsp;\u0160KD.<\/em><br \/><em>\u017diaci II. stup\u0148a prech\u00e1dzaj\u00fa na di\u0161tan\u010dn\u00e9 \u0161t\u00fadium.<\/em><\/p>\n<figure class=\"wp-block-image\"><img decoding=\"async\" src=\"https:\/\/ssl.gstatic.com\/ui\/v1\/icons\/mail\/images\/cleardot.gif\" alt=\"\"\/><\/figure>\n<p><em>Rozvrh pre triedu ste dostali od Va\u0161ich triednych u\u010dite\u013eov.<\/em><\/p>\n<p><em>\u010eal\u0161ie inform\u00e1cie:<\/em><br \/>\u00b7&nbsp;&nbsp;&nbsp;&nbsp;&nbsp;&nbsp;&nbsp; <em>Sledujte n\u00e1s na str\u00e1nke \u0161koly a&nbsp;na EduPage,<\/em><br \/>\u00b7&nbsp;&nbsp;&nbsp;&nbsp;&nbsp;&nbsp;&nbsp; <em>akceptujeme v\u00fdsledky ned\u00e1vneho dotazn\u00edka, ktor\u00fd ste pre na\u0161e potreby vyplnili a&nbsp;prihliadame na Va\u0161e odpovede,<\/em><br \/>\u00b7&nbsp;&nbsp;&nbsp;&nbsp;&nbsp;&nbsp;&nbsp; <em>vyu\u010duj\u00faci, soci\u00e1lny pedag\u00f3g a&nbsp;\u0161peci\u00e1lny pedag\u00f3g s\u00fa V\u00e1m k&nbsp;dispoz\u00edcii telefonicky, kontakty n\u00e1jdete na str\u00e1nke \u0161koly <a href=\"https:\/\/www.czslc.sk\" target=\"_blank\" rel=\"noreferrer noopener\">www.czslc.sk<\/a>,<\/em><br \/>\u00b7&nbsp;&nbsp;&nbsp;&nbsp;&nbsp;&nbsp;&nbsp; <em>st\u00e1le plat\u00ed, \u017ee ak \u017eiak pri prezen\u010dnom vzdel\u00e1van\u00ed ch\u00fdba 3 po sebe nasleduj\u00face dni, je potrebn\u00e9 donies\u0165 potvrdenie o&nbsp;bezinfek\u010dnosti,<\/em><br \/>\u00b7&nbsp;&nbsp;&nbsp;&nbsp;&nbsp;&nbsp;&nbsp; <em>pr\u00e1zdniny: zmena, v\u017edy piatky a&nbsp;pondelky okolo term\u00ednov celoplo\u0161n\u00e9ho testovania na covid-19,<\/em><br \/>\u00b7&nbsp;&nbsp;&nbsp;&nbsp;&nbsp;&nbsp;&nbsp; <em>jesenn\u00e9 pr\u00e1zdniny 30. okt., 2. nov. 2020,<\/em><br \/>\u00b7&nbsp;&nbsp;&nbsp;&nbsp;&nbsp;&nbsp;&nbsp; <em>\u0161kolsk\u00e9 pr\u00e1zdniny 6. nov., 9. nov. 2020,<\/em><\/p>\n<p><em>Di\u0161tan\u010dn\u00e9 vzdel\u00e1vanie:<\/em><br \/>\u00b7&nbsp;&nbsp;&nbsp;&nbsp;&nbsp;&nbsp;&nbsp; <em>\u00falohy bud\u00fa zad\u00e1van\u00e9 prioritne prostredn\u00edctvom EduPage, ale aj cez <a href=\"http:\/\/www.bezkriedy.sk\" target=\"_blank\" rel=\"noreferrer noopener\">www.bezkriedy.sk<\/a>, pre online vzdel\u00e1vanie sa bude vyu\u017e\u00edva\u0165 prednostne zoom,<\/em><br \/><em>sledujte pokyny svojich vyu\u010duj\u00facich,<br \/><\/em><br \/>\u00b7&nbsp;&nbsp;&nbsp;&nbsp;&nbsp;&nbsp;&nbsp; <em>vyu\u010duj\u00faci informuj\u00fa \u017eiakov o&nbsp;podmienkach splnenia po\u017eiadaviek predmetu, ako aj o&nbsp;krit\u00e9ri\u00e1ch hodnotenia a&nbsp;klasifik\u00e1cie po\u010das tohto obdobia,<\/em><br \/>\u00b7&nbsp;&nbsp;&nbsp;&nbsp;&nbsp;&nbsp;&nbsp; <em>zad\u00e1vanie \u00faloh na dan\u00fd de\u0148 od 08:00 do 15:00, alebo de\u0148 vopred<\/em><br \/>\u00b7&nbsp;&nbsp;&nbsp;&nbsp;&nbsp;&nbsp;&nbsp; <em>\u017eiaci s\u00fa povinn\u00ed plni\u0165 si \u00falohy vypl\u00fdvaj\u00face z&nbsp;di\u0161tan\u010dn\u00e9ho vzdel\u00e1vania, a&nbsp;po\u010das tohto obdobia je st\u00e1le v&nbsp;platnosti \u0160kolsk\u00fd poriadok a&nbsp;teda v&nbsp;pr\u00edpade poru\u0161ovania platia aj v\u00fdchovn\u00e9 opatrenia (napomenutie triednym u\u010dite\u013eom, pokarhanie triednym u\u010dite\u013eom, \u2026), v pr\u00edpade pr\u00edkladn\u00e9ho pr\u00edstupu ku povinnostiam samozrejme aj pochvala triednym u\u010dite\u013eom,<br \/><\/em><br \/>\u00b7&nbsp;&nbsp;&nbsp;&nbsp;&nbsp;&nbsp;&nbsp; <em>na z\u00e1klade plnenia si povinnost\u00ed bud\u00fa vyu\u010duj\u00faci evidova\u0165 \u201edoch\u00e1dzku\u201c \u017eiakov,<\/em><br \/>\u00b7&nbsp;&nbsp;&nbsp;&nbsp;&nbsp;&nbsp;&nbsp; <em>v&nbsp;pr\u00edpade, \u017ee sa \u017eiak nebude z\u00fa\u010dast\u0148ova\u0165 online v\u00fdu\u010dby a&nbsp;nepreuk\u00e1\u017ee sa ospravedlnenkou, budeme pova\u017eova\u0165 tieto hodiny za neospravedlnen\u00e9,<\/em><br \/>\u00b7&nbsp;&nbsp;&nbsp;&nbsp;&nbsp;&nbsp;&nbsp; <em>ak bol \u017eiak u lek\u00e1ra, elektronicky po\u0161le triednemu u\u010dite\u013eov <\/em><em>ospravedlnenku,<\/em><br \/>\u00b7&nbsp;&nbsp;&nbsp;&nbsp;&nbsp;&nbsp;&nbsp; <em>\u017eiadame V\u00e1s, aby ste n\u00e1m v\u017edy bezodkladne poskytovali inform\u00e1cie o&nbsp;zmenenom zdravotnom stave V\u00e1\u0161ho die\u0165a\u0165a, ako aj rodinn\u00fdch pr\u00edslu\u0161n\u00edkov \u017eij\u00facich s&nbsp;die\u0165a\u0165om v&nbsp;jednej dom\u00e1cnosti,<\/em><br \/>\u00b7&nbsp;&nbsp;&nbsp;&nbsp;&nbsp;&nbsp;&nbsp; <em>ak budete ma\u0165 probl\u00e9m ak\u00e9hoko\u013evek druhu (technick\u00fd, probl\u00e9m s&nbsp;prihl\u00e1sen\u00edm, s&nbsp;internetom, probl\u00e9m zdravotn\u00fd, in\u00fd\u2026), nev\u00e1hajte n\u00e1s kontaktova\u0165.<\/em><\/p>\n<p><em>Spolu to zvl\u00e1dneme. \u010eakujeme.<\/em><\/p>\n<div>&nbsp;<\/div>\n<\/div>\n<p>&nbsp;<\/p>\n<h3>Ozn\u00e1menie o nariaden\u00ed mimoriadneho preru\u0161enia \u0161kolsk\u00e9ho vyu\u010dovania v \u0161kole<\/h3>\n<p><span style=\"color: #000000;\">Riadite\u013eka Cirkevnej z\u00e1kladnej \u0161koly sv. J\u00e1na Bosca v&nbsp;Lu\u010denci pod\u013ea \u00a7 3 ods. 10 vyhl\u00e1\u0161ky \u010d. 231\/2009 Z. z. o&nbsp;podrobnostiach o&nbsp;organiz\u00e1cii \u0161kolsk\u00e9ho roka na z\u00e1kladn\u00fdch \u0161kol\u00e1ch, na stredn\u00fdch \u0161kol\u00e1ch, na praktick\u00fdch \u0161kol\u00e1ch, na odborn\u00fdch u\u010dili\u0161tiach a&nbsp;na jazykov\u00fdch \u0161kol\u00e1ch; a&nbsp;v&nbsp;s\u00falade s \u00a7 150 ods. 5 z\u00e1kona \u010d. 245\/2008 Z. z. o&nbsp;v\u00fdchove a&nbsp;vzdel\u00e1van\u00ed (\u0161kolsk\u00fd z\u00e1kon) a&nbsp;o&nbsp;zmene a&nbsp;doplnen\u00ed niektor\u00fdch z\u00e1konov v&nbsp;znen\u00ed neskor\u0161\u00edch predpisov naria\u010fuje \u017eiakom tried II.A, IV.A a&nbsp;V.A<\/span><\/p>\n<p style=\"text-align: center;\"><span style=\"color: #000000;\">&nbsp;<\/span><b><span style=\"color: #000000;\">mimoriadne preru\u0161enie \u0161kolsk\u00e9ho vyu\u010dovania v&nbsp;\u0161kole <br \/><\/span><\/b><b><span style=\"color: #000000;\">do 16. 10. 2020<\/span><\/b><\/p>\n<p><span style=\"color: #000000;\">&nbsp;<\/span><span style=\"color: #000000;\">z&nbsp;d\u00f4vodu nariadenia R\u00daVZ vydanom d\u0148a 12. 10. 2020.<\/span><\/p>\n<p><b><span style=\"color: #000000;\">\u017diaci sa v&nbsp;uvedenom &nbsp;term\u00edne vzdel\u00e1vaj\u00fa di\u0161tan\u010dne.<br \/><\/span><\/b><span style=\"color: #000000;\">V&nbsp;tieto dni nebude v&nbsp;prev\u00e1dzke ani \u0160kolsk\u00fd klub det\u00ed pre menovan\u00e9 triedy. \u017diaci s\u00fa v&nbsp;d\u0148och 14. \u2013 16. 10. 2020 odhl\u00e1sen\u00ed z&nbsp;obedov.<br \/><\/span><span style=\"color: #000000;\">Mgr. Ter\u00e9zia Bahledov\u00e1, PhD.,&nbsp;riadite\u013eka \u0161koly<\/span><\/p>\n<p>&nbsp;<\/p>\n<p id=\":li\" class=\"hP\" tabindex=\"-1\" data-thread-perm-id=\"thread-f:1678067158087114940\" data-legacy-thread-id=\"1749b130830820bc\"><a href=\"https:\/\/www.czslc.sk\/?wpfb_dl=611\">Organiz\u00e1cia a podmienky v\u00fdchovy a vzdel\u00e1vania &#8211; platn\u00e9 od 17. 09. 2020<\/a><\/p>\n<p><a href=\"https:\/\/www.czslc.sk\/?wpfb_dl=607\">Usmernenie hlavn\u00e9ho hygienika<\/a><\/p>\n<p><a href=\"https:\/\/www.czslc.sk\/?wpfb_dl=606\">Organiz\u00e1cia a podmienky &#8230;.<\/a><\/p>\n<p><a href=\"https:\/\/www.czslc.sk\/?wpfb_dl=610\">Oznam <\/a><\/p>\n<p><a href=\"https:\/\/www.czslc.sk\/?wpfb_dl=608\">Upozornenie<\/a><\/p>\n<p><a href=\"https:\/\/www.czslc.sk\/?wpfb_dl=604\">Opatrenia \u00daVZ SR k noseniu r\u00fa\u0161ok &#8211; 14.9.2020<\/a><\/p>\n<p><a href=\"https:\/\/www.czslc.sk\/?wpfb_dl=603\">V\u00fdznam nosenia tv\u00e1rov\u00e9ho r\u00fa\u0161ka<\/a><\/p>\n","protected":false},"excerpt":{"rendered":"<p>D\u00f4le\u017eit\u00e9 dokumenty Vyhl\u00e1senie o bezinfek\u010dnosti Tla\u010divo pre n\u00e1v\u0161tevn\u00edka Podmienky vstupu do \u0161koly &nbsp; &nbsp; Oznam rodi\u010dom 24.10.2020 V\u00e1\u017een\u00ed rodi\u010dia,na z\u00e1klade rozhodnutia vl\u00e1dy doch\u00e1dza k&nbsp;\u00faprave sp\u00f4sobu \u0161kolskej doch\u00e1dzky.Od pondelka 26. okt\u00f3bra do 27. novembra 2020 sa so \u017eiakmi I. stup\u0148a stretneme v&nbsp;pondelok 26. okt\u00f3bra 2020 v&nbsp;\u0161kole,kde bude prebieha\u0165 prezen\u010dn\u00e1 v\u00fdu\u010dba.\u017diaci maj\u00fa &hellip;<\/p>\n","protected":false},"author":1,"featured_media":0,"parent":0,"menu_order":0,"comment_status":"closed","ping_status":"closed","template":"","meta":{"ngg_post_thumbnail":0,"footnotes":""},"class_list":["post-26298","page","type-page","status-publish","hentry"],"aioseo_notices":[],"_links":{"self":[{"href":"https:\/\/www.czslc.sk\/index.php?rest_route=\/wp\/v2\/pages\/26298","targetHints":{"allow":["GET"]}}],"collection":[{"href":"https:\/\/www.czslc.sk\/index.php?rest_route=\/wp\/v2\/pages"}],"about":[{"href":"https:\/\/www.czslc.sk\/index.php?rest_route=\/wp\/v2\/types\/page"}],"author":[{"embeddable":true,"href":"https:\/\/www.czslc.sk\/index.php?rest_route=\/wp\/v2\/users\/1"}],"replies":[{"embeddable":true,"href":"https:\/\/www.czslc.sk\/index.php?rest_route=%2Fwp%2Fv2%2Fcomments&post=26298"}],"version-history":[{"count":11,"href":"https:\/\/www.czslc.sk\/index.php?rest_route=\/wp\/v2\/pages\/26298\/revisions"}],"predecessor-version":[{"id":26598,"href":"https:\/\/www.czslc.sk\/index.php?rest_route=\/wp\/v2\/pages\/26298\/revisions\/26598"}],"wp:attachment":[{"href":"https:\/\/www.czslc.sk\/index.php?rest_route=%2Fwp%2Fv2%2Fmedia&parent=26298"}],"curies":[{"name":"wp","href":"https:\/\/api.w.org\/{rel}","templated":true}]}}