{"id":26010,"date":"2020-06-04T19:31:36","date_gmt":"2020-06-04T17:31:36","guid":{"rendered":"https:\/\/www.czslc.sk\/?page_id=26010"},"modified":"2020-06-04T19:31:38","modified_gmt":"2020-06-04T17:31:38","slug":"faktury-maj-2020","status":"publish","type":"page","link":"https:\/\/www.czslc.sk\/?page_id=26010","title":{"rendered":"Fakt\u00fary m\u00e1j 2020"},"content":{"rendered":"\n<table width=\"463\">\n<tbody>\n<tr>\n<td width=\"184\">osobn\u00fd \u00fadaj.sk, s.r.o., Ko\u0161ice<\/td>\n<td width=\"92\">1020051097<\/td>\n<td width=\"74\">36,00&nbsp;<\/td>\n<td width=\"113\">4.5.2020<\/td>\n<\/tr>\n<tr>\n<td>Slovensk\u00e1 po\u0161ta, a.s.<\/td>\n<td>9001313981<\/td>\n<td>12,59&nbsp;<\/td>\n<td>6.5.2020<\/td>\n<\/tr>\n<tr>\n<td>Slovak telekom, a.s.<\/td>\n<td>8258505970<\/td>\n<td>12,26&nbsp;<\/td>\n<td>6.5.2020<\/td>\n<\/tr>\n<tr>\n<td>Tibor Varga &#8211; TSV Papier<\/td>\n<td>190204061<\/td>\n<td>239,94&nbsp;<\/td>\n<td>6.5.2020<\/td>\n<\/tr>\n<tr>\n<td>Doxx &#8211; stravn\u00e9 l\u00edstky<\/td>\n<td>3020926056<\/td>\n<td>1 400,00&nbsp;<\/td>\n<td>11.5.2020<\/td>\n<\/tr>\n<tr>\n<td>Camea SK, s.r.o., Pre\u0161ov<\/td>\n<td>FV2016105549<\/td>\n<td>55,80&nbsp;<\/td>\n<td>11.5.2020<\/td>\n<\/tr>\n<tr>\n<td>Innogy Slovensko, a.s.,&nbsp;<\/td>\n<td>4447090713<\/td>\n<td>667,10&nbsp;<\/td>\n<td>13.5.2020<\/td>\n<\/tr>\n<tr>\n<td>\u017dofia Lackov\u00e1, Lu\u010denec<\/td>\n<td>72020<\/td>\n<td>150,00&nbsp;<\/td>\n<td>13.5.2020<\/td>\n<\/tr>\n<tr>\n<td>\u017dofia Lackov\u00e1, Lu\u010denec<\/td>\n<td>82020<\/td>\n<td>108,00&nbsp;<\/td>\n<td>13.5.2020<\/td>\n<\/tr>\n<tr>\n<td>Barnab\u00e1\u0161 Mag, \u0160urice<\/td>\n<td>52020<\/td>\n<td>1 200,00&nbsp;<\/td>\n<td>13.5.2020<\/td>\n<\/tr>\n<tr>\n<td>CEEV \u017divica, Bratislava<\/td>\n<td>R20200029<\/td>\n<td>73,90&nbsp;<\/td>\n<td>15.5.2020<\/td>\n<\/tr>\n<tr>\n<td>ESV plus, s.r.o., Lu\u010denec<\/td>\n<td>142\/2020<\/td>\n<td>84,67&nbsp;<\/td>\n<td>15.5.2020<\/td>\n<\/tr>\n<tr>\n<td>ESV plus, s.r.o., Lu\u010denec<\/td>\n<td>143\/2020<\/td>\n<td>36,00&nbsp;<\/td>\n<td>15.5.2020<\/td>\n<\/tr>\n<tr>\n<td>Ospol Slovakia, s.r.o.<\/td>\n<td>200276<\/td>\n<td>96,23&nbsp;<\/td>\n<td>15.5.2020<\/td>\n<\/tr>\n<tr>\n<td>VSE, a.s., Ko\u0161ice<\/td>\n<td>7293939548<\/td>\n<td>104,74&nbsp;<\/td>\n<td>15.5.2020<\/td>\n<\/tr>\n<tr>\n<td>\u017dofia Lackov\u00e1, Lu\u010denec<\/td>\n<td>132020<\/td>\n<td>600,00&nbsp;<\/td>\n<td>21.5.2020<\/td>\n<\/tr>\n<tr>\n<td>ELROMED, s.r.o., Poprad<\/td>\n<td>FV2001398<\/td>\n<td>143,60&nbsp;<\/td>\n<td>26.5.2020<\/td>\n<\/tr>\n<tr>\n<td>SLER Plastic, s.r.o., Pre\u0161ov<\/td>\n<td>100200382<\/td>\n<td>70,86&nbsp;<\/td>\n<td>26.5.2020<\/td>\n<\/tr>\n<tr>\n<td>Giga print, s.r.o.<\/td>\n<td>2260269<\/td>\n<td>16,50&nbsp;<\/td>\n<td>28.5.2020<\/td>\n<\/tr>\n<tr>\n<td>Interi\u00e9r Invest, s.r.o., Ko\u0161ice<\/td>\n<td>20880263<\/td>\n<td>134,30&nbsp;<\/td>\n<td>28.5.2020<\/td>\n<\/tr>\n<tr>\n<td>Ospol Slovakia, s.r.o.<\/td>\n<td>200341<\/td>\n<td>735,95&nbsp;<\/td>\n<td>28.5.2020<\/td>\n<\/tr>\n<tr>\n<td>Retro LC, s.r.o., Lu\u010denec<\/td>\n<td>20250265<\/td>\n<td>26,40&nbsp;<\/td>\n<td>29.5.2020<\/td>\n<\/tr>\n<tr>\n<td>eLED, s.r.o.,<\/td>\n<td>FA2005273<\/td>\n<td>118,95&nbsp;<\/td>\n<td>29.5.2020<\/td>\n<\/tr>\n<tr>\n<td>Orange, a.s.<\/td>\n<td>0102321551<\/td>\n<td>57,48&nbsp;<\/td>\n<td>29.5.2020<\/td>\n<\/tr>\n<\/tbody>\n<\/table>\n","protected":false},"excerpt":{"rendered":"<p>osobn\u00fd \u00fadaj.sk, s.r.o., Ko\u0161ice 1020051097 36,00&nbsp; 4.5.2020 Slovensk\u00e1 po\u0161ta, a.s. 9001313981 12,59&nbsp; 6.5.2020 Slovak telekom, a.s. 8258505970 12,26&nbsp; 6.5.2020 Tibor Varga &#8211; TSV Papier 190204061 239,94&nbsp; 6.5.2020 Doxx &#8211; stravn\u00e9 l\u00edstky 3020926056 1 400,00&nbsp; 11.5.2020 Camea SK, s.r.o., Pre\u0161ov FV2016105549 55,80&nbsp; 11.5.2020 Innogy Slovensko, a.s.,&nbsp; 4447090713 667,10&nbsp; 13.5.2020 \u017dofia Lackov\u00e1, &hellip;<\/p>\n","protected":false},"author":1,"featured_media":0,"parent":0,"menu_order":0,"comment_status":"closed","ping_status":"closed","template":"","meta":{"ngg_post_thumbnail":0,"footnotes":""},"class_list":["post-26010","page","type-page","status-publish","hentry"],"aioseo_notices":[],"_links":{"self":[{"href":"https:\/\/www.czslc.sk\/index.php?rest_route=\/wp\/v2\/pages\/26010","targetHints":{"allow":["GET"]}}],"collection":[{"href":"https:\/\/www.czslc.sk\/index.php?rest_route=\/wp\/v2\/pages"}],"about":[{"href":"https:\/\/www.czslc.sk\/index.php?rest_route=\/wp\/v2\/types\/page"}],"author":[{"embeddable":true,"href":"https:\/\/www.czslc.sk\/index.php?rest_route=\/wp\/v2\/users\/1"}],"replies":[{"embeddable":true,"href":"https:\/\/www.czslc.sk\/index.php?rest_route=%2Fwp%2Fv2%2Fcomments&post=26010"}],"version-history":[{"count":1,"href":"https:\/\/www.czslc.sk\/index.php?rest_route=\/wp\/v2\/pages\/26010\/revisions"}],"predecessor-version":[{"id":26011,"href":"https:\/\/www.czslc.sk\/index.php?rest_route=\/wp\/v2\/pages\/26010\/revisions\/26011"}],"wp:attachment":[{"href":"https:\/\/www.czslc.sk\/index.php?rest_route=%2Fwp%2Fv2%2Fmedia&parent=26010"}],"curies":[{"name":"wp","href":"https:\/\/api.w.org\/{rel}","templated":true}]}}