{"id":25907,"date":"2020-04-03T10:09:44","date_gmt":"2020-04-03T08:09:44","guid":{"rendered":"https:\/\/www.czslc.sk\/?page_id=25907"},"modified":"2020-04-03T10:09:45","modified_gmt":"2020-04-03T08:09:45","slug":"faktury-marec-2020","status":"publish","type":"page","link":"https:\/\/www.czslc.sk\/?page_id=25907","title":{"rendered":"Fakt\u00fary marec 2020"},"content":{"rendered":"\n<table width=\"625\">\n<tbody>\n<tr>\n<td width=\"267\">MAREC<\/td>\n<td width=\"144\">\u010d\u00edslo fa.<\/td>\n<td width=\"89\">Suma v \u20ac<\/td>\n<td width=\"125\">Do\u0161lo<\/td>\n<\/tr>\n<tr>\n<td>Jozef Krn\u00e1\u010d, Lu\u010denec<\/td>\n<td>21\/2020<\/td>\n<td>50,00 \u20ac<\/td>\n<td>2.3.2020<\/td>\n<\/tr>\n<tr>\n<td>Slovak Telekom, a.s.<\/td>\n<td>8253968489<\/td>\n<td>42,26 \u20ac<\/td>\n<td>2.3.2020<\/td>\n<\/tr>\n<tr>\n<td>EDIS, s.r.o., \u017dilina<\/td>\n<td>2200226<\/td>\n<td>19,92 \u20ac<\/td>\n<td>2.3.2020<\/td>\n<\/tr>\n<tr>\n<td>ORANGE, a.s., Bratislava<\/td>\n<td>102321551<\/td>\n<td>57,99 \u20ac<\/td>\n<td>2.3.2020<\/td>\n<\/tr>\n<tr>\n<td>Interier Invest, s.r.o.,&nbsp;<\/td>\n<td>20880056<\/td>\n<td>415,48 \u20ac<\/td>\n<td>2.3.2020<\/td>\n<\/tr>\n<tr>\n<td>StvPS, a.s., B. Bystrica<\/td>\n<td>2201037714<\/td>\n<td>8,50 \u20ac<\/td>\n<td>2.3.2020<\/td>\n<\/tr>\n<tr>\n<td>StvPS, a.s., B. Bystrica<\/td>\n<td>2201037716<\/td>\n<td>339,64 \u20ac<\/td>\n<td>2.3.2020<\/td>\n<\/tr>\n<tr>\n<td>osobn\u00fd\u00fadaj.sk, s.r.o., Ko\u0161ice<\/td>\n<td>1020031098<\/td>\n<td>36,00 \u20ac<\/td>\n<td>3.3.2020<\/td>\n<\/tr>\n<tr>\n<td>ESV plus, s.r.o., Lu\u010denec<\/td>\n<td>64\/2020<\/td>\n<td>34,40 \u20ac<\/td>\n<td>4.3.2020<\/td>\n<\/tr>\n<tr>\n<td>ESV plus, s.r.o., Lu\u010denec<\/td>\n<td>65\/2020<\/td>\n<td>163,56 \u20ac<\/td>\n<td>4.3.2020<\/td>\n<\/tr>\n<tr>\n<td>Innogy Slovensko, s.r.o.<\/td>\n<td>4487436892<\/td>\n<td>667,10 \u20ac<\/td>\n<td>5.3.2020<\/td>\n<\/tr>\n<tr>\n<td>Posila, s.r.o., Senec<\/td>\n<td>20200205<\/td>\n<td>90,66 \u20ac<\/td>\n<td>5.3.2020<\/td>\n<\/tr>\n<tr>\n<td>Mgr. M. Medlen &#8211; JurisDat<\/td>\n<td>920993238<\/td>\n<td>25,00 \u20ac<\/td>\n<td>9.3.2020<\/td>\n<\/tr>\n<tr>\n<td>Pavol Pocklan, Lu\u010denec<\/td>\n<td>200014<\/td>\n<td>182,60 \u20ac<\/td>\n<td>9.3.2020<\/td>\n<\/tr>\n<tr>\n<td>Gastrolux, s.r.o., \u017dilina<\/td>\n<td>10200718<\/td>\n<td>77,16 \u20ac<\/td>\n<td>9.3.2020<\/td>\n<\/tr>\n<tr>\n<td>TV Locall HD, s.r.o<\/td>\n<td>2020020<\/td>\n<td>60,00 \u20ac<\/td>\n<td>11.3.2020<\/td>\n<\/tr>\n<tr>\n<td>SPOOL, a.s., Lu\u010denec<\/td>\n<td>920200125<\/td>\n<td>23,50 \u20ac<\/td>\n<td>12.3.2020<\/td>\n<\/tr>\n<tr>\n<td>VSE, a.s., Ko\u0161ice<\/td>\n<td>7293936671<\/td>\n<td>426,96 \u20ac<\/td>\n<td>12.3.2020<\/td>\n<\/tr>\n<tr>\n<td>\u017dofia Lackov\u00e1, Lu\u010denec<\/td>\n<td>42020<\/td>\n<td>150,00 \u20ac<\/td>\n<td>31.3.2020<\/td>\n<\/tr>\n<tr>\n<td>\u017dofia Lackov\u00e1, Lu\u010denec<\/td>\n<td>32020<\/td>\n<td>108,00 \u20ac<\/td>\n<td>31.3.2020<\/td>\n<\/tr>\n<tr>\n<td>Slovak Telekom, a.s.<\/td>\n<td>8253968489<\/td>\n<td>42,26 \u20ac<\/td>\n<td>31.3.2020<\/td>\n<\/tr>\n<tr>\n<td>Barnab\u00e1\u0161 Mag &#8211; \u0160urice<\/td>\n<td>32020<\/td>\n<td>260,00 \u20ac<\/td>\n<td>31.3.2020<\/td>\n<\/tr>\n<tr>\n<td>ORANGE, a.s., Bratislava<\/td>\n<td>102321551<\/td>\n<td>57,99 \u20ac<\/td>\n<td>31.3.2020<\/td>\n<\/tr>\n<tr>\n<td>SZ\u0160 s M\u0160 DSA, Lu\u010denec<\/td>\n<td>1\/3\/2020<\/td>\n<td>1.338,71<\/td>\n<td>31.3.2020<\/td>\n<\/tr>\n<tr>\n<td>SZ\u0160 s M\u0160 DSA, Lu\u010denec<\/td>\n<td>2\/3\/2020<\/td>\n<td>117,00 \u20ac<\/td>\n<td>31.3.2020<\/td>\n<\/tr>\n<tr>\n<td>Pavel Krp\u010diar, Lu\u010denec<\/td>\n<td>1\/3\/2020 PS<\/td>\n<td>30,00 \u20ac<\/td>\n<td>31.3.2020<\/td>\n<\/tr>\n<\/tbody>\n<\/table>\n","protected":false},"excerpt":{"rendered":"<p>MAREC \u010d\u00edslo fa. Suma v \u20ac Do\u0161lo Jozef Krn\u00e1\u010d, Lu\u010denec 21\/2020 50,00 \u20ac 2.3.2020 Slovak Telekom, a.s. 8253968489 42,26 \u20ac 2.3.2020 EDIS, s.r.o., \u017dilina 2200226 19,92 \u20ac 2.3.2020 ORANGE, a.s., Bratislava 102321551 57,99 \u20ac 2.3.2020 Interier Invest, s.r.o.,&nbsp; 20880056 415,48 \u20ac 2.3.2020 StvPS, a.s., B. Bystrica 2201037714 8,50 \u20ac 2.3.2020 &hellip;<\/p>\n","protected":false},"author":1,"featured_media":0,"parent":0,"menu_order":0,"comment_status":"closed","ping_status":"closed","template":"","meta":{"ngg_post_thumbnail":0,"footnotes":""},"class_list":["post-25907","page","type-page","status-publish","hentry"],"aioseo_notices":[],"_links":{"self":[{"href":"https:\/\/www.czslc.sk\/index.php?rest_route=\/wp\/v2\/pages\/25907","targetHints":{"allow":["GET"]}}],"collection":[{"href":"https:\/\/www.czslc.sk\/index.php?rest_route=\/wp\/v2\/pages"}],"about":[{"href":"https:\/\/www.czslc.sk\/index.php?rest_route=\/wp\/v2\/types\/page"}],"author":[{"embeddable":true,"href":"https:\/\/www.czslc.sk\/index.php?rest_route=\/wp\/v2\/users\/1"}],"replies":[{"embeddable":true,"href":"https:\/\/www.czslc.sk\/index.php?rest_route=%2Fwp%2Fv2%2Fcomments&post=25907"}],"version-history":[{"count":1,"href":"https:\/\/www.czslc.sk\/index.php?rest_route=\/wp\/v2\/pages\/25907\/revisions"}],"predecessor-version":[{"id":25908,"href":"https:\/\/www.czslc.sk\/index.php?rest_route=\/wp\/v2\/pages\/25907\/revisions\/25908"}],"wp:attachment":[{"href":"https:\/\/www.czslc.sk\/index.php?rest_route=%2Fwp%2Fv2%2Fmedia&parent=25907"}],"curies":[{"name":"wp","href":"https:\/\/api.w.org\/{rel}","templated":true}]}}