{"id":25797,"date":"2020-03-04T09:59:12","date_gmt":"2020-03-04T07:59:12","guid":{"rendered":"https:\/\/www.czslc.sk\/?page_id=25797"},"modified":"2023-07-13T13:57:06","modified_gmt":"2023-07-13T11:57:06","slug":"czs-v-mediach","status":"publish","type":"page","link":"https:\/\/www.czslc.sk\/?page_id=25797","title":{"rendered":"CZ\u0160 v m\u00e9di\u00e1ch"},"content":{"rendered":"\n<h3 class=\"wp-block-heading\"><strong><a href=\"https:\/\/www.youtube.com\/watch?v=6a_n9yn7h_E&amp;fbclid=IwAR2_ab0jIEF9urTU6Xmv3hx19rA1kvcgR8IpbSnQ3U20HHiX_67oPloKTHM\">Videoprezent\u00e1cia \u0161koly<\/a><\/strong><\/h3>\n\n\n\n<h3 class=\"wp-block-heading\"><br \/><a href=\"https:\/\/www.youtube.com\/watch?v=K2bcxh-M7Gg&amp;feature=youtu.be&amp;fbclid=IwAR3RHPpRuiq8X5kK1XubhND6EJJnqq4vzcxOD5GRzKQzp6RuVKUfWKGbA_c\"><strong>Videoprezent\u00e1cia \u0161koly<\/strong><\/a><\/h3>\n\n\n\n<h3>TV Florena<\/h3>\n<p class=\"style-scope ytd-watch-metadata\"><a href=\"https:\/\/www.youtube.com\/watch?v=zQO2fPvsohQ\"><span class=\"style-scope yt-formatted-string\" dir=\"auto\">De\u0148 otvoren\u00fdch dver\u00ed Cirkevnej z\u00e1kladnej \u0161koly v Lu\u010denci<\/span><\/a><\/p>\n\n\n\n<h3 class=\"wp-block-heading\">TV LUX<\/h3>\n\n\n\n<h3 class=\"wp-block-heading\"><a href=\"https:\/\/www.tvlux.sk\/archiv\/play\/_29925\">&nbsp;III. reprezenta\u010dn\u00fd ples Cirkevnej z\u00e1kladnej \u0161koly sv. J. Bosca v Lu\u010denci<\/a><\/h3>\n\n\n\n<p>10.2.2023<\/p>\n\n\n\n<p>Report\u00e1\u017e o \u0161kole<br \/>14.10.2022<\/p>\n\n\n\n<h3 class=\"wp-block-heading\"><a href=\"https:\/\/www.tvlux.sk\/archiv\/play\/_29112\" target=\"_blank\" rel=\"noreferrer noopener\">https:\/\/www.tvlux.sk\/archiv\/play\/_29112<\/a><br \/><\/h3>\n\n\n\n<p><strong>R\u00e1dio Lumen<\/strong><\/p>\n\n\n\n<p>Report\u00e1\u017e o \u0161kole <br \/>20.1.2021<\/p>\n\n\n\n<p><a href=\"https:\/\/www.lumen.sk\/archiv-play\/132584?fbclid=IwAR0fbYQ7QHNed9-i96bbsuBPOvFEUNJxBv6732fyArB8XRDcdEWIiOkQjN8\">https:\/\/www.lumen.sk\/archiv-play\/132584?fbclid=IwAR0fbYQ7QHNed9-i96bbsuBPOvFEUNJxBv6732fyArB8XRDcdEWIiOkQjN8<\/a><\/p>\n\n\n\n<h3 class=\"wp-block-heading\"><strong>TV LUX<\/strong><\/h3>\n\n\n\n<p><strong>Kr\u00e1tke spr\u00e1vy TV LUX<\/strong><\/p>\n\n\n\n<p>O CZ\u0160 &#8211; Deti seniorom<br \/>18. 12. 2020<\/p>\n\n\n\n<p><a href=\"http:\/\/www.tvlux.sk\/archiv\/play\/24612?fbclid=IwAR34tgm4c1xz8ADSYnK-4VdSw0gmR6VNs6cZDo4nWzYOiqWJT0_qcSUb3M0\">http:\/\/www.tvlux.sk\/archiv\/play\/24612?fbclid=IwAR34tgm4c1xz8ADSYnK-4VdSw0gmR6VNs6cZDo4nWzYOiqWJT0_qcSUb3M0<\/a><\/p>\n\n\n\n<div>\n<div>TV LUX<\/div>\n<div>aj o CZ\u0160 &#8211; U\u010ditelia n\u00e1bo\u017eenskej v\u00fdchovy Ro\u017e\u0148avskej diec\u00e9zy sa stretli na metodickom dni<\/div>\n<div>5. 10. 2020<\/div>\n<div><a href=\"http:\/\/www.tvlux.sk\/archiv\/play\/24072?fbclid=IwAR3LuurrLa--qxtj74c7iTQN0Rf1ceAsB1b-VK2T7YNO_FaV1HsC_rXpMdo\" target=\"_blank\" rel=\"noopener noreferrer\" data-saferedirecturl=\"https:\/\/www.google.com\/url?q=http:\/\/www.tvlux.sk\/archiv\/play\/24072?fbclid%3DIwAR3LuurrLa--qxtj74c7iTQN0Rf1ceAsB1b-VK2T7YNO_FaV1HsC_rXpMdo&amp;source=gmail&amp;ust=1603192835573000&amp;usg=AFQjCNFu1F6DNKW7l11wez4bzwpUmtvqfQ\">http:\/\/www.tvlux.sk\/archiv\/<wbr \/>play\/24072?fbclid=<wbr \/>IwAR3LuurrLa&#8211;<wbr \/>qxtj74c7iTQN0Rf1ceAsB1b-<wbr \/>VK2T7YNO_FaV1HsC_rXpMdo<\/a><\/div>\n<\/div>\n<div>&nbsp;<\/div>\n<div>&nbsp;<\/div>\n<div>o CZ\u0160 &#8211; rel\u00e1cia IBA \u0160KOLA<\/div>\n\n\n\n<div>24. 10. 2019<\/div>\n\n\n\n<div><a href=\"https:\/\/www.tvlux.sk\/archiv\/play\/21673\" target=\"_blank\" rel=\"noopener noreferrer\" data-saferedirecturl=\"https:\/\/www.google.com\/url?q=https:\/\/www.tvlux.sk\/archiv\/play\/21673&amp;source=gmail&amp;ust=1585065846570000&amp;usg=AFQjCNFHQ8FFMSNBfqnooe_tCNHHA8VJGg\">https:\/\/www.tvlux.sk\/archiv\/<wbr \/>play\/21673<\/a>&nbsp;&nbsp;<\/div>\n\n\n\n<div>&nbsp;<\/div>\n\n\n\n<div>&nbsp;<\/div>\n\n\n\n<h3 class=\"wp-block-heading\"><strong>TV LUX Kr\u00e1tke spr\u00e1vy<\/strong><\/h3>\n\n\n\n<div>2. 12. 2019<\/div>\n\n\n\n<div>o CZ\u0160 &#8211;&nbsp;Adventn\u00e9 okrasy tvorili aj v CZ\u0160 sv. J\u00e1na Bosca v Lu\u010denci<\/div>\n\n\n\n<div>od 5:01 min\u00faty<\/div>\n\n\n\n<div><a href=\"https:\/\/www.tvlux.sk\/archiv\/play\/22110\" target=\"_blank\" rel=\"noopener noreferrer\" data-saferedirecturl=\"https:\/\/www.google.com\/url?q=https:\/\/www.tvlux.sk\/archiv\/play\/22110&amp;source=gmail&amp;ust=1585065846570000&amp;usg=AFQjCNEv7cCCf8FO36YF0A3hN_FJ1p_Ktw\">https:\/\/www.tvlux.sk\/archiv\/<wbr \/>play\/22110<\/a>&nbsp;&nbsp;<\/div>\n\n\n\n<div>&nbsp;<\/div>\n\n\n\n<div>&nbsp;<\/div>\n\n\n\n<h3 class=\"wp-block-heading\"><strong>TV LUX Kr\u00e1tke spr\u00e1vy<\/strong><\/h3>\n\n\n\n<div>23. 12. 2019<\/div>\n\n\n\n<div>o CZ\u0160 &#8211; Adventn\u00e1 akad\u00e9mia Modlitba za \u013eudskos\u0165<\/div>\n\n\n\n<div>od 7:38 min\u00faty<\/div>\n\n\n\n<div><a href=\"https:\/\/www.tvlux.sk\/archiv\/play\/22348?fbclid=IwAR2drk-GqfR2p_k9QDE1Wd6h8ZxpJLm2_0cCZzp00Ws8Xe7tzzOJjl3Rm4M\" target=\"_blank\" rel=\"nofollow noopener noreferrer\" data-saferedirecturl=\"https:\/\/www.google.com\/url?q=https:\/\/www.tvlux.sk\/archiv\/play\/22348?fbclid%3DIwAR2drk-GqfR2p_k9QDE1Wd6h8ZxpJLm2_0cCZzp00Ws8Xe7tzzOJjl3Rm4M&amp;source=gmail&amp;ust=1585065846570000&amp;usg=AFQjCNFR-8_jwLI7btvcgGcjRvaIRJcAmg\">https:\/\/www.tvlux.sk\/archiv\/<wbr \/>play\/22348<\/a>&nbsp;&nbsp;<\/div>\n\n\n","protected":false},"excerpt":{"rendered":"<p>Videoprezent\u00e1cia \u0161koly Videoprezent\u00e1cia \u0161koly TV Florena De\u0148 otvoren\u00fdch dver\u00ed Cirkevnej z\u00e1kladnej \u0161koly v Lu\u010denci TV LUX &nbsp;III. reprezenta\u010dn\u00fd ples Cirkevnej z\u00e1kladnej \u0161koly sv. J. Bosca v Lu\u010denci 10.2.2023 Report\u00e1\u017e o \u0161kole14.10.2022 https:\/\/www.tvlux.sk\/archiv\/play\/_29112 R\u00e1dio Lumen Report\u00e1\u017e o \u0161kole 20.1.2021 https:\/\/www.lumen.sk\/archiv-play\/132584?fbclid=IwAR0fbYQ7QHNed9-i96bbsuBPOvFEUNJxBv6732fyArB8XRDcdEWIiOkQjN8 TV LUX Kr\u00e1tke spr\u00e1vy TV LUX O CZ\u0160 &#8211; Deti seniorom18. &hellip;<\/p>\n","protected":false},"author":1,"featured_media":0,"parent":0,"menu_order":0,"comment_status":"closed","ping_status":"closed","template":"","meta":{"ngg_post_thumbnail":0,"footnotes":""},"class_list":["post-25797","page","type-page","status-publish","hentry"],"aioseo_notices":[],"_links":{"self":[{"href":"https:\/\/www.czslc.sk\/index.php?rest_route=\/wp\/v2\/pages\/25797","targetHints":{"allow":["GET"]}}],"collection":[{"href":"https:\/\/www.czslc.sk\/index.php?rest_route=\/wp\/v2\/pages"}],"about":[{"href":"https:\/\/www.czslc.sk\/index.php?rest_route=\/wp\/v2\/types\/page"}],"author":[{"embeddable":true,"href":"https:\/\/www.czslc.sk\/index.php?rest_route=\/wp\/v2\/users\/1"}],"replies":[{"embeddable":true,"href":"https:\/\/www.czslc.sk\/index.php?rest_route=%2Fwp%2Fv2%2Fcomments&post=25797"}],"version-history":[{"count":16,"href":"https:\/\/www.czslc.sk\/index.php?rest_route=\/wp\/v2\/pages\/25797\/revisions"}],"predecessor-version":[{"id":30063,"href":"https:\/\/www.czslc.sk\/index.php?rest_route=\/wp\/v2\/pages\/25797\/revisions\/30063"}],"wp:attachment":[{"href":"https:\/\/www.czslc.sk\/index.php?rest_route=%2Fwp%2Fv2%2Fmedia&parent=25797"}],"curies":[{"name":"wp","href":"https:\/\/api.w.org\/{rel}","templated":true}]}}