{"id":25698,"date":"2020-02-21T09:39:17","date_gmt":"2020-02-21T07:39:17","guid":{"rendered":"https:\/\/www.czslc.sk\/?page_id=25698"},"modified":"2020-02-21T09:39:18","modified_gmt":"2020-02-21T07:39:18","slug":"uspechy-ziakov-2017-2018","status":"publish","type":"page","link":"https:\/\/www.czslc.sk\/?page_id=25698","title":{"rendered":"\u00daspechy \u017eiakov 2017\/2018"},"content":{"rendered":"\n<p><strong>\n<table id=\"wp-table-reloaded-id-75-no-1\" class=\"wp-table-reloaded wp-table-reloaded-id-75\">\n<tbody>\n\t<tr class=\"row-1 odd\">\n\t\t<td class=\"column-1\">Obvodn\u00e9 kolo Olympi\u00e1dy zo SJL \u2013 29.11.2017 \u2013 CV\u010c Magnet<\/td><td class=\"column-2\">7. miesto<\/td><td class=\"column-3\">M\u00e1rio Ol\u0161iak  - 9.A<\/td>\n\t<\/tr>\n\t<tr class=\"row-2 even\">\n\t\t<td class=\"column-1\">Okresn\u00e9 kolo v stolnom tenise \u017eiakov Z\u0160 \u2013 29.11.2017 \u2013 Z\u0160 Vajansk\u00e9ho<\/td><td class=\"column-2\">4. miesto<\/td><td class=\"column-3\">Mat\u00fa\u0161 Sab\u00f3 \u2013 9.A, Franti\u0161ek Fekete \u2013 9.A Patrik Rek\u0161\u00e1k \u2013 9.A<\/td>\n\t<\/tr>\n\t<tr class=\"row-3 odd\">\n\t\t<td class=\"column-1\">Okresn\u00e9 kolo v anglickom jazyku \u2013 16.1.2018 \u2013 CV\u010c Magnet<\/td><td class=\"column-2\">Kateg\u00f3ria 1B<br \/>\r\n<br \/>\r\n4. miesto<br \/>\r\n<\/td><td class=\"column-3\">Matej Jakubi\u0161in \u2013 7.A<\/td>\n\t<\/tr>\n\t<tr class=\"row-4 even\">\n\t\t<td class=\"column-1\">Okresn\u00e9 kolo v bedmintone \u017eiakov z\u00e1kladn\u00fdch \u0161k\u00f4l  - 19.1.2018<\/td><td class=\"column-2\">2. miesto<\/td><td class=\"column-3\">Mat\u00fa\u0161 Sab\u00f3 \u2013 9.A<br \/>\r\nFranti\u0161ek Fekete \u2013 9.A<\/td>\n\t<\/tr>\n\t<tr class=\"row-5 odd\">\n\t\t<td class=\"column-1\">Okresn\u00e9 kolo \u0160aliansky Ma\u0165ko \u2013 23.1.2018 \u2013 Dom Matice Slovenskej<\/td><td class=\"column-2\">2. miesto<\/td><td class=\"column-3\">Nat\u00e1lia Tok\u00e1rov\u00e1 \u2013 2.A<\/td>\n\t<\/tr>\n\t<tr class=\"row-6 even\">\n\t\t<td class=\"column-1\">Region\u00e1lne kolo v bedmintone dru\u017estiev \u017eiakov Z\u0160 \u2013 31.1.2018 \u2013 Hrachovo<\/td><td class=\"column-2\">3. miesto<\/td><td class=\"column-3\">Mat\u00fa\u0161 Sab\u00f3 \u2013 9.A<br \/>\r\nM\u00e1rio Ol\u0161iak \u2013 9.A<\/td>\n\t<\/tr>\n<\/tbody>\n<\/table>\n<\/strong><\/p>\n","protected":false},"excerpt":{"rendered":"","protected":false},"author":1,"featured_media":0,"parent":0,"menu_order":0,"comment_status":"closed","ping_status":"closed","template":"","meta":{"ngg_post_thumbnail":0,"footnotes":""},"class_list":["post-25698","page","type-page","status-publish","hentry"],"aioseo_notices":[],"_links":{"self":[{"href":"https:\/\/www.czslc.sk\/index.php?rest_route=\/wp\/v2\/pages\/25698","targetHints":{"allow":["GET"]}}],"collection":[{"href":"https:\/\/www.czslc.sk\/index.php?rest_route=\/wp\/v2\/pages"}],"about":[{"href":"https:\/\/www.czslc.sk\/index.php?rest_route=\/wp\/v2\/types\/page"}],"author":[{"embeddable":true,"href":"https:\/\/www.czslc.sk\/index.php?rest_route=\/wp\/v2\/users\/1"}],"replies":[{"embeddable":true,"href":"https:\/\/www.czslc.sk\/index.php?rest_route=%2Fwp%2Fv2%2Fcomments&post=25698"}],"version-history":[{"count":1,"href":"https:\/\/www.czslc.sk\/index.php?rest_route=\/wp\/v2\/pages\/25698\/revisions"}],"predecessor-version":[{"id":25699,"href":"https:\/\/www.czslc.sk\/index.php?rest_route=\/wp\/v2\/pages\/25698\/revisions\/25699"}],"wp:attachment":[{"href":"https:\/\/www.czslc.sk\/index.php?rest_route=%2Fwp%2Fv2%2Fmedia&parent=25698"}],"curies":[{"name":"wp","href":"https:\/\/api.w.org\/{rel}","templated":true}]}}