{"id":25693,"date":"2020-02-21T09:29:59","date_gmt":"2020-02-21T07:29:59","guid":{"rendered":"https:\/\/www.czslc.sk\/?page_id=25693"},"modified":"2020-02-21T09:44:05","modified_gmt":"2020-02-21T07:44:05","slug":"25693-2","status":"publish","type":"page","link":"https:\/\/www.czslc.sk\/?page_id=25693","title":{"rendered":"\u00daSPECHY \u017dIAKOV 2019-2020"},"content":{"rendered":"\n<p style=\"text-align: center;\"><strong> Olympi\u00e1da v&nbsp;anglickom jazyku &#8211; \u0161kolsk\u00e9 kolo -25.11.2020<\/strong><\/p>\n<p>1A kat:<\/p>\n<ol>\n<li>Ha\u00e1sov\u00e1 S. \u2013 6.A<\/li>\n<li>G\u00e1lik F. \u2013 7.A<\/li>\n<li>Jakubi\u0161inov\u00e1 E. \u2013 6.A<\/li>\n<\/ol>\n<p>1B kat:<\/p>\n<ol>\n<li>Jakubi\u0161in M. &#8211; 9.A<\/li>\n<li>Mikul\u00e1\u0161 F. \u2013 9.A<\/li>\n<li>Vacul\u010diak S. \u2013 9.A<\/li>\n<\/ol>\n<p>&nbsp;<\/p>\n<p style=\"text-align: center;\"><strong> Olympi\u00e1da v&nbsp;anglickom jazyku \u2013 okresn\u00e9 kolo \u2013 15.1.2020<\/strong><\/p>\n<p>1B kat:&nbsp;<\/p>\n<p>&nbsp;&nbsp;&nbsp;&nbsp; 6.miesto \u2013 Jakubi\u0161in M. \u2013 9.A<\/p>\n<p style=\"text-align: center;\"><strong> V\u0161etkovedko\u2013 s\u00fa\u0165a\u017e\u2013ve\u013ek\u00fd s\u00faboj o&nbsp;najm\u00fadrej\u0161ieho medzi najbystrej\u0161\u00edmi \u2013 28.11.2019<\/strong><\/p>\n<p>titul V\u0161etkovedko u\u010de\u0148<\/p>\n<p>&nbsp;&nbsp;&nbsp;&nbsp; 2.A \u2013 Bartko P., Ja\u0161kov\u00e1 H., Ko\u010di\u0161ov\u00e1 D., Paulenkov\u00e1 K., Szab\u00f3<br \/>&nbsp;&nbsp;&nbsp;&nbsp; 4.A \u2013 Nov\u00e1k L., Bagi S.<\/p>\n<p>titul V\u0161etkovedko:<\/p>\n<p>&nbsp;&nbsp;&nbsp;&nbsp; 3.A \u2013 Brand F.<br \/>&nbsp;&nbsp;&nbsp;&nbsp; 4.A \u2013 Tok\u00e1rov\u00e1 N., Bartkov\u00e1 A.<\/p>\n<p>titul V\u0161etkovedko \u0161koly: &nbsp;&nbsp;<\/p>\n<p>&nbsp;&nbsp;&nbsp;&nbsp; 3.A \u2013 Brand F. \/najv\u00e4\u010d\u0161\u00ed po\u010det percent\/<\/p>\n<p style=\"text-align: center;\"><strong> \u0160aliansky Ma\u0165ko \u2013 \u0161kolsk\u00e9 kolo \u2013 11.12.2020<\/strong><\/p>\n<p>1 kat:<\/p>\n<ol>\n<li>Brand F. \u2013 3.A<\/li>\n<li>Ko\u010di\u0161ov\u00e1 D., Jaloveck\u00fd T.. \u2013 2.A<\/li>\n<li>Sanislov\u00e1 T. -3.A, Szab\u00f3 V. \u2013 2.A, Kemeny\u00edkov\u00e1 D. \u2013 2.A<\/li>\n<\/ol>\n<p>2 kat:&nbsp;<\/p>\n<ol>\n<li>N.Tok\u00e1rov\u00e1 \u2013 4.A<\/li>\n<li>E. Tok\u00e1rov\u00e1 \u2013 5.A<\/li>\n<li>neudelen\u00e9<\/li>\n<\/ol>\n<p>3 kat.:<\/p>\n<ol>\n<li>Ha\u00e1sov\u00e1 S. \u2013 6.A<\/li>\n<li>neudelen\u00e9<\/li>\n<li>neudelen\u00e9<\/li>\n<\/ol>\n<p style=\"text-align: center;\"><strong> \u0160aliansky Ma\u0165ko \u2013 okresn\u00e9 kolo \u2013 28.1.2020<\/strong><\/p>\n<p>1.kat.:&nbsp; <br \/>&nbsp;&nbsp;&nbsp;&nbsp; Brand F.&nbsp; 3.A &#8211; 2.miesto<\/p>\n<p>2.kat.:&nbsp; <br \/>&nbsp;&nbsp;&nbsp; Tok\u00e1rov\u00e1 N. 4.A \u2013 3.miesto<\/p>\n<p>3.kat.:&nbsp; <br \/>&nbsp;&nbsp;&nbsp;&nbsp; Ha\u00e1sov\u00e1 S. 6.A \u2013 \u00fa\u010das\u0165<\/p>\n<p style=\"text-align: center;\"><strong>S\u00fa\u0165a\u017e i-Bobor \u2013 \u00faspe\u0161n\u00ed rie\u0161itelia \u2013 11.-15.11.2019<\/strong><\/p>\n<p>Kateg\u00f3ria Drobci:<\/p>\n<ul>\n<li>Vikt\u00f3ria Jur\u00e1\u0161kov\u00e1 \u2013 100. percentil<\/li>\n<li>Patrik Bartko \u2013 100. percentil<\/li>\n<li>S\u00e1ra Ill\u00e9\u0161ov\u00e1 \u2013 100. percentil<\/li>\n<li>Dominika Kemeny\u00edkov\u00e1 \u2013 100. percentil<\/li>\n<li>Krist\u00edna Paulenkov\u00e1 \u2013 100. Percentil<\/li>\n<li>Matej Dudek<\/li>\n<li>Daniela Ko\u010di\u0161ov\u00e1<\/li>\n<li>Lucia Pocklanov\u00e1<\/li>\n<li>Vivien Szab\u00f3<\/li>\n<li>Richard Jur\u00e1\u0161ek<\/li>\n<li>Tom\u00e1\u0161 Jaloveck\u00fd<\/li>\n<li>Filip Brand<\/li>\n<li>Daniel Cajhan<\/li>\n<li>Ter\u00e9zia Nagyov\u00e1<\/li>\n<li>Samuel Bystriansky<\/li>\n<li>Tamara \u0160alamonov\u00e1<\/li>\n<li>ela Urban\u010dokov\u00e1<\/li>\n<\/ul>\n<p>Kateg\u00f3ria Bobr\u00edk:<\/p>\n<ul>\n<li>Daniela Dudekov\u00e1 \u2013 100. Percentil<\/li>\n<li>Alex Ka\u010d\u00e1ni<\/li>\n<li>Kristi\u00e1n Tan\u00f3czky<\/li>\n<li>Alica Bartkov\u00e1<\/li>\n<li>Nat\u00e1lia Tok\u00e1rov\u00e1<\/li>\n<\/ul>\n<p>Kateg\u00f3ria Benjam\u00edn:<\/p>\n<ul>\n<li>Michal Ol\u0161iak<\/li>\n<\/ul>\n<p>Kateg\u00f3ria Kadet:<\/p>\n<ul>\n<li>Franti\u0161ek Mikul\u00e1\u0161 \u2013 100. Percentil<\/li>\n<li>Matej Jakubi\u0161in<\/li>\n<li>Tom\u00e1\u0161 \u0160inko<\/li>\n<\/ul>\n<p style=\"text-align: center;\"><strong>&nbsp;<\/strong><strong>Technick\u00e1 olympi\u00e1da \u2013 okresn\u00e9 kolo \u2013 28.11.2019<\/strong><\/p>\n<p>kat.A:<br \/>&nbsp;&nbsp;&nbsp; \u0160inko T. a&nbsp;Vacul\u010diak J. \u2013 6. miesto<\/p>\n<p style=\"text-align: center;\"><strong>&nbsp;<\/strong><strong>Pytagori\u00e1da \u2013 \u0161kolsk\u00e9 kolo \u2013 \u00faspe\u0161n\u00ed rie\u0161itelia \u2013 10.-11.12.2019<\/strong><\/p>\n<p><strong>&nbsp;<\/strong>&nbsp;&nbsp;&nbsp;&nbsp;&nbsp;&nbsp;&nbsp;&nbsp;&nbsp;&nbsp; P3 &#8211;&nbsp; Brand F.<br \/>&nbsp;&nbsp;&nbsp;&nbsp;&nbsp;&nbsp;&nbsp;&nbsp;&nbsp;&nbsp;&nbsp; P4 \u2013 Bartkov\u00e1 A., Bagi S.<br \/>&nbsp;&nbsp;&nbsp;&nbsp;&nbsp;&nbsp;&nbsp;&nbsp;&nbsp;&nbsp;&nbsp; P5 \u2013 Pa\u017e\u00edtka A., Dudekov\u00e1 D.<br \/>&nbsp;&nbsp;&nbsp;&nbsp;&nbsp;&nbsp;&nbsp;&nbsp;&nbsp;&nbsp;&nbsp; P6 \u2013 Ol\u0161iak M., Lacko D., Ha\u00e1sov\u00e1 S.<br \/>&nbsp;&nbsp;&nbsp;&nbsp;&nbsp;&nbsp;&nbsp;&nbsp;&nbsp;&nbsp;&nbsp; P7-&nbsp; Bel\u00edkov\u00e1 D.<\/p>\n<p style=\"text-align: center;\"><strong>Matematick\u00e1 olympi\u00e1da \u2013 okresn\u00e9 kolo \u2013 29.1.2020<\/strong><\/p>\n<p>&nbsp;&nbsp;&nbsp;&nbsp;&nbsp;&nbsp;&nbsp;&nbsp;&nbsp;&nbsp;&nbsp; kateg\u00f3ria Z5 \u2013 Dudekov\u00e1 D. &nbsp;5.A\u2013 6.miesto &#8211; \u00daR<\/p>\n<p style=\"text-align: center;\"><strong>Hviezdoslavov Kub\u00edn \u2013 \u0161kolsk\u00e9 kolo \u2013 29.1.2020<\/strong><\/p>\n<p>&nbsp; &nbsp;&nbsp;&nbsp;&nbsp; I.kat. \u2013 prednes po\u00e9zie \u2013 1. miesto: Tok\u00e1rov\u00e1 N. \u2013 4.A<\/p>\n<ol>\n<li>kat. \u2013 prednes pr\u00f3zy &#8211; 1. miesto: Brand F. \u2013 3.A<\/li>\n<\/ol>\n<p>&nbsp;&nbsp;&nbsp;&nbsp; II kat. \u2013 prednes pr\u00f3zy \u2013 1. miesto: Bartkov\u00e1 D. \u2013 5.A<\/p>\n<p style=\"text-align: center;\"><strong>Geografick\u00e1 olympi\u00e1da \u2013 okresn\u00e9 kolo \u2013 \u00faspe\u0161n\u00ed rie\u0161itelia \u2013 6.2.2020<\/strong><\/p>\n<p><strong>&nbsp;kat. E<\/strong>:<\/p>\n<p>&nbsp;&nbsp;&nbsp;&nbsp; 8. miesto \u2013 Mikul\u00e1\u0161 F. \u2013 9.A<br \/>&nbsp;&nbsp;&nbsp;&nbsp; 10. miesto \u2013 Jakubi\u0161in M. \u2013 9.A<br \/>&nbsp;&nbsp;&nbsp;&nbsp; 12. miesto- Bize F. \u2013 8.A<\/p>\n<p><strong>kat. F:<\/strong><\/p>\n<ol start=\"12\">\n<li>miesto \u2013 Bel\u00edkov\u00e1 D. \u2013 7.A<\/li>\n<\/ol>\n<p>&nbsp;<strong>kat. G<\/strong>:<\/p>\n<p>&nbsp; &nbsp;&nbsp; 1.miesto \u2013 Dudekov\u00e1 D . \u2013 5.A<br \/>&nbsp;&nbsp;&nbsp;&nbsp; 7. miesto \u2013 Tok\u00e1rov\u00e1 E. \u2013 5.A<\/p>\n<p style=\"text-align: center;\"><strong>N\u00e1boj \u2013 matematicko \u2013 fyzik\u00e1lna s\u00fa\u0165a\u017e -22.11.2019<\/strong><\/p>\n<ol start=\"12\">\n<li>miesto: Adam\u010d\u00edk A. \u2013 8.A, Bize F. \u2013 8.A, Jakubi\u0161in M. \u2013 9.A, \u0160inko T. \u2013 9.A<\/li>\n<\/ol>\n<p style=\"text-align: center;\"><strong>Biblick\u00e1 olympi\u00e1da \u2013 \u0161kolsk\u00e9 kolo -5.2.2020<\/strong><\/p>\n<ol start=\"13\">\n<li>Vargicov\u00e1 D. \u2013 7.A<\/li>\n<li>Bel\u00edkov\u00e1 D. \u2013 7.A<\/li>\n<li>Jakubi\u0161inov\u00e1 E. \u2013 6.A<\/li>\n<\/ol>\n<p style=\"text-align: center;\"><strong>Dejepisn\u00e1 olympi\u00e1da \u2013 okresn\u00e9 kolo \u2013 14.2.2020<\/strong><\/p>\n<p><strong>kat. E \u2013 <\/strong>10. miesto \u2013 T. Kuna \u2013 7.A<\/p>\n","protected":false},"excerpt":{"rendered":"<p>Olympi\u00e1da v&nbsp;anglickom jazyku &#8211; \u0161kolsk\u00e9 kolo -25.11.2020 1A kat: Ha\u00e1sov\u00e1 S. \u2013 6.A G\u00e1lik F. \u2013 7.A Jakubi\u0161inov\u00e1 E. \u2013 6.A 1B kat: Jakubi\u0161in M. &#8211; 9.A Mikul\u00e1\u0161 F. \u2013 9.A Vacul\u010diak S. \u2013 9.A &nbsp; Olympi\u00e1da v&nbsp;anglickom jazyku \u2013 okresn\u00e9 kolo \u2013 15.1.2020 1B kat:&nbsp; &nbsp;&nbsp;&nbsp;&nbsp; 6.miesto \u2013 Jakubi\u0161in &hellip;<\/p>\n","protected":false},"author":1,"featured_media":0,"parent":0,"menu_order":0,"comment_status":"closed","ping_status":"closed","template":"","meta":{"ngg_post_thumbnail":0,"footnotes":""},"class_list":["post-25693","page","type-page","status-publish","hentry"],"aioseo_notices":[],"_links":{"self":[{"href":"https:\/\/www.czslc.sk\/index.php?rest_route=\/wp\/v2\/pages\/25693","targetHints":{"allow":["GET"]}}],"collection":[{"href":"https:\/\/www.czslc.sk\/index.php?rest_route=\/wp\/v2\/pages"}],"about":[{"href":"https:\/\/www.czslc.sk\/index.php?rest_route=\/wp\/v2\/types\/page"}],"author":[{"embeddable":true,"href":"https:\/\/www.czslc.sk\/index.php?rest_route=\/wp\/v2\/users\/1"}],"replies":[{"embeddable":true,"href":"https:\/\/www.czslc.sk\/index.php?rest_route=%2Fwp%2Fv2%2Fcomments&post=25693"}],"version-history":[{"count":2,"href":"https:\/\/www.czslc.sk\/index.php?rest_route=\/wp\/v2\/pages\/25693\/revisions"}],"predecessor-version":[{"id":25695,"href":"https:\/\/www.czslc.sk\/index.php?rest_route=\/wp\/v2\/pages\/25693\/revisions\/25695"}],"wp:attachment":[{"href":"https:\/\/www.czslc.sk\/index.php?rest_route=%2Fwp%2Fv2%2Fmedia&parent=25693"}],"curies":[{"name":"wp","href":"https:\/\/api.w.org\/{rel}","templated":true}]}}