{"id":25668,"date":"2020-02-15T13:51:14","date_gmt":"2020-02-15T11:51:14","guid":{"rendered":"https:\/\/www.czslc.sk\/?page_id=25668"},"modified":"2020-03-09T21:13:44","modified_gmt":"2020-03-09T19:13:44","slug":"faktury-februar-2020","status":"publish","type":"page","link":"https:\/\/www.czslc.sk\/?page_id=25668","title":{"rendered":"Fakt\u00fary febru\u00e1r 2020"},"content":{"rendered":"\n<table width=\"624\">\n<tbody>\n<tr>\n<td width=\"354\">&nbsp;<\/td>\n<td width=\"89\">\u010d\u00edslo fa.<\/td>\n<td width=\"61\">Suma v \u20ac<\/td>\n<td width=\"120\">Do\u0161lo<\/td>\n<\/tr>\n<tr>\n<td>JAKOMAT, s.r.o.<\/td>\n<td>2200103<\/td>\n<td>364,00<\/td>\n<td>4.2.20<\/td>\n<\/tr>\n<tr>\n<td>ESV plus, s.r.o.<\/td>\n<td>33\/2020<\/td>\n<td>107,99<\/td>\n<td>5.2.20<\/td>\n<\/tr>\n<tr>\n<td>INNOGY, s.r.o<\/td>\n<td>4440436323<\/td>\n<td>667,10<\/td>\n<td>6.2.20<\/td>\n<\/tr>\n<tr>\n<td>SPOOL<\/td>\n<td>920200030<\/td>\n<td>31,26<\/td>\n<td>11.2.2020<\/td>\n<\/tr>\n<tr>\n<td>\u017dofia Lackov\u00e1<\/td>\n<td>22020<\/td>\n<td>108,00<\/td>\n<td>11.2.2020<\/td>\n<\/tr>\n<tr>\n<td>\u017dofia Lackov\u00e1<\/td>\n<td>12020<\/td>\n<td>150,00<\/td>\n<td>11.2.2020<\/td>\n<\/tr>\n<tr>\n<td>VSE, a.s.<\/td>\n<td>7292430498<\/td>\n<td>593,72<\/td>\n<td>13.2.2020<\/td>\n<\/tr>\n<tr>\n<td>Roman Mesiarik&nbsp; &#8211; REVTECH<\/td>\n<td>76\/2020<\/td>\n<td>112,70<\/td>\n<td>17.2.2020<\/td>\n<\/tr>\n<tr>\n<td>osobnyudaj.sk,&nbsp;<\/td>\n<td>1020021103<\/td>\n<td>36,00<\/td>\n<td>17.2.2020<\/td>\n<\/tr>\n<tr>\n<td>Valman, s.r.o., B. B.<\/td>\n<td>99200424<\/td>\n<td>17,51<\/td>\n<td>18.2.2020<\/td>\n<\/tr>\n<tr>\n<td>Gigaprint.sk, s.r.o.<\/td>\n<td>2245497<\/td>\n<td>26,00<\/td>\n<td>18.2.2020<\/td>\n<\/tr>\n<tr>\n<td>Datacomp, s.r.o., Ko\u0161ice<\/td>\n<td>Fa 2006789<\/td>\n<td>83,76<\/td>\n<td>19.2.2020<\/td>\n<\/tr>\n<tr>\n<td>NOVHAS &#8211; M. Jackuliak<\/td>\n<td>2020\/056<\/td>\n<td>54,00<\/td>\n<td>20.2.2020<\/td>\n<\/tr>\n<tr>\n<td>SZ\u0160 s M\u0160 DSA, Lu\u010denec<\/td>\n<td>1.2.2020<\/td>\n<td>2 057,67<\/td>\n<td>20.2.2020<\/td>\n<\/tr>\n<tr>\n<td>SZ\u0160 s M\u0160 DSA, Lu\u010denec<\/td>\n<td>2.2.2020<\/td>\n<td>175,00<\/td>\n<td>20.2.2020<\/td>\n<\/tr>\n<tr>\n<td>SZ\u0160 s M\u0160 DSA, Lu\u010denec<\/td>\n<td>RN\u017d 1\/2\/2020<\/td>\n<td>440,00<\/td>\n<td>20.2.2020<\/td>\n<\/tr>\n<tr>\n<td>Krp\u010diar Pavel<\/td>\n<td>1\/2\/2020 PS<\/td>\n<td>60,00<\/td>\n<td>20.2.2020<\/td>\n<\/tr>\n<tr>\n<td>Gigaprint.sk, s.r.o.<\/td>\n<td>2244609<\/td>\n<td>15,70<\/td>\n<td>20.2.2020<\/td>\n<\/tr>\n<tr>\n<td>In\u0161tit\u00fat celo\u017eivotn\u00e9ho vzdel\u00e1vania<\/td>\n<td>20200349-02<\/td>\n<td>60,00<\/td>\n<td>21.2.2020<\/td>\n<\/tr>\n<tr>\n<td>Du\u0161an Valentovi\u010d, Trnava<\/td>\n<td>202000325<\/td>\n<td>26,35<\/td>\n<td>21.2.2020<\/td>\n<\/tr>\n<\/tbody>\n<\/table>\n","protected":false},"excerpt":{"rendered":"<p>&nbsp; \u010d\u00edslo fa. Suma v \u20ac Do\u0161lo JAKOMAT, s.r.o. 2200103 364,00 4.2.20 ESV plus, s.r.o. 33\/2020 107,99 5.2.20 INNOGY, s.r.o 4440436323 667,10 6.2.20 SPOOL 920200030 31,26 11.2.2020 \u017dofia Lackov\u00e1 22020 108,00 11.2.2020 \u017dofia Lackov\u00e1 12020 150,00 11.2.2020 VSE, a.s. 7292430498 593,72 13.2.2020 Roman Mesiarik&nbsp; &#8211; REVTECH 76\/2020 112,70 17.2.2020 osobnyudaj.sk,&nbsp; &hellip;<\/p>\n","protected":false},"author":1,"featured_media":0,"parent":0,"menu_order":0,"comment_status":"closed","ping_status":"closed","template":"","meta":{"ngg_post_thumbnail":0,"footnotes":""},"class_list":["post-25668","page","type-page","status-publish","hentry"],"aioseo_notices":[],"_links":{"self":[{"href":"https:\/\/www.czslc.sk\/index.php?rest_route=\/wp\/v2\/pages\/25668","targetHints":{"allow":["GET"]}}],"collection":[{"href":"https:\/\/www.czslc.sk\/index.php?rest_route=\/wp\/v2\/pages"}],"about":[{"href":"https:\/\/www.czslc.sk\/index.php?rest_route=\/wp\/v2\/types\/page"}],"author":[{"embeddable":true,"href":"https:\/\/www.czslc.sk\/index.php?rest_route=\/wp\/v2\/users\/1"}],"replies":[{"embeddable":true,"href":"https:\/\/www.czslc.sk\/index.php?rest_route=%2Fwp%2Fv2%2Fcomments&post=25668"}],"version-history":[{"count":2,"href":"https:\/\/www.czslc.sk\/index.php?rest_route=\/wp\/v2\/pages\/25668\/revisions"}],"predecessor-version":[{"id":25806,"href":"https:\/\/www.czslc.sk\/index.php?rest_route=\/wp\/v2\/pages\/25668\/revisions\/25806"}],"wp:attachment":[{"href":"https:\/\/www.czslc.sk\/index.php?rest_route=%2Fwp%2Fv2%2Fmedia&parent=25668"}],"curies":[{"name":"wp","href":"https:\/\/api.w.org\/{rel}","templated":true}]}}