{"id":25666,"date":"2020-02-15T13:42:35","date_gmt":"2020-02-15T11:42:35","guid":{"rendered":"https:\/\/www.czslc.sk\/?page_id=25666"},"modified":"2020-02-15T13:42:35","modified_gmt":"2020-02-15T11:42:35","slug":"faktury-januar-2020","status":"publish","type":"page","link":"https:\/\/www.czslc.sk\/?page_id=25666","title":{"rendered":"Fakt\u00fary janu\u00e1r 2020"},"content":{"rendered":"\n<table width=\"662\">\n<tbody>\n<tr>\n<td width=\"319\">&nbsp;<\/td>\n<td width=\"126\">\u010d\u00edslo fa.<\/td>\n<td width=\"127\">Suma v \u20ac<\/td>\n<td width=\"90\">Do\u0161lo<\/td>\n<\/tr>\n<tr>\n<td>ecolTrade, s.r.o., Nitra<\/td>\n<td>2019307<\/td>\n<td>51,84<\/td>\n<td>13.1.20<\/td>\n<\/tr>\n<tr>\n<td>\u017dofia Lackov\u00e1, Lu\u010denec<\/td>\n<td>452019<\/td>\n<td>108,00<\/td>\n<td>14.1.20<\/td>\n<\/tr>\n<tr>\n<td>\u017dofia Lackov\u00e1, Lu\u010denec<\/td>\n<td>462019<\/td>\n<td>150,00<\/td>\n<td>14.1.20<\/td>\n<\/tr>\n<tr>\n<td>SPOOL, a.s., Lu\u010denec<\/td>\n<td>920190827<\/td>\n<td>21,70<\/td>\n<td>16.1.20<\/td>\n<\/tr>\n<tr>\n<td>INNOGY, s.r.o.<\/td>\n<td>4200088257<\/td>\n<td>1 148,22<\/td>\n<td>17.1.20<\/td>\n<\/tr>\n<tr>\n<td>VSE, a.s., Ko\u0161ice<\/td>\n<td>7293229479<\/td>\n<td>459,37<\/td>\n<td>17.1.20<\/td>\n<\/tr>\n<tr>\n<td>osobny\u00fadaj.sk, s.r.o.<\/td>\n<td>1020011131<\/td>\n<td>36,00<\/td>\n<td>7.1.20<\/td>\n<\/tr>\n<tr>\n<td>Ares, s.r.o.<\/td>\n<td>1920-4145<\/td>\n<td>6,00<\/td>\n<td>21.1.20<\/td>\n<\/tr>\n<tr>\n<td>Mgr. Peter Mo\u0161ko, Ve\u013ek\u00fd Krt\u00ed\u0161<\/td>\n<td>008\/2020<\/td>\n<td>60,00<\/td>\n<td>27.1.20<\/td>\n<\/tr>\n<tr>\n<td>Valman, s.r.o., B. B<\/td>\n<td>99200223<\/td>\n<td>35,02<\/td>\n<td>28.1.20<\/td>\n<\/tr>\n<tr>\n<td>Krp\u010diar Pavel, LC<\/td>\n<td>112020 PS<\/td>\n<td>60,00<\/td>\n<td>29.1.20<\/td>\n<\/tr>\n<tr>\n<td>SZ\u0160 s M\u0160 DSA, Lu\u010denec<\/td>\n<td>112020<\/td>\n<td>2 373,48<\/td>\n<td>29.1.20<\/td>\n<\/tr>\n<tr>\n<td>SZ\u0160 s M\u0160 DSA, Lu\u010denec<\/td>\n<td>212020<\/td>\n<td>182,00<\/td>\n<td>29.1.20<\/td>\n<\/tr>\n<tr>\n<td>CK Slnie\u010dko, s.r.o.<\/td>\n<td>OF06-20200003<\/td>\n<td>3 000,00<\/td>\n<td>30.1.20<\/td>\n<\/tr>\n<tr>\n<td>Orange, a.s., BA<\/td>\n<td>102321551<\/td>\n<td>57,99<\/td>\n<td>30.1.20<\/td>\n<\/tr>\n<\/tbody>\n<\/table>\n","protected":false},"excerpt":{"rendered":"<p>&nbsp; \u010d\u00edslo fa. Suma v \u20ac Do\u0161lo ecolTrade, s.r.o., Nitra 2019307 51,84 13.1.20 \u017dofia Lackov\u00e1, Lu\u010denec 452019 108,00 14.1.20 \u017dofia Lackov\u00e1, Lu\u010denec 462019 150,00 14.1.20 SPOOL, a.s., Lu\u010denec 920190827 21,70 16.1.20 INNOGY, s.r.o. 4200088257 1 148,22 17.1.20 VSE, a.s., Ko\u0161ice 7293229479 459,37 17.1.20 osobny\u00fadaj.sk, s.r.o. 1020011131 36,00 7.1.20 Ares, s.r.o. &hellip;<\/p>\n","protected":false},"author":1,"featured_media":0,"parent":0,"menu_order":0,"comment_status":"closed","ping_status":"closed","template":"","meta":{"ngg_post_thumbnail":0,"footnotes":""},"class_list":["post-25666","page","type-page","status-publish","hentry"],"aioseo_notices":[],"_links":{"self":[{"href":"https:\/\/www.czslc.sk\/index.php?rest_route=\/wp\/v2\/pages\/25666","targetHints":{"allow":["GET"]}}],"collection":[{"href":"https:\/\/www.czslc.sk\/index.php?rest_route=\/wp\/v2\/pages"}],"about":[{"href":"https:\/\/www.czslc.sk\/index.php?rest_route=\/wp\/v2\/types\/page"}],"author":[{"embeddable":true,"href":"https:\/\/www.czslc.sk\/index.php?rest_route=\/wp\/v2\/users\/1"}],"replies":[{"embeddable":true,"href":"https:\/\/www.czslc.sk\/index.php?rest_route=%2Fwp%2Fv2%2Fcomments&post=25666"}],"version-history":[{"count":1,"href":"https:\/\/www.czslc.sk\/index.php?rest_route=\/wp\/v2\/pages\/25666\/revisions"}],"predecessor-version":[{"id":25667,"href":"https:\/\/www.czslc.sk\/index.php?rest_route=\/wp\/v2\/pages\/25666\/revisions\/25667"}],"wp:attachment":[{"href":"https:\/\/www.czslc.sk\/index.php?rest_route=%2Fwp%2Fv2%2Fmedia&parent=25666"}],"curies":[{"name":"wp","href":"https:\/\/api.w.org\/{rel}","templated":true}]}}