{"id":25441,"date":"2020-01-14T10:45:07","date_gmt":"2020-01-14T08:45:07","guid":{"rendered":"https:\/\/www.czslc.sk\/?page_id=25441"},"modified":"2021-01-14T14:44:47","modified_gmt":"2021-01-14T12:44:47","slug":"objednavky-2020","status":"publish","type":"page","link":"https:\/\/www.czslc.sk\/?page_id=25441","title":{"rendered":"Objedn\u00e1vky 2020"},"content":{"rendered":"\n<table width=\"478\">\n<tbody>\n<tr>\n<td width=\"337\">Hotel Clavis, Lu\u010denec<\/td>\n<td width=\"77\">22.1.2020<\/td>\n<td width=\"64\">1\/2020<\/td>\n<\/tr>\n<tr>\n<td>Barnab\u00e1\u0161 Mag, \u0160urice<\/td>\n<td>24.2.2020<\/td>\n<td>2\/2020<\/td>\n<\/tr>\n<tr>\n<td>Jozef Krn\u00e1\u010d, Lu\u010denec &#8211; rev\u00edzny technik<\/td>\n<td>24.2.2020<\/td>\n<td>3\/2020<\/td>\n<\/tr>\n<tr>\n<td>Pavol Pocklan, Lu\u010denec &#8211; \u0161kolsk\u00e9 pom\u00f4cky<\/td>\n<td>3.3.2020<\/td>\n<td>4\/2020<\/td>\n<\/tr>\n<tr>\n<td>Gastrolux, \u017dilina<\/td>\n<td>6.3.2020<\/td>\n<td>5\/2020<\/td>\n<\/tr>\n<tr>\n<td>Slovensk\u00e1 po\u0161ta, B. Bystrica<\/td>\n<td>6.3.2020<\/td>\n<td>6\/2020<\/td>\n<\/tr>\n<tr>\n<td>Doxx &#8211; stravn\u00e9 l\u00edstky<\/td>\n<td>8.4.2020<\/td>\n<td>7\/2020<\/td>\n<\/tr>\n<tr>\n<td>Barnab\u00e1\u0161 Mag, \u0160urice<\/td>\n<td>15.4.2020<\/td>\n<td>8\/2020<\/td>\n<\/tr>\n<tr>\n<td>TSV Papier, Lu\u010denec<\/td>\n<td>29.4.2020<\/td>\n<td>9\/2020<\/td>\n<\/tr>\n<tr>\n<td>Doxx &#8211; stravn\u00e9 l\u00edstky<\/td>\n<td>7.5.2010<\/td>\n<td>10\/2020<\/td>\n<\/tr>\n<tr>\n<td>Sierra Enterprises, s.r.o.<\/td>\n<td>15.6.2020<\/td>\n<td>11\/2020<\/td>\n<\/tr>\n<tr>\n<td>Hotel Clavis, Lu\u010denec<\/td>\n<td>19.6.2020<\/td>\n<td>12\/2020<\/td>\n<\/tr>\n<tr>\n<td>Peter Plan\u010d\u00edk &#8211; EVA corp, Brusno<\/td>\n<td>2.7.2020<\/td>\n<td>13\/2020<\/td>\n<\/tr>\n<tr>\n<td>LIDL, Bratislava<\/td>\n<td>7.7.2020<\/td>\n<td>14\/2020<\/td>\n<\/tr>\n<tr>\n<td>Doxx &#8211; stravn\u00e9 l\u00edstky<\/td>\n<td>7.7.2020<\/td>\n<td>15\/2020<\/td>\n<\/tr>\n<tr>\n<td>Erv\u00edn Szabo ELREV<\/td>\n<td>8.7.2020<\/td>\n<td>16\/2020<\/td>\n<\/tr>\n<tr>\n<td>Bc. Emil Krajniak, rev\u00edzny technik<\/td>\n<td>12.8.2020<\/td>\n<td>17\/2020<\/td>\n<\/tr>\n<tr>\n<td>Miroslav Kum\u0161t\u00e1r, rev\u00edzny technik, Vidin\u00e1<\/td>\n<td>12.8.2020<\/td>\n<td>18\/2020<\/td>\n<\/tr>\n<tr>\n<td>Miroslav Kum\u0161t\u00e1r, rev\u00edzny technik, Vidin\u00e1<\/td>\n<td>12.8.2020<\/td>\n<td>19\/2020<\/td>\n<\/tr>\n<tr>\n<td>JUDr. Landl Martin, Lu\u010denec<\/td>\n<td>12.8.2020<\/td>\n<td>20\/2020<\/td>\n<\/tr>\n<tr>\n<td>Doxx &#8211; stravn\u00e9 l\u00edstky<\/td>\n<td>2.9.2020<\/td>\n<td>21\/2020<\/td>\n<\/tr>\n<tr>\n<td>SIGNAL-CODE, s.r.o., Lu\u010denec<\/td>\n<td>23.9.2020<\/td>\n<td>22\/2020<\/td>\n<\/tr>\n<tr>\n<td>Teta drogeria, Lu\u010denec<\/td>\n<td>2.10.2020<\/td>\n<td>23\/2020<\/td>\n<\/tr>\n<tr>\n<td>Pavol Pocklan, Lu\u010denec &#8211; \u0161kolsk\u00e9 pom\u00f4cky<\/td>\n<td>5.10.2020<\/td>\n<td>24\/2020<\/td>\n<\/tr>\n<tr>\n<td>Gastrolux, \u017dilina<\/td>\n<td>9.10.2020<\/td>\n<td>25\/2020<\/td>\n<\/tr>\n<tr>\n<td>ESV plus, s.r.o., Lu\u010denec<\/td>\n<td>22.10.2020<\/td>\n<td>26\/2020<\/td>\n<\/tr>\n<tr>\n<td>Kamil Kraj\u0148ak \u2013 rev\u00edzny technik<\/td>\n<td>26.10.2020<\/td>\n<td>27\/2020<\/td>\n<\/tr>\n<tr>\n<td>N\u00e1bo\u017eensk\u00e1 predaj\u0148a &#8211; M\u00e1ria, Lu\u010denec<\/td>\n<td>3.11.2020<\/td>\n<td>28\/2020<\/td>\n<\/tr>\n<tr>\n<td>Z\u00e1bavn\u00e9 u\u010den\u00ed, a.s., \u010cR<\/td>\n<td>18.11.2020<\/td>\n<td>29\/2020<\/td>\n<\/tr>\n<tr>\n<td>Miroslav Melich, Fi\u013eakovo<\/td>\n<td>23.11.2020<\/td>\n<td>30\/2020<\/td>\n<\/tr>\n<tr>\n<td>Pracovn\u00e1 zdrav. Slu\u017eba, Kuzm\u00e1nyho, Lu\u010denec<\/td>\n<td>23.11.2020<\/td>\n<td>31\/2020<\/td>\n<\/tr>\n<tr>\n<td>LIDL, Bratislava<\/td>\n<td>25.11.2020<\/td>\n<td>32\/2020<\/td>\n<\/tr>\n<tr>\n<td>Stavmonta, s.r.o.<\/td>\n<td>26.11.2020<\/td>\n<td>33\/2020<\/td>\n<\/tr>\n<tr>\n<td>J2 studio, Lu\u010denec<\/td>\n<td>30.11.2020<\/td>\n<td>34\/2020<\/td>\n<\/tr>\n<tr>\n<td>Conatex \u2013 u\u010debn\u00ed pom\u00facky<\/td>\n<td>30.11.2020<\/td>\n<td>35\/2020<\/td>\n<\/tr>\n<tr>\n<td>Doxx &#8211; stravn\u00e9 l\u00edstky<\/td>\n<td>1.12.2020<\/td>\n<td>36\/2020<\/td>\n<\/tr>\n<tr>\n<td>Conatex \u2013 u\u010debn\u00ed pom\u00facky<\/td>\n<td>15.12.2020<\/td>\n<td>37\/2020<\/td>\n<\/tr>\n<\/tbody>\n<\/table>\n","protected":false},"excerpt":{"rendered":"<p>Hotel Clavis, Lu\u010denec 22.1.2020 1\/2020 Barnab\u00e1\u0161 Mag, \u0160urice 24.2.2020 2\/2020 Jozef Krn\u00e1\u010d, Lu\u010denec &#8211; rev\u00edzny technik 24.2.2020 3\/2020 Pavol Pocklan, Lu\u010denec &#8211; \u0161kolsk\u00e9 pom\u00f4cky 3.3.2020 4\/2020 Gastrolux, \u017dilina 6.3.2020 5\/2020 Slovensk\u00e1 po\u0161ta, B. Bystrica 6.3.2020 6\/2020 Doxx &#8211; stravn\u00e9 l\u00edstky 8.4.2020 7\/2020 Barnab\u00e1\u0161 Mag, \u0160urice 15.4.2020 8\/2020 TSV Papier, Lu\u010denec &hellip;<\/p>\n","protected":false},"author":1,"featured_media":0,"parent":0,"menu_order":0,"comment_status":"closed","ping_status":"closed","template":"","meta":{"ngg_post_thumbnail":0,"footnotes":""},"class_list":["post-25441","page","type-page","status-publish","hentry"],"aioseo_notices":[],"_links":{"self":[{"href":"https:\/\/www.czslc.sk\/index.php?rest_route=\/wp\/v2\/pages\/25441","targetHints":{"allow":["GET"]}}],"collection":[{"href":"https:\/\/www.czslc.sk\/index.php?rest_route=\/wp\/v2\/pages"}],"about":[{"href":"https:\/\/www.czslc.sk\/index.php?rest_route=\/wp\/v2\/types\/page"}],"author":[{"embeddable":true,"href":"https:\/\/www.czslc.sk\/index.php?rest_route=\/wp\/v2\/users\/1"}],"replies":[{"embeddable":true,"href":"https:\/\/www.czslc.sk\/index.php?rest_route=%2Fwp%2Fv2%2Fcomments&post=25441"}],"version-history":[{"count":7,"href":"https:\/\/www.czslc.sk\/index.php?rest_route=\/wp\/v2\/pages\/25441\/revisions"}],"predecessor-version":[{"id":26768,"href":"https:\/\/www.czslc.sk\/index.php?rest_route=\/wp\/v2\/pages\/25441\/revisions\/26768"}],"wp:attachment":[{"href":"https:\/\/www.czslc.sk\/index.php?rest_route=%2Fwp%2Fv2%2Fmedia&parent=25441"}],"curies":[{"name":"wp","href":"https:\/\/api.w.org\/{rel}","templated":true}]}}