{"id":25322,"date":"2019-12-06T16:13:26","date_gmt":"2019-12-06T14:13:26","guid":{"rendered":"https:\/\/www.czslc.sk\/?page_id=25322"},"modified":"2020-01-14T10:15:17","modified_gmt":"2020-01-14T08:15:17","slug":"faktury-december-2019","status":"publish","type":"page","link":"https:\/\/www.czslc.sk\/?page_id=25322","title":{"rendered":"Fakt\u00fary december 2019"},"content":{"rendered":"\n<table style=\"width: 1014px;\" width=\"741\">\n<tbody>\n<tr>\n<td style=\"width: 331px;\" width=\"242\">Firma&nbsp;<\/td>\n<td style=\"width: 331px;\" width=\"242\">FA \u010d\u00edslo<\/td>\n<td style=\"width: 181px;\" width=\"132\">Suma v \u20ac<\/td>\n<td style=\"width: 171px;\" width=\"125\">D\u00e1tum<\/td>\n<\/tr>\n<tr>\n<td style=\"width: 331px;\" width=\"242\">Orange, a.s.<\/td>\n<td style=\"width: 331px;\" width=\"242\">0102321551<\/td>\n<td style=\"width: 181px;\" width=\"132\">57,99 \u20ac<\/td>\n<td style=\"width: 171px;\" width=\"125\">2.12.2019<\/td>\n<\/tr>\n<tr>\n<td style=\"width: 331px;\">Osobn\u00fd \u00fadaj.sk, s.r.o.<\/td>\n<td style=\"width: 331px;\">1019121113<\/td>\n<td style=\"width: 181px;\">36,00 \u20ac<\/td>\n<td style=\"width: 171px;\">2.12.2019<\/td>\n<\/tr>\n<tr>\n<td style=\"width: 331px;\">Valman, s.r.o.<\/td>\n<td style=\"width: 331px;\">99191842<\/td>\n<td style=\"width: 181px;\">17,94 \u20ac<\/td>\n<td style=\"width: 171px;\">3.12.2019<\/td>\n<\/tr>\n<tr>\n<td style=\"width: 331px;\">ESV plus, s.r.o.<\/td>\n<td style=\"width: 331px;\">364\/2019<\/td>\n<td style=\"width: 181px;\">20,36 \u20ac<\/td>\n<td style=\"width: 171px;\">3.12.2019<\/td>\n<\/tr>\n<tr>\n<td style=\"width: 331px;\">ESV plus, s.r.o.<\/td>\n<td style=\"width: 331px;\">365\/2019<\/td>\n<td style=\"width: 181px;\">52,21 \u20ac<\/td>\n<td style=\"width: 171px;\">3.12.2019<\/td>\n<\/tr>\n<tr>\n<td style=\"width: 331px;\">LIDL, v.o.s., Lu\u010denec<\/td>\n<td style=\"width: 331px;\">1009926<\/td>\n<td style=\"width: 181px;\">780,00 \u20ac<\/td>\n<td style=\"width: 171px;\">3.12.2019<\/td>\n<\/tr>\n<tr>\n<td style=\"width: 331px;\">Retex, s.r.o.<\/td>\n<td style=\"width: 331px;\">2019210<\/td>\n<td style=\"width: 181px;\">151,00 \u20ac<\/td>\n<td style=\"width: 171px;\">4.12.2019<\/td>\n<\/tr>\n<tr>\n<td style=\"width: 331px;\">Innogy Slovensko, s.r.o.<\/td>\n<td style=\"width: 331px;\">4440428774<\/td>\n<td style=\"width: 181px;\">560,00 \u20ac<\/td>\n<td style=\"width: 171px;\">5.12.2019<\/td>\n<\/tr>\n<tr>\n<td style=\"width: 331px;\">ODM Metris, Po\u013esko<\/td>\n<td style=\"width: 331px;\">FV24\/12\/2019<\/td>\n<td style=\"width: 181px;\">24,00 \u20ac<\/td>\n<td style=\"width: 171px;\">6.12.2019<\/td>\n<\/tr>\n<tr>\n<td style=\"width: 331px;\">SPOOL, a.s., Lu\u010denec<\/td>\n<td style=\"width: 331px;\">920190748<\/td>\n<td style=\"width: 181px;\">23,87 \u20ac<\/td>\n<td style=\"width: 171px;\">6.12.2019<\/td>\n<\/tr>\n<tr>\n<td style=\"width: 331px;\">StVPS, Bansk\u00e1 Bystrica<\/td>\n<td style=\"width: 331px;\">20191285511<\/td>\n<td style=\"width: 181px;\">17,02 \u20ac<\/td>\n<td style=\"width: 171px;\">6.12.2019<\/td>\n<\/tr>\n<tr>\n<td style=\"width: 331px;\">StVPS, Bansk\u00e1 Bystrica<\/td>\n<td style=\"width: 331px;\">20191285513<\/td>\n<td style=\"width: 181px;\">445,86 \u20ac<\/td>\n<td style=\"width: 171px;\">6.12.2019<\/td>\n<\/tr>\n<tr>\n<td style=\"width: 331px;\">Slovak Telekom, a.s., BA<\/td>\n<td style=\"width: 331px;\">8247260429<\/td>\n<td style=\"width: 181px;\">42,26 \u20ac<\/td>\n<td style=\"width: 171px;\">9.12.2019<\/td>\n<\/tr>\n<tr>\n<td style=\"width: 331px;\">Miroslav Melich, Fi\u013eakovo<\/td>\n<td style=\"width: 331px;\">2019006<\/td>\n<td style=\"width: 181px;\">89,00 \u20ac<\/td>\n<td style=\"width: 171px;\">9.12.2019<\/td>\n<\/tr>\n<tr>\n<td style=\"width: 331px;\">Soft &#8211; Tech, s.r.o., Stropkov<\/td>\n<td style=\"width: 331px;\">201929693<\/td>\n<td style=\"width: 181px;\">17,32 \u20ac<\/td>\n<td style=\"width: 171px;\">10.12.2019<\/td>\n<\/tr>\n<tr>\n<td style=\"width: 331px;\">Dafer, s.r.o., Prievidza<\/td>\n<td style=\"width: 331px;\">Z191200415<\/td>\n<td style=\"width: 181px;\">4 049,80 \u20ac<\/td>\n<td style=\"width: 171px;\">10.12.2019<\/td>\n<\/tr>\n<tr>\n<td style=\"width: 331px;\">\u017dofia Lackov\u00e1<\/td>\n<td style=\"width: 331px;\">422019<\/td>\n<td style=\"width: 181px;\">150,00 \u20ac<\/td>\n<td style=\"width: 171px;\">12.12.2019<\/td>\n<\/tr>\n<tr>\n<td style=\"width: 331px;\">\u017dofia Lackov\u00e1<\/td>\n<td style=\"width: 331px;\">412019<\/td>\n<td style=\"width: 181px;\">108,00 \u20ac<\/td>\n<td style=\"width: 171px;\">12.12.2019<\/td>\n<\/tr>\n<tr>\n<td style=\"width: 331px;\">VSE, a.s., Ko\u0161ice<\/td>\n<td style=\"width: 331px;\">7293228863<\/td>\n<td style=\"width: 181px;\">396,82 \u20ac<\/td>\n<td style=\"width: 171px;\">12.12.2019<\/td>\n<\/tr>\n<tr>\n<td style=\"width: 331px;\">Booknet Slovakia, s.r.o.<\/td>\n<td style=\"width: 331px;\">6001902373<\/td>\n<td style=\"width: 181px;\">51,04 \u20ac<\/td>\n<td style=\"width: 171px;\">16.12.2019<\/td>\n<\/tr>\n<tr>\n<td style=\"width: 331px;\">\u017dofia Lackov\u00e1<\/td>\n<td style=\"width: 331px;\">442019<\/td>\n<td style=\"width: 181px;\">400,00 \u20ac<\/td>\n<td style=\"width: 171px;\">16.12.2019<\/td>\n<\/tr>\n<tr>\n<td style=\"width: 331px;\">Gigaprint, s.r.o., Tren\u010d\u00edn<\/td>\n<td style=\"width: 331px;\">2240303<\/td>\n<td style=\"width: 181px;\">42,43 \u20ac<\/td>\n<td style=\"width: 171px;\">17.12.2019<\/td>\n<\/tr>\n<tr>\n<td style=\"width: 331px;\">SZ\u0160 s M\u0160 DSA, Lu\u010denec<\/td>\n<td style=\"width: 331px;\">1\/12\/2019<\/td>\n<td style=\"width: 181px;\">2 242,06 \u20ac<\/td>\n<td style=\"width: 171px;\">17.12.2019<\/td>\n<\/tr>\n<tr>\n<td style=\"width: 331px;\">SZ\u0160 s M\u0160 DSA, Lu\u010denec<\/td>\n<td style=\"width: 331px;\">2\/12\/2019<\/td>\n<td style=\"width: 181px;\">180,00 \u20ac<\/td>\n<td style=\"width: 171px;\">17.12.2019<\/td>\n<\/tr>\n<tr>\n<td style=\"width: 331px;\">SZ\u0160 s M\u0160 DSA, Lu\u010denec<\/td>\n<td style=\"width: 331px;\">RN\u017d1\/12\/2019<\/td>\n<td style=\"width: 181px;\">460,00 \u20ac<\/td>\n<td style=\"width: 171px;\">17.12.2019<\/td>\n<\/tr>\n<tr>\n<td style=\"width: 331px;\">Krp\u010diar Pavel, Lu\u010denec<\/td>\n<td style=\"width: 331px;\">1\/12\/2019 PS<\/td>\n<td style=\"width: 181px;\">60,00 \u20ac<\/td>\n<td style=\"width: 171px;\">17.12.2019<\/td>\n<\/tr>\n<tr>\n<td style=\"width: 331px;\">PcProfi, s.r.o, Pre\u0161ov<\/td>\n<td style=\"width: 331px;\">FV192733<\/td>\n<td style=\"width: 181px;\">959,00 \u20ac<\/td>\n<td style=\"width: 171px;\">18.12.2019<\/td>\n<\/tr>\n<tr>\n<td style=\"width: 331px;\">ESV plus, s.r.o.<\/td>\n<td style=\"width: 331px;\">391\/2019<\/td>\n<td style=\"width: 181px;\">98,99 \u20ac<\/td>\n<td style=\"width: 171px;\">20.12.2019<\/td>\n<\/tr>\n<tr>\n<td style=\"width: 331px;\">Slovak Telekom, a.s., BA<\/td>\n<td style=\"width: 331px;\">8249480155<\/td>\n<td style=\"width: 181px;\">42,26 \u20ac<\/td>\n<td style=\"width: 171px;\">7.1.2020<\/td>\n<\/tr>\n<tr>\n<td style=\"width: 331px;\">Orange, a.s.<\/td>\n<td style=\"width: 331px;\">0102321551<\/td>\n<td style=\"width: 181px;\">57,99 \u20ac<\/td>\n<td style=\"width: 171px;\">7.1.2020<\/td>\n<\/tr>\n<\/tbody>\n<\/table>\n","protected":false},"excerpt":{"rendered":"<p>Firma&nbsp; FA \u010d\u00edslo Suma v \u20ac D\u00e1tum Orange, a.s. 0102321551 57,99 \u20ac 2.12.2019 Osobn\u00fd \u00fadaj.sk, s.r.o. 1019121113 36,00 \u20ac 2.12.2019 Valman, s.r.o. 99191842 17,94 \u20ac 3.12.2019 ESV plus, s.r.o. 364\/2019 20,36 \u20ac 3.12.2019 ESV plus, s.r.o. 365\/2019 52,21 \u20ac 3.12.2019 LIDL, v.o.s., Lu\u010denec 1009926 780,00 \u20ac 3.12.2019 Retex, s.r.o. 2019210 &hellip;<\/p>\n","protected":false},"author":1,"featured_media":0,"parent":0,"menu_order":0,"comment_status":"closed","ping_status":"closed","template":"","meta":{"ngg_post_thumbnail":0,"footnotes":""},"class_list":["post-25322","page","type-page","status-publish","hentry"],"aioseo_notices":[],"_links":{"self":[{"href":"https:\/\/www.czslc.sk\/index.php?rest_route=\/wp\/v2\/pages\/25322","targetHints":{"allow":["GET"]}}],"collection":[{"href":"https:\/\/www.czslc.sk\/index.php?rest_route=\/wp\/v2\/pages"}],"about":[{"href":"https:\/\/www.czslc.sk\/index.php?rest_route=\/wp\/v2\/types\/page"}],"author":[{"embeddable":true,"href":"https:\/\/www.czslc.sk\/index.php?rest_route=\/wp\/v2\/users\/1"}],"replies":[{"embeddable":true,"href":"https:\/\/www.czslc.sk\/index.php?rest_route=%2Fwp%2Fv2%2Fcomments&post=25322"}],"version-history":[{"count":3,"href":"https:\/\/www.czslc.sk\/index.php?rest_route=\/wp\/v2\/pages\/25322\/revisions"}],"predecessor-version":[{"id":25436,"href":"https:\/\/www.czslc.sk\/index.php?rest_route=\/wp\/v2\/pages\/25322\/revisions\/25436"}],"wp:attachment":[{"href":"https:\/\/www.czslc.sk\/index.php?rest_route=%2Fwp%2Fv2%2Fmedia&parent=25322"}],"curies":[{"name":"wp","href":"https:\/\/api.w.org\/{rel}","templated":true}]}}