{"id":24982,"date":"2019-11-12T19:38:41","date_gmt":"2019-11-12T17:38:41","guid":{"rendered":"https:\/\/www.czslc.sk\/?page_id=24982"},"modified":"2023-11-21T10:10:28","modified_gmt":"2023-11-21T08:10:28","slug":"ziacka-skolska-rada","status":"publish","type":"page","link":"https:\/\/www.czslc.sk\/?page_id=24982","title":{"rendered":"\u0160kolsk\u00fd parlament"},"content":{"rendered":"<div class=\"wp-block-image\">\n<figure class=\"aligncenter size-large is-resized\"><img loading=\"lazy\" decoding=\"async\" src=\"https:\/\/www.czslc.sk\/wp-content\/uploads\/2020\/03\/logo-\u017d\u0160R-1024x879.jpg\" alt=\"\" class=\"wp-image-25731\" width=\"269\" height=\"231\" srcset=\"https:\/\/www.czslc.sk\/wp-content\/uploads\/2020\/03\/logo-\u017d\u0160R-1024x879.jpg 1024w, https:\/\/www.czslc.sk\/wp-content\/uploads\/2020\/03\/logo-\u017d\u0160R-300x257.jpg 300w, https:\/\/www.czslc.sk\/wp-content\/uploads\/2020\/03\/logo-\u017d\u0160R-768x659.jpg 768w, https:\/\/www.czslc.sk\/wp-content\/uploads\/2020\/03\/logo-\u017d\u0160R-1536x1318.jpg 1536w, https:\/\/www.czslc.sk\/wp-content\/uploads\/2020\/03\/logo-\u017d\u0160R-233x200.jpg 233w, https:\/\/www.czslc.sk\/wp-content\/uploads\/2020\/03\/logo-\u017d\u0160R.jpg 1811w\" sizes=\"auto, (max-width: 269px) 100vw, 269px\" \/><\/figure>\n<\/div>\n\n\n<h2 style=\"font-weight: 400; text-align: center;\"><span style=\"color: #ff0000;\"><strong>\u010clenovia \u0161kolsk\u00e9ho parlamentu v \u0161kolskom roku 2023\/2024<\/strong><\/span><\/h2>\n<p style=\"font-weight: 400;\">&nbsp;<\/p>\n<p style=\"font-weight: 400; text-align: center;\"><strong>V.A<br \/><\/strong>Damian Mih\u00e1lik <br \/><span style=\"font-size: revert; text-indent: 0em;\">Martin Ba\u010da<\/span><\/p>\n<p style=\"font-weight: 400; text-align: center;\"><strong>VI.A<br \/><\/strong>Samuel Bystriansky&nbsp;<br \/>Daniela Ko\u010di\u0161ov\u00e1<\/p>\n<p style=\"font-weight: 400; text-align: center;\"><strong>VII.A<br \/><\/strong>Filip Brand<br \/>Peter \u0160tecz&nbsp;<\/p>\n<p style=\"font-weight: 400; text-align: center;\"><strong>VIII.A<br \/><\/strong>Erik Susztay<br \/>Simona Giba\u013eov\u00e1<\/p>\n<p style=\"font-weight: 400; text-align: center;\"><strong>IX.A<br \/><\/strong>Nina Melicherov\u00e1<br \/>Kristi\u00e1n Tan\u00f3czky&nbsp;<\/p>\n<p>&nbsp;<\/p>\n<h3 style=\"text-align: center;\"><strong><span style=\"color: #ff0000;\">Etick\u00fd k\u00f3dex \u017eiakov CZ\u0160 sv. J\u00e1na Bosca v&nbsp;Lu\u010denci<\/span><\/strong><br \/><strong><span style=\"color: #ff0000;\">Prijat\u00fd na zasadnut\u00ed \u0161kolskej \u017eiackej rady d\u0148a&nbsp; 11. 9. 2019<\/span><\/strong><br \/><strong><span style=\"color: #ff0000;\">Je s\u00fa\u010das\u0165ou \u0160kolsk\u00e9ho poriadku CZ\u0160 sv. J\u00e1na Bosca v&nbsp;Lu\u010denci<\/span><\/strong><\/h3>\n<ol>\n<li>Spr\u00e1vajme sa slu\u0161ne vo\u010di spolu\u017eiakom, pedag\u00f3gom a&nbsp;zamestnancom \u0161koly.<\/li>\n<li>Neoslovujeme spolu\u017eiakov hanliv\u00fdmi&nbsp; prez\u00fdvkami, ka\u017ed\u00fd m\u00e1 svoje meno.<\/li>\n<li>Re\u0161pektujme sa navz\u00e1jom, komunikujme na \u00farovni a&nbsp;h\u013eadajme kompromisy.<\/li>\n<li>Nepou\u017e\u00edvajme mobil po\u010das vyu\u010dovania.<\/li>\n<li>Nezap\u00ednajme a&nbsp;nepou\u017e\u00edvajme \u0161kolsk\u00fa techniku na z\u00e1bavu, nezap\u00ednajme ju svojvo\u013ene.<\/li>\n<li>Vyh\u00fdbajme sa v&nbsp;triede \u0161ikanovaniu a&nbsp;kyber\u0161ikanovaniu, poni\u017eovaniu a agresivite.<\/li>\n<li>Nepou\u017e\u00edvajme v&nbsp;\u0161kole vulg\u00e1rne slov\u00e1.<\/li>\n<li>Nestrkajme spolu\u017eiakov, nepredbiehajme sa v&nbsp;jed\u00e1lni, nerobme in\u00fdm to, \u010do je aj n\u00e1m nepr\u00edjemn\u00e9.<\/li>\n<li>Obliekajme sa do \u0161koly \u010disto, slu\u0161ne a&nbsp;nie v\u00fdstredne.<\/li>\n<li>Neni\u010dme si svoje prostredie. Nepo\u0161kodzujme \u0161kolsk\u00fd majetok p\u00edsan\u00edm na lavice, hojdan\u00edm sa na stoli\u010dk\u00e1ch, za\u0161pinen\u00edm stien, r\u00fdpan\u00edm do stien. Zaobch\u00e1dzajme \u0161etrne s&nbsp;u\u010debnicami, vodou, elektrinou.<\/li>\n<li>Majme poriadok v&nbsp;triede. Zahadzujme odpadky do ko\u0161a. Separujme odpad!<\/li>\n<li>Nenosme do \u0161koly a nepou\u017e\u00edvajme v&nbsp;\u0161kole vlastn\u00e9 elektronick\u00e9 zariadenia.<\/li>\n<li>Neotv\u00e1rajme ta\u0161ky, pera\u010dn\u00edky svojich spolu\u017eiakov, nepo\u017ei\u010diavajme si ni\u010d bez s\u00fahlasu majite\u013ea. Nie je to na\u0161e, je to ich majetok.<\/li>\n<li>Za \u017eiadnych okolnost\u00ed sa nenech\u00e1vajme vyprovokova\u0165 k&nbsp;bitk\u00e1m, \u0161arv\u00e1tkam, posmechu.<\/li>\n<li>Dodr\u017eiavajme spolo\u010dne pravidl\u00e1, ktor\u00e9 s\u00fa uveden\u00e9 v&nbsp;\u0161kolskom poriadku.<\/li>\n<\/ol>\n<p>&nbsp;&nbsp;&nbsp;&nbsp;&nbsp;&nbsp;&nbsp;&nbsp;&nbsp;&nbsp;&nbsp;&nbsp;&nbsp;&nbsp;&nbsp;&nbsp;&nbsp;&nbsp;&nbsp;&nbsp;&nbsp;&nbsp;&nbsp;&nbsp;&nbsp;&nbsp;&nbsp;&nbsp;&nbsp;&nbsp;&nbsp;&nbsp;&nbsp;&nbsp;&nbsp;&nbsp;<\/p>\n<h3 style=\"text-align: center;\"><span style=\"color: #ff0000;\"><strong>\u0160 T A T \u00da T<\/strong><\/span><\/h3>\n<h3 style=\"text-align: center;\">&nbsp;<\/h3>\n<p style=\"text-align: center;\"><strong>\u0161kolsk\u00e9ho parlamentu pri Cirkevnej z\u00e1kladnej \u0161kole sv. J\u00e1na Bosca, Tom\u00e1\u0161a Garrigue Masaryka 953\/9, 984 01 Lu\u010denec<\/strong><\/p>\n<p><strong>&nbsp;<\/strong><\/p>\n<p><strong>&nbsp;<\/strong><\/p>\n<p><strong>Preambula<\/strong><\/p>\n<p>V zmysle z\u00e1kona NR SR \u010d. 488\/2021 Z. z., ktor\u00fdm sa men\u00ed a dop\u013a\u0148a z\u00e1kon \u010d. 369\/1990 Z. z. o obecnom zriaden\u00ed v znen\u00ed neskor\u0161\u00edch predpisov, a ktor\u00fdm sa menia a dop\u013a\u0148aj\u00fa niektor\u00e9 z\u00e1kony: 596\/2003 Z. z. o \u0161t\u00e1tnej spr\u00e1ve v \u0161kolstve a \u0161kolskej samospr\u00e1ve a doplnen\u00ed niektor\u00fdch z\u00e1konov v znen\u00ed neskor\u0161\u00edch predpisov a v s\u00falade s ustanoven\u00edm Vyhl\u00e1\u0161ky M\u0160VVa\u0160 SR \u010d. 230\/2009 Z. z., ktorou sa men\u00ed vyhl\u00e1\u0161ka \u010d. 291\/2004 Z. z., sa vyd\u00e1va tento \u0161tat\u00fat \u0161kolsk\u00e9ho parlamentu.<\/p>\n<p>&nbsp;<\/p>\n<p>\u010cl\u00e1nok I.<\/p>\n<p><strong>Z\u00e1kladn\u00e9 ustanovenie<\/strong><\/p>\n<ol>\n<li>Cirkevn\u00e1 z\u00e1kladn\u00e1 \u0161kola sv. J\u00e1na Bosca v Lu\u010denci<\/li>\n<li>Tom\u00e1\u0161a Garrigue Masaryka 953\/9, 984 01<\/li>\n<li>V zmysle novelizovan\u00e9ho z\u00e1kona 596\/2003 Z. z., \u00a7 39 hg s \u00fa\u010dinnos\u0165ou od 1. 1. 2022 sa dovtedy ustanoven\u00e1 \u017eiacka \u0161kolsk\u00e1 rada sa pova\u017euje za \u0161kolsk\u00fd parlament (\u010falej \u0160P).<\/li>\n<\/ol>\n<p>&nbsp;<\/p>\n<p>\u010cl\u00e1nok II.<\/p>\n<p><strong>P\u00f4sobnos\u0165 a poslanie \u0160P<\/strong><\/p>\n<ol>\n<li>\u0160P je iniciat\u00edvnym a poradn\u00fdm samospr\u00e1vnym org\u00e1nom, ktor\u00fd sa vyjadruje k&nbsp;ot\u00e1zkam v\u00fdchovy a&nbsp;vzdel\u00e1vania.<\/li>\n<li>\u0160P reprezentuje \u017eiakov a zastupuje ich z\u00e1ujmy.<\/li>\n<li>\u0160P spolupracuje pri organizovan\u00ed v\u00fdchovno-vzdel\u00e1vac\u00edch aktiv\u00edt \u0161koly.<\/li>\n<\/ol>\n<p>&nbsp;<\/p>\n<p>\u010cl\u00e1nok III.<\/p>\n<p><strong>\u010cinnos\u0165 \u0160P<\/strong><\/p>\n<ol>\n<li>\u0160P sa vyjadruje k z\u00e1va\u017en\u00fdm skuto\u010dnostiam, ktor\u00e9 sa vz\u0165ahuj\u00fa k pr\u00e1ci \u0161koly, vyjadruje sa k&nbsp;n\u00e1vrhom a opatreniam \u0161koly v oblasti v\u00fdchovy a vzdel\u00e1vania a pod\u00e1va n\u00e1vrhy na mimo\u0161kolsk\u00e9 \u010dinnosti a podujatia, ktor\u00e9 z\u00e1rove\u0148 organizuje, pr\u00edpadne koordinuje.<\/li>\n<li>\u0160P rie\u0161i probl\u00e9my a s\u0165a\u017enosti \u017eiakov s veden\u00edm \u0161koly. Zastupuje \u017eiakov vo vz\u0165ahu k&nbsp;riadite\u013eovi a&nbsp;k vedeniu \u0161koly, predklad\u00e1 im svoje stanovisk\u00e1 a n\u00e1vrhy, \u017eiakov zastupuje aj navonok.<\/li>\n<li>\u0160P prij\u00edma, konzultuje a iniciuje n\u00e1vrhy na zve\u013eadenie priestorov \u0161koly.<\/li>\n<li>\u0160P iniciuje \u0161kolsk\u00fa z\u00e1ujmov\u00fa \u010dinnos\u0165.<\/li>\n<li>\u0160P podie\u013ea sa na tvorbe a dodr\u017eiavan\u00ed \u0161kolsk\u00e9ho poriadku.<\/li>\n<li>\u0160P je schopn\u00fd uzn\u00e1\u0161a\u0165 sa, ak je na jeho zasadnut\u00ed pr\u00edtomn\u00e1 nadpolovi\u010dn\u00e1 v\u00e4\u010d\u0161ina v\u0161etk\u00fdch \u010dlenov. Na jeho platn\u00e9 uznesenie je potrebn\u00fd s\u00fahlas nadpolovi\u010dnej v\u00e4\u010d\u0161iny pr\u00edtomn\u00fdch \u010dlenov \u0160P.<\/li>\n<\/ol>\n<p>Na platn\u00e9 uznesenie vo veci vo\u013eby a odvolania z\u00e1stupcu \u017eiaka do rady \u0161koly je potrebn\u00fd s\u00fahlas nadpolovi\u010dnej v\u00e4\u010d\u0161iny v\u0161etk\u00fdch \u010dlenov \u0160P. Pri rovnosti hlasov rozhoduje hlas predsedu.<\/p>\n<ol start=\"7\">\n<li>\u0160kolsk\u00fd parlament m\u00f4\u017ee:<\/li>\n<\/ol>\n<p>&nbsp;&nbsp;&nbsp;&nbsp;&nbsp;&nbsp; &#8211; z\u00fa\u010dast\u0148ova\u0165 sa podujat\u00ed organizovan\u00fdch v&nbsp;spolupr\u00e1ci s mestom, so samospr\u00e1vnym krajom, so z\u00e1ujmov\u00fdmi&nbsp; organiz\u00e1ciami,<\/p>\n<p>&nbsp;&nbsp;&nbsp;&nbsp;&nbsp; &#8211; spolupracova\u0165 s&nbsp;ml\u00e1de\u017en\u00edckym parlamentom mesta, s radou seniorov, s in\u00fdmi \u0161kolsk\u00fdmi&nbsp;&nbsp;&nbsp;&nbsp; parlamentmi.<\/p>\n<p>&nbsp;<\/p>\n<p>\u010cl\u00e1nok IV.<\/p>\n<p><strong>Zlo\u017eenie \u0160P a sp\u00f4sob vo\u013eby \u010dlenov \u0160P<\/strong><\/p>\n<ol>\n<li>\u0160P m\u00e1 10 \u010dlenov u&nbsp;tried 5. a\u017e 9. ro\u010dn\u00edka, za ka\u017ed\u00fa z&nbsp;t\u00fdchto tried s\u00fa volen\u00ed dvaja z\u00e1stupcovia.<\/li>\n<li>\u010clenmi \u0160P s\u00fa zastupovan\u00ed v\u0161etci \u017eiaci \u0161koly.<\/li>\n<li>Vo\u013eby do \u0160P organizuje \u0160P v&nbsp;spolupr\u00e1ci s&nbsp;koordin\u00e1torom \u0160P. Vo\u013eby musia prebehn\u00fa\u0165 tajn\u00fdm hlasovan\u00edm. O&nbsp;vo\u013eb\u00e1ch vyhotov\u00ed volebn\u00e1 komisia z\u00e1pisnicu, ktor\u00fa predlo\u017e\u00ed riadite\u013eovi \u0161koly a rade \u0161koly.<\/li>\n<li>O \u010dlenstvo v&nbsp;\u0160P sa m\u00f4\u017ee uch\u00e1dza\u0165 ktor\u00fdko\u013evek \u017eiak \u0161koly.<\/li>\n<li>\u010clenmi \u0160P sa stan\u00fa \u017eiaci, ktor\u00ed vo vo\u013eb\u00e1ch z\u00edskaj\u00fa najvy\u0161\u0161\u00ed po\u010det hlasov.<\/li>\n<li>Ak viacer\u00ed kandid\u00e1ti z\u00edskaj\u00fa rovnak\u00fd po\u010det hlasov a z toho d\u00f4vodu zostane mand\u00e1t neobsaden\u00fd, prebehne 2. kolo volieb, v ktorom m\u00f4\u017eu kandidova\u0165 len t\u00edto dotknut\u00ed kandid\u00e1ti. \u010clenom \u0161kolsk\u00e9ho parlamentu sa stane ten kandid\u00e1t, ktor\u00fd vo vo\u013eb\u00e1ch z\u00edskal najvy\u0161\u0161\u00ed po\u010det hlasov.<\/li>\n<li>Predsedu \u0161kolsk\u00e9ho parlamentu si spomedzi seba zvolia \u010dlenovia parlamentu na prvom zasadan\u00ed tajn\u00fdm hlasovan\u00edm. Na zvolenie predsedu \u0161kolsk\u00e9ho parlamentu&nbsp; je potrebn\u00e1 nadpolovi\u010dn\u00e1 v\u00e4\u010d\u0161ina hlasov v\u0161etk\u00fdch \u010dlenov \u0161kolsk\u00e9ho parlamentu.<\/li>\n<li>Z ka\u017edej vo\u013eby sa rob\u00ed z\u00e1pisnica, ktor\u00e1 mus\u00ed by\u0165 predlo\u017een\u00e1 vedeniu \u0161koly.<\/li>\n<li>Funk\u010dn\u00e9 obdobie \u010dlenov \u0160P kon\u010d\u00ed ustanoven\u00edm novozvolen\u00e9ho \u0160P. Funk\u010dn\u00e9 obdobie nesmie by\u0165 dlh\u0161ie ako 18 mesiacov.<\/li>\n<\/ol>\n<p>&nbsp;<\/p>\n<p>\u010cl\u00e1nok V.<\/p>\n<p><strong>Pr\u00e1va a povinnosti \u010dlena \u0160P<\/strong><\/p>\n<ol>\n<li>\u010clen m\u00e1 pr\u00e1vo:<\/li>\n<li>voli\u0165 a by\u0165 volen\u00fd<\/li>\n<li>navrhova\u0165 kandid\u00e1tov na funkciu predsedu \u0160P,<\/li>\n<li>by\u0165 informovan\u00fd o v\u0161etk\u00fdch skuto\u010dnostiach, ktor\u00e9 s\u00fa predmetom rokovania \u0160P a&nbsp;slobodne sa k nim vyjadrova\u0165<\/li>\n<li>hlasova\u0165 ku v\u0161etk\u00fdm uzneseniam \u0160P<\/li>\n<li>predklada\u0165 vlastn\u00e9 n\u00e1vrhy, n\u00e1mety, pr\u00edpadne materi\u00e1ly na rokovanie \u0160P<\/li>\n<li>\u010clen je povinn\u00fd:<\/li>\n<li>z\u00fa\u010dast\u0148ova\u0165 sa zasadnut\u00ed \u0160P. Neospravedlnen\u00e1 ne\u00fa\u010das\u0165 na troch po sebe nasleduj\u00facich zasadnutiach sa hodnot\u00ed ako nez\u00e1ujem o v\u00fdkon funkcie a neplnenie povinnost\u00ed \u010dlena \u0160P pod\u013ea tohto \u0161tat\u00fatu a&nbsp;m\u00e1 za n\u00e1sledok automatick\u00e9 vyl\u00fa\u010denie z funkcie.<\/li>\n<li>zabezpe\u010di\u0165 ochranu osobn\u00fdch \u00fadajov chr\u00e1nen\u00fdch v\u0161eobecne z\u00e1v\u00e4zn\u00fdmi pr\u00e1vnymi predpismi.<\/li>\n<\/ol>\n<p>&nbsp;<\/p>\n<p>\u010cl\u00e1nok VI.<\/p>\n<p><strong>Povinnosti predsedu \u0160P<\/strong><\/p>\n<ol>\n<li>Predseda \u0160P je \u0161tatut\u00e1rnym org\u00e1nom, ktor\u00fd zastupuje \u0160P, reprezentuje ho , riadi \u010dinnos\u0165 \u0160P a kon\u00e1 v jeho mene v&nbsp;spolupr\u00e1ci s&nbsp;koordin\u00e1torom \u0160P.<\/li>\n<li>Predseda \u0160P zvol\u00e1va, pripravuje a riadi zasadnutia \u0160P v&nbsp;spolupr\u00e1ci s&nbsp;koordin\u00e1torom \u0160P.<\/li>\n<li>Predseda \u0160P je povinn\u00fd informova\u0165 vedenie \u0161koly o pripravovan\u00fdch podujatiach.<\/li>\n<\/ol>\n<p>&nbsp;<\/p>\n<p>\u010cl\u00e1nok VII.<\/p>\n<p><strong>Povinnosti podpredsedu \u0160P <\/strong><\/p>\n<ol>\n<li>Podpredseda \u0160P zastupuje predsedu \u0160P a napom\u00e1ha jeho \u010dinnosti v pr\u00edpade potreby.<\/li>\n<li>Pri uzn\u00e1\u0161an\u00ed m\u00e1 podpredseda \u0160P jeden platn\u00fd hlas tak, ako aj ka\u017ed\u00fd in\u00fd \u010dlen \u0160P.<\/li>\n<\/ol>\n<p>&nbsp;<\/p>\n<p>\u010cl\u00e1nok VIII.<\/p>\n<p><strong>Finan\u010dn\u00e9 zabezpe\u010denie \u0160P<\/strong><\/p>\n<ol>\n<li>\u0160P zabezpe\u010duje svoju \u010dinnos\u0165 z&nbsp;prostriedkov rozpo\u010dtu \u0161koly na tento \u00fa\u010del ur\u010den\u00fdmi v&nbsp;s\u00falade s&nbsp;osobitn\u00fdmi predpismi po dohode s riadite\u013eom \u0161koly.<\/li>\n<\/ol>\n<p>&nbsp;<\/p>\n<p>&nbsp;<\/p>\n<p>\u010cl\u00e1nok IX.<\/p>\n<p><strong>Zasadnutia \u0161kolsk\u00e9ho parlamentu<\/strong><\/p>\n<ol>\n<li>\u0160P zasad\u00e1 aspo\u0148 raz za mesiac, v\u017edy vo vopred ur\u010den\u00fd de\u0148.<\/li>\n<li>Z ka\u017ed\u00e9ho zasadnutia sa vyhotov\u00ed z\u00e1pisnica a spolu s prezen\u010dnou listinou sa archivuj\u00fa.<\/li>\n<li>Na zasadnut\u00ed \u0161kolsk\u00e9ho parlamentu sa z\u00fa\u010dast\u0148uje aj pedagogick\u00fd zamestnanec ur\u010den\u00fd riadite\u013eom \u0161koly (koordin\u00e1tor), ktor\u00fd nem\u00e1 hlasovacie pr\u00e1vo. Jeho \u00falohou je dohliada\u0165 na riadny priebeh zasadnut\u00ed a dodr\u017eiavanie \u0161tat\u00fatu \u0160P a&nbsp;spolu s&nbsp;predsedom \u0160P informova\u0165 ved\u00facich zamestnancov \u0161koly o&nbsp;z\u00e1veroch zasadnut\u00ed \u0160P.<\/li>\n<li>Zasadnutia \u0160P s\u00fa verejn\u00e9, m\u00f4\u017ee sa ich z\u00fa\u010dastni\u0165 ktor\u00fdko\u013evek \u017eiak, pedag\u00f3g \u010di vedenie \u0161koly.<\/li>\n<\/ol>\n<p>&nbsp;<\/p>\n<p>\u010cl\u00e1nok X.<\/p>\n<p>Tento \u0161tat\u00fat bol prerokovan\u00fd a schv\u00e1len\u00fd na zasadnut\u00ed \u0160P d\u0148a 14.04.2023 a od tohto d\u0148a nadob\u00fada \u00fa\u010dinnos\u0165.<\/p>\n<p>&nbsp;<\/p>\n<p>&nbsp;<\/p>\n<p>V Lu\u010denci &nbsp;d\u0148a 14.04.2023&nbsp;&nbsp;&nbsp;&nbsp;&nbsp;&nbsp;&nbsp;&nbsp;&nbsp;&nbsp;&nbsp;&nbsp;&nbsp;&nbsp;&nbsp;&nbsp;&nbsp;&nbsp;&nbsp;&nbsp;&nbsp;&nbsp;&nbsp;&nbsp;&nbsp;&nbsp;&nbsp;&nbsp;&nbsp;&nbsp;&nbsp;&nbsp; &nbsp;&nbsp;&nbsp;&nbsp;&nbsp;&nbsp;&nbsp;&nbsp;&nbsp;&nbsp;&nbsp;&nbsp;&nbsp;&nbsp;&nbsp;&nbsp;&nbsp;&nbsp;&nbsp;&nbsp;&nbsp;&nbsp;&nbsp;&nbsp;&nbsp;&nbsp;&nbsp;&nbsp;&nbsp;&nbsp;&nbsp;&nbsp;&nbsp;&nbsp;&nbsp;&nbsp;&nbsp;&nbsp;&nbsp;&nbsp;&nbsp;&nbsp;&nbsp;&nbsp; &nbsp;&nbsp;&nbsp;&nbsp;&nbsp;&nbsp;&nbsp;&nbsp;&nbsp;&nbsp;&nbsp;<\/p>\n<p>&nbsp;&nbsp;&nbsp;&nbsp;&nbsp;&nbsp;&nbsp;&nbsp;&nbsp;&nbsp;&nbsp;&nbsp;&nbsp;&nbsp;&nbsp;&nbsp;&nbsp;&nbsp;&nbsp;&nbsp;&nbsp;&nbsp;&nbsp;&nbsp;&nbsp;&nbsp;&nbsp;&nbsp;&nbsp;&nbsp;&nbsp;&nbsp;&nbsp;&nbsp;&nbsp;&nbsp;&nbsp;&nbsp;&nbsp;&nbsp;&nbsp;&nbsp;&nbsp;&nbsp;&nbsp;&nbsp;&nbsp;&nbsp;&nbsp;&nbsp;&nbsp;&nbsp;&nbsp;&nbsp;&nbsp;&nbsp;&nbsp;&nbsp;&nbsp;&nbsp;&nbsp;&nbsp;&nbsp;&nbsp;&nbsp;&nbsp;&nbsp;&nbsp;&nbsp;&nbsp;&nbsp;&nbsp;&nbsp;&nbsp;&nbsp;&nbsp;&nbsp;&nbsp;&nbsp;&nbsp;&nbsp;&nbsp; podpis predseda\/predsedn\u00ed\u010dka \u0160P<\/p>\n<p>&nbsp;<\/p>\n<p>&nbsp;<\/p>\n<p>Predlo\u017een\u00e9 vedeniu \u0161koly:<\/p>\n<p>&nbsp;<\/p>\n<p>V Lu\u010denci d\u0148a 14.04.2023<\/p>\n<p>&nbsp;&nbsp;&nbsp;&nbsp;&nbsp;&nbsp;&nbsp;&nbsp;&nbsp;&nbsp;&nbsp; Podpis riadite\u013e \u0161koly<\/p>\n<p>&nbsp;<\/p>\n<p>&nbsp;<\/p>\n<p>Predlo\u017een\u00e9 z\u00e1stupcovi rady \u0161koly:<\/p>\n<p>&nbsp;<\/p>\n<p>V&nbsp;Lu\u010denci d\u0148a 14.04.2023<\/p>\n<p>&nbsp;&nbsp;&nbsp;&nbsp;&nbsp;&nbsp;&nbsp;&nbsp;&nbsp;&nbsp;&nbsp; Podpis z\u00e1stupcu rady \u0161koly<\/p>\n","protected":false},"excerpt":{"rendered":"<p>\u010clenovia \u0161kolsk\u00e9ho parlamentu v \u0161kolskom roku 2023\/2024 &nbsp; V.ADamian Mih\u00e1lik Martin Ba\u010da VI.ASamuel Bystriansky&nbsp;Daniela Ko\u010di\u0161ov\u00e1 VII.AFilip BrandPeter \u0160tecz&nbsp; VIII.AErik SusztaySimona Giba\u013eov\u00e1 IX.ANina Melicherov\u00e1Kristi\u00e1n Tan\u00f3czky&nbsp; &nbsp; Etick\u00fd k\u00f3dex \u017eiakov CZ\u0160 sv. J\u00e1na Bosca v&nbsp;Lu\u010denciPrijat\u00fd na zasadnut\u00ed \u0161kolskej \u017eiackej rady d\u0148a&nbsp; 11. 9. 2019Je s\u00fa\u010das\u0165ou \u0160kolsk\u00e9ho poriadku CZ\u0160 sv. J\u00e1na Bosca v&nbsp;Lu\u010denci &hellip;<\/p>\n","protected":false},"author":1,"featured_media":0,"parent":0,"menu_order":0,"comment_status":"closed","ping_status":"closed","template":"","meta":{"ngg_post_thumbnail":0,"footnotes":""},"class_list":["post-24982","page","type-page","status-publish","hentry"],"aioseo_notices":[],"_links":{"self":[{"href":"https:\/\/www.czslc.sk\/index.php?rest_route=\/wp\/v2\/pages\/24982","targetHints":{"allow":["GET"]}}],"collection":[{"href":"https:\/\/www.czslc.sk\/index.php?rest_route=\/wp\/v2\/pages"}],"about":[{"href":"https:\/\/www.czslc.sk\/index.php?rest_route=\/wp\/v2\/types\/page"}],"author":[{"embeddable":true,"href":"https:\/\/www.czslc.sk\/index.php?rest_route=\/wp\/v2\/users\/1"}],"replies":[{"embeddable":true,"href":"https:\/\/www.czslc.sk\/index.php?rest_route=%2Fwp%2Fv2%2Fcomments&post=24982"}],"version-history":[{"count":10,"href":"https:\/\/www.czslc.sk\/index.php?rest_route=\/wp\/v2\/pages\/24982\/revisions"}],"predecessor-version":[{"id":30692,"href":"https:\/\/www.czslc.sk\/index.php?rest_route=\/wp\/v2\/pages\/24982\/revisions\/30692"}],"wp:attachment":[{"href":"https:\/\/www.czslc.sk\/index.php?rest_route=%2Fwp%2Fv2%2Fmedia&parent=24982"}],"curies":[{"name":"wp","href":"https:\/\/api.w.org\/{rel}","templated":true}]}}