{"id":24808,"date":"2019-10-27T10:31:43","date_gmt":"2019-10-27T08:31:43","guid":{"rendered":"https:\/\/www.czslc.sk\/?page_id=24808"},"modified":"2019-12-06T16:06:37","modified_gmt":"2019-12-06T14:06:37","slug":"faktury-oktober-2019","status":"publish","type":"page","link":"https:\/\/www.czslc.sk\/?page_id=24808","title":{"rendered":"Fakt\u00fary okt\u00f3ber 2019"},"content":{"rendered":"\n<table width=\"741\">\n<tbody>\n<tr>\n<td width=\"242\">Firma&nbsp;<\/td>\n<td width=\"242\">FA \u010d\u00edslo<\/td>\n<td width=\"132\">Suma v \u20ac<\/td>\n<td width=\"125\">D\u00e1tum<\/td>\n<\/tr>\n<tr>\n<td>Krp\u010diar Pavel, Lu\u010denec<\/td>\n<td>1\/9\/2019 PS<\/td>\n<td>60,00 \u20ac<\/td>\n<td>1.10.2019<\/td>\n<\/tr>\n<tr>\n<td>Osobn\u00fd \u00fadja.sk, s.r.o.<\/td>\n<td>1019101121<\/td>\n<td>36,00 \u20ac<\/td>\n<td>2.10.2019<\/td>\n<\/tr>\n<tr>\n<td>Valman, s.r.o., B. B.&nbsp;<\/td>\n<td>99191277<\/td>\n<td>20,89 \u20ac<\/td>\n<td>2.10.2019<\/td>\n<\/tr>\n<tr>\n<td>Forex &#8211; SK, s.r.o.<\/td>\n<td>2019220721<\/td>\n<td>59,33 \u20ac<\/td>\n<td>2.10.2019<\/td>\n<\/tr>\n<tr>\n<td>ESV plus, s.r.o., Lu\u010denec<\/td>\n<td>276\/2019<\/td>\n<td>127,75 \u20ac<\/td>\n<td>2.10.2019<\/td>\n<\/tr>\n<tr>\n<td>Karol Uhl &#8211; UL Servis<\/td>\n<td>163\/2019<\/td>\n<td>112,46 \u20ac<\/td>\n<td>4.10.2019<\/td>\n<\/tr>\n<tr>\n<td>Slovensk\u00e1 po\u0161ta, a.s., B. B.&nbsp;<\/td>\n<td>9001255314<\/td>\n<td>12,59 \u20ac<\/td>\n<td>4.10.2019<\/td>\n<\/tr>\n<tr>\n<td>Pavol Pocklan, Lu\u010denec<\/td>\n<td>190064<\/td>\n<td>265,60 \u20ac<\/td>\n<td>4.10.2019<\/td>\n<\/tr>\n<tr>\n<td>Slovak Telekom, s.r.o.,&nbsp;<\/td>\n<td>824834918<\/td>\n<td>43,24 \u20ac<\/td>\n<td>7.10.2019<\/td>\n<\/tr>\n<tr>\n<td>Innogy, s.r.o.<\/td>\n<td>4427587898<\/td>\n<td>560,00 \u20ac<\/td>\n<td>7.10.2019<\/td>\n<\/tr>\n<tr>\n<td>PEMAS PLUS, s.r.o., Lu\u017eianky<\/td>\n<td>20190511<\/td>\n<td>119,96 \u20ac<\/td>\n<td>10.10.2019<\/td>\n<\/tr>\n<tr>\n<td>Ecol trade, s.r.o., Nitra<\/td>\n<td>2019240<\/td>\n<td>17,28 \u20ac<\/td>\n<td>10.10.2019<\/td>\n<\/tr>\n<tr>\n<td>Merdok, s.r.o.<\/td>\n<td>492019<\/td>\n<td>672,00 \u20ac<\/td>\n<td>11.10.2019<\/td>\n<\/tr>\n<tr>\n<td>VSE, a.s., Ko\u0161ice<\/td>\n<td>7293812840<\/td>\n<td>277,33 \u20ac<\/td>\n<td>14.10.2019<\/td>\n<\/tr>\n<tr>\n<td>Lia affari, s.r.o.<\/td>\n<td>190102720<\/td>\n<td>21,91 \u20ac<\/td>\n<td>16.10.2019<\/td>\n<\/tr>\n<tr>\n<td>\u017dofia Lackov\u00e1, Lu\u010denec<\/td>\n<td>362019<\/td>\n<td>150,00 \u20ac<\/td>\n<td>18.10.2019<\/td>\n<\/tr>\n<tr>\n<td>\u017dofia Lackov\u00e1, Lu\u010denec<\/td>\n<td>372019<\/td>\n<td>108,00 \u20ac<\/td>\n<td>18.10.2019<\/td>\n<\/tr>\n<tr>\n<td>Ives Ko\u0161ice<\/td>\n<td>5590031770<\/td>\n<td>71,70 \u20ac<\/td>\n<td>21.10.2019<\/td>\n<\/tr>\n<tr>\n<td>Gastrolux, s.r.o., \u017dilina<\/td>\n<td>10193183<\/td>\n<td>83,52 \u20ac<\/td>\n<td>22.10.2019<\/td>\n<\/tr>\n<tr>\n<td>Wolters kluwer SR, s.r.o.<\/td>\n<td>1002043029<\/td>\n<td>152,00 \u20ac<\/td>\n<td>25.10.2019<\/td>\n<\/tr>\n<tr>\n<td>Krp\u010diar Pavel, Lu\u010denec<\/td>\n<td>1\/10\/2019\/PS<\/td>\n<td>60,00 \u20ac<\/td>\n<td>28.10.2019<\/td>\n<\/tr>\n<tr>\n<td>SZ\u0160 s M\u0160 DSA, Lu\u010denec<\/td>\n<td>RN\u017d 1\/10\/2019<\/td>\n<td>452,00 \u20ac<\/td>\n<td>28.10.2019<\/td>\n<\/tr>\n<tr>\n<td>SZ\u0160 s M\u0160 DSA, Lu\u010denec<\/td>\n<td>2\/10\/2019<\/td>\n<td>261,66 \u20ac<\/td>\n<td>28.10.2019<\/td>\n<\/tr>\n<tr>\n<td>SZ\u0160 s M\u0160 DSA, Lu\u010denec<\/td>\n<td>1\/10\/2019<\/td>\n<td>3 160,73 \u20ac<\/td>\n<td>28.10.2019<\/td>\n<\/tr>\n<\/tbody>\n<\/table>\n","protected":false},"excerpt":{"rendered":"<p>Firma&nbsp; FA \u010d\u00edslo Suma v \u20ac D\u00e1tum Krp\u010diar Pavel, Lu\u010denec 1\/9\/2019 PS 60,00 \u20ac 1.10.2019 Osobn\u00fd \u00fadja.sk, s.r.o. 1019101121 36,00 \u20ac 2.10.2019 Valman, s.r.o., B. B.&nbsp; 99191277 20,89 \u20ac 2.10.2019 Forex &#8211; SK, s.r.o. 2019220721 59,33 \u20ac 2.10.2019 ESV plus, s.r.o., Lu\u010denec 276\/2019 127,75 \u20ac 2.10.2019 Karol Uhl &#8211; UL &hellip;<\/p>\n","protected":false},"author":1,"featured_media":0,"parent":0,"menu_order":0,"comment_status":"closed","ping_status":"closed","template":"","meta":{"ngg_post_thumbnail":0,"footnotes":""},"class_list":["post-24808","page","type-page","status-publish","hentry"],"aioseo_notices":[],"_links":{"self":[{"href":"https:\/\/www.czslc.sk\/index.php?rest_route=\/wp\/v2\/pages\/24808","targetHints":{"allow":["GET"]}}],"collection":[{"href":"https:\/\/www.czslc.sk\/index.php?rest_route=\/wp\/v2\/pages"}],"about":[{"href":"https:\/\/www.czslc.sk\/index.php?rest_route=\/wp\/v2\/types\/page"}],"author":[{"embeddable":true,"href":"https:\/\/www.czslc.sk\/index.php?rest_route=\/wp\/v2\/users\/1"}],"replies":[{"embeddable":true,"href":"https:\/\/www.czslc.sk\/index.php?rest_route=%2Fwp%2Fv2%2Fcomments&post=24808"}],"version-history":[{"count":3,"href":"https:\/\/www.czslc.sk\/index.php?rest_route=\/wp\/v2\/pages\/24808\/revisions"}],"predecessor-version":[{"id":25319,"href":"https:\/\/www.czslc.sk\/index.php?rest_route=\/wp\/v2\/pages\/24808\/revisions\/25319"}],"wp:attachment":[{"href":"https:\/\/www.czslc.sk\/index.php?rest_route=%2Fwp%2Fv2%2Fmedia&parent=24808"}],"curies":[{"name":"wp","href":"https:\/\/api.w.org\/{rel}","templated":true}]}}