{"id":24363,"date":"2019-09-09T20:33:36","date_gmt":"2019-09-09T18:33:36","guid":{"rendered":"http:\/\/www.czslc.sk\/?page_id=24363"},"modified":"2019-09-09T20:33:37","modified_gmt":"2019-09-09T18:33:37","slug":"faktury-maj-2019","status":"publish","type":"page","link":"https:\/\/www.czslc.sk\/?page_id=24363","title":{"rendered":"Fakt\u00fary m\u00e1j 2019"},"content":{"rendered":"\n<table class=\"wp-block-table is-style-stripes\"><tbody><tr><td>Osobn\u00fd\n  \u00fadaj, s.r.o.<\/td><td>1019051112<\/td><td>36<\/td><td>2.5.2019<\/td><\/tr><tr><td>Gastrolux,\n  s.r.o.<\/td><td>10191204<\/td><td>45,36<\/td><td>3.5.2019<\/td><\/tr><tr><td>\u017dofia\n  Lackov\u00e1<\/td><td>142019<\/td><td>150<\/td><td>6.5.2019<\/td><\/tr><tr><td>\u017dofia\n  Lackov\u00e1<\/td><td>132019<\/td><td>108<\/td><td>6.5.2019<\/td><\/tr><tr><td>Slovak\n  Telekom, a.s.<\/td><td>8232193799<\/td><td>43,4<\/td><td>6.5.2019<\/td><\/tr><tr><td>Innogy\n  Slovensko, s.r.o.<\/td><td>3010062266<\/td><td>560<\/td><td>6.5.2019<\/td><\/tr><tr><td>\u017dofia\n  Lackov\u00e1<\/td><td>152019<\/td><td>300<\/td><td>15.5.2019<\/td><\/tr><tr><td>SPOOL,\n  a.s., Lu\u010denec<\/td><td>920190265<\/td><td>19<\/td><td>16.5.2019<\/td><\/tr><tr><td>VSE,\n  a.s.<\/td><td>7293026923<\/td><td>277,81<\/td><td>17.5.2019<\/td><\/tr><tr><td>Wachumba\n  ck, s.r.o.<\/td><td><\/td><td>2100<\/td><td>24.5.2019<\/td><\/tr><tr><td>Majster\n  Kutil<\/td><td>1800517<\/td><td>1332,2<\/td><td>27.5.2019<\/td><\/tr><tr><td>Krp\u010diar\n  Pavel, Lu\u010denec<\/td><td>1\/5\/2019 PS<\/td><td>80<\/td><td>28.5.2019<\/td><\/tr><tr><td>SZ\u0160\n  s&nbsp;M\u0160 DSA, Lu\u010denec<\/td><td>1.5.2019<\/td><td>2.642,21<\/td><td>28.5.2019<\/td><\/tr><tr><td>SZ\u0160\n  s&nbsp;M\u0160 DSA, Lu\u010denec<\/td><td>2.5.2019<\/td><td>270,56<\/td><td>28.5.2019<\/td><\/tr><tr><td>PZS\n  Lu\u010denec, s.r.o.<\/td><td>15\/2019<\/td><td>100<\/td><td>29.5.2019<\/td><\/tr><tr><td>Orange\n  Slovensko, a.s.<\/td><td>102321551<\/td><td>57,99<\/td><td>29.5.2019<\/td><\/tr><\/tbody><\/table>\n","protected":false},"excerpt":{"rendered":"<p>Osobn\u00fd \u00fadaj, s.r.o. 1019051112 36 2.5.2019 Gastrolux, s.r.o. 10191204 45,36 3.5.2019 \u017dofia Lackov\u00e1 142019 150 6.5.2019 \u017dofia Lackov\u00e1 132019 108 6.5.2019 Slovak Telekom, a.s. 8232193799 43,4 6.5.2019 Innogy Slovensko, s.r.o. 3010062266 560 6.5.2019 \u017dofia Lackov\u00e1 152019 300 15.5.2019 SPOOL, a.s., Lu\u010denec 920190265 19 16.5.2019 VSE, a.s. 7293026923 277,81 17.5.2019 Wachumba &hellip;<\/p>\n","protected":false},"author":1,"featured_media":0,"parent":0,"menu_order":0,"comment_status":"closed","ping_status":"closed","template":"","meta":{"ngg_post_thumbnail":0,"footnotes":""},"class_list":["post-24363","page","type-page","status-publish","hentry"],"aioseo_notices":[],"_links":{"self":[{"href":"https:\/\/www.czslc.sk\/index.php?rest_route=\/wp\/v2\/pages\/24363","targetHints":{"allow":["GET"]}}],"collection":[{"href":"https:\/\/www.czslc.sk\/index.php?rest_route=\/wp\/v2\/pages"}],"about":[{"href":"https:\/\/www.czslc.sk\/index.php?rest_route=\/wp\/v2\/types\/page"}],"author":[{"embeddable":true,"href":"https:\/\/www.czslc.sk\/index.php?rest_route=\/wp\/v2\/users\/1"}],"replies":[{"embeddable":true,"href":"https:\/\/www.czslc.sk\/index.php?rest_route=%2Fwp%2Fv2%2Fcomments&post=24363"}],"version-history":[{"count":1,"href":"https:\/\/www.czslc.sk\/index.php?rest_route=\/wp\/v2\/pages\/24363\/revisions"}],"predecessor-version":[{"id":24364,"href":"https:\/\/www.czslc.sk\/index.php?rest_route=\/wp\/v2\/pages\/24363\/revisions\/24364"}],"wp:attachment":[{"href":"https:\/\/www.czslc.sk\/index.php?rest_route=%2Fwp%2Fv2%2Fmedia&parent=24363"}],"curies":[{"name":"wp","href":"https:\/\/api.w.org\/{rel}","templated":true}]}}