{"id":23,"date":"2012-09-30T16:48:31","date_gmt":"2012-09-30T14:48:31","guid":{"rendered":"http:\/\/www.czssvjanabosca.sk\/?page_id=23"},"modified":"2017-11-08T15:39:32","modified_gmt":"2017-11-08T13:39:32","slug":"historia-skoly","status":"publish","type":"page","link":"https:\/\/www.czslc.sk\/?page_id=23","title":{"rendered":"O na\u0161ej \u0161kole"},"content":{"rendered":"<p><span style=\"font-size: 18pt;\"><strong>Profil\u00e1cia \u0161koly<\/strong><\/span><\/p>\n<p>&nbsp;<\/p>\n<p><strong>\u0160kola m\u00e1 svoje \u0161pecifik\u00e1 a&nbsp;kladie d\u00f4raz na niektor\u00e9 oblasti v\u00fdchovy a&nbsp;vzdel\u00e1vania, ktor\u00e9 s\u00fa odli\u0161n\u00e9 od ostatn\u00fdch \u0161k\u00f4l: <\/strong><\/p>\n<p>Podporova\u0165 a prehlbova\u0165 prirodzen\u00fd z\u00e1ujem \u017eiakov o objavovanie nov\u00fdch poznatkov a nezn\u00e1mych z\u00e1konitost\u00ed, motivova\u0165 ich primeran\u00fdmi postupmi a formami k s\u00fastavnej potrebe vzdel\u00e1va\u0165 sa v duchu kres\u0165ansk\u00fdch hodn\u00f4t. Nau\u010di\u0165 \u017eiakov objekt\u00edvne hodnoti\u0165 in\u00fdch aj seba, vies\u0165 ich k zodpovednosti za svoje konanie, pr\u00e1cu a zdravie. Pozit\u00edvnou motiv\u00e1ciou posilni\u0165 snahu \u017eiakov prekona\u0165 a odstra\u0148ova\u0165 nedostatky vo svojom vzdel\u00e1van\u00ed a vedomostiach. Zos\u00faladi\u0165 po\u017eiadavky \u0161koly a rodiny kladen\u00e9 na \u017eiakov vz\u00e1jomnou a otvorenou informovanos\u0165ou. Ma\u0165 na zreteli formovanie osobnosti \u017eiaka.<\/p>\n<p>&nbsp;<\/p>\n<p><strong>\u010eal\u0161ie ciele \u0161koly: <\/strong><\/p>\n<ul>\n<li>v\u00fdu\u010dba anglick\u00e9ho jazyka od 1. ro\u010dn\u00edka;<\/li>\n<li>v\u00fdu\u010dba 2. cudzieho jazyka \u2013 nemeck\u00fd jazyk;<\/li>\n<li>IT zru\u010dnosti \u017eiakov od 2. ro\u010dn\u00edka;<\/li>\n<li>podpora nadan\u00fdch a v\u00fdborn\u00fdch \u017eiakov;<\/li>\n<li>podpora \u017eiakov so \u0161peci\u00e1lnymi v\u00fdchovno &#8211; vzdel\u00e1vac\u00edm potrebami;<\/li>\n<li>maxim\u00e1lny rozvoj \u017eiackeho potenci\u00e1lu;<\/li>\n<li>zap\u00e1jan\u00ed sa do projektov (Renovabis, CBA, Zelen\u00e1 \u0161kola &nbsp;a in\u00e9).<\/li>\n<\/ul>\n<p>&nbsp;<\/p>\n<h1><span style=\"font-size: 18pt;\"><strong><span style=\"text-decoration: underline;\">&nbsp;HIST\u00d3RIA<\/span><\/strong><\/span><\/h1>\n<p><span style=\"font-size: 12pt;\">Budova \u0161koly bola postaven\u00e1 ako \u00fa\u010delov\u00e1 stavba pre v\u00fdchovu a vzdel\u00e1vanie mladej gener\u00e1cie koncom 18. storo\u010dia. Po zo\u0161t\u00e1tnen\u00ed plnila funkciu z\u00e1kladnej \u0161koly a 1.9.2003 bola vr\u00e1ten\u00e1 R\u00edmskokatol\u00edckej cirkvi a vznikla&nbsp;<strong>Cirkevn\u00e1 z\u00e1kladn\u00e1 \u0161kola sv. J\u00e1na Bosca<\/strong>.<\/span><br \/>\n<span style=\"font-size: 12pt;\"> 1. 9. 2004 bola v priestoroch \u0161koly otvoren\u00e1 aj Cirkevn\u00e1 z\u00e1kladn\u00e1 umeleck\u00e1 \u0161kola. Aby mohla \u0161kola naplno plni\u0165 svoje poslanie, prebehli opravy jej priestorov.<\/span><\/p>\n","protected":false},"excerpt":{"rendered":"<p>Profil\u00e1cia \u0161koly &nbsp; \u0160kola m\u00e1 svoje \u0161pecifik\u00e1 a&nbsp;kladie d\u00f4raz na niektor\u00e9 oblasti v\u00fdchovy a&nbsp;vzdel\u00e1vania, ktor\u00e9 s\u00fa odli\u0161n\u00e9 od ostatn\u00fdch \u0161k\u00f4l: Podporova\u0165 a prehlbova\u0165 prirodzen\u00fd z\u00e1ujem \u017eiakov o objavovanie nov\u00fdch poznatkov a nezn\u00e1mych z\u00e1konitost\u00ed, motivova\u0165 ich primeran\u00fdmi postupmi a formami k s\u00fastavnej potrebe vzdel\u00e1va\u0165 sa v duchu kres\u0165ansk\u00fdch hodn\u00f4t. Nau\u010di\u0165 \u017eiakov &hellip;<\/p>\n","protected":false},"author":1,"featured_media":0,"parent":0,"menu_order":0,"comment_status":"closed","ping_status":"closed","template":"","meta":{"ngg_post_thumbnail":0,"footnotes":""},"class_list":["post-23","page","type-page","status-publish","hentry"],"aioseo_notices":[],"_links":{"self":[{"href":"https:\/\/www.czslc.sk\/index.php?rest_route=\/wp\/v2\/pages\/23","targetHints":{"allow":["GET"]}}],"collection":[{"href":"https:\/\/www.czslc.sk\/index.php?rest_route=\/wp\/v2\/pages"}],"about":[{"href":"https:\/\/www.czslc.sk\/index.php?rest_route=\/wp\/v2\/types\/page"}],"author":[{"embeddable":true,"href":"https:\/\/www.czslc.sk\/index.php?rest_route=\/wp\/v2\/users\/1"}],"replies":[{"embeddable":true,"href":"https:\/\/www.czslc.sk\/index.php?rest_route=%2Fwp%2Fv2%2Fcomments&post=23"}],"version-history":[{"count":13,"href":"https:\/\/www.czslc.sk\/index.php?rest_route=\/wp\/v2\/pages\/23\/revisions"}],"predecessor-version":[{"id":14078,"href":"https:\/\/www.czslc.sk\/index.php?rest_route=\/wp\/v2\/pages\/23\/revisions\/14078"}],"wp:attachment":[{"href":"https:\/\/www.czslc.sk\/index.php?rest_route=%2Fwp%2Fv2%2Fmedia&parent=23"}],"curies":[{"name":"wp","href":"https:\/\/api.w.org\/{rel}","templated":true}]}}