{"id":22092,"date":"2019-01-10T09:31:41","date_gmt":"2019-01-10T07:31:41","guid":{"rendered":"http:\/\/www.czslc.sk\/?page_id=22092"},"modified":"2019-01-10T10:39:01","modified_gmt":"2019-01-10T08:39:01","slug":"faktury-november-2018","status":"publish","type":"page","link":"https:\/\/www.czslc.sk\/?page_id=22092","title":{"rendered":"Fakt\u00fary november 2018"},"content":{"rendered":"<p><strong>\n<table id=\"wp-table-reloaded-id-91-no-1\" class=\"wp-table-reloaded wp-table-reloaded-id-91\">\n<tbody>\n\t<tr class=\"row-1 odd\">\n\t\t<td class=\"column-1\">\u0160EVT a.s.<\/td><td class=\"column-2\">1182210257<\/td><td class=\"column-3\">36,60<\/td><td class=\"column-4\">5.11.2018<\/td>\n\t<\/tr>\n\t<tr class=\"row-2 even\">\n\t\t<td class=\"column-1\">\u017dofia Lackov\u00e1 Lu\u010denec<\/td><td class=\"column-2\">292018<\/td><td class=\"column-3\">150,00<\/td><td class=\"column-4\">6.11.2018<\/td>\n\t<\/tr>\n\t<tr class=\"row-3 odd\">\n\t\t<td class=\"column-1\">\u017dofia Lackov\u00e1 Lu\u010denec<\/td><td class=\"column-2\">282018<\/td><td class=\"column-3\">108,00<\/td><td class=\"column-4\">6.11.2018<\/td>\n\t<\/tr>\n\t<tr class=\"row-4 even\">\n\t\t<td class=\"column-1\">ESV plus s.r.o.<\/td><td class=\"column-2\">328\/2018<\/td><td class=\"column-3\">87,12<\/td><td class=\"column-4\">6.1.2018<\/td>\n\t<\/tr>\n\t<tr class=\"row-5 odd\">\n\t\t<td class=\"column-1\">Osobn\u00fd \u00fadaj sk<\/td><td class=\"column-2\">101811108<\/td><td class=\"column-3\">36,00<\/td><td class=\"column-4\">6.11.2018<\/td>\n\t<\/tr>\n\t<tr class=\"row-6 even\">\n\t\t<td class=\"column-1\">ORANGE s.r.o.<\/td><td class=\"column-2\">0102321551<\/td><td class=\"column-3\">57,99<\/td><td class=\"column-4\">6.11.2018<\/td>\n\t<\/tr>\n\t<tr class=\"row-7 odd\">\n\t\t<td class=\"column-1\">INNOGY s.r.o.<\/td><td class=\"column-2\">44444735835<\/td><td class=\"column-3\">584,30<\/td><td class=\"column-4\">7.11.2018<\/td>\n\t<\/tr>\n\t<tr class=\"row-8 even\">\n\t\t<td class=\"column-1\">Bc. K. Kraj\u0148\u00e1k<\/td><td class=\"column-2\">60\/2018<\/td><td class=\"column-3\">485,00<\/td><td class=\"column-4\">8.11.2018<\/td>\n\t<\/tr>\n\t<tr class=\"row-9 odd\">\n\t\t<td class=\"column-1\">Slovak Telekom a.s.<\/td><td class=\"column-2\">8219927592<\/td><td class=\"column-3\">37,43<\/td><td class=\"column-4\">9.11.2018<\/td>\n\t<\/tr>\n\t<tr class=\"row-10 even\">\n\t\t<td class=\"column-1\">CZU\u0160<\/td><td class=\"column-2\">20180033<\/td><td class=\"column-3\">233,72<\/td><td class=\"column-4\">12.11.2018<\/td>\n\t<\/tr>\n\t<tr class=\"row-11 odd\">\n\t\t<td class=\"column-1\">Komensky s.r.o.<\/td><td class=\"column-2\">PF70720857<\/td><td class=\"column-3\">165,60<\/td><td class=\"column-4\">13.11.2018<\/td>\n\t<\/tr>\n\t<tr class=\"row-12 even\">\n\t\t<td class=\"column-1\">VSE a.s. Ko\u0161ice<\/td><td class=\"column-2\">7292508318<\/td><td class=\"column-3\">299,68<\/td><td class=\"column-4\">15.11.2018<\/td>\n\t<\/tr>\n\t<tr class=\"row-13 odd\">\n\t\t<td class=\"column-1\">Bc. Kraj\u0148\u00e1k Kamil<\/td><td class=\"column-2\">62\/2018<\/td><td class=\"column-3\">1.169,81<\/td><td class=\"column-4\">16.11.2018<\/td>\n\t<\/tr>\n\t<tr class=\"row-14 even\">\n\t\t<td class=\"column-1\">CZU\u0160 Lu\u010denec<\/td><td class=\"column-2\">20180034<\/td><td class=\"column-3\">119,87<\/td><td class=\"column-4\">19.11.2018<\/td>\n\t<\/tr>\n\t<tr class=\"row-15 odd\">\n\t\t<td class=\"column-1\">CZU\u0160 Lu\u010denec<\/td><td class=\"column-2\">20180035<\/td><td class=\"column-3\">467,92<\/td><td class=\"column-4\">19.11.2018<\/td>\n\t<\/tr>\n\t<tr class=\"row-16 even\">\n\t\t<td class=\"column-1\">SZ\u0160 s M\u0160 Lu\u010denec<\/td><td class=\"column-2\">1\/11\/2018<\/td><td class=\"column-3\">2.748,74<\/td><td class=\"column-4\">28.11.2018<\/td>\n\t<\/tr>\n\t<tr class=\"row-17 odd\">\n\t\t<td class=\"column-1\">SZ\u0160 s M\u0160 Lu\u010denec<\/td><td class=\"column-2\">2\/11\/2018<\/td><td class=\"column-3\">256,32<\/td><td class=\"column-4\">28.11.2018<\/td>\n\t<\/tr>\n\t<tr class=\"row-18 even\">\n\t\t<td class=\"column-1\">SZ\u0160 s M\u0160 Lu\u010denec<\/td><td class=\"column-2\">RNZ1\/11\/2018<\/td><td class=\"column-3\">195,00<\/td><td class=\"column-4\">28.11.2018<\/td>\n\t<\/tr>\n\t<tr class=\"row-19 odd\">\n\t\t<td class=\"column-1\">Krp\u010diar Pavel<\/td><td class=\"column-2\">1\/11\/2018 PS<\/td><td class=\"column-3\">80,00<\/td><td class=\"column-4\">28.11.2018<\/td>\n\t<\/tr>\n\t<tr class=\"row-20 even\">\n\t\t<td class=\"column-1\">KOFEMIKA s.r.o.<\/td><td class=\"column-2\">218098<\/td><td class=\"column-3\">129,28<\/td><td class=\"column-4\">28.11.2018<\/td>\n\t<\/tr>\n\t<tr class=\"row-21 odd\">\n\t\t<td class=\"column-1\">ESV Plus s.r.o.<\/td><td class=\"column-2\">218098<\/td><td class=\"column-3\">72,00<\/td><td class=\"column-4\">30.11.2018<\/td>\n\t<\/tr>\n<\/tbody>\n<\/table>\n<\/strong><\/p>\n","protected":false},"excerpt":{"rendered":"","protected":false},"author":1,"featured_media":0,"parent":16885,"menu_order":0,"comment_status":"closed","ping_status":"closed","template":"","meta":{"ngg_post_thumbnail":0,"footnotes":""},"class_list":["post-22092","page","type-page","status-publish","hentry"],"aioseo_notices":[],"_links":{"self":[{"href":"https:\/\/www.czslc.sk\/index.php?rest_route=\/wp\/v2\/pages\/22092","targetHints":{"allow":["GET"]}}],"collection":[{"href":"https:\/\/www.czslc.sk\/index.php?rest_route=\/wp\/v2\/pages"}],"about":[{"href":"https:\/\/www.czslc.sk\/index.php?rest_route=\/wp\/v2\/types\/page"}],"author":[{"embeddable":true,"href":"https:\/\/www.czslc.sk\/index.php?rest_route=\/wp\/v2\/users\/1"}],"replies":[{"embeddable":true,"href":"https:\/\/www.czslc.sk\/index.php?rest_route=%2Fwp%2Fv2%2Fcomments&post=22092"}],"version-history":[{"count":2,"href":"https:\/\/www.czslc.sk\/index.php?rest_route=\/wp\/v2\/pages\/22092\/revisions"}],"predecessor-version":[{"id":22098,"href":"https:\/\/www.czslc.sk\/index.php?rest_route=\/wp\/v2\/pages\/22092\/revisions\/22098"}],"up":[{"embeddable":true,"href":"https:\/\/www.czslc.sk\/index.php?rest_route=\/wp\/v2\/pages\/16885"}],"wp:attachment":[{"href":"https:\/\/www.czslc.sk\/index.php?rest_route=%2Fwp%2Fv2%2Fmedia&parent=22092"}],"curies":[{"name":"wp","href":"https:\/\/api.w.org\/{rel}","templated":true}]}}