{"id":22090,"date":"2019-01-10T09:30:40","date_gmt":"2019-01-10T07:30:40","guid":{"rendered":"http:\/\/www.czslc.sk\/?page_id=22090"},"modified":"2019-01-10T10:25:27","modified_gmt":"2019-01-10T08:25:27","slug":"faktury-oktober-2018","status":"publish","type":"page","link":"https:\/\/www.czslc.sk\/?page_id=22090","title":{"rendered":"Fakt\u00fary okt\u00f3ber 2018"},"content":{"rendered":"<p><strong>\n<table id=\"wp-table-reloaded-id-90-no-1\" class=\"wp-table-reloaded wp-table-reloaded-id-90\">\n<tbody>\n\t<tr class=\"row-1 odd\">\n\t\t<td class=\"column-1\">Osobn\u00fd \u00fadaj sk.<\/td><td class=\"column-2\">1018101110<\/td><td class=\"column-3\">36,00<\/td><td class=\"column-4\">02.10.2018<\/td>\n\t<\/tr>\n\t<tr class=\"row-2 even\">\n\t\t<td class=\"column-1\">Orange sk<\/td><td class=\"column-2\">0102321551<\/td><td class=\"column-3\">58,27<\/td><td class=\"column-4\">03.10.2018<\/td>\n\t<\/tr>\n\t<tr class=\"row-3 odd\">\n\t\t<td class=\"column-1\">\u017dofia Lackov\u00e1<\/td><td class=\"column-2\">262018<\/td><td class=\"column-3\">150,00<\/td><td class=\"column-4\">03.10.2018<\/td>\n\t<\/tr>\n\t<tr class=\"row-4 even\">\n\t\t<td class=\"column-1\">\u017dofia Lackov\u00e1<\/td><td class=\"column-2\">252018<\/td><td class=\"column-3\">108,00<\/td><td class=\"column-4\">03.10.2018<\/td>\n\t<\/tr>\n\t<tr class=\"row-5 odd\">\n\t\t<td class=\"column-1\">ESV plus<\/td><td class=\"column-2\">290\/2018<\/td><td class=\"column-3\">235,00<\/td><td class=\"column-4\">03.10.2018<\/td>\n\t<\/tr>\n\t<tr class=\"row-6 even\">\n\t\t<td class=\"column-1\">Dov\u00e1\u013e s.r.o.<\/td><td class=\"column-2\">180048<\/td><td class=\"column-3\">79,20<\/td><td class=\"column-4\">04.10.2018<\/td>\n\t<\/tr>\n\t<tr class=\"row-7 odd\">\n\t\t<td class=\"column-1\">Innogy<\/td><td class=\"column-2\">3010062266<\/td><td class=\"column-3\">584,30<\/td><td class=\"column-4\">04.10.2018<\/td>\n\t<\/tr>\n\t<tr class=\"row-8 even\">\n\t\t<td class=\"column-1\">Pavol Pocklan Lu\u010denec<\/td><td class=\"column-2\">180061<\/td><td class=\"column-3\">232,40<\/td><td class=\"column-4\">05.10.2018<\/td>\n\t<\/tr>\n\t<tr class=\"row-9 odd\">\n\t\t<td class=\"column-1\">Tibor Nagy Fi\u013eakovo<\/td><td class=\"column-2\">9<\/td><td class=\"column-3\">910,00<\/td><td class=\"column-4\">05.10.2018<\/td>\n\t<\/tr>\n\t<tr class=\"row-10 even\">\n\t\t<td class=\"column-1\">Tibor Nagy Fi\u013eakovo<\/td><td class=\"column-2\">10<\/td><td class=\"column-3\">470,00<\/td><td class=\"column-4\">05.10.2018<\/td>\n\t<\/tr>\n\t<tr class=\"row-11 odd\">\n\t\t<td class=\"column-1\">T-com a.s.<\/td><td class=\"column-2\">8217934611<\/td><td class=\"column-3\">37,26<\/td><td class=\"column-4\">8.10.2018<\/td>\n\t<\/tr>\n\t<tr class=\"row-12 even\">\n\t\t<td class=\"column-1\">CZU\u0160 Lu\u010denec<\/td><td class=\"column-2\">20180031<\/td><td class=\"column-3\">233,72<\/td><td class=\"column-4\">8.10.2018<\/td>\n\t<\/tr>\n\t<tr class=\"row-13 odd\">\n\t\t<td class=\"column-1\">Ladislav Turek \u2013 CENTRUM<\/td><td class=\"column-2\">20160384<\/td><td class=\"column-3\">268,31<\/td><td class=\"column-4\">9.10.2018<\/td>\n\t<\/tr>\n\t<tr class=\"row-14 even\">\n\t\t<td class=\"column-1\">ecolTrade s.r.o.<\/td><td class=\"column-2\">2018221<\/td><td class=\"column-3\">17,28<\/td><td class=\"column-4\">12.10.2018<\/td>\n\t<\/tr>\n\t<tr class=\"row-15 odd\">\n\t\t<td class=\"column-1\">VSE a.s.<\/td><td class=\"column-2\">7294037922<\/td><td class=\"column-3\">240,49<\/td><td class=\"column-4\">12.10.2018<\/td>\n\t<\/tr>\n\t<tr class=\"row-16 even\">\n\t\t<td class=\"column-1\">Gastrolux s.r.o.<\/td><td class=\"column-2\">10182866<\/td><td class=\"column-3\">74,76<\/td><td class=\"column-4\">15.10.2018<\/td>\n\t<\/tr>\n\t<tr class=\"row-17 odd\">\n\t\t<td class=\"column-1\">Woodiann s.r.o.<\/td><td class=\"column-2\">27\/2018<\/td><td class=\"column-3\">875,00<\/td><td class=\"column-4\">15.10.2018<\/td>\n\t<\/tr>\n\t<tr class=\"row-18 even\">\n\t\t<td class=\"column-1\">Woodiann s.r.o.<\/td><td class=\"column-2\">26\/2018<\/td><td class=\"column-3\">930,00<\/td><td class=\"column-4\">15.10.2018<\/td>\n\t<\/tr>\n\t<tr class=\"row-19 odd\">\n\t\t<td class=\"column-1\">Satel \u2013 Slovakia s.r.o.<\/td><td class=\"column-2\">6418483<\/td><td class=\"column-3\">0,00<\/td><td class=\"column-4\">18.10.2018<\/td>\n\t<\/tr>\n\t<tr class=\"row-20 even\">\n\t\t<td class=\"column-1\">CZU\u0160 Lu\u010denec<\/td><td class=\"column-2\">20180032<\/td><td class=\"column-3\">96,20<\/td><td class=\"column-4\">18.10.2018<\/td>\n\t<\/tr>\n\t<tr class=\"row-21 odd\">\n\t\t<td class=\"column-1\">Divadeln\u00e9 centrum Martin<\/td><td class=\"column-2\">9239<\/td><td class=\"column-3\">2,00<\/td><td class=\"column-4\">24.10.2018<\/td>\n\t<\/tr>\n\t<tr class=\"row-22 even\">\n\t\t<td class=\"column-1\">SZ\u0160 s M\u0160 DSA Lu\u010denec<\/td><td class=\"column-2\">1\/10\/2018<\/td><td class=\"column-3\">2.656,00<\/td><td class=\"column-4\">26.10.2018<\/td>\n\t<\/tr>\n\t<tr class=\"row-23 odd\">\n\t\t<td class=\"column-1\">SZ\u0160 s M\u0160 DSA Lu\u010denec<\/td><td class=\"column-2\">2\/10\/2018<\/td><td class=\"column-3\">249,20<\/td><td class=\"column-4\">26.10.2018<\/td>\n\t<\/tr>\n\t<tr class=\"row-24 even\">\n\t\t<td class=\"column-1\">Krp\u010diar Pavel<\/td><td class=\"column-2\">1\/10\/2018<\/td><td class=\"column-3\">80,00<\/td><td class=\"column-4\">26.10.2018<\/td>\n\t<\/tr>\n\t<tr class=\"row-25 odd\">\n\t\t<td class=\"column-1\">IVES Ko\u0161ice<\/td><td class=\"column-2\">5590029056<\/td><td class=\"column-3\">71,70<\/td><td class=\"column-4\">26.10.2018<\/td>\n\t<\/tr>\n<\/tbody>\n<\/table>\n<\/strong><\/p>\n","protected":false},"excerpt":{"rendered":"","protected":false},"author":1,"featured_media":0,"parent":16885,"menu_order":0,"comment_status":"closed","ping_status":"closed","template":"","meta":{"ngg_post_thumbnail":0,"footnotes":""},"class_list":["post-22090","page","type-page","status-publish","hentry"],"aioseo_notices":[],"_links":{"self":[{"href":"https:\/\/www.czslc.sk\/index.php?rest_route=\/wp\/v2\/pages\/22090","targetHints":{"allow":["GET"]}}],"collection":[{"href":"https:\/\/www.czslc.sk\/index.php?rest_route=\/wp\/v2\/pages"}],"about":[{"href":"https:\/\/www.czslc.sk\/index.php?rest_route=\/wp\/v2\/types\/page"}],"author":[{"embeddable":true,"href":"https:\/\/www.czslc.sk\/index.php?rest_route=\/wp\/v2\/users\/1"}],"replies":[{"embeddable":true,"href":"https:\/\/www.czslc.sk\/index.php?rest_route=%2Fwp%2Fv2%2Fcomments&post=22090"}],"version-history":[{"count":2,"href":"https:\/\/www.czslc.sk\/index.php?rest_route=\/wp\/v2\/pages\/22090\/revisions"}],"predecessor-version":[{"id":22097,"href":"https:\/\/www.czslc.sk\/index.php?rest_route=\/wp\/v2\/pages\/22090\/revisions\/22097"}],"up":[{"embeddable":true,"href":"https:\/\/www.czslc.sk\/index.php?rest_route=\/wp\/v2\/pages\/16885"}],"wp:attachment":[{"href":"https:\/\/www.czslc.sk\/index.php?rest_route=%2Fwp%2Fv2%2Fmedia&parent=22090"}],"curies":[{"name":"wp","href":"https:\/\/api.w.org\/{rel}","templated":true}]}}