{"id":218,"date":"2012-11-12T01:18:15","date_gmt":"2012-11-11T23:18:15","guid":{"rendered":"http:\/\/www.czssvjanabosca.sk\/?page_id=218"},"modified":"2026-03-24T00:32:31","modified_gmt":"2026-03-23T22:32:31","slug":"informacie-a-pokyny-pre-rodicov-prvacikov-v-skolskom-roku-20132014","status":"publish","type":"page","link":"https:\/\/www.czslc.sk\/?page_id=218","title":{"rendered":"Z\u00e1pis do Cirkevnej z\u00e1kladnej \u0161koly sv. J. Bosca"},"content":{"rendered":"\n<h1 class=\"wp-block-heading has-text-align-left\"><a href=\"https:\/\/www.czslc.sk\/?page_id=38984\" title=\"\">REZERV\u00c1CIA TERM\u00cdNU Z\u00c1PISU DO 1. RO\u010cN\u00cdKA<br \/><\/a><br \/><\/h1>\n\n\n\n<p><\/p>\n\n\n\n<hr data-start=\"343\" data-end=\"346\"\/>\n<h2 data-start=\"348\" data-end=\"372\">Z\u00e1pis do 1. ro\u010dn\u00edka<\/h2>\n<p data-start=\"373\" data-end=\"455\"><strong data-start=\"373\" data-end=\"425\">Cirkevn\u00e1 z\u00e1kladn\u00e1 \u0161kola sv. J\u00e1na Bosca v Lu\u010denci<\/strong><br data-start=\"425\" data-end=\"428\"\/>na \u0161kolsk\u00fd rok <strong data-start=\"440\" data-end=\"455\">2026 \/ 2027<\/strong><\/p>\n<p data-start=\"457\" data-end=\"521\">&#x1f392; <strong data-start=\"460\" data-end=\"521\">Miesto, kde sa deti u\u010dia s rados\u0165ou a rast\u00fa ako osobnosti<\/strong><\/p>\n<hr data-start=\"523\" data-end=\"526\"\/>\n<h3 data-start=\"528\" data-end=\"564\">Mil\u00ed rodi\u010dia bud\u00facich prv\u00e1\u010dikov,<\/h3>\n<p data-start=\"566\" data-end=\"750\">pred Vami je jedno z d\u00f4le\u017eit\u00fdch rozhodnut\u00ed \u2013 v\u00fdber \u0161koly pre Va\u0161e die\u0165a.<br data-start=\"638\" data-end=\"641\"\/>Miesta, kde sa nebude len u\u010di\u0165 \u010d\u00edta\u0165, p\u00edsa\u0165 a po\u010d\u00edta\u0165, ale kde sa bude <strong data-start=\"712\" data-end=\"749\">c\u00edti\u0165 prijat\u00e9, bezpe\u010dn\u00e9 a \u0161\u0165astn\u00e9<\/strong>.<\/p>\n<p data-start=\"752\" data-end=\"797\">V na\u0161ej \u0161kole vytv\u00e1rame prostredie, kde deti:<\/p>\n<ul data-start=\"798\" data-end=\"983\">\n<li data-start=\"798\" data-end=\"825\">\n<p data-start=\"800\" data-end=\"825\">objavuj\u00fa rados\u0165 z u\u010denia,<\/p>\n<\/li>\n<li data-start=\"826\" data-end=\"852\">\n<p data-start=\"828\" data-end=\"852\">rozv\u00edjaj\u00fa svoje talenty,<\/p>\n<\/li>\n<li data-start=\"853\" data-end=\"874\">\n<p data-start=\"855\" data-end=\"874\">buduj\u00fa priate\u013estv\u00e1,<\/p>\n<\/li>\n<li data-start=\"875\" data-end=\"922\">\n<p data-start=\"877\" data-end=\"922\">u\u010dia sa re\u0161pektu, spolupr\u00e1ci a zodpovednosti,<\/p>\n<\/li>\n<li data-start=\"923\" data-end=\"983\">\n<p data-start=\"925\" data-end=\"983\">rast\u00fa nielen vedomos\u0165ami, ale aj <strong data-start=\"958\" data-end=\"982\">srdcom a charakterom<\/strong>.<\/p>\n<\/li>\n<\/ul>\n<p data-start=\"985\" data-end=\"1097\">Poz\u00fdvame V\u00e1s nahliadnu\u0165 do \u017eivota na\u0161ej \u0161koly &#x1f447;<br data-start=\"1033\" data-end=\"1036\"\/>&#x1f3a5; <strong data-start=\"1039\" data-end=\"1066\"><a href=\"https:\/\/www.czslc.sk\/?page_id=25797\">Videoprezent\u00e1cie \u0161koly<\/a> <br \/>&nbsp; &nbsp; &nbsp; &nbsp;<a href=\"https:\/\/www.czslc.sk\/?page_id=99\">Na\u0161a \u0161kola v m\u00e9di\u00e1ch<\/a><\/strong><br data-start=\"1066\" data-end=\"1069\"\/><br \/><\/p>\n<p data-start=\"985\" data-end=\"1097\">&nbsp;<\/p>\n<hr data-start=\"1099\" data-end=\"1102\"\/>\n<h2 data-start=\"1104\" data-end=\"1123\">&#x1f4c5; Term\u00edn z\u00e1pisu<\/h2>\n<p data-start=\"1125\" data-end=\"1196\"><strong data-start=\"1125\" data-end=\"1165\">1. a 9. apr\u00edla 2026 (streda, \u0161tvrtok)<\/strong><br data-start=\"1165\" data-end=\"1168\"\/>&#x23f0; <strong data-start=\"1170\" data-end=\"1196\">od 13:30 do 17:00 hod.<\/strong><\/p>\n<p data-start=\"1198\" data-end=\"1291\">&#x1f4cd; <strong data-start=\"1201\" data-end=\"1224\">v priestoroch \u0161koly<\/strong><br data-start=\"1224\" data-end=\"1227\"\/>Z\u00e1pis prebieha <strong data-start=\"1242\" data-end=\"1290\">v pr\u00edtomnosti det\u00ed a ich z\u00e1konn\u00fdch z\u00e1stupcov<\/strong>.<\/p>\n<h3 data-start=\"1293\" data-end=\"1315\">&#x1f9fe; \u010co si prinies\u0165?<\/h3>\n<ul data-start=\"1316\" data-end=\"1379\">\n<li data-start=\"1316\" data-end=\"1338\">\n<p data-start=\"1318\" data-end=\"1338\">rodn\u00fd list die\u0165a\u0165a<\/p>\n<\/li>\n<li data-start=\"1339\" data-end=\"1379\">\n<p data-start=\"1341\" data-end=\"1379\">ob\u010diansky preukaz z\u00e1konn\u00e9ho z\u00e1stupcu<\/p>\n<\/li>\n<li data-start=\"1339\" data-end=\"1379\">v pr\u00edpade, \u017ee je die\u0165a pokrsten\u00e9 aj krstn\u00fd list die\u0165a\u0165a<\/li>\n<\/ul>\n<hr data-start=\"1381\" data-end=\"1384\"\/>\n<h2 data-start=\"1386\" data-end=\"1415\">&#x1f5a5;&#xfe0f; Elektronick\u00e1 prihl\u00e1\u0161ka<\/h2>\n<p>Z\u00e1pis do 1. ro\u010dn\u00edka z\u00e1kladnej \u0161koly pre \u0161kolsk\u00fd rok 2026\/2027 bude prebieha\u0165 tradi\u010dnou formou osobn\u00e9ho stretnutia rodi\u010dov a det\u00ed v priestoroch \u0161koly.<\/p>\n<p>D\u00f4le\u017eitou zmenou je sp\u00f4sob podania prihl\u00e1\u0161ky.&nbsp;<\/p>\n<p>Prihl\u00e1\u0161ku do&nbsp;z\u00e1kladnej \u0161koly je potrebn\u00e9 poda\u0165&nbsp;<strong>od 1.apr\u00edla 2026<\/strong>&nbsp;prostredn\u00edctvom syst\u00e9mu&nbsp;ePrihl\u00e1\u0161ky&nbsp;na adrese:&nbsp;<\/p>\n<p><a href=\"https:\/\/eprihlasky.iedu.sk\/\" target=\"_blank\" rel=\"noreferrer noopener\">https:\/\/eprihlasky.iedu.sk<\/a>&nbsp;<\/p>\n<p>Odpor\u00fa\u010dame rodi\u010dom, aby prihl\u00e1\u0161ku podali&nbsp;elektronicky e\u0161te pred samotn\u00fdm z\u00e1pisom, aby mala \u0161kola \u00fadaje k&nbsp;dispoz\u00edcii u\u017e v&nbsp;\u010dase stretnutia s&nbsp;rodi\u010dmi a&nbsp;de\u0165mi.<strong>&nbsp;Registr\u00e1ciu<\/strong>&nbsp;do&nbsp;syst\u00e9mu&nbsp;ePrihl\u00e1\u0161ky&nbsp;m\u00f4\u017eete urobi\u0165 u\u017e&nbsp;teraz.&nbsp;&nbsp;<\/p>\n<p>Elektronick\u00e9 podanie prihl\u00e1\u0161ky m\u00e1 viacero v\u00fdhod:&nbsp;<\/p>\n<ul role=\"list\">\n<li role=\"listitem\" aria-setsize=\"-1\" data-aria-level=\"1\" data-aria-posinset=\"1\" data-font=\"Symbol\" data-leveltext=\"\uf0b7\" data-list-defn-props=\"{&quot;335552541&quot;:1,&quot;335559685&quot;:720,&quot;335559991&quot;:360,&quot;469769226&quot;:&quot;Symbol&quot;,&quot;469769242&quot;:[8226],&quot;469777803&quot;:&quot;left&quot;,&quot;469777804&quot;:&quot;\uf0b7&quot;,&quot;469777815&quot;:&quot;multilevel&quot;}\" data-listid=\"1\">\n<p><strong>\u00fadaje&nbsp;det\u00ed a\u202frodi\u010dov s\u00fa automaticky&nbsp;predvyplnen\u00e9,&nbsp;<\/strong><\/p>\n<\/li>\n<\/ul>\n<ul role=\"list\">\n<li role=\"listitem\" aria-setsize=\"-1\" data-aria-level=\"1\" data-aria-posinset=\"2\" data-font=\"Symbol\" data-leveltext=\"\uf0b7\" data-list-defn-props=\"{&quot;335552541&quot;:1,&quot;335559685&quot;:720,&quot;335559991&quot;:360,&quot;469769226&quot;:&quot;Symbol&quot;,&quot;469769242&quot;:[8226],&quot;469777803&quot;:&quot;left&quot;,&quot;469777804&quot;:&quot;\uf0b7&quot;,&quot;469777815&quot;:&quot;multilevel&quot;}\" data-listid=\"1\">\n<p><strong>z\u00e1pis do&nbsp;\u0161koly bez&nbsp;byrokracie,&nbsp;<\/strong><\/p>\n<\/li>\n<\/ul>\n<ul role=\"list\">\n<li role=\"listitem\" aria-setsize=\"-1\" data-aria-level=\"1\" data-aria-posinset=\"3\" data-font=\"Symbol\" data-leveltext=\"\uf0b7\" data-list-defn-props=\"{&quot;335552541&quot;:1,&quot;335559685&quot;:720,&quot;335559991&quot;:360,&quot;469769226&quot;:&quot;Symbol&quot;,&quot;469769242&quot;:[8226],&quot;469777803&quot;:&quot;left&quot;,&quot;469777804&quot;:&quot;\uf0b7&quot;,&quot;469777815&quot;:&quot;multilevel&quot;}\" data-listid=\"1\">\n<p><strong>z\u00e1konn\u00fd z\u00e1stupca m\u00e1 potvrdenie o&nbsp;podan\u00ed prihl\u00e1\u0161ky,&nbsp;<\/strong><\/p>\n<\/li>\n<\/ul>\n<ul role=\"list\">\n<li role=\"listitem\" aria-setsize=\"-1\" data-aria-level=\"1\" data-aria-posinset=\"4\" data-font=\"Symbol\" data-leveltext=\"\uf0b7\" data-list-defn-props=\"{&quot;335552541&quot;:1,&quot;335559685&quot;:720,&quot;335559991&quot;:360,&quot;469769226&quot;:&quot;Symbol&quot;,&quot;469769242&quot;:[8226],&quot;469777803&quot;:&quot;left&quot;,&quot;469777804&quot;:&quot;\uf0b7&quot;,&quot;469777815&quot;:&quot;multilevel&quot;}\" data-listid=\"1\">\n<p><strong>prihl\u00e1\u0161ku nie je potrebn\u00e9 vypisova\u0165 ru\u010dne.&nbsp;<\/strong><\/p>\n<\/li>\n<\/ul>\n<p>Rodi\u010dia s\u00fa povinn\u00ed&nbsp;uvies\u0165 na&nbsp;listinn\u00fa, alebo elektronick\u00fa prihl\u00e1\u0161ku v\u0161etky \u0161koly na&nbsp;ktor\u00e9 pl\u00e1nuje poda\u0165 prihl\u00e1\u0161ku vr\u00e1tane&nbsp;poradia&nbsp;pod\u013ea z\u00e1ujmu.&nbsp;&nbsp;<\/p>\n<p>Upozor\u0148ujeme rodi\u010dov, \u017ee&nbsp;podanie prihl\u00e1\u0161ky prostredn\u00edctvom in\u00fdch syst\u00e9mov&nbsp;nie je platnou prihl\u00e1\u0161kou pre&nbsp;prij\u00edmacie konanie. Prihl\u00e1\u0161ka mus\u00ed by\u0165 podan\u00e1 prostredn\u00edctvom syst\u00e9mu&nbsp;ePrihl\u00e1\u0161ky&nbsp;alebo v&nbsp;listinnej podobe.&nbsp;ePrihl\u00e1\u0161ku&nbsp;<strong>nie je<\/strong>&nbsp;potrebn\u00e9&nbsp;vytla\u010di\u0165, \u0161kola k\u202fnej m\u00e1 pr\u00edstup.&nbsp;<\/p>\n<p>Ak rodi\u010d nem\u00e1 mo\u017enos\u0165 poda\u0165 prihl\u00e1\u0161ku elektronicky, m\u00f4\u017ee ju poda\u0165 aj&nbsp;v <a href=\"https:\/\/www.czslc.sk\/?wpfb_dl=865\">listinnej podobe <\/a>(doru\u010di\u0165 osobne alebo po\u0161tou).&nbsp; Listinn\u00fa prihl\u00e1\u0161ku nevypisujte, ak ste podali elektronick\u00fa prihl\u00e1\u0161ku.&nbsp;<\/p>\n<p>Samotn\u00fd z\u00e1pis sl\u00fa\u017ei najm\u00e4 na&nbsp;osobn\u00e9 stretnutie \u0161koly s&nbsp;rodi\u010dmi a&nbsp;de\u0165mi.&nbsp;<\/p>\n<p><strong>Te\u0161\u00edme sa na&nbsp;bud\u00facich prv\u00e1\u010dikov!&nbsp;<\/strong><\/p>\n<p data-start=\"1417\" data-end=\"1520\">Ak ste sa rozhodli pre na\u0161u \u0161kolu, vypl\u0148te <strong data-start=\"1460\" data-end=\"1486\">elektronick\u00fa prihl\u00e1\u0161ku<\/strong><br data-start=\"1486\" data-end=\"1489\"\/><br \/><\/p>\n<p data-start=\"1522\" data-end=\"1560\">&#x1f449; <a href=\"https:\/\/eprihlasky.iedu.sk\/\">elektronick\u00e1 prihl\u00e1\u0161ka<\/a><\/p>\n<p data-start=\"1522\" data-end=\"1560\">Videon\u00e1vod k&nbsp;registr\u00e1cii:&nbsp;<a href=\"https:\/\/m.youtube.com\/watch?v=_1uqCPSk8Sc&amp;feature=youtu.be&amp;fbclid=IwZXh0bgNhZW0CMTAAYnJpZBEwRUMyYmxQVzFkUEpnTWg5QXNydGMGYXBwX2lkEDIyMjAzOTE3ODgyMDA4OTIAAR6KzS1aTR1yBhvmaIIBBGlPT5EG0FXxOlgy6v4UeHcDeFkkNYa1VckeSK65KA_aem_KAabyNkKKHWDgDR3Ql3PQA\" target=\"_blank\" rel=\"noopener\">https:\/\/m.youtube.com\/watch?v=_1uqCPSk8Sc&amp;feature=youtu.be<\/a><\/p>\n<p data-start=\"1522\" data-end=\"1560\">Nezabudnite si rezervova\u0165 term\u00edn z\u00e1pisu V\u00e1\u0161ho die\u0165a\u0165a &#8211; <a title=\"\" href=\"https:\/\/www.czslc.sk\/?page_id=38984\">REZERV\u00c1CIA TERM\u00cdNU Z\u00c1PISU DO 1. RO\u010cN\u00cdKA<\/a><\/p>\n<p data-start=\"1522\" data-end=\"1560\">&nbsp;<\/p>\n<hr data-start=\"1636\" data-end=\"1639\"\/>\n<p data-start=\"1641\" data-end=\"1707\">&#x1f4de; <strong data-start=\"1644\" data-end=\"1667\">Kontakt pre ot\u00e1zky:<\/strong><br data-start=\"1667\" data-end=\"1670\"\/>&#x2709;&#xfe0f; <a class=\"decorated-link cursor-pointer\" rel=\"noopener\" data-start=\"1673\" data-end=\"1687\">skola@czslc.sk<\/a><br data-start=\"1687\" data-end=\"1690\"\/>&#x1f4f1; 0915 804 553<\/p>\n<p data-start=\"1709\" data-end=\"1769\">Te\u0161\u00edme sa na osobn\u00e9 stretnutie s Vami aj s Va\u0161imi de\u0165mi &#x1f90d;<\/p>\n<p data-start=\"1771\" data-end=\"1820\"><strong data-start=\"1771\" data-end=\"1799\">Mgr. Mariana Vinar\u010d\u00edkov\u00e1<\/strong><br data-start=\"1799\" data-end=\"1802\"\/>riadite\u013eka \u0161koly<\/p>\n<hr data-start=\"1822\" data-end=\"1825\"\/><hr data-start=\"1827\" data-end=\"1830\"\/>\n<h1 data-start=\"1832\" data-end=\"1875\">Inform\u00e1cie a pokyny pre rodi\u010dov prv\u00e1\u010dikov<\/h1>\n<p data-start=\"1877\" data-end=\"2004\">Mil\u00ed rodi\u010dia,<br data-start=\"1890\" data-end=\"1893\"\/>aby bol \u0161tart do \u0161koly pre Va\u0161e die\u0165a \u010do najpokojnej\u0161\u00ed, pripravili sme preh\u013ead pom\u00f4cok a d\u00f4le\u017eit\u00fdch inform\u00e1ci\u00ed.<\/p>\n<hr data-start=\"2006\" data-end=\"2009\"\/>\n<h2 data-start=\"2011\" data-end=\"2035\">&#x1f3a8; V\u00fdtvarn\u00e9 pom\u00f4cky<\/h2>\n<p data-start=\"2036\" data-end=\"2064\">(donies\u0165 do konca septembra)<\/p>\n<ul data-start=\"2066\" data-end=\"2372\">\n<li data-start=\"2066\" data-end=\"2100\">\n<p data-start=\"2068\" data-end=\"2100\">v\u00fdkresy A4 \u2013 30 ks, A3 \u2013 20 ks<\/p>\n<\/li>\n<li data-start=\"2101\" data-end=\"2140\">\n<p data-start=\"2103\" data-end=\"2140\">n\u00e1\u010drtkov\u00fd papier A4, farebn\u00fd papier<\/p>\n<\/li>\n<li data-start=\"2141\" data-end=\"2169\">\n<p data-start=\"2143\" data-end=\"2169\">vodov\u00e9 a temperov\u00e9 farby<\/p>\n<\/li>\n<li data-start=\"2170\" data-end=\"2207\">\n<p data-start=\"2172\" data-end=\"2207\">\u0161tetce: okr\u00fahly \u010d. 6, ploch\u00fd \u010d. 7<\/p>\n<\/li>\n<li data-start=\"2208\" data-end=\"2259\">\n<p data-start=\"2210\" data-end=\"2259\">handri\u010dka na utieranie \u0161tetcov, obrus na lavicu<\/p>\n<\/li>\n<li data-start=\"2260\" data-end=\"2299\">\n<p data-start=\"2262\" data-end=\"2299\">voskov\u00e9 pastelky, pastelky PROGRESO<\/p>\n<\/li>\n<li data-start=\"2300\" data-end=\"2333\">\n<p data-start=\"2302\" data-end=\"2333\">lepidlo (ty\u010dinka), plastel\u00edna<\/p>\n<\/li>\n<li data-start=\"2334\" data-end=\"2372\">\n<p data-start=\"2336\" data-end=\"2372\">pracovn\u00fd pl\u00e1\u0161\u0165 (ko\u0161e\u013ea alebo tri\u010dko)<\/p>\n<\/li>\n<\/ul>\n<p data-start=\"2374\" data-end=\"2446\">&#x1f449; Pom\u00f4cky vlo\u017ei\u0165 do <strong data-start=\"2395\" data-end=\"2425\">krabice (napr. od top\u00e1nok)<\/strong> a <strong data-start=\"2428\" data-end=\"2445\">ozna\u010di\u0165 menom<\/strong>.<\/p>\n<hr data-start=\"2448\" data-end=\"2451\"\/>\n<h2 data-start=\"2453\" data-end=\"2476\">&#x1f4d2; Zo\u0161ity a u\u010debnice<\/h2>\n<ul data-start=\"2478\" data-end=\"2594\">\n<li data-start=\"2478\" data-end=\"2537\">\n<p data-start=\"2480\" data-end=\"2537\"><strong data-start=\"2480\" data-end=\"2511\">Predpisov\u00e9 zo\u0161ity nekupova\u0165<\/strong> \u2013 bud\u00fa objednan\u00e9 \u0161kolou<\/p>\n<\/li>\n<li data-start=\"2538\" data-end=\"2563\">\n<p data-start=\"2540\" data-end=\"2563\">tvrd\u00e9 dosky na zo\u0161ity<\/p>\n<\/li>\n<li data-start=\"2564\" data-end=\"2594\">\n<p data-start=\"2566\" data-end=\"2594\">obaly na u\u010debnice a zo\u0161ity<\/p>\n<\/li>\n<\/ul>\n<hr data-start=\"2596\" data-end=\"2599\"\/>\n<h2 data-start=\"2601\" data-end=\"2625\">&#x1f9fc; Hygienick\u00e9 potreby<\/h2>\n<ul data-start=\"2627\" data-end=\"2733\">\n<li data-start=\"2627\" data-end=\"2651\">\n<p data-start=\"2629\" data-end=\"2651\">2 ks toaletn\u00fd papier<\/p>\n<\/li>\n<li data-start=\"2652\" data-end=\"2675\">\n<p data-start=\"2654\" data-end=\"2675\">hygienick\u00e9 serv\u00edtky<\/p>\n<\/li>\n<li data-start=\"2676\" data-end=\"2692\">\n<p data-start=\"2678\" data-end=\"2692\">tekut\u00e9 mydlo<\/p>\n<\/li>\n<li data-start=\"2693\" data-end=\"2733\">\n<p data-start=\"2695\" data-end=\"2733\">l\u00e1tkov\u00fd obr\u00fasok na lavicu (na desiatu)<\/p>\n<\/li>\n<\/ul>\n<hr data-start=\"2735\" data-end=\"2738\"\/>\n<h2 data-start=\"2740\" data-end=\"2769\">&#x1f455; \u00dabor na telesn\u00fa v\u00fdchovu<\/h2>\n<ul data-start=\"2771\" data-end=\"2880\">\n<li data-start=\"2771\" data-end=\"2798\">\n<p data-start=\"2773\" data-end=\"2798\">tri\u010dko, tepl\u00e1ky, mikina<\/p>\n<\/li>\n<li data-start=\"2799\" data-end=\"2810\">\n<p data-start=\"2801\" data-end=\"2810\">pono\u017eky<\/p>\n<\/li>\n<li data-start=\"2811\" data-end=\"2848\">\n<p data-start=\"2813\" data-end=\"2848\">tenisky (nie s \u010diernou podr\u00e1\u017ekou)<\/p>\n<\/li>\n<li data-start=\"2849\" data-end=\"2880\">\n<p data-start=\"2851\" data-end=\"2880\">diev\u010dat\u00e1: gumi\u010dka do vlasov<\/p>\n<\/li>\n<\/ul>\n<p data-start=\"2882\" data-end=\"2967\">&#x1f449; V\u0161etko do <strong data-start=\"2895\" data-end=\"2921\">za\u0165ahovacieho vrec\u00fa\u0161ka<\/strong>, ozna\u010di\u0165 menom<br data-start=\"2936\" data-end=\"2939\"\/>(nepou\u017e\u00edva\u0165 igelitov\u00e9 ta\u0161ky)<\/p>\n<hr data-start=\"2969\" data-end=\"2972\"\/>\n<h2 data-start=\"2974\" data-end=\"3007\">&#x270f;&#xfe0f; \u010co m\u00e1 by\u0165 denne v pera\u010dn\u00edku<\/h2>\n<ul data-start=\"3009\" data-end=\"3185\">\n<li data-start=\"3009\" data-end=\"3032\">\n<p data-start=\"3011\" data-end=\"3032\">3 ostr\u00fahan\u00e9 ceruzky<\/p>\n<\/li>\n<li data-start=\"3033\" data-end=\"3052\">\n<p data-start=\"3035\" data-end=\"3052\">str\u00fahadlo, guma<\/p>\n<\/li>\n<li data-start=\"3053\" data-end=\"3084\">\n<p data-start=\"3055\" data-end=\"3084\">no\u017enice so zaoblen\u00fdm hrotom<\/p>\n<\/li>\n<li data-start=\"3085\" data-end=\"3132\">\n<p data-start=\"3087\" data-end=\"3132\">fixky: modr\u00e1, \u010derven\u00e1, zelen\u00e1, \u017elt\u00e1, \u010dierna<\/p>\n<\/li>\n<li data-start=\"3133\" data-end=\"3149\">\n<p data-start=\"3135\" data-end=\"3149\">pero TORN\u00c1DO<\/p>\n<\/li>\n<li data-start=\"3150\" data-end=\"3185\">\n<p data-start=\"3152\" data-end=\"3185\">farbi\u010dky (pravidelne kontrolova\u0165)<\/p>\n<\/li>\n<\/ul>\n<hr data-start=\"3187\" data-end=\"3190\"\/>\n<h2 data-start=\"3192\" data-end=\"3217\">&#x2139;&#xfe0f; D\u00f4le\u017eit\u00e9 inform\u00e1cie<\/h2>\n<ul data-start=\"3219\" data-end=\"3393\">\n<li data-start=\"3219\" data-end=\"3270\">\n<p data-start=\"3221\" data-end=\"3270\">prezuvky \u2013 pevn\u00e1 obuv (nie s \u010diernou podr\u00e1\u017ekou)<\/p>\n<\/li>\n<li data-start=\"3271\" data-end=\"3294\">\n<p data-start=\"3273\" data-end=\"3294\">podu\u0161ka na stoli\u010dku<\/p>\n<\/li>\n<li data-start=\"3295\" data-end=\"3345\">\n<p data-start=\"3297\" data-end=\"3345\">obedy: platba po\u0161tovou pouk\u00e1\u017ekou alebo na \u00fa\u010det<\/p>\n<\/li>\n<li data-start=\"3346\" data-end=\"3393\">\n<p data-start=\"3348\" data-end=\"3393\">kr\u00fa\u017eky \u2013 zoznam bude zverejnen\u00fd v septembri<\/p>\n<\/li>\n<\/ul>\n<hr data-start=\"3395\" data-end=\"3398\"\/>\n<h2 data-start=\"3400\" data-end=\"3440\">&#x1f4d6; Slovn\u00ed\u010dek (na prv\u00fa stranu nap\u00edsa\u0165)<\/h2>\n<ul data-start=\"3442\" data-end=\"3555\">\n<li data-start=\"3442\" data-end=\"3466\">\n<p data-start=\"3444\" data-end=\"3466\">meno die\u0165a\u0165a, adresa<\/p>\n<\/li>\n<li data-start=\"3467\" data-end=\"3494\">\n<p data-start=\"3469\" data-end=\"3494\">telef\u00f3nne \u010d\u00edsla rodi\u010dov<\/p>\n<\/li>\n<li data-start=\"3495\" data-end=\"3555\">\n<p data-start=\"3497\" data-end=\"3555\">kto bude die\u0165a vyzdvihova\u0165 po vyu\u010dovan\u00ed (rozpis pod\u013ea dn\u00ed)<\/p>\n<\/li>\n<\/ul>\n<p data-start=\"3557\" data-end=\"3592\">&#x1f449; Slovn\u00ed\u010dek pravidelne kontrolova\u0165<\/p>\n<hr data-start=\"3594\" data-end=\"3597\"\/>\n<h2 data-start=\"3599\" data-end=\"3623\">&#x1f557; Organiza\u010dn\u00e9 pokyny<\/h2>\n<ul data-start=\"3625\" data-end=\"3830\">\n<li data-start=\"3625\" data-end=\"3662\">\n<p data-start=\"3627\" data-end=\"3662\">vyu\u010dovanie za\u010d\u00edna o <strong data-start=\"3647\" data-end=\"3660\">8:00 hod.<\/strong><\/p>\n<\/li>\n<li data-start=\"3663\" data-end=\"3716\">\n<p data-start=\"3665\" data-end=\"3716\">die\u0165a prich\u00e1dza do \u0161koly <strong data-start=\"3690\" data-end=\"3714\">10 \u2013 15 min\u00fat vopred<\/strong><\/p>\n<\/li>\n<li data-start=\"3717\" data-end=\"3782\">\n<p data-start=\"3719\" data-end=\"3782\">die\u0165a priv\u00e1dzate len po <strong data-start=\"3743\" data-end=\"3758\">br\u00e1nu \u0161koly<\/strong>, \u010falej ide samostatne<\/p>\n<\/li>\n<li data-start=\"3783\" data-end=\"3830\">\n<p data-start=\"3785\" data-end=\"3830\">nepr\u00edtomnos\u0165 die\u0165a\u0165a nahl\u00e1si\u0165 <strong data-start=\"3815\" data-end=\"3830\">do 24 hod\u00edn<\/strong><\/p>\n<\/li>\n<\/ul>\n<hr data-start=\"3832\" data-end=\"3835\"\/>\n<h2 data-start=\"3837\" data-end=\"3860\">&#x1f3eb; \u0160KD a stravovanie<\/h2>\n<p data-start=\"3862\" data-end=\"3908\"><strong data-start=\"3862\" data-end=\"3870\">\u0160KD:<\/strong><br data-start=\"3870\" data-end=\"3873\"\/>&#x1f561; 6:30 \u2013 7:45<br data-start=\"3887\" data-end=\"3890\"\/>&#x1f567; 12:30 \u2013 16:30<\/p>\n<p data-start=\"3910\" data-end=\"3975\">Die\u0165a prihl\u00e1si\u0165 <strong data-start=\"3926\" data-end=\"3938\">prv\u00fd de\u0148<\/strong>, poplatok uhradi\u0165 do jedn\u00e9ho t\u00fd\u017ed\u0148a.<\/p>\n<p data-start=\"3977\" data-end=\"4103\"><strong data-start=\"3977\" data-end=\"3997\">\u0160kolsk\u00e1 jed\u00e1le\u0148:<\/strong><br data-start=\"3997\" data-end=\"4000\"\/>Prihl\u00e1senie u ved\u00facej \u0160J <strong data-start=\"4025\" data-end=\"4051\">Ing. Marianny Bradovej<\/strong><br data-start=\"4051\" data-end=\"4054\"\/>Strava zabezpe\u010den\u00e1 od <strong data-start=\"4076\" data-end=\"4102\">druh\u00e9ho d\u0148a vyu\u010dovania<\/strong>.<\/p>\n<hr data-start=\"4105\" data-end=\"4108\"\/>\n<p data-start=\"4110\" data-end=\"4214\">&#x1f4de; <strong data-start=\"4113\" data-end=\"4125\">Kontakt:<\/strong><br data-start=\"4125\" data-end=\"4128\"\/>\u0160kola: 0948 722 815<br data-start=\"4147\" data-end=\"4150\"\/>Riadite\u013eka: 0915 804 553<br data-start=\"4174\" data-end=\"4177\"\/>&#x2709;&#xfe0f; <a class=\"decorated-link cursor-pointer\" rel=\"noopener\" data-start=\"4180\" data-end=\"4194\">skola@czslc.sk<\/a><br data-start=\"4194\" data-end=\"4197\"\/>&#x1f310; <a class=\"decorated-link\" href=\"http:\/\/www.czslc.sk\" target=\"_new\" rel=\"noopener\" data-start=\"4200\" data-end=\"4212\">www.czslc.sk<\/a><\/p>\n<hr data-start=\"4216\" data-end=\"4219\"\/>\n<h3 data-start=\"4221\" data-end=\"4257\">Te\u0161\u00edme sa na spolupr\u00e1cu s Vami<\/h3>\n<p data-start=\"4258\" data-end=\"4336\">a \u017eel\u00e1me ve\u013ea trpezlivosti, radosti<br data-start=\"4293\" data-end=\"4296\"\/>a \u00fasmevov s na\u0161imi bud\u00facimi prv\u00e1\u010dikmi &#x1f60a;<\/p>\n\n\n\n<figure class=\"wp-block-image size-large is-resized\"><img loading=\"lazy\" decoding=\"async\" width=\"1024\" height=\"724\" src=\"https:\/\/www.czslc.sk\/wp-content\/uploads\/2026\/03\/1000054099-1024x724.jpg\" alt=\"\" class=\"wp-image-38886\" style=\"width:781px;height:auto\" srcset=\"https:\/\/www.czslc.sk\/wp-content\/uploads\/2026\/03\/1000054099-1024x724.jpg 1024w, https:\/\/www.czslc.sk\/wp-content\/uploads\/2026\/03\/1000054099-300x212.jpg 300w, https:\/\/www.czslc.sk\/wp-content\/uploads\/2026\/03\/1000054099-768x543.jpg 768w, https:\/\/www.czslc.sk\/wp-content\/uploads\/2026\/03\/1000054099-1536x1086.jpg 1536w, https:\/\/www.czslc.sk\/wp-content\/uploads\/2026\/03\/1000054099-283x200.jpg 283w, https:\/\/www.czslc.sk\/wp-content\/uploads\/2026\/03\/1000054099-513x363.jpg 513w, https:\/\/www.czslc.sk\/wp-content\/uploads\/2026\/03\/1000054099.jpg 2000w\" sizes=\"auto, (max-width: 1024px) 100vw, 1024px\" \/><\/figure>\n\n\n\n<p><a href=\"https:\/\/czslc.edupage.org\/register\/\"><strong>ELEKTRONICK\u00c1 PRIHL\u00c1\u0160KA<\/strong> PRESTUPOM<\/a><\/p>\n","protected":false},"excerpt":{"rendered":"<p>REZERV\u00c1CIA TERM\u00cdNU Z\u00c1PISU DO 1. RO\u010cN\u00cdKA Z\u00e1pis do 1. ro\u010dn\u00edka Cirkevn\u00e1 z\u00e1kladn\u00e1 \u0161kola sv. J\u00e1na Bosca v Lu\u010dencina \u0161kolsk\u00fd rok 2026 \/ 2027 &#x1f392; Miesto, kde sa deti u\u010dia s rados\u0165ou a rast\u00fa ako osobnosti Mil\u00ed rodi\u010dia bud\u00facich prv\u00e1\u010dikov, pred Vami je jedno z d\u00f4le\u017eit\u00fdch rozhodnut\u00ed \u2013 v\u00fdber \u0161koly pre &hellip;<\/p>\n","protected":false},"author":1,"featured_media":0,"parent":0,"menu_order":0,"comment_status":"closed","ping_status":"closed","template":"","meta":{"ngg_post_thumbnail":0,"footnotes":""},"class_list":["post-218","page","type-page","status-publish","hentry"],"aioseo_notices":[],"_links":{"self":[{"href":"https:\/\/www.czslc.sk\/index.php?rest_route=\/wp\/v2\/pages\/218","targetHints":{"allow":["GET"]}}],"collection":[{"href":"https:\/\/www.czslc.sk\/index.php?rest_route=\/wp\/v2\/pages"}],"about":[{"href":"https:\/\/www.czslc.sk\/index.php?rest_route=\/wp\/v2\/types\/page"}],"author":[{"embeddable":true,"href":"https:\/\/www.czslc.sk\/index.php?rest_route=\/wp\/v2\/users\/1"}],"replies":[{"embeddable":true,"href":"https:\/\/www.czslc.sk\/index.php?rest_route=%2Fwp%2Fv2%2Fcomments&post=218"}],"version-history":[{"count":42,"href":"https:\/\/www.czslc.sk\/index.php?rest_route=\/wp\/v2\/pages\/218\/revisions"}],"predecessor-version":[{"id":38995,"href":"https:\/\/www.czslc.sk\/index.php?rest_route=\/wp\/v2\/pages\/218\/revisions\/38995"}],"wp:attachment":[{"href":"https:\/\/www.czslc.sk\/index.php?rest_route=%2Fwp%2Fv2%2Fmedia&parent=218"}],"curies":[{"name":"wp","href":"https:\/\/api.w.org\/{rel}","templated":true}]}}