{"id":2176,"date":"2016-05-13T08:20:33","date_gmt":"2016-05-13T06:20:33","guid":{"rendered":"http:\/\/www.czssvjanabosca.sk\/?page_id=2176"},"modified":"2025-10-01T10:46:22","modified_gmt":"2025-10-01T08:46:22","slug":"vyberove-konania","status":"publish","type":"page","link":"https:\/\/www.czslc.sk\/?page_id=2176","title":{"rendered":"V\u00fdberov\u00e9 konania"},"content":{"rendered":"\n<p><a href=\"https:\/\/www.edujobs.sk\/praca\/67292?created=1\">V\u00fdberov\u00e9 konanie na poz\u00edciu vychov\u00e1vate\u013e<\/a><\/p>\n\n\n","protected":false},"excerpt":{"rendered":"<p>V\u00fdberov\u00e9 konanie na poz\u00edciu vychov\u00e1vate\u013e<\/p>\n","protected":false},"author":1,"featured_media":0,"parent":0,"menu_order":0,"comment_status":"closed","ping_status":"open","template":"","meta":{"ngg_post_thumbnail":0,"footnotes":""},"class_list":["post-2176","page","type-page","status-publish","hentry"],"aioseo_notices":[],"_links":{"self":[{"href":"https:\/\/www.czslc.sk\/index.php?rest_route=\/wp\/v2\/pages\/2176","targetHints":{"allow":["GET"]}}],"collection":[{"href":"https:\/\/www.czslc.sk\/index.php?rest_route=\/wp\/v2\/pages"}],"about":[{"href":"https:\/\/www.czslc.sk\/index.php?rest_route=\/wp\/v2\/types\/page"}],"author":[{"embeddable":true,"href":"https:\/\/www.czslc.sk\/index.php?rest_route=\/wp\/v2\/users\/1"}],"replies":[{"embeddable":true,"href":"https:\/\/www.czslc.sk\/index.php?rest_route=%2Fwp%2Fv2%2Fcomments&post=2176"}],"version-history":[{"count":6,"href":"https:\/\/www.czslc.sk\/index.php?rest_route=\/wp\/v2\/pages\/2176\/revisions"}],"predecessor-version":[{"id":38125,"href":"https:\/\/www.czslc.sk\/index.php?rest_route=\/wp\/v2\/pages\/2176\/revisions\/38125"}],"wp:attachment":[{"href":"https:\/\/www.czslc.sk\/index.php?rest_route=%2Fwp%2Fv2%2Fmedia&parent=2176"}],"curies":[{"name":"wp","href":"https:\/\/api.w.org\/{rel}","templated":true}]}}