{"id":2028,"date":"2016-03-15T11:19:59","date_gmt":"2016-03-15T09:19:59","guid":{"rendered":"http:\/\/www.czssvjanabosca.sk\/?page_id=2028"},"modified":"2016-03-18T10:22:26","modified_gmt":"2016-03-18T08:22:26","slug":"zivotopis-bl-zdenky","status":"publish","type":"page","link":"https:\/\/www.czslc.sk\/?page_id=2028","title":{"rendered":"\u017divotopis bl. Zdenky"},"content":{"rendered":"<p><strong><em>Duch Bo\u017e\u00ed, o\u017eivuj ma!<\/em><\/strong><em>\u00a0<strong>\u00a0<\/strong>\u00a0Stvorite\u013e m\u00f4j, obnovuj ma!\u00a0Hos\u0165 du\u0161e, nav\u0161t\u00edv ma!\u00a0Mojich hriechov zbav ma!\u00a0Ot\u010de \u00faboh\u00fdch, oboha\u0165 ma!\u00a0Te\u0161ite\u013e najlep\u0161\u00ed, pote\u0161 ma!\u00a0Svojimi darmi napl\u0148 ma!\u00a0\u00d3, Duchu Sv\u00e4t\u00fd, vysly\u0161 ma!\u00a0Posv\u00e4tite\u013e m\u00f4j, posv\u00e4\u0165 ma!\u00a0Pl\u00e1polaj\u00faci ohe\u0148, roznie\u0165 ma!\u00a0\u00d3, bo\u017esk\u00e1 l\u00e1ska, opoj ma!\u00a0V\u00a0hodine smrti mojej posilni ma!\u00a0Svetlom ve\u010dnej sl\u00e1vy obla\u017e ma!\u00a0Na veky vekov.\u00a0Amen.<\/em><\/p>\n<p style=\"text-align: right;\"><em>Modlitby zo z\u00e1pisn\u00edka bl. Zdenky<\/em><\/p>\n<p>Sestra Zdenka z\u00a0Kongreg\u00e1cie milosrdn\u00fdch sestier Sv\u00e4t\u00e9ho kr\u00ed\u017ea, rodn\u00fdm menom Cec\u00edlia Schelingov\u00e1, sa narodila okolo polnoci medzi 24. a 25. decembrom 1916 v Krivej na Orave. V rokoch 1922 \u2013 1930 Cec\u00edlia nav\u0161tevovala 8-ro\u010dn\u00fa \u013eudov\u00fa \u0161kolu v\u00a0rodnej dedine. 6. j\u00fala 1931 nast\u00fapila ako kandid\u00e1tka do Kongreg\u00e1cie milosrdn\u00fdch sestier Sv\u00e4t\u00e9ho kr\u00ed\u017ea v Podunajsk\u00fdch Biskupiciach.<\/p>\n<p style=\"text-align: justify;\">\u00a0Tam po rokoch form\u00e1cie zlo\u017eila 30. janu\u00e1ra 1937 prv\u00e9 reho\u013en\u00e9 s\u013euby.\u00a0 N\u00e1sledne za\u010dala pracova\u0165\u00a0 na internom oddelen\u00ed na r\u00f6ntgene v \u0160t\u00e1tnej nemocnici v\u00a0Bratislave. V\u00a0r. 1941 \u2013 1942 pracovala ako o\u0161etrovate\u013eka v krajskej nemocnici v Humennom. Od 1942 &#8211; 29. 2. 1952 pracovala v \u0160t\u00e1tnej nemocnici v Bratislave na Miczkiewiczovej ulici ako laborantka. V\u00a0tomto obdob\u00ed &#8211; 28. janu\u00e1ra 1943 zlo\u017eila svoje ve\u010dn\u00e9 s\u013euby.<\/p>\n<p style=\"text-align: justify;\">\u00a0\u00a0\u00a0\u00a0 R\u00e1no 29. febru\u00e1ra 1952\u00a0 \u0161t\u00e1tna bezpe\u010dnos\u0165 zatkla sestru Zdenku. Dr\u017eali ju vo vy\u0161etrovacej v\u00e4zbe v Justi\u010dnom pal\u00e1ci v Bratislave a tam podrobili vy\u0161etrovaniu, ktor\u00e9 bolo spojen\u00e9 s bezoh\u013eadn\u00fdm mu\u010den\u00edm. 17. j\u00fana 1952 bola ods\u00faden\u00e1 za \u00fadajn\u00fa velezradu na 12 rokov straty slobody a 10 rokov straty ob\u010dianskych pr\u00e1v. V\u00e4znen\u00e1 bola v Rimavskej Sobote, Pardubiciach, Brne, vo v\u00e4zenskej nemocnici v Prahe na Pankr\u00e1ci, kde sa stretla s pani Helenou Wildeovou &#8211; Kordovou, ktorej jedinej zverila d\u00f4le\u017eit\u00e9 podrobnosti, predov\u0161etk\u00fdm o utrpen\u00ed vo vy\u0161etrovacej v\u00e4zbe. Svedectvo pani Heleny Wildeovej &#8211; Kordovej, sa stalo zn\u00e1mym a\u017e po 40-tich rokoch, po jej pr\u00edchode na Slovensko 27. septembra 1994.<\/p>\n<p style=\"text-align: justify;\">\u00a0Z Prahy bola sestra Zdenka 16. apr\u00edla 1955 ako \u0165a\u017eko chor\u00e1 prepusten\u00e1 z v\u00e4zenia\u00a0 a prijat\u00e1 do nemocni\u010dn\u00e9ho o\u0161etrenia v Trnave. Sestra Zdenka zomrela zaopatren\u00e1 sviatos\u0165ami 31. j\u00fala 1955 o 7.45 hod. v trnavskej nemocnici na onkologickom oddelen\u00ed. Do\u017eila sa necel\u00fdch 39 rokov.<\/p>\n<p style=\"text-align: justify;\">\u00a02. augusta 1955 boli jej telesn\u00e9 pozostatky ulo\u017een\u00e9 na Starom cintor\u00edne v Trnave. 6. apr\u00edla 1970 Krajsk\u00fd s\u00fad v Bratislave, za predsedn\u00edctva JUDr. J\u00faliusa Mate\u010dn\u00e9ho, oslobodil sestru Zdenku \u2013 Cec\u00edliu Schelingov\u00fa od \u017ealoby pre trestn\u00fd \u010din velezrady. 18. novembra 1970 Najvy\u0161\u0161\u00ed s\u00fad SSR zru\u0161il rozsudok v celom rozsahu, a t\u00fdm umo\u017enil \u00fapln\u00fa ob\u010dianskopr\u00e1vnu rehabilit\u00e1ciu sestry Zdenky.<\/p>\n<p style=\"text-align: justify;\">\u00a0V roku 1979 sa ru\u0161il Star\u00fd cintor\u00edn v Trnave, kde bol aj hrob sestry Zdenky. 15. okt\u00f3bra 1979 bola sestra Zdenka exhumovan\u00e1 spolu s desiatimi sestrami Sv\u00e4t\u00e9ho kr\u00ed\u017ea a 16. okt\u00f3bra prevezen\u00e1 na cintor\u00edn do Podunajsk\u00fdch Biskup\u00edc.<\/p>\n<p style=\"text-align: justify;\">\u00a018. septembra 2000 bol otcom arcibiskupom J\u00e1nom Sokolom v Trnave otvoren\u00fd diec\u00e9zny proces blahore\u010denia Sr. Zdenky. 16. 6. 2003 bola druh\u00e1 exhum\u00e1cia jej pozostatkov. 7. j\u00fala 2003 sa ukon\u010dila r\u00edmska f\u00e1za procesu blahore\u010denia, ke\u010f Sv\u00e4t\u00fd Otec J\u00e1n Pavol II. potvrdil blahore\u010denie sestry Zdenky Schelingovej. 14. septembra 2003 na sviatok Pov\u00fd\u0161enia Sv\u00e4t\u00e9ho kr\u00ed\u017ea dostalo Slovensko prv\u00fa blahoslaven\u00fa \u2013 reho\u013en\u00fa sestru z Kongreg\u00e1cie milosrdn\u00fdch sestier Sv\u00e4t\u00e9ho kr\u00ed\u017ea \u2013 sestru Zdenku.<\/p>\n<p style=\"text-align: justify;\">\u00a011. marca 2014 sa za\u010dala r\u00edmska f\u00e1za sv\u00e4tore\u010denia sestry Zdenky\u00a0ako z\u00e1stupkyne v\u0161etk\u00fdch mu\u010den\u00edkov komunistick\u00e9ho re\u017eimu v na\u0161ej vlasti.<\/p>\n<p style=\"text-align: justify;\"><strong>\u00a0<\/strong><\/p>\n<p style=\"text-align: center;\" align=\"center\"><span style=\"font-size: large;\"><strong>Bl. Zdenka, oroduj za n\u00e1s!<\/strong><\/span><strong><\/strong><\/p>\n","protected":false},"excerpt":{"rendered":"<p>Duch Bo\u017e\u00ed, o\u017eivuj ma!\u00a0\u00a0\u00a0Stvorite\u013e m\u00f4j, obnovuj ma!\u00a0Hos\u0165 du\u0161e, nav\u0161t\u00edv ma!\u00a0Mojich hriechov zbav ma!\u00a0Ot\u010de \u00faboh\u00fdch, oboha\u0165 ma!\u00a0Te\u0161ite\u013e najlep\u0161\u00ed, pote\u0161 ma!\u00a0Svojimi darmi napl\u0148 ma!\u00a0\u00d3, Duchu Sv\u00e4t\u00fd, vysly\u0161 ma!\u00a0Posv\u00e4tite\u013e m\u00f4j, posv\u00e4\u0165 ma!\u00a0Pl\u00e1polaj\u00faci ohe\u0148, roznie\u0165 ma!\u00a0\u00d3, bo\u017esk\u00e1 l\u00e1ska, opoj ma!\u00a0V\u00a0hodine smrti mojej posilni ma!\u00a0Svetlom ve\u010dnej sl\u00e1vy obla\u017e ma!\u00a0Na veky vekov.\u00a0Amen. Modlitby zo z\u00e1pisn\u00edka bl. &hellip;<\/p>\n","protected":false},"author":1,"featured_media":0,"parent":0,"menu_order":0,"comment_status":"closed","ping_status":"open","template":"","meta":{"ngg_post_thumbnail":0,"footnotes":""},"class_list":["post-2028","page","type-page","status-publish","hentry"],"aioseo_notices":[],"_links":{"self":[{"href":"https:\/\/www.czslc.sk\/index.php?rest_route=\/wp\/v2\/pages\/2028","targetHints":{"allow":["GET"]}}],"collection":[{"href":"https:\/\/www.czslc.sk\/index.php?rest_route=\/wp\/v2\/pages"}],"about":[{"href":"https:\/\/www.czslc.sk\/index.php?rest_route=\/wp\/v2\/types\/page"}],"author":[{"embeddable":true,"href":"https:\/\/www.czslc.sk\/index.php?rest_route=\/wp\/v2\/users\/1"}],"replies":[{"embeddable":true,"href":"https:\/\/www.czslc.sk\/index.php?rest_route=%2Fwp%2Fv2%2Fcomments&post=2028"}],"version-history":[{"count":6,"href":"https:\/\/www.czslc.sk\/index.php?rest_route=\/wp\/v2\/pages\/2028\/revisions"}],"predecessor-version":[{"id":2063,"href":"https:\/\/www.czslc.sk\/index.php?rest_route=\/wp\/v2\/pages\/2028\/revisions\/2063"}],"wp:attachment":[{"href":"https:\/\/www.czslc.sk\/index.php?rest_route=%2Fwp%2Fv2%2Fmedia&parent=2028"}],"curies":[{"name":"wp","href":"https:\/\/api.w.org\/{rel}","templated":true}]}}