{"id":2026,"date":"2016-03-15T11:17:54","date_gmt":"2016-03-15T09:17:54","guid":{"rendered":"http:\/\/www.czssvjanabosca.sk\/?page_id=2026"},"modified":"2018-04-06T09:27:00","modified_gmt":"2018-04-06T07:27:00","slug":"kaplnka-bl-zdenky","status":"publish","type":"page","link":"https:\/\/www.czslc.sk\/?page_id=2026","title":{"rendered":"Kaplnka bl. Zdenky"},"content":{"rendered":"<p><img loading=\"lazy\" decoding=\"async\" class=\" wp-image-2033 alignleft\" title=\"bl_Zdenka\" src=\"http:\/\/www.czssvjanabosca.sk\/wp-content\/uploads\/2016\/03\/bl_Zdenka-179x300.jpg\" alt=\"\" width=\"179\" height=\"300\" srcset=\"https:\/\/www.czslc.sk\/wp-content\/uploads\/2016\/03\/bl_Zdenka-179x300.jpg 179w, https:\/\/www.czslc.sk\/wp-content\/uploads\/2016\/03\/bl_Zdenka.jpg 479w\" sizes=\"auto, (max-width: 179px) 100vw, 179px\" \/><strong>Modlitba za sv\u00e4tore\u010denie bl. Zdenky<\/strong><\/p>\n<p>Ot\u010de, ty si obdaroval bl. Zdenku svetlom a mocou Ducha Sv\u00e4t\u00e9ho a dal jej milos\u0165, aby pod\u013ea pr\u00edkladu Je\u017ei\u0161a Krista viedla kres\u0165ansk\u00fd a reho\u013en\u00fd \u017eivot a\u017e po hrdinsk\u00fa mu\u010den\u00edcku smr\u0165. Pros\u00edme \u0165a, ude\u013e n\u00e1m milos\u0165 &#8230;, o ktor\u00fa pros\u00edme na jej pr\u00edhovor v n\u00e1deji, \u017ee ju Cirkev \u010doskoro pripo\u010d\u00edta k tvojim sv\u00e4t\u00fdm. Daj z\u00e1rove\u0148, aby sa pre \u013eud\u00ed na\u0161ich \u010dias stala vzorom presved\u010div\u00e9ho kres\u0165ansk\u00e9ho \u017eivota a ve\u013ekej \u00facty k&nbsp;sviatosti k\u0148azstva. Skrze Krista, n\u00e1\u0161ho P\u00e1na.<\/p>\n<p>Amen.<\/p>\n<p><a title=\"Vysv\u00e4tenie kaplnky\" href=\"http:\/\/www.czssvjanabosca.sk\/?p=2035\" rel=\"attachment wp-att-2064\"><img loading=\"lazy\" decoding=\"async\" class=\"alignright wp-image-2064\" title=\"DSC_2117_\" src=\"http:\/\/www.czssvjanabosca.sk\/wp-content\/uploads\/2016\/03\/DSC_2117_-300x242.jpg\" alt=\"\" width=\"189\" height=\"152\" srcset=\"https:\/\/www.czslc.sk\/wp-content\/uploads\/2016\/03\/DSC_2117_-300x242.jpg 300w, https:\/\/www.czslc.sk\/wp-content\/uploads\/2016\/03\/DSC_2117_-1024x827.jpg 1024w\" sizes=\"auto, (max-width: 189px) 100vw, 189px\" \/><\/a><\/p>\n<p>&nbsp;<\/p>\n<p style=\"text-align: center;\">16.3. 2016 <a title=\"Vysv\u00e4tenie kaplnky\" href=\"http:\/\/www.czslc.sk\/?p=2035\">Vysv\u00e4tenie kaplnky<\/a><\/p>\n<p>&nbsp;<\/p>\n<p>&nbsp;<\/p>\n<p><a title=\"\u017divotopis bl. Zdenky\" href=\"http:\/\/www.czslc.sk\/?page_id=2028\">\u017divotopis bl. Zdenky<\/a><\/p>\n<p>&nbsp;<\/p>\n<p><em>Zo z\u00e1pisn\u00edka blahoslavenej Zdenky:<\/em><\/p>\n<p style=\"text-align: center;\"><strong><em>ZA VERN\u00c9 PLNENIE POVINNOST\u00cd<\/em><\/strong><\/p>\n<p style=\"text-align: left;\">&nbsp;<em>M\u00f4j mil\u00fd Spasite\u013e, nedopus\u0165, aby som z\u013eahostajnela vo vernom plnen\u00ed povinnost\u00ed svojho povolania. A pozri na m\u0148a, \u017ee som si zvolila tvoje Srdce za pr\u00edbytok, aby mi bolo posilou v&nbsp;boji, podporou v&nbsp;slabosti, svetlom a vodcom v&nbsp;temnosti, zmieren\u00edm za v\u0161etky moje chyby, posv\u00e4ten\u00edm v\u0161etk\u00fdch mojich \u00famyslov a skutkov.<\/em><\/p>\n<p style=\"text-align: left;\"><em>Sp\u00e1jam svoje konanie s&nbsp;tvoj\u00edm a v\u0161etko ti obetujem, aby som sa aj takto ustavi\u010dne pripravovala na&nbsp;sv\u00e4t\u00e9 prij\u00edmanie.<\/em><\/p>\n<p style=\"text-align: right;\">Amen.<\/p>\n<p>&nbsp;<\/p>\n<p>&nbsp;<\/p>\n<p>&nbsp;<\/p>\n","protected":false},"excerpt":{"rendered":"<p>Modlitba za sv\u00e4tore\u010denie bl. Zdenky Ot\u010de, ty si obdaroval bl. Zdenku svetlom a mocou Ducha Sv\u00e4t\u00e9ho a dal jej milos\u0165, aby pod\u013ea pr\u00edkladu Je\u017ei\u0161a Krista viedla kres\u0165ansk\u00fd a reho\u013en\u00fd \u017eivot a\u017e po hrdinsk\u00fa mu\u010den\u00edcku smr\u0165. Pros\u00edme \u0165a, ude\u013e n\u00e1m milos\u0165 &#8230;, o ktor\u00fa pros\u00edme na jej pr\u00edhovor v n\u00e1deji, \u017ee &hellip;<\/p>\n","protected":false},"author":1,"featured_media":0,"parent":0,"menu_order":0,"comment_status":"closed","ping_status":"open","template":"","meta":{"ngg_post_thumbnail":0,"footnotes":""},"class_list":["post-2026","page","type-page","status-publish","hentry"],"aioseo_notices":[],"_links":{"self":[{"href":"https:\/\/www.czslc.sk\/index.php?rest_route=\/wp\/v2\/pages\/2026","targetHints":{"allow":["GET"]}}],"collection":[{"href":"https:\/\/www.czslc.sk\/index.php?rest_route=\/wp\/v2\/pages"}],"about":[{"href":"https:\/\/www.czslc.sk\/index.php?rest_route=\/wp\/v2\/types\/page"}],"author":[{"embeddable":true,"href":"https:\/\/www.czslc.sk\/index.php?rest_route=\/wp\/v2\/users\/1"}],"replies":[{"embeddable":true,"href":"https:\/\/www.czslc.sk\/index.php?rest_route=%2Fwp%2Fv2%2Fcomments&post=2026"}],"version-history":[{"count":17,"href":"https:\/\/www.czslc.sk\/index.php?rest_route=\/wp\/v2\/pages\/2026\/revisions"}],"predecessor-version":[{"id":17411,"href":"https:\/\/www.czslc.sk\/index.php?rest_route=\/wp\/v2\/pages\/2026\/revisions\/17411"}],"wp:attachment":[{"href":"https:\/\/www.czslc.sk\/index.php?rest_route=%2Fwp%2Fv2%2Fmedia&parent=2026"}],"curies":[{"name":"wp","href":"https:\/\/api.w.org\/{rel}","templated":true}]}}