{"id":20052,"date":"2018-07-20T08:45:16","date_gmt":"2018-07-20T06:45:16","guid":{"rendered":"http:\/\/www.czslc.sk\/?page_id=20052"},"modified":"2019-01-29T10:32:17","modified_gmt":"2019-01-29T08:32:17","slug":"zmluvy-roky-2016-2018","status":"publish","type":"page","link":"https:\/\/www.czslc.sk\/?page_id=20052","title":{"rendered":"Zmluvy roky 2016-2018"},"content":{"rendered":"<p>&nbsp;<\/p>\n<table width=\"1129\">\n<tbody>\n<tr>\n<td>&nbsp;<\/td>\n<td>Zmluvn\u00e1 strana<\/td>\n<td>S\u00eddlo<\/td>\n<td>Zmluva<\/td>\n<td>D\u00e1tum&nbsp;<\/td>\n<\/tr>\n<tr>\n<td>64<\/td>\n<td>P\u00f4dohospod\u00e1rska platobn\u00e1 agent\u00e1ra PPA<\/td>\n<td>Bratislava<\/td>\n<td>\u010cestn\u00e9 vyhl\u00e1senie \u0161koly<\/td>\n<td>12.9.2018<\/td>\n<\/tr>\n<tr>\n<td>63<\/td>\n<td>SZ\u0160 s M\u0160 DSA,<\/td>\n<td>Lu\u010denec<\/td>\n<td>Zmluva o dod\u00e1vke stravy<\/td>\n<td>31.8.2018<\/td>\n<\/tr>\n<tr>\n<td>62<\/td>\n<td>SPOOL, a.s.,<\/td>\n<td>Lu\u010denec<\/td>\n<td>Zmluva o pr\u00edle\u017eitostnom n\u00e1jme<\/td>\n<td>31.7.2018<\/td>\n<\/tr>\n<tr>\n<td>61<\/td>\n<td>Pavel Krp\u010diar<\/td>\n<td>Lu\u010denec<\/td>\n<td>Zmluvy o prevoze stravy I. a II<\/td>\n<td>31.8.2018\/28.9.2018<\/td>\n<\/tr>\n<tr>\n<td>60<\/td>\n<td>Slovak Telekom, a.s.<\/td>\n<td>Bratislava<\/td>\n<td>Dodatok k zmluve o poskyt. Slu\u017eieb (bezkriedy)<\/td>\n<td>1.9.2018<\/td>\n<\/tr>\n<tr>\n<td>59<\/td>\n<td>VALMAN, s.r.o., Bansk\u00e1 Bystrica<\/td>\n<td>B. Bystrica<\/td>\n<td>k\u00fapna zmluva na dod\u00e1vky ovocia, zeleniny<\/td>\n<td>23.7.2018<\/td>\n<\/tr>\n<tr>\n<td>58<\/td>\n<td>VUB banka<\/td>\n<td>Bratislava<\/td>\n<td>Potvrdenie o modifik\u00e1cii<\/td>\n<td>19.7.2018<\/td>\n<\/tr>\n<tr>\n<td>57<\/td>\n<td>VUB banka<\/td>\n<td>Bratislava<\/td>\n<td>Zmluva o be\u017enom \u00fa\u010dte<\/td>\n<td>19.7.2018<\/td>\n<\/tr>\n<tr>\n<td>56<\/td>\n<td>Komensky, s.r.o.,&nbsp;<\/td>\n<td>Ko\u0161ice<\/td>\n<td>Dodatok k zmluve o poskyt. Slu\u017eieb (bezkriedy)<\/td>\n<td>4.7.2018<\/td>\n<\/tr>\n<tr>\n<td>55<\/td>\n<td>Lackov\u00e1 \u017dofia<\/td>\n<td>Lu\u010denec<\/td>\n<td>Zmluva o poskytnut\u00ed poradenstva 2018<\/td>\n<td>1.5.2018<\/td>\n<\/tr>\n<tr>\n<td>54<\/td>\n<td>Pedagogick\u00e1 a soc. akad\u00e9mia<\/td>\n<td>Lu\u010denec<\/td>\n<td>Zmluva o poskyt. Praktick\u00e9ho vyu\u010dovania<\/td>\n<td>7.5.2018<\/td>\n<\/tr>\n<tr>\n<td>53<\/td>\n<td>MPC<\/td>\n<td>Bratislava<\/td>\n<td>Zmluva o dod\u00e1vke didaktick\u00fdch prostriedkov 2018<\/td>\n<td>3.4.2018<\/td>\n<\/tr>\n<tr>\n<td>52<\/td>\n<td>Allianz, Slovensk\u00e1 pois\u0165ov\u0148a<\/td>\n<td>Bratislava<\/td>\n<td>POISTKA \u010d. 510006928 &#8211; zmena<\/td>\n<td>14.3.2018<\/td>\n<\/tr>\n<tr>\n<td>51<\/td>\n<td>\u0160EVT, a.s.<\/td>\n<td>Bansk\u00e1 Bystrica<\/td>\n<td>Zmluva o \u00fahrade preddavkov za tovar<\/td>\n<td>&nbsp;<\/td>\n<\/tr>\n<tr>\n<td>50<\/td>\n<td>Morkov\u00e1 \u013dubica<\/td>\n<td>Lu\u010denec<\/td>\n<td>Darovacia zmluva 2017<\/td>\n<td>6.12.2017<\/td>\n<\/tr>\n<tr>\n<td>49<\/td>\n<td>Lackov\u00e1 \u017dofia<\/td>\n<td>Lu\u010denec<\/td>\n<td>Zmluva o poskytnut\u00ed poradenstva 2017<\/td>\n<td>2.11.2017<\/td>\n<\/tr>\n<tr>\n<td>48<\/td>\n<td>Continental Automotive systems Slovakia, s.r.o.<\/td>\n<td>Zvolen<\/td>\n<td>Darovacia zmluva 2017<\/td>\n<td>1.10.2017<\/td>\n<\/tr>\n<tr>\n<td>47<\/td>\n<td>Nad\u00e1cia pre deti Slovenska<\/td>\n<td>Bratislava<\/td>\n<td>Zmluva o spolupr\u00e1ci pri realiz\u00e1cii verejnej zbierky Hodina de\u0165om 2017<\/td>\n<td>23.10.2017<\/td>\n<\/tr>\n<tr>\n<td>46<\/td>\n<td>Matersk\u00e1 \u0161kola (M\u0160)&nbsp;<\/td>\n<td>Lu\u010denec<\/td>\n<td>Dohoda o spolupr\u00e1ci 2017<\/td>\n<td>30.9.2017<\/td>\n<\/tr>\n<tr>\n<td>45<\/td>\n<td>P\u00f4dohospod\u00e1rska platobn\u00e1 agent\u00e1ra&nbsp; PPA<\/td>\n<td>Bratislava<\/td>\n<td>\u010cestn\u00e9 vyhl\u00e1senie \u0161koly 2017<\/td>\n<td>12.9.2017<\/td>\n<\/tr>\n<tr>\n<td>44<\/td>\n<td>SPOOL, a.s.,<\/td>\n<td>Lu\u010denec<\/td>\n<td>Zmluva o pr\u00edle\u017eitostnom n\u00e1jme 2017<\/td>\n<td>12.9.2017<\/td>\n<\/tr>\n<tr>\n<td>43<\/td>\n<td>INNOGY<\/td>\n<td>Bratislava<\/td>\n<td>Zmluva o zdru\u017eenej dod\u00e1vke plynu 2017<\/td>\n<td>12.9.2017<\/td>\n<\/tr>\n<tr>\n<td>42<\/td>\n<td>VSE<\/td>\n<td>Ko\u0161ice<\/td>\n<td>Zmluva o zdru\u017eenej dod\u00e1vke elektriny 2017<\/td>\n<td>12.9.2017<\/td>\n<\/tr>\n<tr>\n<td>41<\/td>\n<td>Pavel Krp\u010diar<\/td>\n<td>Lu\u010denec<\/td>\n<td>Zmluva o prevoze stravy 2017<\/td>\n<td>4.9.2017<\/td>\n<\/tr>\n<tr>\n<td>40<\/td>\n<td>SZ\u0160 s M\u0160 DSA,&nbsp;<\/td>\n<td>Lu\u010denec<\/td>\n<td>Zmluva o dod\u00e1vke stravy<\/td>\n<td>31.8.2017<\/td>\n<\/tr>\n<tr>\n<td>39<\/td>\n<td>Continental Automotive systems Slovakia, s.r.o.<\/td>\n<td>Zvolen<\/td>\n<td>Darovacia zmluva 2017<\/td>\n<td>15.8.2017<\/td>\n<\/tr>\n<tr>\n<td>38<\/td>\n<td>Cirkevn\u00e1 servisn\u00e1 spolo\u010dnos\u0165<\/td>\n<td>Bratislava<\/td>\n<td>Splnomocnenie 2017<\/td>\n<td>23.5.2017<\/td>\n<\/tr>\n<tr>\n<td>37<\/td>\n<td>INNOGY<\/td>\n<td>Bratislava<\/td>\n<td>R\u00e1mcov\u00e1 dohoda \u010d. RD &#8211; x\/2016<\/td>\n<td>5.12.2016<\/td>\n<\/tr>\n<tr>\n<td>36<\/td>\n<td>VSE<\/td>\n<td>Ko\u0161ice<\/td>\n<td>R\u00e1mcov\u00e1 dohoda \u010d. RD &#8211; x\/2016<\/td>\n<td>5.12.2016<\/td>\n<\/tr>\n<tr>\n<td>35<\/td>\n<td>Univerzita Mateja Bela<\/td>\n<td>Bansk\u00e1 Bystrica<\/td>\n<td>Zmluva o pedagogickej praxi 2017<\/td>\n<td>2.2.2017<\/td>\n<\/tr>\n<tr>\n<td>34<\/td>\n<td>\u010euri\u0161kov\u00e1 Pavkov\u00e1 M\u00e1ria Ing.<\/td>\n<td>Lu\u010denec<\/td>\n<td>Zmluva o dod\u00e1vke r\u00fdchleho ob\u010derstvenia (desiaty)<\/td>\n<td>5.1.2017<\/td>\n<\/tr>\n<tr>\n<td>33<\/td>\n<td>VSE<\/td>\n<td>Ko\u0161ice<\/td>\n<td>zmena v meran\u00ed odberu elektriny<\/td>\n<td>10.1.2017<\/td>\n<\/tr>\n<tr>\n<td>32<\/td>\n<td>Lackov\u00e1 \u017dofia<\/td>\n<td>Lu\u010denec<\/td>\n<td>Zmluva o poskytovan\u00ed \u00fa\u010dtovn\u00edckych slu\u017eieb<\/td>\n<td>9.1.2017<\/td>\n<\/tr>\n<tr>\n<td>31<\/td>\n<td>Pedagogick\u00e1 a soc. akad\u00e9mia<\/td>\n<td>Lu\u010denec<\/td>\n<td>Zmluva o poskytovan\u00ed praktick\u00e9ho vyu\u010dovania<\/td>\n<td>9.1.2017<\/td>\n<\/tr>\n<tr>\n<td>30<\/td>\n<td>Rajo, a.s.<\/td>\n<td>Bratislava<\/td>\n<td>Zmluva o zabezpe\u010den\u00ed mlie\u010dnych v\u00fdrobkov<\/td>\n<td>27.12.2016<\/td>\n<\/tr>\n<tr>\n<td>29<\/td>\n<td>VSE<\/td>\n<td>Ko\u0161ice<\/td>\n<td>Dodatok \u010d. 1 k zmluve o zdru\u017eenej dod\u00e1vke elektriny<\/td>\n<td>19.12.2016<\/td>\n<\/tr>\n<tr>\n<td>28<\/td>\n<td>VSE<\/td>\n<td>Ko\u0161ice<\/td>\n<td>Zmluva o zdru\u017eenej dod\u00e1vke elektriny 2016<\/td>\n<td>27.12.2016<\/td>\n<\/tr>\n<tr>\n<td>27<\/td>\n<td>INNOGY<\/td>\n<td>Ko\u0161ice<\/td>\n<td>Zmluva o zdru\u017eenej dod\u00e1vke plynu 2016<\/td>\n<td>27.12.2016<\/td>\n<\/tr>\n<tr>\n<td>26<\/td>\n<td>Pavel Krp\u010diar<\/td>\n<td>Lu\u010denec<\/td>\n<td>Zmluva o prevoze stravy 2016<\/td>\n<td>2.9.2016<\/td>\n<\/tr>\n<tr>\n<td>25<\/td>\n<td>INNOGY<\/td>\n<td>Ko\u0161ice<\/td>\n<td>zmena v meran\u00ed odberu plynu<\/td>\n<td>19.10.2016<\/td>\n<\/tr>\n<tr>\n<td>24<\/td>\n<td>\u00darad pr\u00e1ce soc. vec\u00ed a rodiny<\/td>\n<td>Lu\u010denec<\/td>\n<td>Dohoda o skon\u010den\u00ed dohody 2016<\/td>\n<td>4.10.2016<\/td>\n<\/tr>\n<tr>\n<td>23<\/td>\n<td>Peter Pavko Mgr.<\/td>\n<td>Lu\u010denec<\/td>\n<td>Zmluva o dod\u00e1vke r\u00fdchleho ob\u010derstvenia (desiaty)<\/td>\n<td>3.10.2016<\/td>\n<\/tr>\n<tr>\n<td>22<\/td>\n<td>HOOK, s.r.o.<\/td>\n<td>Ko\u0161ice<\/td>\n<td>Zmluva na dod\u00e1vku ovocia a zeleniny 2016<\/td>\n<td>12.9.2016<\/td>\n<\/tr>\n<tr>\n<td>21<\/td>\n<td>\u00darad pr\u00e1ce soc. vec\u00ed a rodiny<\/td>\n<td>Lu\u010denec<\/td>\n<td>Dohoda \u010d. 16\/29\/051\/143 (absolventsk\u00e1 prax) 2016<\/td>\n<td>21.9.2016<\/td>\n<\/tr>\n<tr>\n<td>20<\/td>\n<td>Pedagogick\u00e1 a soc. akad\u00e9mia<\/td>\n<td>Lu\u010denec<\/td>\n<td>Dohoda o zabezpe\u010den\u00ed odbornej praxe 2016<\/td>\n<td>19.9.2016<\/td>\n<\/tr>\n<tr>\n<td>19<\/td>\n<td>P\u00f4dohospod\u00e1rska platobn\u00e1 agent\u00e1ra&nbsp; PPA<\/td>\n<td>Bratislava<\/td>\n<td>\u010cestn\u00e9 vyhl\u00e1senie \u0161koly 2016<\/td>\n<td>2016<\/td>\n<\/tr>\n<tr>\n<td>18<\/td>\n<td>Z\u00e1kladn\u00e1 \u0161kola s M\u0160<\/td>\n<td>Lu\u010denec<\/td>\n<td>Zmluva o dod\u00e1vke stravy 2016<\/td>\n<td>31.8.2016<\/td>\n<\/tr>\n<tr>\n<td>17<\/td>\n<td>VUB banka<\/td>\n<td>&nbsp;<\/td>\n<td>\u017eiados\u0165 o zmenu \u00fadajov klienta<\/td>\n<td>1.7.2016<\/td>\n<\/tr>\n<tr>\n<td>16<\/td>\n<td>Drumas plus, s.r.o.<\/td>\n<td>Lu\u010denec<\/td>\n<td>v\u00fdpove\u010f z n\u00e1jmu nebyt. Priestorov 2016<\/td>\n<td>29.7.2016<\/td>\n<\/tr>\n<tr>\n<td>15<\/td>\n<td>ecol Trade, s.r.o.<\/td>\n<td>Nitra<\/td>\n<td>Zmluva o poskytovan\u00ed slu\u017eieb 2016<\/td>\n<td>1.7.2016<\/td>\n<\/tr>\n<tr>\n<td>14<\/td>\n<td>Z\u00e1kladn\u00e1 \u0161kola s M\u0160<\/td>\n<td>Lu\u010denec<\/td>\n<td>Zmluva o dod\u00e1vke stravy 2016<\/td>\n<td>31.8.2016<\/td>\n<\/tr>\n<tr>\n<td>13<\/td>\n<td>RK cirkev<\/td>\n<td>Lu\u010denec<\/td>\n<td>Zmluva o bezplatnom u\u017e\u00edvan\u00ed nehnute\u013en\u00e9ho majetku 2016<\/td>\n<td>23.8.2016<\/td>\n<\/tr>\n<tr>\n<td>12<\/td>\n<td>SPOOL, a.s.,<\/td>\n<td>Lu\u010denec<\/td>\n<td>Zmluva o pr\u00edle\u017eitostnom n\u00e1jme 2016<\/td>\n<td>28.10.2016<\/td>\n<\/tr>\n<tr>\n<td>11<\/td>\n<td>Lackov\u00e1 \u017dofia<\/td>\n<td>Lu\u010denec<\/td>\n<td>Zmluva o poskytovan\u00ed poradensta&nbsp;<\/td>\n<td>2.11.2016<\/td>\n<\/tr>\n<tr>\n<td>10<\/td>\n<td>IVES<\/td>\n<td>Ko\u0161ice<\/td>\n<td>Zmluva o dielo&nbsp;<\/td>\n<td>28.9.2007<\/td>\n<\/tr>\n<tr>\n<td>9<\/td>\n<td>Konferencia biskupov Slovenska<\/td>\n<td>Bratislava<\/td>\n<td>Zmluva o poskytnut\u00ed fin. prostriedkov 2016<\/td>\n<td>21.6.2016<\/td>\n<\/tr>\n<tr>\n<td>8<\/td>\n<td>VUB banka<\/td>\n<td>&nbsp;<\/td>\n<td>potvrdenie o prevzat\u00ed bezpe\u010dnost. Prvkov 2016<\/td>\n<td>3.6.2016<\/td>\n<\/tr>\n<tr>\n<td>7<\/td>\n<td>SR &#8211; Centrum vedecko-tech. Inf. SR<\/td>\n<td>Bratislava<\/td>\n<td>Darovacia zmluva 2016<\/td>\n<td>12.5.2016<\/td>\n<\/tr>\n<tr>\n<td>6<\/td>\n<td>D\u00f4vera&nbsp;<\/td>\n<td>Bratislava<\/td>\n<td>Zmluva o elektronickej komunik\u00e1cii 2016<\/td>\n<td>18.5.2016<\/td>\n<\/tr>\n<tr>\n<td>5<\/td>\n<td>Pedagogick\u00e1 a soc. akad\u00e9mia<\/td>\n<td>Lu\u010denec<\/td>\n<td>Dohoda o zabezpe\u010den\u00ed odbornej praxe 2016<\/td>\n<td>6.4.2016<\/td>\n<\/tr>\n<tr>\n<td>4<\/td>\n<td>\u0160EVT, a.s.<\/td>\n<td>Bansk\u00e1 Bystrica<\/td>\n<td>Zmluva o \u00fahrade preddavkov za tovar<\/td>\n<td>2.1.2016<\/td>\n<\/tr>\n<tr>\n<td>3<\/td>\n<td>Pedagogick\u00e1 a soc. akad\u00e9mia<\/td>\n<td>Lu\u010denec<\/td>\n<td>Zmluva o poskytovan\u00ed praktick\u00e9ho vyu\u010dovania<\/td>\n<td>18.1.2016<\/td>\n<\/tr>\n<tr>\n<td>2<\/td>\n<td>ERWE Gas Slovensko<\/td>\n<td>Ko\u0161ice<\/td>\n<td>Zmluva o zdru\u017eenej dod\u00e1vke plynu 2016<\/td>\n<td>30.12.2015<\/td>\n<\/tr>\n<tr>\n<td>1<\/td>\n<td>VSE<\/td>\n<td>Ko\u0161ice<\/td>\n<td>Zmluva o zdru\u017eenej dod\u00e1vke elektriny 2016<\/td>\n<td>28.12.2015<\/td>\n<\/tr>\n<\/tbody>\n<\/table>\n","protected":false},"excerpt":{"rendered":"<p>&nbsp; &nbsp; Zmluvn\u00e1 strana S\u00eddlo Zmluva D\u00e1tum&nbsp; 64 P\u00f4dohospod\u00e1rska platobn\u00e1 agent\u00e1ra PPA Bratislava \u010cestn\u00e9 vyhl\u00e1senie \u0161koly 12.9.2018 63 SZ\u0160 s M\u0160 DSA, Lu\u010denec Zmluva o dod\u00e1vke stravy 31.8.2018 62 SPOOL, a.s., Lu\u010denec Zmluva o pr\u00edle\u017eitostnom n\u00e1jme 31.7.2018 61 Pavel Krp\u010diar Lu\u010denec Zmluvy o prevoze stravy I. a II 31.8.2018\/28.9.2018 60 &hellip;<\/p>\n","protected":false},"author":1,"featured_media":0,"parent":0,"menu_order":0,"comment_status":"closed","ping_status":"closed","template":"","meta":{"ngg_post_thumbnail":0,"footnotes":""},"class_list":["post-20052","page","type-page","status-publish","hentry"],"aioseo_notices":[],"_links":{"self":[{"href":"https:\/\/www.czslc.sk\/index.php?rest_route=\/wp\/v2\/pages\/20052","targetHints":{"allow":["GET"]}}],"collection":[{"href":"https:\/\/www.czslc.sk\/index.php?rest_route=\/wp\/v2\/pages"}],"about":[{"href":"https:\/\/www.czslc.sk\/index.php?rest_route=\/wp\/v2\/types\/page"}],"author":[{"embeddable":true,"href":"https:\/\/www.czslc.sk\/index.php?rest_route=\/wp\/v2\/users\/1"}],"replies":[{"embeddable":true,"href":"https:\/\/www.czslc.sk\/index.php?rest_route=%2Fwp%2Fv2%2Fcomments&post=20052"}],"version-history":[{"count":3,"href":"https:\/\/www.czslc.sk\/index.php?rest_route=\/wp\/v2\/pages\/20052\/revisions"}],"predecessor-version":[{"id":22119,"href":"https:\/\/www.czslc.sk\/index.php?rest_route=\/wp\/v2\/pages\/20052\/revisions\/22119"}],"wp:attachment":[{"href":"https:\/\/www.czslc.sk\/index.php?rest_route=%2Fwp%2Fv2%2Fmedia&parent=20052"}],"curies":[{"name":"wp","href":"https:\/\/api.w.org\/{rel}","templated":true}]}}