{"id":20050,"date":"2018-07-20T08:43:36","date_gmt":"2018-07-20T06:43:36","guid":{"rendered":"http:\/\/www.czslc.sk\/?page_id=20050"},"modified":"2018-07-20T08:48:10","modified_gmt":"2018-07-20T06:48:10","slug":"zmluvy-roky-2013-2015","status":"publish","type":"page","link":"https:\/\/www.czslc.sk\/?page_id=20050","title":{"rendered":"Zmluvy roky 2013-2015"},"content":{"rendered":"<p>&nbsp;<\/p>\n<table width=\"1129\">\n<tbody>\n<tr>\n<td>&nbsp;<\/td>\n<td>Zmluvn\u00e1 strana<\/td>\n<td>S\u00eddlo<\/td>\n<td>Zmluva<\/td>\n<td>&nbsp;<\/td>\n<\/tr>\n<tr>\n<td>1<\/td>\n<td>N\u00e1rodn\u00e9 \u0161portov\u00e9 centrum<\/td>\n<td>Bratislava<\/td>\n<td>Zmluva o bezodplatom prevode majetku \u0161t\u00e1tu<\/td>\n<td>&nbsp;<\/td>\n<\/tr>\n<tr>\n<td>2<\/td>\n<td>Gr\u00e9ckokatol\u00edcke arcibiskupstvo Pre\u0161ov<\/td>\n<td>Pre\u0161ov<\/td>\n<td>Ozn\u00e1menie o vyhl\u00e1sen\u00ed verejn\u00e9ho obstar\u00e1vania<\/td>\n<td>14.10.2015<\/td>\n<\/tr>\n<tr>\n<td>3<\/td>\n<td>Pedagogick\u00e1 a soci\u00e1lna akad\u00e9mia&nbsp;<\/td>\n<td>Lu\u010denec<\/td>\n<td>Dohoda o zabezpe\u010den\u00ed praktick\u00e9ho vyu\u010dovania formou odbornej praxe<\/td>\n<td>24.9.2015<\/td>\n<\/tr>\n<tr>\n<td>4<\/td>\n<td>Jaroslav Kalocsai<\/td>\n<td>Lu\u010denec<\/td>\n<td>Dohoda o dod\u00e1vke r\u00fdchleho ob\u010derstvenia (desiata)<\/td>\n<td>26.8.2015<\/td>\n<\/tr>\n<tr>\n<td>5<\/td>\n<td>MPC<\/td>\n<td>Bansk\u00e1 Bystrica<\/td>\n<td>Zmluva o dod\u00e1vke didaktick\u00fdch prostriedkov<\/td>\n<td>16.6.2015<\/td>\n<\/tr>\n<tr>\n<td>6<\/td>\n<td>DRUMAS PLUS, s.r.o.<\/td>\n<td>Lu\u010denec<\/td>\n<td>Dohoda o n\u00e1jme nebyt. Priestorov<\/td>\n<td>8.1.2015<\/td>\n<\/tr>\n<tr>\n<td>7<\/td>\n<td>VSE<\/td>\n<td>Ko\u0161ice<\/td>\n<td>Zmluva o zdru\u017eenej dod\u00e1vke elektriny<\/td>\n<td>5.5.2015<\/td>\n<\/tr>\n<tr>\n<td>8<\/td>\n<td>VSE<\/td>\n<td>Ko\u0161ice<\/td>\n<td>Pr\u00edloha \u010d. 2 k zmluve<\/td>\n<td>2015<\/td>\n<\/tr>\n<tr>\n<td>9<\/td>\n<td>R\u00edmskokatol\u00edcka cirkev<\/td>\n<td>Ro\u017e\u0148ava<\/td>\n<td>Ukon\u010denie zml\u00fav na dod\u00e1vku el. energie<\/td>\n<td>19.2.2015<\/td>\n<\/tr>\n<tr>\n<td>10<\/td>\n<td>Slovak Telekom, a.s.<\/td>\n<td>Bratislava<\/td>\n<td>Zmluva o poskytovan\u00ed verejn\u00fdch slu\u017eieb<\/td>\n<td>10.3.2015<\/td>\n<\/tr>\n<tr>\n<td>11<\/td>\n<td>Generali Pois\u0165ov\u0148a, a.s.,&nbsp;<\/td>\n<td>Bratislava<\/td>\n<td>Poistn\u00e1 zmluva&nbsp;<\/td>\n<td>23.2.2015<\/td>\n<\/tr>\n<tr>\n<td>12<\/td>\n<td>Datalan, a.s.<\/td>\n<td>Bratislava<\/td>\n<td>R\u00e1mcov\u00e1 Zmluva<\/td>\n<td>12.2.2015<\/td>\n<\/tr>\n<tr>\n<td>13<\/td>\n<td>SPP<\/td>\n<td>Bratislava<\/td>\n<td>Dodatok \u010d. 1 k zmluve o dod\u00e1vke plynu<\/td>\n<td>1.1.2015<\/td>\n<\/tr>\n<tr>\n<td>14<\/td>\n<td>V\u0161eobecn\u00e1 zdrav. Pois\u0165ov\u0148a<\/td>\n<td>Bratislava<\/td>\n<td>Zmluva o vyu\u017e\u00edvan\u00ed elektronick\u00fdch slu\u017eieb<\/td>\n<td>18.8.2007<\/td>\n<\/tr>\n<tr>\n<td>15<\/td>\n<td>VUB banka, a.s.<\/td>\n<td>Bratislava<\/td>\n<td>Zmluva o be\u017enom \u00fa\u010dte<\/td>\n<td>18.12.2014<\/td>\n<\/tr>\n<tr>\n<td>16<\/td>\n<td>VUB banka, a.s.<\/td>\n<td>Bratislava<\/td>\n<td>Zmluva o be\u017enom \u00fa\u010dte<\/td>\n<td>18.12.2014<\/td>\n<\/tr>\n<tr>\n<td>17<\/td>\n<td>VUB banka, a.s.<\/td>\n<td>Bratislava<\/td>\n<td>\u017eiados\u0165 o v\u00fdpis<\/td>\n<td>25.2.2014<\/td>\n<\/tr>\n<tr>\n<td>18<\/td>\n<td>VUB banka, a.s.<\/td>\n<td>Bratislava<\/td>\n<td>podpisov\u00fd vzor<\/td>\n<td>22.12.2014<\/td>\n<\/tr>\n<tr>\n<td>19<\/td>\n<td>ESV plus, s.r.o.,&nbsp;<\/td>\n<td>Lu\u010denec<\/td>\n<td>R\u00e1mcov\u00e1 k\u00fapna zmluva<\/td>\n<td>1.12.2014<\/td>\n<\/tr>\n<tr>\n<td>20<\/td>\n<td>Ladislav Kanaba<\/td>\n<td>Lu\u010denec<\/td>\n<td>Zmluva o poskytovan\u00ed zdravotnej slu\u017eby&nbsp;<\/td>\n<td>10.12.2014<\/td>\n<\/tr>\n<tr>\n<td>21<\/td>\n<td>EKS<\/td>\n<td>Bratislava<\/td>\n<td>zaslanie identifika\u010dn\u00fdch a autentifika\u010dn\u00fdch \u00fadajov<\/td>\n<td>9.12.2014<\/td>\n<\/tr>\n<tr>\n<td>22<\/td>\n<td>\u00darad pre verejn\u00e9 obstar\u00e1vanie<\/td>\n<td>Bratislava<\/td>\n<td>registr\u00e1cia pre pr\u00edstup do inf. Syst\u00e9mu&nbsp;<\/td>\n<td>8.12.2014<\/td>\n<\/tr>\n<tr>\n<td>23<\/td>\n<td>IVES<\/td>\n<td>Ko\u0161ice<\/td>\n<td>Zmlua o dielo<\/td>\n<td>23.10.2014<\/td>\n<\/tr>\n<tr>\n<td>24<\/td>\n<td>CBA Slovakia<\/td>\n<td>Lu\u010denec<\/td>\n<td>K\u00fapna zmluva<\/td>\n<td>11.9.2014<\/td>\n<\/tr>\n<tr>\n<td>25<\/td>\n<td>Mesto Lu\u010denec<\/td>\n<td>Lu\u010denec<\/td>\n<td>Protokol&nbsp;<\/td>\n<td>17.9.2014<\/td>\n<\/tr>\n<tr>\n<td>26<\/td>\n<td>Du\u0161an Kuttner<\/td>\n<td>Lu\u010denec<\/td>\n<td>Zmluva o dielo \u010d. 18\/2014<\/td>\n<td>2.10.2014<\/td>\n<\/tr>\n<tr>\n<td>27<\/td>\n<td>Jaroslav Kalocsai<\/td>\n<td>Lu\u010denec<\/td>\n<td>Dohoda o dod\u00e1vke r\u00fdchleho ob\u010derstvenia (desiata)<\/td>\n<td>3.9.2014<\/td>\n<\/tr>\n<tr>\n<td>28<\/td>\n<td>Pavel Krp\u010diar<\/td>\n<td>Lu\u010denec<\/td>\n<td>Zmluva o prevoze stravy<\/td>\n<td>2.9.2014<\/td>\n<\/tr>\n<tr>\n<td>29<\/td>\n<td>Lackov\u00e1 \u017dofia<\/td>\n<td>Lu\u010denec<\/td>\n<td>Zmluva o poskytovan\u00ed \u00fa\u010dtovn\u00fdch slu\u017eieb<\/td>\n<td>1.9.2014<\/td>\n<\/tr>\n<tr>\n<td>30<\/td>\n<td>WIR<\/td>\n<td>&nbsp;<\/td>\n<td>preberac\u00ed protokol &#8211; zapo\u017ei\u010danie u\u010debnej sady<\/td>\n<td>28.8.2014<\/td>\n<\/tr>\n<tr>\n<td>31<\/td>\n<td>Mesto Lu\u010denec<\/td>\n<td>Lu\u010denec<\/td>\n<td>v\u00fdpove\u010f zmluvy &#8211; odpove\u010f spracovania miezd<\/td>\n<td>4.8.2014<\/td>\n<\/tr>\n<tr>\n<td>32<\/td>\n<td>Mesto Lu\u010denec<\/td>\n<td>Lu\u010denec<\/td>\n<td>Dohoda o ukon\u010den\u00ed zmluvy o vykon\u00e1van\u00ed adminis. Spracov. Miezd<\/td>\n<td>4.8.2014<\/td>\n<\/tr>\n<tr>\n<td>33<\/td>\n<td>V\u0161eobecn\u00e1 zdrav. Pois\u0165ov\u0148a<\/td>\n<td>Bratislava<\/td>\n<td>protokol o prevzat\u00ed certifik\u00e1tu<\/td>\n<td>14.1.2016<\/td>\n<\/tr>\n<tr>\n<td>34<\/td>\n<td>M\u0160VV a \u0160 SR<\/td>\n<td>Bratislava<\/td>\n<td>Zmluva o v\u00fdpo\u017ei\u010dke&nbsp;<\/td>\n<td>21.5.2014<\/td>\n<\/tr>\n<tr>\n<td>35<\/td>\n<td>Datalan, a.s.<\/td>\n<td>Bratislava<\/td>\n<td>dodanie v\u00fdpo\u010dtovej techniky&nbsp;<\/td>\n<td>9.6.2014<\/td>\n<\/tr>\n<tr>\n<td>36<\/td>\n<td>Datalan, a.s.<\/td>\n<td>Bratislava<\/td>\n<td>pokyny na prevzatie z\u00e1sielky<\/td>\n<td>12.6.2014<\/td>\n<\/tr>\n<tr>\n<td>37<\/td>\n<td>N\u00e1rodn\u00fd \u00fastav certifikovan\u00fdch meran\u00ed vzdel\u00e1vania<\/td>\n<td>Bratislava<\/td>\n<td>Zmluva o bezodplatom prevode majetku \u0161t\u00e1tu<\/td>\n<td>12.6.2014<\/td>\n<\/tr>\n<tr>\n<td>38<\/td>\n<td>Centrum vedecko-techn. Ifn. SR<\/td>\n<td>Bratislava<\/td>\n<td>Zmluva o bezodplatom prevode majetku \u0161t\u00e1tu<\/td>\n<td>29.7.2015<\/td>\n<\/tr>\n<tr>\n<td>39<\/td>\n<td>Centrum pre filantropiu, no.<\/td>\n<td>Bratislava<\/td>\n<td>Zmluva o poskytnut\u00ed fin. pr\u00edspevku<\/td>\n<td>5.5.2014<\/td>\n<\/tr>\n<tr>\n<td>40<\/td>\n<td>V\u00fdskumn\u00fd \u00fastav detskej psychol\u00f3gie<\/td>\n<td>Bratislava<\/td>\n<td>Zmluva \u010d. 1 NP\/771\/2013 (soci\u00e1lno -patologick\u00e9 javy)<\/td>\n<td>11.12.2013<\/td>\n<\/tr>\n<tr>\n<td>41<\/td>\n<td>V\u00fdskumn\u00fd \u00fastav detskej psychol\u00f3gie<\/td>\n<td>Bratislava<\/td>\n<td>Komplexn\u00fd poradensk\u00fd syst\u00e9m prevencie<\/td>\n<td>2014<\/td>\n<\/tr>\n<tr>\n<td>42<\/td>\n<td>V\u00fdskumn\u00fd \u00fastav detskej psychol\u00f3gie<\/td>\n<td>Bratislava<\/td>\n<td>Komplexn\u00fd poradensk\u00fd syst\u00e9m prevencie<\/td>\n<td>16.6.2014<\/td>\n<\/tr>\n<tr>\n<td>43<\/td>\n<td>V\u00fdskumn\u00fd \u00fastav detskej psychol\u00f3gie<\/td>\n<td>Bratislava<\/td>\n<td>Komplexn\u00fd poradensk\u00fd syst\u00e9m prevencie<\/td>\n<td>2014<\/td>\n<\/tr>\n<tr>\n<td>44<\/td>\n<td>\u0160t\u00e1tny in\u0161tit\u00fat odborn\u00e9ho vzdel\u00e1vania<\/td>\n<td>Bratislava<\/td>\n<td width=\"508\">Zmluva o spolupr\u00e1ci pri realiz\u00e1cii projektu &#8211; podpora profes. Orient\u00e1cie \u017eiakov Z\u0160 na odborn\u00e9 vzdel\u00e1vanie<\/td>\n<td>11.4.2014<\/td>\n<\/tr>\n<tr>\n<td>45<\/td>\n<td>\u0160t\u00e1tny in\u0161tit\u00fat odborn\u00e9ho vzdel\u00e1vania<\/td>\n<td>Bratislava<\/td>\n<td>spustenie softv\u00e9rov\u00e9ho n\u00e1stroja<\/td>\n<td>2014<\/td>\n<\/tr>\n<tr>\n<td>46<\/td>\n<td>Pavel Krp\u010diar<\/td>\n<td>Lu\u010denec<\/td>\n<td>Zmluva o prevoze stravy<\/td>\n<td>2.9.2013<\/td>\n<\/tr>\n<tr>\n<td>47<\/td>\n<td>CZ\u0160<\/td>\n<td>Lu\u010denec<\/td>\n<td>Vy\u00fa\u010dtovanie prev\u00e1dzkov\u00fdch n\u00e1kladov<\/td>\n<td>3.9.2014<\/td>\n<\/tr>\n<tr>\n<td>48<\/td>\n<td>CZU\u0160<\/td>\n<td>Lu\u010denec<\/td>\n<td>Protokol o odovzdan\u00ed a prevzat\u00ed agengy \u0161koly<\/td>\n<td>3.9.2012<\/td>\n<\/tr>\n<tr>\n<td>49<\/td>\n<td>DRUMAS PLUS, s.r.o.<\/td>\n<td>Lu\u010denec<\/td>\n<td>Dohoda o n\u00e1jme nebyt. Priestorov<\/td>\n<td>8.1.2014<\/td>\n<\/tr>\n<tr>\n<td>50<\/td>\n<td>CZU\u0160<\/td>\n<td>Lu\u010denec<\/td>\n<td>Dodatok \u010d. 1 k zmluve o podie\u013ean\u00ed sa na \u00fahrade n\u00e1kladov<\/td>\n<td>1.1.2015<\/td>\n<\/tr>\n<tr>\n<td>51<\/td>\n<td>CZU\u0160<\/td>\n<td>Lu\u010denec<\/td>\n<td>Zmluva o podie\u013ean\u00ed sa na \u00fahrade n\u00e1kladov spojen\u00fdch s u\u017e\u00edvan\u00edm nehn.<\/td>\n<td>1.1.2014<\/td>\n<\/tr>\n<tr>\n<td>52<\/td>\n<td>Univerzita P J. \u0160af\u00e1rika<\/td>\n<td>Ko\u0161ice<\/td>\n<td>Zmluva o spolupr\u00e1ci&nbsp;&nbsp;&nbsp;<\/td>\n<td>5.12.2013<\/td>\n<\/tr>\n<tr>\n<td>53<\/td>\n<td>ecol Trade, s.r.o.<\/td>\n<td>Nitra<\/td>\n<td>Zmluva o poskytovan\u00ed slu\u017eieb<\/td>\n<td>11.11.2013<\/td>\n<\/tr>\n<tr>\n<td>54<\/td>\n<td>\u0160t\u00e1tny pedagogick\u00fd \u00fastav<\/td>\n<td>Bratislava<\/td>\n<td>Darovacia zmluva<\/td>\n<td>14.10.2013<\/td>\n<\/tr>\n<tr>\n<td>55<\/td>\n<td>Pavel Krp\u010diar<\/td>\n<td>Lu\u010denec<\/td>\n<td>Zmluva o prevoze stravy<\/td>\n<td>2.9.2013<\/td>\n<\/tr>\n<tr>\n<td>56<\/td>\n<td>Orange<\/td>\n<td>Bratislava<\/td>\n<td>Dodatok k zmluve o poskytovan\u00ed verejn\u00fdch slu\u017eieb<\/td>\n<td>13.6.2013<\/td>\n<\/tr>\n<tr>\n<td>57<\/td>\n<td>Z\u0160 s M\u0160&nbsp;<\/td>\n<td>Lu\u010denec<\/td>\n<td>Zmluva o dod\u00e1vke stravy<\/td>\n<td>31.1.2013<\/td>\n<\/tr>\n<tr>\n<td>58<\/td>\n<td>DRUMAS PLUS, s.r.o.<\/td>\n<td>Lu\u010denec<\/td>\n<td>Dodatok \u010d. 1 k dohode o n\u00e1jme nebyt. Priestorov<\/td>\n<td>22.1.2013<\/td>\n<\/tr>\n<tr>\n<td>59<\/td>\n<td>DRUMAS PLUS, s.r.o.<\/td>\n<td>Lu\u010denec<\/td>\n<td>Dohoda o n\u00e1jme nebyt. Priestorov<\/td>\n<td>2.1.2013<\/td>\n<\/tr>\n<tr>\n<td>60<\/td>\n<td>Spodstav, s.r.o.<\/td>\n<td>Lu\u010denec<\/td>\n<td>R\u00e1mcov\u00e1 zmluva o poskytovan\u00ed stavebn\u00fdch pr\u00e1c<\/td>\n<td>7.1.2012<\/td>\n<\/tr>\n<tr>\n<td>61<\/td>\n<td>Mesto Lu\u010denec<\/td>\n<td>Lu\u010denec<\/td>\n<td>Zmluva o poskytnut\u00ed fin. pr\u00edspevku<\/td>\n<td>12.12.2007<\/td>\n<\/tr>\n<\/tbody>\n<\/table>\n","protected":false},"excerpt":{"rendered":"<p>&nbsp; &nbsp; Zmluvn\u00e1 strana S\u00eddlo Zmluva &nbsp; 1 N\u00e1rodn\u00e9 \u0161portov\u00e9 centrum Bratislava Zmluva o bezodplatom prevode majetku \u0161t\u00e1tu &nbsp; 2 Gr\u00e9ckokatol\u00edcke arcibiskupstvo Pre\u0161ov Pre\u0161ov Ozn\u00e1menie o vyhl\u00e1sen\u00ed verejn\u00e9ho obstar\u00e1vania 14.10.2015 3 Pedagogick\u00e1 a soci\u00e1lna akad\u00e9mia&nbsp; Lu\u010denec Dohoda o zabezpe\u010den\u00ed praktick\u00e9ho vyu\u010dovania formou odbornej praxe 24.9.2015 4 Jaroslav Kalocsai Lu\u010denec Dohoda &hellip;<\/p>\n","protected":false},"author":1,"featured_media":0,"parent":0,"menu_order":0,"comment_status":"closed","ping_status":"closed","template":"","meta":{"ngg_post_thumbnail":0,"footnotes":""},"class_list":["post-20050","page","type-page","status-publish","hentry"],"aioseo_notices":[],"_links":{"self":[{"href":"https:\/\/www.czslc.sk\/index.php?rest_route=\/wp\/v2\/pages\/20050","targetHints":{"allow":["GET"]}}],"collection":[{"href":"https:\/\/www.czslc.sk\/index.php?rest_route=\/wp\/v2\/pages"}],"about":[{"href":"https:\/\/www.czslc.sk\/index.php?rest_route=\/wp\/v2\/types\/page"}],"author":[{"embeddable":true,"href":"https:\/\/www.czslc.sk\/index.php?rest_route=\/wp\/v2\/users\/1"}],"replies":[{"embeddable":true,"href":"https:\/\/www.czslc.sk\/index.php?rest_route=%2Fwp%2Fv2%2Fcomments&post=20050"}],"version-history":[{"count":2,"href":"https:\/\/www.czslc.sk\/index.php?rest_route=\/wp\/v2\/pages\/20050\/revisions"}],"predecessor-version":[{"id":20056,"href":"https:\/\/www.czslc.sk\/index.php?rest_route=\/wp\/v2\/pages\/20050\/revisions\/20056"}],"wp:attachment":[{"href":"https:\/\/www.czslc.sk\/index.php?rest_route=%2Fwp%2Fv2%2Fmedia&parent=20050"}],"curies":[{"name":"wp","href":"https:\/\/api.w.org\/{rel}","templated":true}]}}