{"id":20048,"date":"2018-07-18T10:00:16","date_gmt":"2018-07-18T08:00:16","guid":{"rendered":"http:\/\/www.czslc.sk\/?page_id=20048"},"modified":"2019-01-28T11:18:49","modified_gmt":"2019-01-28T09:18:49","slug":"faktury-maj-2018-2","status":"publish","type":"page","link":"https:\/\/www.czslc.sk\/?page_id=20048","title":{"rendered":"Fakt\u00fary m\u00e1j 2018"},"content":{"rendered":"\n<table id=\"wp-table-reloaded-id-86-no-1\" class=\"wp-table-reloaded wp-table-reloaded-id-86\">\n<tbody>\n\t<tr class=\"row-1 odd\">\n\t\t<td class=\"column-1\">Orange Slovensko a.s.<\/td><td class=\"column-2\">0102321551<\/td><td class=\"column-3\">47,08<\/td><td class=\"column-4\">2.5.2018<\/td>\n\t<\/tr>\n\t<tr class=\"row-2 even\">\n\t\t<td class=\"column-1\">A-Mole s.r.o. Kut\u00e1\u0148<\/td><td class=\"column-2\">2018034<\/td><td class=\"column-3\">135,00<\/td><td class=\"column-4\">2.5.2018<\/td>\n\t<\/tr>\n\t<tr class=\"row-3 odd\">\n\t\t<td class=\"column-1\">\u017dofia Lackov\u00e1<\/td><td class=\"column-2\">82018<\/td><td class=\"column-3\">108,00<\/td><td class=\"column-4\">3.5.2018<\/td>\n\t<\/tr>\n\t<tr class=\"row-4 even\">\n\t\t<td class=\"column-1\">\u017dofia Lackov\u00e1<\/td><td class=\"column-2\">72018<\/td><td class=\"column-3\">150,00<\/td><td class=\"column-4\">3.5.2018<\/td>\n\t<\/tr>\n\t<tr class=\"row-5 odd\">\n\t\t<td class=\"column-1\">Peter Al\u00e1\u010d P. Dravce<\/td><td class=\"column-2\">2018009<\/td><td class=\"column-3\">54,00<\/td><td class=\"column-4\">3.5.2018<\/td>\n\t<\/tr>\n\t<tr class=\"row-6 even\">\n\t\t<td class=\"column-1\">INNOGY<\/td><td class=\"column-2\">4477246795<\/td><td class=\"column-3\">584,30<\/td><td class=\"column-4\">9.5.2018<\/td>\n\t<\/tr>\n\t<tr class=\"row-7 odd\">\n\t\t<td class=\"column-1\">Szajk\u00f3 Arp\u00e1d<\/td><td class=\"column-2\">20\/2018<\/td><td class=\"column-3\">708,00<\/td><td class=\"column-4\">9.5.2018<\/td>\n\t<\/tr>\n\t<tr class=\"row-8 even\">\n\t\t<td class=\"column-1\">PRO-Factor Trnava<\/td><td class=\"column-2\">1801488<\/td><td class=\"column-3\">180,00<\/td><td class=\"column-4\">9.5.2018<\/td>\n\t<\/tr>\n\t<tr class=\"row-9 odd\">\n\t\t<td class=\"column-1\">WANAKA Ve\u013ek\u00fd \u0160ari\u0161<\/td><td class=\"column-2\">1801113<\/td><td class=\"column-3\">1.920,00<\/td><td class=\"column-4\">11.5.2018<\/td>\n\t<\/tr>\n\t<tr class=\"row-10 even\">\n\t\t<td class=\"column-1\">A-MOLE s.r.o.<\/td><td class=\"column-2\">2018038<\/td><td class=\"column-3\">45,00<\/td><td class=\"column-4\">14.5.2018<\/td>\n\t<\/tr>\n\t<tr class=\"row-11 odd\">\n\t\t<td class=\"column-1\">Mgr. Peter Turic<\/td><td class=\"column-2\">32018<\/td><td class=\"column-3\">480,00<\/td><td class=\"column-4\">16.5.2018<\/td>\n\t<\/tr>\n\t<tr class=\"row-12 even\">\n\t\t<td class=\"column-1\">Zolt\u00e1n Knapec<\/td><td class=\"column-2\">052018<\/td><td class=\"column-3\">865,00<\/td><td class=\"column-4\">16.5.2018<\/td>\n\t<\/tr>\n\t<tr class=\"row-13 odd\">\n\t\t<td class=\"column-1\">VSE<\/td><td class=\"column-2\">7293328667<\/td><td class=\"column-3\">262,20<\/td><td class=\"column-4\">16.5.2018<\/td>\n\t<\/tr>\n\t<tr class=\"row-14 even\">\n\t\t<td class=\"column-1\">Orange<\/td><td class=\"column-2\">1927741809<\/td><td class=\"column-3\">0,00<\/td><td class=\"column-4\">17.5.2018<\/td>\n\t<\/tr>\n\t<tr class=\"row-15 odd\">\n\t\t<td class=\"column-1\">T-COM<\/td><td class=\"column-2\">8207920379<\/td><td class=\"column-3\">36,67<\/td><td class=\"column-4\">25.5.2018<\/td>\n\t<\/tr>\n\t<tr class=\"row-16 even\">\n\t\t<td class=\"column-1\">MERDOK s.r.o<\/td><td class=\"column-2\">352018<\/td><td class=\"column-3\">336,00<\/td><td class=\"column-4\">25.5.2018<\/td>\n\t<\/tr>\n\t<tr class=\"row-17 odd\">\n\t\t<td class=\"column-1\">Jozef Krn\u00e1\u010d<\/td><td class=\"column-2\">46\/2018<\/td><td class=\"column-3\">40,00<\/td><td class=\"column-4\">25.5.2018<\/td>\n\t<\/tr>\n\t<tr class=\"row-18 even\">\n\t\t<td class=\"column-1\">Pavel Krp\u010diar<\/td><td class=\"column-2\">1\/5\/2018<\/td><td class=\"column-3\">60,00<\/td><td class=\"column-4\">29.5.2018<\/td>\n\t<\/tr>\n\t<tr class=\"row-19 odd\">\n\t\t<td class=\"column-1\">SZ\u0160 s M\u0160 Lu\u010denec<\/td><td class=\"column-2\">1\/5\/2018<\/td><td class=\"column-3\">141,00<\/td><td class=\"column-4\">29.5.2018<\/td>\n\t<\/tr>\n\t<tr class=\"row-20 even\">\n\t\t<td class=\"column-1\">SZ\u0160 s M\u0160 Lu\u010denec<\/td><td class=\"column-2\">2\/5\/2018<\/td><td class=\"column-3\">164,65<\/td><td class=\"column-4\">29.5.2018<\/td>\n\t<\/tr>\n\t<tr class=\"row-21 odd\">\n\t\t<td class=\"column-1\">SZ\u0160 s M\u0160 Lu\u010denec<\/td><td class=\"column-2\">1\/5\/2018<\/td><td class=\"column-3\">1.352,93<\/td><td class=\"column-4\">29.5.2018<\/td>\n\t<\/tr>\n\t<tr class=\"row-22 even\">\n\t\t<td class=\"column-1\">Rastislav Tisov\u010d\u00edk LC<\/td><td class=\"column-2\">3\/2018<\/td><td class=\"column-3\">25,70<\/td><td class=\"column-4\">30.5.2018<\/td>\n\t<\/tr>\n\t<tr class=\"row-23 odd\">\n\t\t<td class=\"column-1\">ESV plus<\/td><td class=\"column-2\">157\/2018<\/td><td class=\"column-3\">70,98<\/td><td class=\"column-4\">31.5.2018<\/td>\n\t<\/tr>\n\t<tr class=\"row-24 even\">\n\t\t<td class=\"column-1\">KOFEMIKA s.r.o.<\/td><td class=\"column-2\">218033<\/td><td class=\"column-3\">179,87<\/td><td class=\"column-4\">31.5.2018<\/td>\n\t<\/tr>\n\t<tr class=\"row-25 odd\">\n\t\t<td class=\"column-1\"><\/td><td class=\"column-2\"><\/td><td class=\"column-3\"><\/td><td class=\"column-4\"><\/td>\n\t<\/tr>\n<\/tbody>\n<\/table>\n\n","protected":false},"excerpt":{"rendered":"","protected":false},"author":1,"featured_media":0,"parent":16885,"menu_order":0,"comment_status":"closed","ping_status":"closed","template":"","meta":{"ngg_post_thumbnail":0,"footnotes":""},"class_list":["post-20048","page","type-page","status-publish","hentry"],"aioseo_notices":[],"_links":{"self":[{"href":"https:\/\/www.czslc.sk\/index.php?rest_route=\/wp\/v2\/pages\/20048","targetHints":{"allow":["GET"]}}],"collection":[{"href":"https:\/\/www.czslc.sk\/index.php?rest_route=\/wp\/v2\/pages"}],"about":[{"href":"https:\/\/www.czslc.sk\/index.php?rest_route=\/wp\/v2\/types\/page"}],"author":[{"embeddable":true,"href":"https:\/\/www.czslc.sk\/index.php?rest_route=\/wp\/v2\/users\/1"}],"replies":[{"embeddable":true,"href":"https:\/\/www.czslc.sk\/index.php?rest_route=%2Fwp%2Fv2%2Fcomments&post=20048"}],"version-history":[{"count":1,"href":"https:\/\/www.czslc.sk\/index.php?rest_route=\/wp\/v2\/pages\/20048\/revisions"}],"predecessor-version":[{"id":20049,"href":"https:\/\/www.czslc.sk\/index.php?rest_route=\/wp\/v2\/pages\/20048\/revisions\/20049"}],"up":[{"embeddable":true,"href":"https:\/\/www.czslc.sk\/index.php?rest_route=\/wp\/v2\/pages\/16885"}],"wp:attachment":[{"href":"https:\/\/www.czslc.sk\/index.php?rest_route=%2Fwp%2Fv2%2Fmedia&parent=20048"}],"curies":[{"name":"wp","href":"https:\/\/api.w.org\/{rel}","templated":true}]}}