{"id":1946,"date":"2020-02-15T10:25:00","date_gmt":"2020-02-15T08:25:00","guid":{"rendered":"http:\/\/www.czssvjanabosca.sk\/?page_id=1946"},"modified":"2026-03-10T20:37:38","modified_gmt":"2026-03-10T18:37:38","slug":"2-z-dani","status":"publish","type":"page","link":"https:\/\/www.czslc.sk\/?page_id=1946","title":{"rendered":"2% z dan\u00ed"},"content":{"rendered":"<p><strong>MIL\u00cd RODI\u010cIA A&nbsp;PRIATELIA CIRKEVNEJ Z\u00c1KLADNEJ \u0160KOLY SV. J. BOSCA,<\/strong><\/p>\n<p><strong>Je tu \u010das da\u0148ov\u00fdch priznan\u00ed, tak V\u00e1s chceme poprosi\u0165, aby ste na n\u00e1s nezabudli, ke\u010f sa budete rozhodova\u0165, komu poskytnete 2 % z&nbsp;dan\u00ed. <\/strong><\/p>\n<p>&nbsp;<\/p>\n<p><strong>\u010eakujeme v\u0161etk\u00fdm, ktor\u00ed sa rozhodli darova\u0165 n\u00e1m 2% z&nbsp;dane a&nbsp;t\u00fdm podpori\u0165 nielen vzdel\u00e1vanie ale aj v\u00fdchovu v&nbsp;duchu kres\u0165anskej mor\u00e1lky.<\/strong><\/p>\n<p><strong>Potrebn\u00e9 tla\u010div\u00e1 na stiahnutie<\/strong>:<\/p>\n<h3><a href=\"https:\/\/www.czslc.sk\/?wpfb_dl=863\">Potvrdenie o zaplaten\u00ed dane z pr\u00edjmov zo z\u00e1vislej \u010dinnosti<\/a><\/h3>\n<h3><a href=\"https:\/\/www.czslc.sk\/?wpfb_dl=861\">Vyhl\u00e1senie o pouk\u00e1zan\u00ed podielu zaplatenej dane z pr\u00edjmov fyzickej osoby<\/a><\/h3>\n<p>&nbsp;<\/p>\n","protected":false},"excerpt":{"rendered":"<p>MIL\u00cd RODI\u010cIA A&nbsp;PRIATELIA CIRKEVNEJ Z\u00c1KLADNEJ \u0160KOLY SV. J. BOSCA, Je tu \u010das da\u0148ov\u00fdch priznan\u00ed, tak V\u00e1s chceme poprosi\u0165, aby ste na n\u00e1s nezabudli, ke\u010f sa budete rozhodova\u0165, komu poskytnete 2 % z&nbsp;dan\u00ed. &nbsp; \u010eakujeme v\u0161etk\u00fdm, ktor\u00ed sa rozhodli darova\u0165 n\u00e1m 2% z&nbsp;dane a&nbsp;t\u00fdm podpori\u0165 nielen vzdel\u00e1vanie ale aj v\u00fdchovu v&nbsp;duchu &hellip;<\/p>\n","protected":false},"author":1,"featured_media":0,"parent":0,"menu_order":0,"comment_status":"closed","ping_status":"open","template":"","meta":{"ngg_post_thumbnail":0,"footnotes":""},"class_list":["post-1946","page","type-page","status-publish","hentry"],"aioseo_notices":[],"_links":{"self":[{"href":"https:\/\/www.czslc.sk\/index.php?rest_route=\/wp\/v2\/pages\/1946","targetHints":{"allow":["GET"]}}],"collection":[{"href":"https:\/\/www.czslc.sk\/index.php?rest_route=\/wp\/v2\/pages"}],"about":[{"href":"https:\/\/www.czslc.sk\/index.php?rest_route=\/wp\/v2\/types\/page"}],"author":[{"embeddable":true,"href":"https:\/\/www.czslc.sk\/index.php?rest_route=\/wp\/v2\/users\/1"}],"replies":[{"embeddable":true,"href":"https:\/\/www.czslc.sk\/index.php?rest_route=%2Fwp%2Fv2%2Fcomments&post=1946"}],"version-history":[{"count":16,"href":"https:\/\/www.czslc.sk\/index.php?rest_route=\/wp\/v2\/pages\/1946\/revisions"}],"predecessor-version":[{"id":38917,"href":"https:\/\/www.czslc.sk\/index.php?rest_route=\/wp\/v2\/pages\/1946\/revisions\/38917"}],"wp:attachment":[{"href":"https:\/\/www.czslc.sk\/index.php?rest_route=%2Fwp%2Fv2%2Fmedia&parent=1946"}],"curies":[{"name":"wp","href":"https:\/\/api.w.org\/{rel}","templated":true}]}}