{"id":16895,"date":"2018-03-06T11:25:08","date_gmt":"2018-03-06T09:25:08","guid":{"rendered":"http:\/\/www.czslc.sk\/?page_id=16895"},"modified":"2019-01-29T11:38:22","modified_gmt":"2019-01-29T09:38:22","slug":"objednavky","status":"publish","type":"page","link":"https:\/\/www.czslc.sk\/?page_id=16895","title":{"rendered":"Objedn\u00e1vky 2018"},"content":{"rendered":"<p><strong>\n<table id=\"wp-table-reloaded-id-81-no-1\" class=\"wp-table-reloaded wp-table-reloaded-id-81\">\n<tbody>\n\t<tr class=\"row-1 odd\">\n\t\t<td class=\"column-1\">Hotel Clavis<\/td><td class=\"column-2\">02\/2018<\/td><td class=\"column-3\">12.1.2018<\/td>\n\t<\/tr>\n\t<tr class=\"row-2 even\">\n\t\t<td class=\"column-1\">Woodiann S.r.o.<\/td><td class=\"column-2\">03\/2018<\/td><td class=\"column-3\">25.1.2018<\/td>\n\t<\/tr>\n\t<tr class=\"row-3 odd\">\n\t\t<td class=\"column-1\">Mgr. Hana Dobrock\u00e1 Hanezi<\/td><td class=\"column-2\">04\/2018<\/td><td class=\"column-3\">26.1.2018<\/td>\n\t<\/tr>\n\t<tr class=\"row-4 even\">\n\t\t<td class=\"column-1\">R\u00far Gas<\/td><td class=\"column-2\">05\/2018<\/td><td class=\"column-3\">30.1.2018<\/td>\n\t<\/tr>\n\t<tr class=\"row-5 odd\">\n\t\t<td class=\"column-1\">OK servis<\/td><td class=\"column-2\">06\/2018<\/td><td class=\"column-3\">8.2.2018<\/td>\n\t<\/tr>\n\t<tr class=\"row-6 even\">\n\t\t<td class=\"column-1\">RNDr. Lipt\u00e1kov\u00e1<\/td><td class=\"column-2\">07\/2018<\/td><td class=\"column-3\">12.2.2018<\/td>\n\t<\/tr>\n\t<tr class=\"row-7 odd\">\n\t\t<td class=\"column-1\">Woodiann S.r.o.<\/td><td class=\"column-2\">08\/2018<\/td><td class=\"column-3\">12.2.2018<\/td>\n\t<\/tr>\n\t<tr class=\"row-8 even\">\n\t\t<td class=\"column-1\">Koberce trend<\/td><td class=\"column-2\">09\/2018<\/td><td class=\"column-3\">12.2.2018<\/td>\n\t<\/tr>\n\t<tr class=\"row-9 odd\">\n\t\t<td class=\"column-1\">Peter Al\u00e1\u010d<\/td><td class=\"column-2\">10\/2018<\/td><td class=\"column-3\">12.2.2018<\/td>\n\t<\/tr>\n\t<tr class=\"row-10 even\">\n\t\t<td class=\"column-1\">Roman Mesiarik REVTECH<\/td><td class=\"column-2\">11\/2018<\/td><td class=\"column-3\">13.2.2018<\/td>\n\t<\/tr>\n\t<tr class=\"row-11 odd\">\n\t\t<td class=\"column-1\">Peter Al\u00e1\u010d<\/td><td class=\"column-2\">12\/2018<\/td><td class=\"column-3\">14.2.2018<\/td>\n\t<\/tr>\n\t<tr class=\"row-12 even\">\n\t\t<td class=\"column-1\">Jozef Krn\u00e1\u010d Komin\u00e1rstvo<\/td><td class=\"column-2\">13\/2018<\/td><td class=\"column-3\">19.2.2018<\/td>\n\t<\/tr>\n\t<tr class=\"row-13 odd\">\n\t\t<td class=\"column-1\">Miroslav Jackuliak Novhas<\/td><td class=\"column-2\">14\/2018<\/td><td class=\"column-3\">19.2.2018<\/td>\n\t<\/tr>\n\t<tr class=\"row-14 even\">\n\t\t<td class=\"column-1\">Jozef Adamove<\/td><td class=\"column-2\">15\/2018<\/td><td class=\"column-3\">19.2.2018<\/td>\n\t<\/tr>\n\t<tr class=\"row-15 odd\">\n\t\t<td class=\"column-1\">SPOOL a.s.<\/td><td class=\"column-2\">16\/2018<\/td><td class=\"column-3\">22.2.2018<\/td>\n\t<\/tr>\n\t<tr class=\"row-16 even\">\n\t\t<td class=\"column-1\">Adam Krtko<\/td><td class=\"column-2\">17\/2018<\/td><td class=\"column-3\">23.2.2018<\/td>\n\t<\/tr>\n\t<tr class=\"row-17 odd\">\n\t\t<td class=\"column-1\">Woodiann S.r.o.<\/td><td class=\"column-2\">18\/2018<\/td><td class=\"column-3\">28.2.2018<\/td>\n\t<\/tr>\n\t<tr class=\"row-18 even\">\n\t\t<td class=\"column-1\">Kofemika s.r.o.<\/td><td class=\"column-2\">19\/2018<\/td><td class=\"column-3\">28.2.2018<\/td>\n\t<\/tr>\n\t<tr class=\"row-19 odd\">\n\t\t<td class=\"column-1\">Finery decor s.r.o.<\/td><td class=\"column-2\">20\/2018<\/td><td class=\"column-3\">1.3.2018<\/td>\n\t<\/tr>\n\t<tr class=\"row-20 even\">\n\t\t<td class=\"column-1\">Jozef Adamove<\/td><td class=\"column-2\">21\/2018<\/td><td class=\"column-3\">5.3.2018<\/td>\n\t<\/tr>\n\t<tr class=\"row-21 odd\">\n\t\t<td class=\"column-1\">Pavol Pocklan \u0161kolsk\u00e9 potreby<\/td><td class=\"column-2\">22\/2018<\/td><td class=\"column-3\">14.3.2018<\/td>\n\t<\/tr>\n\t<tr class=\"row-22 even\">\n\t\t<td class=\"column-1\">Petit Press a.s.<\/td><td class=\"column-2\">23\/2018<\/td><td class=\"column-3\">16.3.2018<\/td>\n\t<\/tr>\n\t<tr class=\"row-23 odd\">\n\t\t<td class=\"column-1\">Karol Uhl \u2013 UK Servis<\/td><td class=\"column-2\">24\/2018<\/td><td class=\"column-3\">21.3.2018<\/td>\n\t<\/tr>\n\t<tr class=\"row-24 even\">\n\t\t<td class=\"column-1\">HANEZI<\/td><td class=\"column-2\">25\/2018<\/td><td class=\"column-3\">28.3.2018<\/td>\n\t<\/tr>\n\t<tr class=\"row-25 odd\">\n\t\t<td class=\"column-1\">Merdok s.r.o.<\/td><td class=\"column-2\">26\/2018<\/td><td class=\"column-3\">5.4.2018<\/td>\n\t<\/tr>\n\t<tr class=\"row-26 even\">\n\t\t<td class=\"column-1\">Wanaka s.r.o.<\/td><td class=\"column-2\">27\/2018<\/td><td class=\"column-3\">9.4.2018<\/td>\n\t<\/tr>\n\t<tr class=\"row-27 odd\">\n\t\t<td class=\"column-1\">Peter Al\u00e1\u010d P. Dravce<\/td><td class=\"column-2\">28\/2018<\/td><td class=\"column-3\">11.4.2018<\/td>\n\t<\/tr>\n\t<tr class=\"row-28 even\">\n\t\t<td class=\"column-1\">Insportline s.r.o.<\/td><td class=\"column-2\">29\/2018<\/td><td class=\"column-3\">18.4.2018<\/td>\n\t<\/tr>\n\t<tr class=\"row-29 odd\">\n\t\t<td class=\"column-1\">Mgr. Peter Turic M\u00e1linec<\/td><td class=\"column-2\">30\/2018<\/td><td class=\"column-3\">18.4.2018<\/td>\n\t<\/tr>\n\t<tr class=\"row-30 even\">\n\t\t<td class=\"column-1\">A-Mole s.r.o. Kurt\u00e1\u0148<\/td><td class=\"column-2\">31\/2018<\/td><td class=\"column-3\">30.4.2018<\/td>\n\t<\/tr>\n\t<tr class=\"row-31 odd\">\n\t\t<td class=\"column-1\">A-Mole s.r.o. Kurt\u00e1\u0148<\/td><td class=\"column-2\">32\/2018<\/td><td class=\"column-3\">30.4.2018<\/td>\n\t<\/tr>\n\t<tr class=\"row-32 even\">\n\t\t<td class=\"column-1\">Peter Al\u00e1\u010d P. Dravce<\/td><td class=\"column-2\">33\/2018<\/td><td class=\"column-3\">3.5.2018<\/td>\n\t<\/tr>\n\t<tr class=\"row-33 odd\">\n\t\t<td class=\"column-1\">Szajk\u00f3 \u00c1rp\u00e1d<\/td><td class=\"column-2\">34\/2018<\/td><td class=\"column-3\">3.5.2018<\/td>\n\t<\/tr>\n\t<tr class=\"row-34 even\">\n\t\t<td class=\"column-1\">Zolt\u00e1n Knapec Lu\u010denec<\/td><td class=\"column-2\">35\/2018<\/td><td class=\"column-3\">9.5.2018<\/td>\n\t<\/tr>\n\t<tr class=\"row-35 odd\">\n\t\t<td class=\"column-1\">PROMAN s.r.o.<\/td><td class=\"column-2\">36\/2018<\/td><td class=\"column-3\">10.5.2018<\/td>\n\t<\/tr>\n\t<tr class=\"row-36 even\">\n\t\t<td class=\"column-1\">Peter Al\u00e1\u010d P. Dravce<\/td><td class=\"column-2\">37\/2018<\/td><td class=\"column-3\">11.5.2018<\/td>\n\t<\/tr>\n\t<tr class=\"row-37 odd\">\n\t\t<td class=\"column-1\">Jozef Krn\u00e1\u010d Komin\u00e1rstvo<\/td><td class=\"column-2\">38\/2018<\/td><td class=\"column-3\">23.5.2018<\/td>\n\t<\/tr>\n\t<tr class=\"row-38 even\">\n\t\t<td class=\"column-1\">KOFEMIKA Hali\u010d<\/td><td class=\"column-2\">39\/2018<\/td><td class=\"column-3\">23.5.2018<\/td>\n\t<\/tr>\n\t<tr class=\"row-39 odd\">\n\t\t<td class=\"column-1\">Slovensk\u00e1 po\u0161ta<\/td><td class=\"column-2\">40\/2018<\/td><td class=\"column-3\">1.6.2018<\/td>\n\t<\/tr>\n\t<tr class=\"row-40 even\">\n\t\t<td class=\"column-1\">Zdravotn\u00edcke potreby RIO<\/td><td class=\"column-2\">41\/2018<\/td><td class=\"column-3\">19.6.2018<\/td>\n\t<\/tr>\n\t<tr class=\"row-41 odd\">\n\t\t<td class=\"column-1\">Print Trade s.r.o.<\/td><td class=\"column-2\">42\/2018<\/td><td class=\"column-3\">20.6.2018<\/td>\n\t<\/tr>\n\t<tr class=\"row-42 even\">\n\t\t<td class=\"column-1\">Hotel Clavis<\/td><td class=\"column-2\">43\/2018<\/td><td class=\"column-3\">22.6.2018<\/td>\n\t<\/tr>\n\t<tr class=\"row-43 odd\">\n\t\t<td class=\"column-1\">Print Trade<\/td><td class=\"column-2\">44\/2018<\/td><td class=\"column-3\">24.6.2018<\/td>\n\t<\/tr>\n\t<tr class=\"row-44 even\">\n\t\t<td class=\"column-1\">Richard Bodor<\/td><td class=\"column-2\">45\/2018<\/td><td class=\"column-3\">30.6.2018<\/td>\n\t<\/tr>\n\t<tr class=\"row-45 odd\">\n\t\t<td class=\"column-1\">Richard Bodor<\/td><td class=\"column-2\">46\/2018<\/td><td class=\"column-3\">30.6.2018<\/td>\n\t<\/tr>\n\t<tr class=\"row-46 even\">\n\t\t<td class=\"column-1\">MsU Lu\u010denec<\/td><td class=\"column-2\">47\/2018<\/td><td class=\"column-3\">9.7.2018<\/td>\n\t<\/tr>\n\t<tr class=\"row-47 odd\">\n\t\t<td class=\"column-1\">Mgr. Hana Dobrock\u00e1<\/td><td class=\"column-2\">48\/2018<\/td><td class=\"column-3\">12.7.2018<\/td>\n\t<\/tr>\n\t<tr class=\"row-48 even\">\n\t\t<td class=\"column-1\">MERDOK s.r.o.<\/td><td class=\"column-2\">49\/2018<\/td><td class=\"column-3\">27.8.2018<\/td>\n\t<\/tr>\n\t<tr class=\"row-49 odd\">\n\t\t<td class=\"column-1\">Merdok s.r.o.<\/td><td class=\"column-2\">50\/2018<\/td><td class=\"column-3\">31.8.2018<\/td>\n\t<\/tr>\n\t<tr class=\"row-50 even\">\n\t\t<td class=\"column-1\">MERDOK s.r.o.<\/td><td class=\"column-2\">51\/2018<\/td><td class=\"column-3\">31.8.2018<\/td>\n\t<\/tr>\n\t<tr class=\"row-51 odd\">\n\t\t<td class=\"column-1\">MERDOK s.r.o.<\/td><td class=\"column-2\">52\/2018<\/td><td class=\"column-3\">31.8.2018<\/td>\n\t<\/tr>\n\t<tr class=\"row-52 even\">\n\t\t<td class=\"column-1\">Kofemika s.r.o.<\/td><td class=\"column-2\">53\/2018<\/td><td class=\"column-3\">31.8.2018<\/td>\n\t<\/tr>\n\t<tr class=\"row-53 odd\">\n\t\t<td class=\"column-1\">Bc. Kamil Kraj\u0148\u00e1k<\/td><td class=\"column-2\">54\/2018<\/td><td class=\"column-3\">5.9.2018<\/td>\n\t<\/tr>\n\t<tr class=\"row-54 even\">\n\t\t<td class=\"column-1\">Peter Al\u00e1\u010d<\/td><td class=\"column-2\">55\/2018<\/td><td class=\"column-3\">10.9.2018<\/td>\n\t<\/tr>\n\t<tr class=\"row-55 odd\">\n\t\t<td class=\"column-1\">Kn\u00edhkupectvo Dov\u00e1\u013e<\/td><td class=\"column-2\">56\/2018<\/td><td class=\"column-3\">10.9.2018<\/td>\n\t<\/tr>\n\t<tr class=\"row-56 even\">\n\t\t<td class=\"column-1\">Centrum priemys. tovaru<\/td><td class=\"column-2\">57\/2018<\/td><td class=\"column-3\">12.9.2018<\/td>\n\t<\/tr>\n\t<tr class=\"row-57 odd\">\n\t\t<td class=\"column-1\">Woodiann s.r.o.<\/td><td class=\"column-2\">58\/2018<\/td><td class=\"column-3\">12.9.2018<\/td>\n\t<\/tr>\n\t<tr class=\"row-58 even\">\n\t\t<td class=\"column-1\">Woodiann s.r.o.<\/td><td class=\"column-2\">59\/2018<\/td><td class=\"column-3\">13.9.2018<\/td>\n\t<\/tr>\n\t<tr class=\"row-59 odd\">\n\t\t<td class=\"column-1\">Tibor Nagy<\/td><td class=\"column-2\">60\/2018<\/td><td class=\"column-3\">18.9.2018<\/td>\n\t<\/tr>\n\t<tr class=\"row-60 even\">\n\t\t<td class=\"column-1\">Tibor Nagy<\/td><td class=\"column-2\">61\/2018<\/td><td class=\"column-3\">18.9.2018<\/td>\n\t<\/tr>\n\t<tr class=\"row-61 odd\">\n\t\t<td class=\"column-1\">Centrum priemys.tovaru<\/td><td class=\"column-2\">62\/2018<\/td><td class=\"column-3\">26.9.2018<\/td>\n\t<\/tr>\n\t<tr class=\"row-62 even\">\n\t\t<td class=\"column-1\">Pavol Pocklan<\/td><td class=\"column-2\">63\/2018<\/td><td class=\"column-3\"><\/td>\n\t<\/tr>\n\t<tr class=\"row-63 odd\">\n\t\t<td class=\"column-1\">Dov\u00e1\u013e<\/td><td class=\"column-2\">64\/2018<\/td><td class=\"column-3\">1.10.2018<\/td>\n\t<\/tr>\n\t<tr class=\"row-64 even\">\n\t\t<td class=\"column-1\">CK BEST CAMP<\/td><td class=\"column-2\">65\/2018<\/td><td class=\"column-3\">8.10.2018<\/td>\n\t<\/tr>\n\t<tr class=\"row-65 odd\">\n\t\t<td class=\"column-1\">CK BEST CAMP<\/td><td class=\"column-2\">66\/2018<\/td><td class=\"column-3\">8.10.2018<\/td>\n\t<\/tr>\n\t<tr class=\"row-66 even\">\n\t\t<td class=\"column-1\">Gastrolux, s.r.o.<\/td><td class=\"column-2\">67\/2018<\/td><td class=\"column-3\">12.10.2018<\/td>\n\t<\/tr>\n\t<tr class=\"row-67 odd\">\n\t\t<td class=\"column-1\">Peter Al\u00e1\u010d<\/td><td class=\"column-2\">68\/2018<\/td><td class=\"column-3\">16.10.2018<\/td>\n\t<\/tr>\n\t<tr class=\"row-68 even\">\n\t\t<td class=\"column-1\">LIA DROGERIA\t<\/td><td class=\"column-2\">69\/2018<\/td><td class=\"column-3\">16.10.2018<\/td>\n\t<\/tr>\n\t<tr class=\"row-69 odd\">\n\t\t<td class=\"column-1\">Peter Al\u00e1\u010d\t\t\t<\/td><td class=\"column-2\">70\/2018<\/td><td class=\"column-3\">16.10.2018<\/td>\n\t<\/tr>\n\t<tr class=\"row-70 even\">\n\t\t<td class=\"column-1\">Bc. K. Kraj\u0148\u00e1k\t<\/td><td class=\"column-2\">71\/2018<\/td><td class=\"column-3\">5.11.2018<\/td>\n\t<\/tr>\n\t<tr class=\"row-71 odd\">\n\t\t<td class=\"column-1\">Bc. K. Kraj\u0148\u00e1k<\/td><td class=\"column-2\">72\/2018<br \/>\r\n<br \/>\r\n<\/td><td class=\"column-3\">5.11.2018<br \/>\r\n<br \/>\r\n<\/td>\n\t<\/tr>\n<\/tbody>\n<\/table>\n<\/strong><\/p>\n","protected":false},"excerpt":{"rendered":"","protected":false},"author":1,"featured_media":0,"parent":0,"menu_order":0,"comment_status":"closed","ping_status":"closed","template":"","meta":{"ngg_post_thumbnail":0,"footnotes":""},"class_list":["post-16895","page","type-page","status-publish","hentry"],"aioseo_notices":[],"_links":{"self":[{"href":"https:\/\/www.czslc.sk\/index.php?rest_route=\/wp\/v2\/pages\/16895","targetHints":{"allow":["GET"]}}],"collection":[{"href":"https:\/\/www.czslc.sk\/index.php?rest_route=\/wp\/v2\/pages"}],"about":[{"href":"https:\/\/www.czslc.sk\/index.php?rest_route=\/wp\/v2\/types\/page"}],"author":[{"embeddable":true,"href":"https:\/\/www.czslc.sk\/index.php?rest_route=\/wp\/v2\/users\/1"}],"replies":[{"embeddable":true,"href":"https:\/\/www.czslc.sk\/index.php?rest_route=%2Fwp%2Fv2%2Fcomments&post=16895"}],"version-history":[{"count":2,"href":"https:\/\/www.czslc.sk\/index.php?rest_route=\/wp\/v2\/pages\/16895\/revisions"}],"predecessor-version":[{"id":22128,"href":"https:\/\/www.czslc.sk\/index.php?rest_route=\/wp\/v2\/pages\/16895\/revisions\/22128"}],"wp:attachment":[{"href":"https:\/\/www.czslc.sk\/index.php?rest_route=%2Fwp%2Fv2%2Fmedia&parent=16895"}],"curies":[{"name":"wp","href":"https:\/\/api.w.org\/{rel}","templated":true}]}}