{"id":16720,"date":"2018-02-15T09:52:39","date_gmt":"2018-02-15T07:52:39","guid":{"rendered":"http:\/\/www.czslc.sk\/?page_id=16720"},"modified":"2018-02-15T09:52:39","modified_gmt":"2018-02-15T07:52:39","slug":"ocenenia-ziakov-2016-2017","status":"publish","type":"page","link":"https:\/\/www.czslc.sk\/?page_id=16720","title":{"rendered":"Ocenenia \u017eiakov  2016\/2017"},"content":{"rendered":"<p><strong>1. Vypni po\u010d\u00edta\u010d a&nbsp;sadni na bicykel \u2013 Eur\u00f3psky t\u00fd\u017ede\u0148 mobility a&nbsp;\u0161portu \u2013 22.9.2016<\/strong><br \/>\n&nbsp;&nbsp;&nbsp;&nbsp; 2. miesto: Tom\u00e1\u0161 Kuna&nbsp; \u2013 4.A<\/p>\n<p>&nbsp;<\/p>\n<p><strong>2. Obvodn\u00e9 kolo Timravina studni\u010dka \u2013 20.10.2016 \u2013 CV\u010c Magnet<\/strong><br \/>\n&nbsp;&nbsp;&nbsp;&nbsp; Matej Jakubi\u0161in \u2013 6.A<br \/>\n&nbsp;&nbsp;&nbsp;&nbsp; Tereza Kan\u00e1tov\u00e1 \u2013 7.A&nbsp; \u2013 bez umiestnenia<\/p>\n<p><strong>3. Obvodn\u00e9 kolo olympi\u00e1dy&nbsp; v&nbsp;slovenskom jazyku \u2013 15.11.2016 \u2013 CV\u010c Magnet<\/strong><br \/>\n&nbsp;&nbsp;&nbsp; 4. miesto: Marek Jakubi\u0161in \u2013 9.A<\/p>\n<p>&nbsp;<\/p>\n<p><strong>4. \u2026 a&nbsp;slovo bolo u&nbsp;Boha \u2026 \u2013 Krajsk\u00e9 kolo v&nbsp;prednese kres\u0165anskej literat\u00fary \u2013 22.11.2016<\/strong><br \/>\n&nbsp; &nbsp; &nbsp; &nbsp; III. kateg\u00f3ria \u2013 po\u00e9zia<br \/>\n&nbsp;&nbsp;&nbsp;&nbsp;&nbsp;&nbsp;&nbsp;&nbsp;&nbsp;&nbsp;&nbsp;&nbsp;&nbsp; 2. miesto: Ter\u00e9zia Kan\u00e1tov\u00e1 \u2013 7.A<\/p>\n<p>&nbsp;<\/p>\n<p><strong>5. Ochran\u00e1rik ties\u0148ov\u00e9ho volania 112 a&nbsp;CO v\u00fdtvarn\u00e1 s\u00fa\u0165a\u017e &nbsp;pre 1. stupe\u0148&nbsp; \u2013 1.12.2016<\/strong><br \/>\n&nbsp;&nbsp;&nbsp;&nbsp; 2. miesto: Tom\u00e1\u0161 Kuna<br \/>\n&nbsp;&nbsp;&nbsp;&nbsp; 3. miesto: Dominika Vargicov\u00e1<\/p>\n<p><strong>6. Okresn\u00e9 kolo v&nbsp;anglickom jazyku \u2013 17.1.2017 \u2013 CV\u010c Magnet<\/strong><br \/>\n&nbsp;&nbsp;&nbsp;&nbsp; Kateg\u00f3ria 1A<br \/>\n&nbsp;&nbsp;&nbsp;&nbsp;&nbsp;&nbsp; 6. miesto: Matej Jakubi\u0161in \u2013 6.A<br \/>\n&nbsp;&nbsp;&nbsp;&nbsp; Kateg\u00f3ria 1B<br \/>\n&nbsp;&nbsp;&nbsp;&nbsp;&nbsp;&nbsp; 6. miesto: Marek Jakubi\u0161in \u2013 9.A<\/p>\n<p><strong>7. Obvodn\u00e9 kolo v&nbsp;matematickej olympi\u00e1de \u2013 24.1.2017<\/strong><br \/>\n&nbsp;&nbsp;&nbsp;&nbsp; Kateg\u00f3ria Z9<br \/>\n&nbsp;&nbsp;&nbsp;&nbsp;&nbsp;&nbsp; 3. miesto: Jozef Mikul\u00e1\u0161 \u2013 9.A<br \/>\n&nbsp;&nbsp;&nbsp;&nbsp;&nbsp;&nbsp; 3. miesto: Jozef \u0160ev\u010d\u00edk \u2013 9.A<\/p>\n<p>&nbsp;<\/p>\n<p><strong>8. Obvodn\u00e9 kolo v&nbsp;bedmintone \u017eiakov Z\u0160 \u2013 25.1.2017 \u2013 Rocket club Lu\u010denec<\/strong><br \/>\n&nbsp;&nbsp;&nbsp;&nbsp;&nbsp; 2. miesto: Franti\u0161iek Fekete \u2013 8.A, Mat\u00fa\u0161 Sab\u00f3&nbsp; \u2013 8.A,<br \/>\n&nbsp; &nbsp; &nbsp; &nbsp; &nbsp;&nbsp;&nbsp;&nbsp;&nbsp;&nbsp;&nbsp;&nbsp;&nbsp;&nbsp;&nbsp;&nbsp;&nbsp;&nbsp;&nbsp;&nbsp; \u0160tefan \u0160alamon \u2013 9.A, Milan Balog \u2013 9.A<\/p>\n<p><strong>9. Obvodn\u00e9 kolo v&nbsp;geografickej olympi\u00e1de \u2013 7.2.2017 \u2013 CV\u010c&nbsp; Magnet<\/strong><br \/>\n&nbsp;&nbsp;&nbsp;&nbsp; Kateg\u00f3ria E<br \/>\n&nbsp;&nbsp;&nbsp;&nbsp;&nbsp;&nbsp; 1. miesto: Jozef \u0160ev\u010d\u00edk \u2013 9.A<\/p>\n<p><strong>10. Obvodn\u00e9 kolo dejepisnej olympi\u00e1dy \u2013 14.2.2017 \u2013 CV\u010c Magnet<\/strong><br \/>\n&nbsp;&nbsp;&nbsp;&nbsp;&nbsp; 2. miesto: Jozef \u0160ev\u010d\u00edk \u2013 9.A<br \/>\n&nbsp;&nbsp;&nbsp;&nbsp;&nbsp; 5. miesto: Jozef Mikul\u00e1\u0161 \u2013 9.A<br \/>\n&nbsp;&nbsp;&nbsp;&nbsp; 11. miesto: Miroslav Dov\u00e1\u013e \u2013 6.A<\/p>\n<p><strong>11. Okresn\u00e9 kolo Pytagori\u00e1dy \u2013 15.3.2017<\/strong><br \/>\n&nbsp;&nbsp;&nbsp;&nbsp;&nbsp; 2. miesto: Franti\u0161ek Mikul\u00e1\u0161 \u2013 6.A<br \/>\n&nbsp;&nbsp;&nbsp;&nbsp;&nbsp; 7. miesto: Matej Jakubi\u0161in \u2013 6.A<br \/>\n&nbsp;&nbsp;&nbsp; 10. miesto: \u0160tefan Ol\u0161iak \u2013 6.A<br \/>\n&nbsp;&nbsp;&nbsp; 11. miesto: Jakub Vacul\u010diak \u2013 6.A<br \/>\n&nbsp;&nbsp;&nbsp;&nbsp;<\/p>\n<p>&nbsp;&nbsp;&nbsp;&nbsp; 2. miesto: F\u00e1bio G\u00e1lik \u2013 4.A<br \/>\n&nbsp;&nbsp;&nbsp; 10. miesto: Vikt\u00f3ria \u010euricov\u00e1 \u2013 4.A<br \/>\n&nbsp;&nbsp;&nbsp; 14. miesto: Martin Pocklan \u2013 5.A<br \/>\n&nbsp;&nbsp;&nbsp; 15. miesto: Nikoleta \u0160napkov\u00e1 \u2013 5.A<br \/>\n&nbsp;&nbsp;&nbsp; 16.miesto. Renata Paulenkov\u00e1 \u2013 5.A<br \/>\n&nbsp;&nbsp;&nbsp; 17. miesto: Tamara Knapcov\u00e1 \u2013 5.A<br \/>\n&nbsp;&nbsp;&nbsp; 18. miesto: Michaela Cesnakov\u00e1 \u2013 5.A<\/p>\n<p>&nbsp;<\/p>\n<p><strong>12. Celoslovensk\u00e9 kolo Dob\u0161insk\u00e9ho rozpr\u00e1vkov\u00fd svet \u2013&nbsp; Z\u0160 P. Dob\u0161insk\u00e9ho \u2013 22.3.2017<\/strong><br \/>\n&nbsp;&nbsp;&nbsp;&nbsp;&nbsp; 3. miesto: Tom\u00e1\u0161 Kuna&nbsp; \u2013 4.A<\/p>\n<p><strong>13. Dekan\u00e1tne kolo Biblickej olympi\u00e1dy \u2013 22.3.20107<\/strong><br \/>\n&nbsp;&nbsp;&nbsp;&nbsp;&nbsp;&nbsp; 1. miesto: Marek Jakubi\u0161in \u2013 9.A, Jozef Mikul\u00e1\u0161 \u2013 9.A, M\u00e1rio Ol\u0161iak \u2013 8.A<\/p>\n<p><strong>14. Obvodn\u00e9 kolo Chemickej olympi\u00e1dy \u2013 23.3.2017<\/strong><br \/>\n&nbsp;&nbsp;&nbsp;&nbsp;&nbsp;&nbsp; 8. miesto: Jozef Mikul\u00e1\u0161 \u2013 9.A<br \/>\n&nbsp;&nbsp;&nbsp;&nbsp;&nbsp; 11. miesto: Jozef \u0160ev\u010d\u00edk \u2013 9.A<br \/>\n&nbsp;&nbsp;&nbsp;&nbsp;&nbsp; 12. miesto: Marek Jakubi\u0161in \u2013 9.A<br \/>\n&nbsp;&nbsp;&nbsp;&nbsp;&nbsp; 17. miesto: Petronela Paulenkov\u00e1 \u2013 9.A<\/p>\n<p><strong>15. Okresn\u00e9 kolo Vesm\u00edr o\u010dami det\u00ed \u2013 v\u00fdtvarn\u00e1 s\u00fa\u0165a\u017e<\/strong><br \/>\n&nbsp;&nbsp;&nbsp;&nbsp;&nbsp;&nbsp;&nbsp; II. kateg\u00f3ria<br \/>\n&nbsp;&nbsp;&nbsp;&nbsp;&nbsp;&nbsp;&nbsp;&nbsp;&nbsp; 2. miesto: Simona Giba\u013eov\u00e1 \u2013 2.A<br \/>\n&nbsp;&nbsp;&nbsp;&nbsp;&nbsp;&nbsp;&nbsp;&nbsp;&nbsp; 3. miesto: Tom\u00e1\u0161 Kuna \u2013 4.A<br \/>\n&nbsp;&nbsp;&nbsp;&nbsp;&nbsp;&nbsp;&nbsp;&nbsp;&nbsp; Vikt\u00f3ria P\u00e1le\u0161ov\u00e1 \u2013 \u010destn\u00e9 uznanie<br \/>\n&nbsp;&nbsp;&nbsp;&nbsp;&nbsp;&nbsp;&nbsp;&nbsp;&nbsp; Katar\u00edna Farka\u0161ov\u00e1 \u2013 \u010destn\u00e9 uznanie<\/p>\n<p><strong>16. Krajsk\u00e9 kolo \u2013 Dejepisn\u00e1 olympi\u00e1da \u2013 27.3.2017 \u2013 Bansk\u00e1 Bystrica<\/strong><br \/>\n&nbsp;&nbsp;&nbsp;&nbsp;&nbsp; 12. miesto: Jozef \u0160ev\u010d\u00edk \u2013 9.A<\/p>\n<p><strong>17. Okresn\u00e9 kolo \u2013 \u010co vie\u0161 o&nbsp;hviezdach&nbsp; \u2013 28.3.2017 \u2013 CV\u010c Magnet<\/strong><br \/>\n&nbsp;&nbsp;&nbsp;&nbsp;&nbsp;&nbsp; 2. kateg\u00f3ria<br \/>\n&nbsp;&nbsp;&nbsp;&nbsp;&nbsp;&nbsp;&nbsp;&nbsp;&nbsp;&nbsp;&nbsp; 2. miesto: Jozef \u0160ev\u010d\u00edk \u2013 9.A<br \/>\n&nbsp;&nbsp;&nbsp;&nbsp;&nbsp;&nbsp;&nbsp;&nbsp;&nbsp;&nbsp;&nbsp; 6. miesto: Jozef Mikul\u00e1\u0161 \u2013 9.A<br \/>\n&nbsp;&nbsp;&nbsp;&nbsp;&nbsp;&nbsp;&nbsp;&nbsp;&nbsp;&nbsp;&nbsp; 8. miesto: \u0160tefan \u0160alamon<\/p>\n<p><strong>18. Obvodn\u00e9 kolo Biologickej olympi\u00e1dy \u2013 29.3.2017<\/strong><br \/>\n&nbsp;&nbsp;&nbsp;&nbsp;&nbsp; Botanika<br \/>\n&nbsp;&nbsp;&nbsp;&nbsp;&nbsp;&nbsp; 4. miesto: Petronela Paulenkov\u00e1 \u2013 9.A<\/p>\n<p>&nbsp;<\/p>\n<p>&nbsp;&nbsp;&nbsp;&nbsp; Geol\u00f3gia<br \/>\n&nbsp;&nbsp;&nbsp;&nbsp;&nbsp;&nbsp; 3. miesto: Jozef \u0160ev\u010d\u00edk \u2013 9.A<\/p>\n<p><strong>19. Okresn\u00e9 kolo \u2013 Matematick\u00e1 olympi\u00e1da \u2013 4.4.2017 a&nbsp;5.4.2017<\/strong><br \/>\n&nbsp;&nbsp;&nbsp;&nbsp;&nbsp; 1.miesto: Jozef Mikul\u00e1\u0161 \u2013 9.A<br \/>\n&nbsp;&nbsp;&nbsp;&nbsp;&nbsp; 4.miesto: Marek Jakubi\u0161in \u2013 9.A<br \/>\n&nbsp;&nbsp;&nbsp;&nbsp;&nbsp; 6.miesto: Jozef \u0160ev\u010d\u00edk \u2013 9.A<br \/>\n&nbsp;&nbsp;&nbsp;&nbsp;&nbsp; 9. miesto: Franti\u0161ek Mikul\u00e1\u0161 \u2013 6.A<\/p>\n<p><strong>20. Krajsk\u00e9 kolo \u2013 Matematick\u00e1 olympi\u00e1da \u2013 21.3.2017 \u2013 Bansk\u00e1 Bystrica<\/strong><br \/>\n&nbsp;&nbsp;&nbsp;&nbsp;&nbsp; 8-11.miesto: Jozef Mikul\u00e1\u0161 \u2013 9.A<br \/>\n&nbsp;&nbsp;&nbsp;&nbsp;&nbsp; Jozef \u0160ev\u010d\u00edk \u2013 ne\u00faspe\u0161n\u00fd rie\u0161ite\u013e<\/p>\n<p>&nbsp;<\/p>\n<p><strong>21. Diec\u00e9zne kolo Biblickej olympi\u00e1dy \u2013 19.4.2017 \u2013 Ro\u017e\u0148ava<\/strong><br \/>\n&nbsp;&nbsp;&nbsp;&nbsp;&nbsp; 1. miesto: Marek Jakubi\u0161in \u2013 9.A, Jozef Mikul\u00e1\u0161 \u2013 9.A, M\u00e1rio Ol\u0161iak \u2013 8.A<\/p>\n<p>&nbsp;<\/p>\n<p><strong>22. Diec\u00e9zne kolo Biblia o\u010dami det\u00ed \u2013 v\u00fdtvarn\u00e1 s\u00fa\u0165a\u017e \u2013 19.4.2017 \u2013 Ro\u017e\u0148ava<\/strong><br \/>\n&nbsp;&nbsp;&nbsp;&nbsp;&nbsp;&nbsp; III. kateg\u00f3ria<br \/>\n&nbsp;&nbsp;&nbsp;&nbsp;&nbsp;&nbsp;&nbsp;&nbsp; 1.miesto: Tom\u00e1\u0161 Kuna \u2013 4.A<\/p>\n<p><strong>23. Br\u00e1na jazykov \u2013 s\u00fa\u0165a\u017e lu\u010deneck\u00fdch \u0161k\u00f4l \u2013 Z\u0160 M. R. \u0160tef\u00e1nika \u2013 24.4.2017<\/strong><br \/>\n&nbsp;&nbsp;&nbsp;&nbsp; 4.miesto: Marek Jakubi\u0161in \u2013 9.A, Jozef Mikul\u00e1\u0161 \u2013 9.A, \u0160tefan \u0160alamon \u2013 9.A,<br \/>\n&nbsp;&nbsp;&nbsp;&nbsp; M\u00e1rio Ol\u0161iak \u2013 8.A<\/p>\n<p><strong>24. Krajsk\u00e9 kolo Geografickej olympi\u00e1dy \u2013 26.4.2017 \u2013 Bansk\u00e1 Bystrica<\/strong><br \/>\n&nbsp;&nbsp;&nbsp;&nbsp;&nbsp; 1. miesto: Jozef \u0160ev\u010d\u00edk \u2013 9.A<\/p>\n<p><strong>25. Dru\u017estv\u00e1 mlad\u00fdch zdravotn\u00edkov I. stupe\u0148 \u2013 Slovensk\u00fd \u010derven\u00fd kr\u00ed\u017e \u2013 28.4.2017<\/strong><br \/>\n&nbsp;&nbsp;&nbsp;&nbsp; 11. miesto: CZ\u0160 Lu\u010denec<\/p>\n<p><strong>26. Okresn\u00e9 kolo atletiky \u2013 19.5.2017-&nbsp; Z\u0160 Novomesk\u00e9ho Lu\u010denec<\/strong><br \/>\n&nbsp;&nbsp;&nbsp;&nbsp;&nbsp;&nbsp; Beh na 60 m<br \/>\n&nbsp;&nbsp;&nbsp;&nbsp;&nbsp;&nbsp; 7. miesto: Peter Pa\u017e\u00edtka \u2013 9.A<br \/>\n&nbsp;&nbsp;&nbsp;&nbsp;&nbsp;&nbsp;<\/p>\n<p>&nbsp;&nbsp;&nbsp;&nbsp;&nbsp;&nbsp; Vrh gu\u013eou<br \/>\n&nbsp;&nbsp;&nbsp;&nbsp;&nbsp;&nbsp; 8. miesto: Peter pa\u017e\u00edtka \u2013 9.A<br \/>\n&nbsp;&nbsp;&nbsp;&nbsp; 17. miesto: Samuil Py\u0161kin \u2013 9.A<\/p>\n<p>&nbsp;&nbsp;&nbsp;&nbsp;&nbsp;&nbsp; Kriketka<br \/>\n&nbsp;&nbsp;&nbsp;&nbsp; 30. miesto: Samuil Py\u0161kin \u2013 9.A<br \/>\n&nbsp;&nbsp;&nbsp;&nbsp; 27. Dilongova Trsten\u00e1 \u2013 recita\u010dn\u00e1 s\u00fa\u0165a\u017e \u2013 2.6.2017 \u2013 Trsten\u00e1<br \/>\n&nbsp;&nbsp;&nbsp;&nbsp;&nbsp;<\/p>\n<p>&nbsp;&nbsp;&nbsp;&nbsp;&nbsp; 3. miesto: Ter\u00e9zia Kan\u00e1tov\u00e1 \u2013 7.A<br \/>\n&nbsp;&nbsp;&nbsp;&nbsp;&nbsp; Bez umiestnenia \u2013 Michaela Lastovkov\u00e1 a&nbsp;Martin Pocklan \u2013 5.A<\/p>\n<p><strong>28. Pam\u00e4tn\u00fd beh J. Szab\u00f3a \u2013 8.6.2017 \u2013 Lu\u010denec<\/strong><br \/>\n&nbsp;&nbsp;&nbsp;&nbsp;&nbsp; 1. miesto: Mariela Krahulecov\u00e1 \u2013 7.A<br \/>\n&nbsp;&nbsp;&nbsp;&nbsp;&nbsp; 2. miesto: Nat\u00e1lia Tok\u00e1rov\u00e1 \u2013 1.A<br \/>\n&nbsp; &nbsp; &nbsp;&nbsp; &nbsp;&nbsp;&nbsp;&nbsp;&nbsp;&nbsp;&nbsp;&nbsp;&nbsp;&nbsp;&nbsp;&nbsp;&nbsp;&nbsp;&nbsp; Lionel T\u00f3th \u2013 2.A<br \/>\n&nbsp;&nbsp;&nbsp;&nbsp;&nbsp;&nbsp; 3. miesto: Dominik Lacko \u2013 3.A<br \/>\n&nbsp; &nbsp; &nbsp; &nbsp; &nbsp; &nbsp;&nbsp;&nbsp;&nbsp;&nbsp;&nbsp;&nbsp; &nbsp;&nbsp;&nbsp;&nbsp;&nbsp; Adam \u0160eb\u00f6k \u2013 6.A<\/p>\n","protected":false},"excerpt":{"rendered":"<p>1. Vypni po\u010d\u00edta\u010d a&nbsp;sadni na bicykel \u2013 Eur\u00f3psky t\u00fd\u017ede\u0148 mobility a&nbsp;\u0161portu \u2013 22.9.2016 &nbsp;&nbsp;&nbsp;&nbsp; 2. miesto: Tom\u00e1\u0161 Kuna&nbsp; \u2013 4.A &nbsp; 2. Obvodn\u00e9 kolo Timravina studni\u010dka \u2013 20.10.2016 \u2013 CV\u010c Magnet &nbsp;&nbsp;&nbsp;&nbsp; Matej Jakubi\u0161in \u2013 6.A &nbsp;&nbsp;&nbsp;&nbsp; Tereza Kan\u00e1tov\u00e1 \u2013 7.A&nbsp; \u2013 bez umiestnenia 3. Obvodn\u00e9 kolo olympi\u00e1dy&nbsp; v&nbsp;slovenskom jazyku &hellip;<\/p>\n","protected":false},"author":1,"featured_media":0,"parent":0,"menu_order":0,"comment_status":"closed","ping_status":"closed","template":"","meta":{"ngg_post_thumbnail":0,"footnotes":""},"class_list":["post-16720","page","type-page","status-publish","hentry"],"aioseo_notices":[],"_links":{"self":[{"href":"https:\/\/www.czslc.sk\/index.php?rest_route=\/wp\/v2\/pages\/16720","targetHints":{"allow":["GET"]}}],"collection":[{"href":"https:\/\/www.czslc.sk\/index.php?rest_route=\/wp\/v2\/pages"}],"about":[{"href":"https:\/\/www.czslc.sk\/index.php?rest_route=\/wp\/v2\/types\/page"}],"author":[{"embeddable":true,"href":"https:\/\/www.czslc.sk\/index.php?rest_route=\/wp\/v2\/users\/1"}],"replies":[{"embeddable":true,"href":"https:\/\/www.czslc.sk\/index.php?rest_route=%2Fwp%2Fv2%2Fcomments&post=16720"}],"version-history":[{"count":1,"href":"https:\/\/www.czslc.sk\/index.php?rest_route=\/wp\/v2\/pages\/16720\/revisions"}],"predecessor-version":[{"id":16721,"href":"https:\/\/www.czslc.sk\/index.php?rest_route=\/wp\/v2\/pages\/16720\/revisions\/16721"}],"wp:attachment":[{"href":"https:\/\/www.czslc.sk\/index.php?rest_route=%2Fwp%2Fv2%2Fmedia&parent=16720"}],"curies":[{"name":"wp","href":"https:\/\/api.w.org\/{rel}","templated":true}]}}