{"id":1657,"date":"2015-06-23T08:41:24","date_gmt":"2015-06-23T06:41:24","guid":{"rendered":"http:\/\/www.czssvjanabosca.sk\/?page_id=1657"},"modified":"2025-10-01T10:47:32","modified_gmt":"2025-10-01T08:47:32","slug":"volne-pracovne-miesta","status":"publish","type":"page","link":"https:\/\/www.czslc.sk\/?page_id=1657","title":{"rendered":"Vo\u013en\u00e9 pracovn\u00e9 miesta"},"content":{"rendered":"\n<h1><a href=\"https:\/\/www.edujobs.sk\/praca\/66792?regions=6&amp;positions=1\">U\u010dite\u013e\/ka Z\u0160 (1. stupe\u0148)<\/a><\/h1>\n\n\n\n\n\n<h1><a href=\"https:\/\/www.edujobs.sk\/praca\/67292?created=1\">Vychov\u00e1vate\u013e<\/a><\/h1>\n","protected":false},"excerpt":{"rendered":"<p>U\u010dite\u013e\/ka Z\u0160 (1. stupe\u0148) Vychov\u00e1vate\u013e<\/p>\n","protected":false},"author":1,"featured_media":0,"parent":0,"menu_order":0,"comment_status":"closed","ping_status":"open","template":"","meta":{"ngg_post_thumbnail":0,"footnotes":""},"class_list":["post-1657","page","type-page","status-publish","hentry"],"aioseo_notices":[],"_links":{"self":[{"href":"https:\/\/www.czslc.sk\/index.php?rest_route=\/wp\/v2\/pages\/1657","targetHints":{"allow":["GET"]}}],"collection":[{"href":"https:\/\/www.czslc.sk\/index.php?rest_route=\/wp\/v2\/pages"}],"about":[{"href":"https:\/\/www.czslc.sk\/index.php?rest_route=\/wp\/v2\/types\/page"}],"author":[{"embeddable":true,"href":"https:\/\/www.czslc.sk\/index.php?rest_route=\/wp\/v2\/users\/1"}],"replies":[{"embeddable":true,"href":"https:\/\/www.czslc.sk\/index.php?rest_route=%2Fwp%2Fv2%2Fcomments&post=1657"}],"version-history":[{"count":37,"href":"https:\/\/www.czslc.sk\/index.php?rest_route=\/wp\/v2\/pages\/1657\/revisions"}],"predecessor-version":[{"id":38126,"href":"https:\/\/www.czslc.sk\/index.php?rest_route=\/wp\/v2\/pages\/1657\/revisions\/38126"}],"wp:attachment":[{"href":"https:\/\/www.czslc.sk\/index.php?rest_route=%2Fwp%2Fv2%2Fmedia&parent=1657"}],"curies":[{"name":"wp","href":"https:\/\/api.w.org\/{rel}","templated":true}]}}