{"id":1482,"date":"2015-03-30T11:42:56","date_gmt":"2015-03-30T09:42:56","guid":{"rendered":"http:\/\/www.czssvjanabosca.sk\/?page_id=1482"},"modified":"2020-03-02T20:48:48","modified_gmt":"2020-03-02T18:48:48","slug":"svaty-jan-bosco-patron-cirkevnej-zakladnej-skoly","status":"publish","type":"page","link":"https:\/\/www.czslc.sk\/?page_id=1482","title":{"rendered":"Sv\u00e4t\u00fd J\u00e1n Bosco"},"content":{"rendered":"<p>Sviatok:&nbsp;31. janu\u00e1r<a title=\"Don Bosco \u2013 200. narodeniny\" href=\"http:\/\/www.czssvjanabosca.sk\/?page_id=1706\" rel=\"attachment wp-att-1703\"><img loading=\"lazy\" decoding=\"async\" class=\"wp-image-1703 alignright\" title=\"Don Bosco\" src=\"http:\/\/www.czssvjanabosca.sk\/wp-content\/uploads\/2015\/03\/img863-246x300.jpg\" alt=\"\" width=\"137\" height=\"169\" \/><\/a><\/p>\n<p>Roky \u017eivota:&nbsp;1815-1888<\/p>\n<p>V\u00fdznam mena J\u00e1n:&nbsp;Boh je milostiv\u00fd (hebr.)<\/p>\n<p>Patr\u00f3n vychov\u00e1vate\u013eov, ml\u00e1de\u017ee, u\u010d\u0148ov<\/p>\n<p style=\"text-align: justify;\">Sv. J\u00e1n Bosco, \u013eudovo naz\u00fdvan\u00fd don Bosco, sa narodil 16. augusta 1815 v malej horskej osade Becchi v Taliansku. Becchi patrilo k meste\u010dku Castelnuovo d\u2019Asti v kraji Piemont. Jeho otec sa volal Franti\u0161ek a mama Margita, roden\u00e1 Occhienov\u00e1. Otec bol u\u017e druh\u00fdkr\u00e1t \u017eenat\u00fd, preto\u017ee prv\u00e1 man\u017eelka mu zomrela. Z prv\u00e9ho man\u017eelstva mal syna Antona a z druh\u00e9ho sa narodili Jozef a J\u00e1n. Ke\u010f mal mal\u00fd Janko 2 roky, otec zomrel na z\u00e1pal p\u013e\u00fac ako 33-ro\u010dn\u00fd. Mama Margita ich teda vychov\u00e1vala sama. Najmlad\u0161\u00ed J\u00e1n mal ve\u013ek\u00e9 nadanie. Ako chlapec vystr\u00e1jal v\u0161elijak\u00e9 akrobatick\u00e9 a \u010darodejn\u00edcke k\u00fasky, \u010d\u00edm si ho mnoh\u00ed \u013eudia v dedine ob\u013e\u00fabili. Okrem toho mal v\u00fdborn\u00fa pam\u00e4\u0165. Jeden staru\u010dk\u00fd k\u0148az ho nau\u010dil \u010d\u00edta\u0165 a p\u00edsa\u0165, a tak \u010dasto \u010d\u00edtaval ostatn\u00fdm dedin\u010danom knihy alebo im opakoval k\u00e1zne, \u010do po\u010dul v kostole. Ako dev\u00e4\u0165ro\u010dn\u00e9mu sa mu sn\u00edvalo, \u017ee videl mnoho det\u00ed, ktor\u00e9 vrieskali, kliali a vystr\u00e1jali nezbednosti. Videl sa tam aj on s\u00e1m. Najsk\u00f4r im dohov\u00e1ral, no potom sa medzi nich vrhol a za\u010dal ich ml\u00e1ti\u0165, aby prestali. No zrazu sa k nemu pribl\u00ed\u017eila z\u00e1hadn\u00e1 postava, ktor\u00e1 mu povedala: \u201eNie tak! Nie n\u00e1sil\u00edm! Iba l\u00e1skavo, ak si chce\u0161 z\u00edska\u0165 ich priate\u013estvo!\u201c On si dal poveda\u0165 a zrazu boli hunc\u00fati krotk\u00ed ako bar\u00e1nky. Hlas tajomnej postavy mu \u010falej povedal: \u201eVezmi si svoju pastiersku palicu a zave\u010f ich na pa\u0161u. Nesk\u00f4r pochop\u00ed\u0161 zmysel tohto videnia.\u201c Aj nesk\u00f4r na to don Bosco spom\u00ednal ako na prv\u00fd impulz, aby sa venoval ml\u00e1de\u017ei, najm\u00e4 tak\u00fdm, ktor\u00fdm sa nik nevenuje. Ke\u010f\u017ee doma nastali probl\u00e9my s nevlastn\u00fdm bratom Antonom, ktor\u00e9mu sa zdalo, \u017ee sa J\u00e1n nad neho povy\u0161uje, odi\u0161iel rad\u0161ej do slu\u017eby na sedliacky majetok, kde str\u00e1vil dva roky. Po n\u00e1vrate, ke\u010f mal 15 rokov, za\u010dal chodi\u0165 do \u0161koly v Castelnuove, ktor\u00e9 bolo asi 5 km od osady. Chodieval pe\u0161i, niekedy dvakr\u00e1t denne. O rok za\u010dal chodi\u0165 do mesta Chieri, ktor\u00e9 bolo vzdialen\u00e9 asi 20 km. To u\u017e nemohol doch\u00e1dza\u0165, a tak horko-\u0165a\u017eko na\u0161li lacn\u00fd podn\u00e1jom, kde sa ubytoval s t\u00fdm, \u017ee v rodine dom\u00e1cich pom\u00e1hal ako sluha. V\u010faka svojmu nadaniu, mimoriadnej pam\u00e4ti a pevnej v\u00f4li dok\u00e1zal za \u0161tyri roky dokon\u010di\u0165 z\u00e1kladn\u00fa \u0161kolu a gymn\u00e1zium. Po\u010das \u0161t\u00fadi\u00ed zalo\u017eil spolok s n\u00e1zvom Allegri (Vesel\u00ed), ktor\u00e9ho cie\u013eom bolo odp\u00fata\u0165 kamar\u00e1tov od hrie\u0161nych z\u00e1bav a vies\u0165 ich k Bohu. Po ukon\u010den\u00ed strednej \u0161koly rozm\u00fd\u0161\u013eal, \u010do \u010falej. K\u0148azom chcel rozhodne by\u0165, len nevedel, \u010di vst\u00fapi\u0165 do rehole alebo \u00eds\u0165 do diec\u00e9zneho semin\u00e1ra. Nakoniec sa stal diec\u00e9znym k\u0148azom. Po vysviacke ist\u00fd \u010das e\u0161te \u0161tudoval, chcel hlb\u0161ie vnikn\u00fa\u0165 do posv\u00e4tn\u00fdch vied.<\/p>\n<p style=\"text-align: justify;\">V tom \u010dase, v roku 1841, za\u010dal zhroma\u017e\u010fova\u0165 okolo seba chlapcov, uli\u010dn\u00edkov, o ktor\u00fdch sa nikto nestaral. Sami prich\u00e1dzali, vyc\u00edtili u neho l\u00e1sku, ktor\u00fa dovtedy nepoznali. Niektor\u00ed z nich nemali e\u0161te ani \u0161trn\u00e1s\u0165, in\u00ed skoro dvadsa\u0165. Boscovou z\u00e1sadou bolo: Bu\u010fte vesel\u00ed, hrajte sa, zab\u00e1vajte, len nehre\u0161te. S\u00e1m bol st\u00e1le medzi nimi, do hry vedel \u0161ikovne zamie\u0161a\u0165 \u010do-to z katechizmu. No nie ka\u017ed\u00e9mu sa to p\u00e1\u010dilo. Hluk zab\u00e1vaj\u00facich sa chlapcov ru\u0161il \u013eud\u00ed, ba aj niektor\u00ed k\u0148azi ho mali za bl\u00e1zna. Dokonca ho chceli aj odviez\u0165 do bl\u00e1zinca, \u010do sa im v\u0161ak nepodarilo. Zakr\u00e1tko mal okolo seba don Bosco nieko\u013eko sto chlapcov. Vedel, \u017ee mus\u00ed n\u00e1js\u0165 nejak\u00e9 miesto, kde by boli doma. S pomocou dobrodincov sa podarilo k\u00fapi\u0165 k\u00f4l\u0148u a dom p\u00e1na Pinardiho v Tur\u00edne v \u0161tvrti Valdocco, ktor\u00e1 bola vych\u00fdren\u00e1 svojou zlou poves\u0165ou. Jeho matka Margita sa stala gazdinou nielen pre neho, ale aj pre chlapcov. Obetavo mu pom\u00e1hala a\u017e do svojej smrti. Na chudobnom pozemku postupne vyr\u00e1stli budovy, kostol, zriadili sa z\u00e1kladn\u00e1 a odborn\u00e9 \u0161koly s diel\u0148ami. Don Bosco zalo\u017eil tie\u017e kn\u00edhtla\u010diare\u0148, ktor\u00e1 doteraz funguje a patr\u00ed k najv\u00e4\u010d\u0161\u00edm a najmodernej\u0161\u00edm v Taliansku. S\u00e1m Don Bosco nap\u00edsal nieko\u013eko kn\u00edh. Boh mu st\u00e1le hovoril cez sny. Posil\u0148oval ho, aby neprestal a nedal sa znechuti\u0165. D\u0148a 18. decembra 1859 sa zrodila nov\u00e1 spolo\u010dnos\u0165. Utvorili ju dvaja k\u0148azi \u2013 don Bosco a don Alasonatti a mlad\u00ed klerici. Schv\u00e1lenie dostala spolo\u010dnos\u0165 o desa\u0165 rokov nesk\u00f4r \u2013 1. marca 1869. Za hlavn\u00fa patr\u00f3nku pova\u017eoval don Bosco &nbsp;<a title=\"Panna M\u00e1ria, Pomocnica kres\u0165anov\" href=\"http:\/\/www.zivotopisysvatych.sk\/panna-maria-pomocnica-krestanov\/\">Pannu M\u00e1riu Pomocnicu kres\u0165anov<\/a>. Jej zasv\u00e4til svoje podujatia, aj hlavn\u00fd chr\u00e1m salezi\u00e1nskej spolo\u010dnosti, ktor\u00fd postavil v Tur\u00edne. Po \u010dase zalo\u017eil aj Zdru\u017eenie salezi\u00e1nskych spolupracovn\u00edkov, ktor\u00ed \u017eili vo svete a pracovali tie\u017e pre jeho my\u0161lienky. V roku 1872 zalo\u017eil spolu s M\u00e1riou Dominikou Mazzarellovou \u017eensk\u00fa reho\u013en\u00fa spolo\u010dnos\u0165, ktor\u00fa pomenovali Dc\u00e9ry Panny M\u00e1rie Pomocnice. Ich hlavnou n\u00e1pl\u0148ou bola staros\u0165 o v\u00fdchovu diev\u010dat. E\u0161te za jeho \u017eivota sa salezi\u00e1ni roz\u0161\u00edrili do mnoh\u00fdch kraj\u00edn sveta. Charakterizovala ho ne\u00fanavn\u00e1 pr\u00e1ca, a\u017e do \u00famoru. Postavil viacej chr\u00e1mov, napr. aj v R\u00edme chr\u00e1m Bo\u017esk\u00e9ho srdca Je\u017ei\u0161ovho (Sacro Cuore, pri \u017eelezni\u010dnej stanici Termini). Jeho \u017eivot bol popretk\u00e1van\u00fd r\u00f4znymi divmi a z\u00e1zrakmi. Don Bosco zomrel v Tur\u00edne 31. janu\u00e1ra 1888. Mal sedemdesiatdva rokov. Na jeho pohrebe sa z\u00fa\u010dastnilo vy\u0161e stotis\u00edc \u013eud\u00ed. Za sv\u00e4t\u00e9ho bol vyhl\u00e1sen\u00fd v roku 1934.<\/p>\n","protected":false},"excerpt":{"rendered":"<p>Sviatok:&nbsp;31. janu\u00e1r Roky \u017eivota:&nbsp;1815-1888 V\u00fdznam mena J\u00e1n:&nbsp;Boh je milostiv\u00fd (hebr.) Patr\u00f3n vychov\u00e1vate\u013eov, ml\u00e1de\u017ee, u\u010d\u0148ov Sv. J\u00e1n Bosco, \u013eudovo naz\u00fdvan\u00fd don Bosco, sa narodil 16. augusta 1815 v malej horskej osade Becchi v Taliansku. Becchi patrilo k meste\u010dku Castelnuovo d\u2019Asti v kraji Piemont. Jeho otec sa volal Franti\u0161ek a mama Margita, &hellip;<\/p>\n","protected":false},"author":1,"featured_media":0,"parent":0,"menu_order":0,"comment_status":"closed","ping_status":"open","template":"","meta":{"ngg_post_thumbnail":0,"footnotes":""},"class_list":["post-1482","page","type-page","status-publish","hentry"],"aioseo_notices":[],"_links":{"self":[{"href":"https:\/\/www.czslc.sk\/index.php?rest_route=\/wp\/v2\/pages\/1482","targetHints":{"allow":["GET"]}}],"collection":[{"href":"https:\/\/www.czslc.sk\/index.php?rest_route=\/wp\/v2\/pages"}],"about":[{"href":"https:\/\/www.czslc.sk\/index.php?rest_route=\/wp\/v2\/types\/page"}],"author":[{"embeddable":true,"href":"https:\/\/www.czslc.sk\/index.php?rest_route=\/wp\/v2\/users\/1"}],"replies":[{"embeddable":true,"href":"https:\/\/www.czslc.sk\/index.php?rest_route=%2Fwp%2Fv2%2Fcomments&post=1482"}],"version-history":[{"count":4,"href":"https:\/\/www.czslc.sk\/index.php?rest_route=\/wp\/v2\/pages\/1482\/revisions"}],"predecessor-version":[{"id":25794,"href":"https:\/\/www.czslc.sk\/index.php?rest_route=\/wp\/v2\/pages\/1482\/revisions\/25794"}],"wp:attachment":[{"href":"https:\/\/www.czslc.sk\/index.php?rest_route=%2Fwp%2Fv2%2Fmedia&parent=1482"}],"curies":[{"name":"wp","href":"https:\/\/api.w.org\/{rel}","templated":true}]}}