{"id":1465,"date":"2015-03-23T08:12:20","date_gmt":"2015-03-23T06:12:20","guid":{"rendered":"http:\/\/www.czssvjanabosca.sk\/?page_id=1465"},"modified":"2023-03-13T20:12:48","modified_gmt":"2023-03-13T18:12:48","slug":"clenovia-rady-skoly","status":"publish","type":"page","link":"https:\/\/www.czslc.sk\/?page_id=1465","title":{"rendered":"Rada \u0161koly"},"content":{"rendered":"<p><strong>Predseda R\u0160: <\/strong>Mgr. Matej Gajdo\u0161<br \/>\n<strong>Podpredseda R\u0160: <\/strong>Tom\u00e1\u0161 Jaloveck\u00fd<\/p>\n<p><strong> Delegovan\u00ed z\u00e1stupcovia zria\u010fovate\u013ea:<\/strong><\/p>\n<p>Mgr. Jozef Jozaf\u00e1t Brigan, Opus J.S.S.<br \/>\nMgr. Franti\u0161ek Adri\u00e1n Olach, Opus J.S.S<br \/>\nMgr. Slavom\u00edr Marko<br \/>\nMgr. Viliam Paul\u00ed\u010dek<\/p>\n<p><strong>Zvolen\u00ed z\u00e1stupcovia pedagogick\u00fdch zamestnancov:<\/strong><\/p>\n<p>Mgr. Monika Vargov\u00e1<br \/>\nMatej Gajdo\u0161<\/p>\n<p><strong>Zvolen\u00fd z\u00e1stupca ostatn\u00fdch zamestnancov:<\/strong><\/p>\n<p>Mariana Kunov\u00e1<\/p>\n<p><strong>Zvolen\u00ed z\u00e1stupcovia rodi\u010dov alebo z\u00e1konn\u00fdch z\u00e1stupcov CZ\u0160:<\/strong><\/p>\n<p>\u017dofia Ille\u0161ov\u00e1<br \/>\nRad\u00faz Farka\u0161<br \/>\nTom\u00e1\u0161 Jaloveck\u00fd<br \/>\nMariana Uderianov\u00e1<\/p>\n<p style=\"text-align: left;\" align=\"center\">&nbsp;<\/p>\n<p><strong>\u0160tat\u00fat Rady \u0161koly:<\/strong><\/p>\n<table>\n<tbody>\n<tr>\n<td><div class=\"wpfilebase-attachment\">\r\n <div class=\"wpfilebase-fileicon\"><a href=\"https:\/\/www.czslc.sk\/?wpfb_dl=510\" title=\"Download \u0160tat\u00fat Rady \u0161koly CZ\u0160 Sv  J  Bosca , LC\"><img decoding=\"async\" align=\"middle\" src=\"https:\/\/www.czslc.sk\/wp-includes\/images\/crystal\/document.png\" alt=\"\u0160tat\u00fat Rady \u0161koly CZ\u0160 Sv  J  Bosca , LC\" \/><\/a><\/div>\r\n <div class=\"wpfilebase-rightcol\">\r\n  <div class=\"wpfilebase-filetitle\">\r\n   <a href=\"https:\/\/www.czslc.sk\/?wpfb_dl=510\" title=\"Download \u0160tat\u00fat Rady \u0161koly CZ\u0160 Sv  J  Bosca , LC\">\u0160tat\u00fat Rady \u0161koly CZ\u0160 Sv  J  Bosca , LC<\/a><br \/>\r\n   Statut-Rady-skoly-CZS-sv.-J.-Bosca_20LC.pdf<br \/>\r\n   \r\n   \r\n  <\/div>\r\n  <div class=\"wpfilebase-filedetails\" id=\"wpfilebase-filedetails1\" style=\"display: none;\">\r\n  <p><\/p>\r\n  <table border=\"0\">\r\n   \r\n   \r\n   \r\n   \r\n   <tr><td><strong>Kateg\u00f3ria<\/strong><\/td><td>Dokumenty<\/td><\/tr>\r\n   \r\n   <tr><td><strong>D\u00e1tum:<\/strong><\/td><td>12. novembra 2018<\/td><\/tr>\r\n   \n  <\/table>\r\n  <\/div>\r\n <\/div>\r\n <div class=\"wpfilebase-fileinfo\">\r\n  1.0 MiB<br \/>\r\n  533 Downloads<br \/>\r\n  <a href=\"#\" onclick=\"return wpfilebase_filedetails(1);\">Detaily...<\/a>\r\n <\/div>\r\n <div style=\"clear: both;\"><\/div>\r\n<\/div><\/td>\n<\/tr>\n<\/tbody>\n<\/table>\n<p><a href=\"https:\/\/www.czslc.sk\/?wpfb_dl=706\">Oznam o konan\u00ed volieb do rady \u0161koly<\/a><\/p>\n","protected":false},"excerpt":{"rendered":"<p>Predseda R\u0160: Mgr. Matej Gajdo\u0161 Podpredseda R\u0160: Tom\u00e1\u0161 Jaloveck\u00fd Delegovan\u00ed z\u00e1stupcovia zria\u010fovate\u013ea: Mgr. Jozef Jozaf\u00e1t Brigan, Opus J.S.S. Mgr. Franti\u0161ek Adri\u00e1n Olach, Opus J.S.S Mgr. Slavom\u00edr Marko Mgr. Viliam Paul\u00ed\u010dek Zvolen\u00ed z\u00e1stupcovia pedagogick\u00fdch zamestnancov: Mgr. Monika Vargov\u00e1 Matej Gajdo\u0161 Zvolen\u00fd z\u00e1stupca ostatn\u00fdch zamestnancov: Mariana Kunov\u00e1 Zvolen\u00ed z\u00e1stupcovia rodi\u010dov alebo z\u00e1konn\u00fdch &hellip;<\/p>\n","protected":false},"author":1,"featured_media":0,"parent":0,"menu_order":0,"comment_status":"closed","ping_status":"open","template":"","meta":{"ngg_post_thumbnail":0,"footnotes":""},"class_list":["post-1465","page","type-page","status-publish","hentry"],"aioseo_notices":[],"_links":{"self":[{"href":"https:\/\/www.czslc.sk\/index.php?rest_route=\/wp\/v2\/pages\/1465","targetHints":{"allow":["GET"]}}],"collection":[{"href":"https:\/\/www.czslc.sk\/index.php?rest_route=\/wp\/v2\/pages"}],"about":[{"href":"https:\/\/www.czslc.sk\/index.php?rest_route=\/wp\/v2\/types\/page"}],"author":[{"embeddable":true,"href":"https:\/\/www.czslc.sk\/index.php?rest_route=\/wp\/v2\/users\/1"}],"replies":[{"embeddable":true,"href":"https:\/\/www.czslc.sk\/index.php?rest_route=%2Fwp%2Fv2%2Fcomments&post=1465"}],"version-history":[{"count":22,"href":"https:\/\/www.czslc.sk\/index.php?rest_route=\/wp\/v2\/pages\/1465\/revisions"}],"predecessor-version":[{"id":29347,"href":"https:\/\/www.czslc.sk\/index.php?rest_route=\/wp\/v2\/pages\/1465\/revisions\/29347"}],"wp:attachment":[{"href":"https:\/\/www.czslc.sk\/index.php?rest_route=%2Fwp%2Fv2%2Fmedia&parent=1465"}],"curies":[{"name":"wp","href":"https:\/\/api.w.org\/{rel}","templated":true}]}}