{"id":14622,"date":"2017-11-21T11:32:54","date_gmt":"2017-11-21T09:32:54","guid":{"rendered":"http:\/\/www.czslc.sk\/?page_id=14622"},"modified":"2018-03-06T09:33:35","modified_gmt":"2018-03-06T07:33:35","slug":"faktury-august-2017","status":"publish","type":"page","link":"https:\/\/www.czslc.sk\/?page_id=14622","title":{"rendered":"Fakt\u00fary august 2017"},"content":{"rendered":"<p><strong>\n<table id=\"wp-table-reloaded-id-72-no-1\" class=\"wp-table-reloaded wp-table-reloaded-id-72\">\n<thead>\n\t<tr class=\"row-1 odd\">\n\t\t<th class=\"column-1\">Orange<\/th><th class=\"column-2\">0102321551<\/th><th class=\"column-3\">46,00<\/th><th class=\"column-4\">02.08.2017<\/th>\n\t<\/tr>\n<\/thead>\n<tbody>\n\t<tr class=\"row-2 even\">\n\t\t<td class=\"column-1\">T- mobile<\/td><td class=\"column-2\">2798883850<\/td><td class=\"column-3\">35,50<\/td><td class=\"column-4\">14.08.2017<\/td>\n\t<\/tr>\n\t<tr class=\"row-3 odd\">\n\t\t<td class=\"column-1\">INNOGY<\/td><td class=\"column-2\">3010062266<\/td><td class=\"column-3\">635,00<\/td><td class=\"column-4\">14.08.2017<\/td>\n\t<\/tr>\n\t<tr class=\"row-4 even\">\n\t\t<td class=\"column-1\">VSE<\/td><td class=\"column-2\">2840024066<\/td><td class=\"column-3\">85,33<\/td><td class=\"column-4\">14.08.2017<\/td>\n\t<\/tr>\n\t<tr class=\"row-5 odd\">\n\t\t<td class=\"column-1\">Kde je software<\/td><td class=\"column-2\">1708000091<\/td><td class=\"column-3\">61,80<\/td><td class=\"column-4\">22.08.2017<\/td>\n\t<\/tr>\n\t<tr class=\"row-6 even\">\n\t\t<td class=\"column-1\">R\u00far gas - \u0160tefan D\u00f3\u017ea<\/td><td class=\"column-2\">712017<\/td><td class=\"column-3\">550,51<\/td><td class=\"column-4\">28.08.2017<\/td>\n\t<\/tr>\n\t<tr class=\"row-7 odd\">\n\t\t<td class=\"column-1\">ESV plus<\/td><td class=\"column-2\">219\/2017<\/td><td class=\"column-3\">11,00<\/td><td class=\"column-4\">28.08.2017<\/td>\n\t<\/tr>\n\t<tr class=\"row-8 even\">\n\t\t<td class=\"column-1\">ROSLER-dom\u00e1ce potreby<\/td><td class=\"column-2\">1704141<\/td><td class=\"column-3\">30,79<\/td><td class=\"column-4\">30.08.2017<\/td>\n\t<\/tr>\n\t<tr class=\"row-9 odd\">\n\t\t<td class=\"column-1\">Lackov\u00e1 \u017dofia<\/td><td class=\"column-2\">112017<\/td><td class=\"column-3\">150,00<\/td><td class=\"column-4\">30.08.2017<\/td>\n\t<\/tr>\n\t<tr class=\"row-10 even\">\n\t\t<td class=\"column-1\">Lackov\u00e1 \u017dofia<\/td><td class=\"column-2\">142017<\/td><td class=\"column-3\">108,00<\/td><td class=\"column-4\">30.08.2017<\/td>\n\t<\/tr>\n<\/tbody>\n<\/table>\n<\/strong><\/p>\n","protected":false},"excerpt":{"rendered":"","protected":false},"author":1,"featured_media":0,"parent":6146,"menu_order":0,"comment_status":"closed","ping_status":"closed","template":"","meta":{"ngg_post_thumbnail":0,"footnotes":""},"class_list":["post-14622","page","type-page","status-publish","hentry"],"aioseo_notices":[],"_links":{"self":[{"href":"https:\/\/www.czslc.sk\/index.php?rest_route=\/wp\/v2\/pages\/14622","targetHints":{"allow":["GET"]}}],"collection":[{"href":"https:\/\/www.czslc.sk\/index.php?rest_route=\/wp\/v2\/pages"}],"about":[{"href":"https:\/\/www.czslc.sk\/index.php?rest_route=\/wp\/v2\/types\/page"}],"author":[{"embeddable":true,"href":"https:\/\/www.czslc.sk\/index.php?rest_route=\/wp\/v2\/users\/1"}],"replies":[{"embeddable":true,"href":"https:\/\/www.czslc.sk\/index.php?rest_route=%2Fwp%2Fv2%2Fcomments&post=14622"}],"version-history":[{"count":1,"href":"https:\/\/www.czslc.sk\/index.php?rest_route=\/wp\/v2\/pages\/14622\/revisions"}],"predecessor-version":[{"id":14623,"href":"https:\/\/www.czslc.sk\/index.php?rest_route=\/wp\/v2\/pages\/14622\/revisions\/14623"}],"up":[{"embeddable":true,"href":"https:\/\/www.czslc.sk\/index.php?rest_route=\/wp\/v2\/pages\/6146"}],"wp:attachment":[{"href":"https:\/\/www.czslc.sk\/index.php?rest_route=%2Fwp%2Fv2%2Fmedia&parent=14622"}],"curies":[{"name":"wp","href":"https:\/\/api.w.org\/{rel}","templated":true}]}}