{"id":14082,"date":"2017-11-09T09:10:00","date_gmt":"2017-11-09T07:10:00","guid":{"rendered":"http:\/\/www.czslc.sk\/?page_id=14082"},"modified":"2017-11-09T09:10:00","modified_gmt":"2017-11-09T07:10:00","slug":"strucna-historia-skoly","status":"publish","type":"page","link":"https:\/\/www.czslc.sk\/?page_id=14082","title":{"rendered":"Stru\u010dn\u00e1 hist\u00f3ria \u0161koly"},"content":{"rendered":"<p>Budova \u0161koly bola postaven\u00e1 ako \u00fa\u010delov\u00e1 stavba pre v\u00fdchovu a vzdel\u00e1vanie mladej gener\u00e1cie koncom 18. storo\u010dia. Po zo\u0161t\u00e1tnen\u00ed plnila funkciu z\u00e1kladnej \u0161koly a 1.9.2003 bola vr\u00e1ten\u00e1 R\u00edmskokatol\u00edckej cirkvi a vznikla&nbsp;<strong>Cirkevn\u00e1 z\u00e1kladn\u00e1 \u0161kola sv. J\u00e1na Bosca<\/strong>.<br \/>\n1. 9. 2004 bola v priestoroch \u0161koly otvoren\u00e1 aj Cirkevn\u00e1 z\u00e1kladn\u00e1 umeleck\u00e1 \u0161kola. Aby mohla \u0161kola naplno plni\u0165 svoje poslanie, prebehli opravy jej priestorov.<\/p>\n","protected":false},"excerpt":{"rendered":"<p>Budova \u0161koly bola postaven\u00e1 ako \u00fa\u010delov\u00e1 stavba pre v\u00fdchovu a vzdel\u00e1vanie mladej gener\u00e1cie koncom 18. storo\u010dia. Po zo\u0161t\u00e1tnen\u00ed plnila funkciu z\u00e1kladnej \u0161koly a 1.9.2003 bola vr\u00e1ten\u00e1 R\u00edmskokatol\u00edckej cirkvi a vznikla&nbsp;Cirkevn\u00e1 z\u00e1kladn\u00e1 \u0161kola sv. J\u00e1na Bosca. 1. 9. 2004 bola v priestoroch \u0161koly otvoren\u00e1 aj Cirkevn\u00e1 z\u00e1kladn\u00e1 umeleck\u00e1 \u0161kola. Aby mohla &hellip;<\/p>\n","protected":false},"author":1,"featured_media":0,"parent":0,"menu_order":0,"comment_status":"closed","ping_status":"closed","template":"","meta":{"ngg_post_thumbnail":0,"footnotes":""},"class_list":["post-14082","page","type-page","status-publish","hentry"],"aioseo_notices":[],"_links":{"self":[{"href":"https:\/\/www.czslc.sk\/index.php?rest_route=\/wp\/v2\/pages\/14082","targetHints":{"allow":["GET"]}}],"collection":[{"href":"https:\/\/www.czslc.sk\/index.php?rest_route=\/wp\/v2\/pages"}],"about":[{"href":"https:\/\/www.czslc.sk\/index.php?rest_route=\/wp\/v2\/types\/page"}],"author":[{"embeddable":true,"href":"https:\/\/www.czslc.sk\/index.php?rest_route=\/wp\/v2\/users\/1"}],"replies":[{"embeddable":true,"href":"https:\/\/www.czslc.sk\/index.php?rest_route=%2Fwp%2Fv2%2Fcomments&post=14082"}],"version-history":[{"count":1,"href":"https:\/\/www.czslc.sk\/index.php?rest_route=\/wp\/v2\/pages\/14082\/revisions"}],"predecessor-version":[{"id":14083,"href":"https:\/\/www.czslc.sk\/index.php?rest_route=\/wp\/v2\/pages\/14082\/revisions\/14083"}],"wp:attachment":[{"href":"https:\/\/www.czslc.sk\/index.php?rest_route=%2Fwp%2Fv2%2Fmedia&parent=14082"}],"curies":[{"name":"wp","href":"https:\/\/api.w.org\/{rel}","templated":true}]}}