{"id":14080,"date":"2017-11-09T09:09:07","date_gmt":"2017-11-09T07:09:07","guid":{"rendered":"http:\/\/www.czslc.sk\/?page_id=14080"},"modified":"2024-11-08T09:29:00","modified_gmt":"2024-11-08T07:29:00","slug":"profilacia-skoly","status":"publish","type":"page","link":"https:\/\/www.czslc.sk\/?page_id=14080","title":{"rendered":"Profil\u00e1cia \u0161koly"},"content":{"rendered":"<p>Profil \u0161koly<\/p>\n<p>Na\u0161a \u0161kola prin\u00e1\u0161a vzdelanie, ktor\u00e9 prekra\u010duje be\u017en\u00e9 \u0161tandardy, a zameriava sa na podporu oblast\u00ed, ktor\u00e9 z nej robia jedine\u010dn\u00e9 miesto pre rast a rozvoj \u017eiakov.<\/p>\n<h3>Ciele \u0161koly:<\/h3>\n<ul>\n<li><strong>In\u0161pirova\u0165 k objavovaniu:<\/strong> Povzbudzujeme prirodzen\u00fa zvedavos\u0165 a z\u00e1ujem \u017eiakov o poznanie. Na\u0161i pedag\u00f3govia pou\u017e\u00edvaj\u00fa met\u00f3dy, ktor\u00e9 rozv\u00edjaj\u00fa chu\u0165 u\u010di\u0165 sa a objavova\u0165 v duchu kres\u0165ansk\u00fdch hodn\u00f4t, pri\u010dom podporujeme \u017eiakov v z\u00edskavan\u00ed a prehlbovan\u00ed vedomost\u00ed.<\/li>\n<li><strong>Sebahodnotenie a zodpovednos\u0165:<\/strong> U\u010d\u00edme \u017eiakov objekt\u00edvne hodnoti\u0165 svoje v\u00fdkony a vedomosti aj pr\u00e1cu ostatn\u00fdch. Vedieme ich k zodpovednosti za svoje \u010diny, zdravie a osobn\u00fd rozvoj, \u010d\u00edm posil\u0148ujeme ich samostatnos\u0165 a sebavedomie.<\/li>\n<li><strong>Podpora a rast:<\/strong> Cez pozit\u00edvnu motiv\u00e1ciu pom\u00e1hame \u017eiakom prekon\u00e1va\u0165 prek\u00e1\u017eky, rozv\u00edja\u0165 ich schopnosti a \u00faspe\u0161ne odstra\u0148ova\u0165 slabiny. Na\u0161a \u0161kola vytv\u00e1ra prostredie, kde je vzdel\u00e1vanie nielen povinnos\u0165ou, ale aj zdrojom radosti a sebarealiz\u00e1cie.<\/li>\n<li><strong>Spolupr\u00e1ca s rodinou:<\/strong> Ver\u00edme v otvoren\u00fa a \u00faprimn\u00fa komunik\u00e1ciu medzi \u0161kolou a rodinami na\u0161ich \u017eiakov, \u010d\u00edm spolo\u010dne vytv\u00e1rame jednotn\u00fa podporu v\u00fdchovno-vzdel\u00e1vaciemu procesu.<\/li>\n<\/ul>\n<h3>Na\u0161e programy a zamerania:<\/h3>\n<ul>\n<li><strong>Angli\u010dtina od prv\u00e9ho ro\u010dn\u00edka<\/strong>, aby \u017eiaci u\u017e od za\u010diatku z\u00edskavali zru\u010dnosti potrebn\u00e9 pre glob\u00e1lny svet.<\/li>\n<li><strong>Druh\u00fd cudz\u00ed jazyk<\/strong> \u2013 v\u00fdu\u010dba nemeck\u00e9ho jazyka.<\/li>\n<li><strong>Rozvoj IT zru\u010dnost\u00ed od 2. ro\u010dn\u00edka<\/strong>, aby boli na\u0161i \u017eiaci pripraven\u00ed na v\u00fdzvy digit\u00e1lnej doby.<\/li>\n<li><strong>Podpora nadan\u00fdch a talentovan\u00fdch \u017eiakov<\/strong>, ktor\u00ed dosahuj\u00fa v\u00fdnimo\u010dn\u00e9 v\u00fdsledky.<\/li>\n<li><strong>Individu\u00e1lny pr\u00edstup k \u017eiakom so \u0161peci\u00e1lnymi potrebami<\/strong>, aby sme ka\u017ed\u00e9mu poskytli pln\u00fa podporu na jeho ceste k \u00faspechu.<\/li>\n<li><strong>Rozvoj potenci\u00e1lu ka\u017ed\u00e9ho \u017eiaka<\/strong>, preto\u017ee ka\u017ed\u00fd m\u00e1 \u010do pon\u00faknu\u0165.<\/li>\n<li><strong>\u00da\u010das\u0165 na in\u0161pirat\u00edvnych projektoch<\/strong> ako Renovabis, CBA, Zelen\u00e1 \u0161kola a mnoh\u00e9 \u010fal\u0161ie.<\/li>\n<\/ul>\n<p>Sme \u0161kolou, ktor\u00e1 nie je len miestom vzdel\u00e1vania, ale aj miestom, kde deti nach\u00e1dzaj\u00fa podporu, rast\u00fa v zdravom a podnetnom prostred\u00ed a spolo\u010dne objavuj\u00fa svet.<\/p>\n","protected":false},"excerpt":{"rendered":"<p>Profil \u0161koly Na\u0161a \u0161kola prin\u00e1\u0161a vzdelanie, ktor\u00e9 prekra\u010duje be\u017en\u00e9 \u0161tandardy, a zameriava sa na podporu oblast\u00ed, ktor\u00e9 z nej robia jedine\u010dn\u00e9 miesto pre rast a rozvoj \u017eiakov. Ciele \u0161koly: In\u0161pirova\u0165 k objavovaniu: Povzbudzujeme prirodzen\u00fa zvedavos\u0165 a z\u00e1ujem \u017eiakov o poznanie. Na\u0161i pedag\u00f3govia pou\u017e\u00edvaj\u00fa met\u00f3dy, ktor\u00e9 rozv\u00edjaj\u00fa chu\u0165 u\u010di\u0165 sa a &hellip;<\/p>\n","protected":false},"author":1,"featured_media":0,"parent":0,"menu_order":0,"comment_status":"closed","ping_status":"closed","template":"","meta":{"ngg_post_thumbnail":0,"footnotes":""},"class_list":["post-14080","page","type-page","status-publish","hentry"],"aioseo_notices":[],"_links":{"self":[{"href":"https:\/\/www.czslc.sk\/index.php?rest_route=\/wp\/v2\/pages\/14080","targetHints":{"allow":["GET"]}}],"collection":[{"href":"https:\/\/www.czslc.sk\/index.php?rest_route=\/wp\/v2\/pages"}],"about":[{"href":"https:\/\/www.czslc.sk\/index.php?rest_route=\/wp\/v2\/types\/page"}],"author":[{"embeddable":true,"href":"https:\/\/www.czslc.sk\/index.php?rest_route=\/wp\/v2\/users\/1"}],"replies":[{"embeddable":true,"href":"https:\/\/www.czslc.sk\/index.php?rest_route=%2Fwp%2Fv2%2Fcomments&post=14080"}],"version-history":[{"count":2,"href":"https:\/\/www.czslc.sk\/index.php?rest_route=\/wp\/v2\/pages\/14080\/revisions"}],"predecessor-version":[{"id":32221,"href":"https:\/\/www.czslc.sk\/index.php?rest_route=\/wp\/v2\/pages\/14080\/revisions\/32221"}],"wp:attachment":[{"href":"https:\/\/www.czslc.sk\/index.php?rest_route=%2Fwp%2Fv2%2Fmedia&parent=14080"}],"curies":[{"name":"wp","href":"https:\/\/api.w.org\/{rel}","templated":true}]}}