{"id":13,"date":"2012-09-28T12:47:24","date_gmt":"2012-09-28T10:47:24","guid":{"rendered":"http:\/\/www.czssvjanabosca.sk\/?page_id=13"},"modified":"2025-09-03T10:38:02","modified_gmt":"2025-09-03T08:38:02","slug":"jedalny-listok","status":"publish","type":"page","link":"https:\/\/www.czslc.sk\/?page_id=13","title":{"rendered":"Jed\u00e1lny l\u00edstok"},"content":{"rendered":"\n<div class=\"wp-block-buttons is-layout-flex wp-block-buttons-is-layout-flex\">\n<div class=\"wp-block-button\"><a class=\"wp-block-button__link wp-element-button\" href=\"https:\/\/czslc.edupage.org\/menu\/\">Aktu\u00e1lny jed\u00e1lny l\u00edstok<\/a><\/div>\n<\/div>\n\n\n\n<p><a href=\"https:\/\/www.czslc.sk\/?wpfb_dl=739\">Nariadenie pre v\u00fdber pr\u00edspevkov na \u010diasto\u010dn\u00fa \u00fahradu n\u00e1kladov v \u0161k. zariadeniach<\/a><\/p>\n\n\n\n<p>Odhlasovanie z obedov:<\/p>\n\n\n\n<p><a href=\"https:\/\/www.czslc.sk\/?wpfb_dl=681\">V\u0161eobecn\u00e9 pokyny<\/a><\/p>\n\n\n\n<p><a href=\"https:\/\/www.czslc.sk\/?wpfb_dl=680\">Odhl\u00e1\u0161ka zo stravovania<\/a><\/p>\n\n\n\n<p>Zo stravy je nutn\u00e9 sa odhl\u00e1si\u0165 24 hod\u00edn vopred, &nbsp;najnesk\u00f4r do 11,00 hod. Ak sa stravn\u00edk nem\u00f4\u017ee dostavi\u0165 na obed, napr. zo zdravotn\u00fdch d\u00f4vodov a nebol vopred odhl\u00e1sen\u00fd, je potrebn\u00e9 si v tento de\u0148 pr\u00eds\u0165 s obed\u00e1rom pre obed.<\/p>\n\n\n\n<div>\n<p><strong>Ak sa stravn\u00edk odhl\u00e1si z obeda aspo\u0148 de\u0148 vopred,&nbsp;<\/strong><strong>zn\u00ed\u017ei sa platba v nasleduj\u00facom mesiaci o cenu odhl\u00e1sen\u00fdch obedov. Za v\u010das neodhl\u00e1sen\u00fa stravu sa finan\u010dn\u00e1 n\u00e1hrada neposkytuje!<\/strong><\/p>\n<\/div>\n\n\n\n\n","protected":false},"excerpt":{"rendered":"<p>Nariadenie pre v\u00fdber pr\u00edspevkov na \u010diasto\u010dn\u00fa \u00fahradu n\u00e1kladov v \u0161k. zariadeniach Odhlasovanie z obedov: V\u0161eobecn\u00e9 pokyny Odhl\u00e1\u0161ka zo stravovania Zo stravy je nutn\u00e9 sa odhl\u00e1si\u0165 24 hod\u00edn vopred, &nbsp;najnesk\u00f4r do 11,00 hod. Ak sa stravn\u00edk nem\u00f4\u017ee dostavi\u0165 na obed, napr. zo zdravotn\u00fdch d\u00f4vodov a nebol vopred odhl\u00e1sen\u00fd, je potrebn\u00e9 si &hellip;<\/p>\n","protected":false},"author":1,"featured_media":0,"parent":0,"menu_order":0,"comment_status":"closed","ping_status":"closed","template":"","meta":{"ngg_post_thumbnail":0,"footnotes":""},"class_list":["post-13","page","type-page","status-publish","hentry"],"aioseo_notices":[],"_links":{"self":[{"href":"https:\/\/www.czslc.sk\/index.php?rest_route=\/wp\/v2\/pages\/13","targetHints":{"allow":["GET"]}}],"collection":[{"href":"https:\/\/www.czslc.sk\/index.php?rest_route=\/wp\/v2\/pages"}],"about":[{"href":"https:\/\/www.czslc.sk\/index.php?rest_route=\/wp\/v2\/types\/page"}],"author":[{"embeddable":true,"href":"https:\/\/www.czslc.sk\/index.php?rest_route=\/wp\/v2\/users\/1"}],"replies":[{"embeddable":true,"href":"https:\/\/www.czslc.sk\/index.php?rest_route=%2Fwp%2Fv2%2Fcomments&post=13"}],"version-history":[{"count":516,"href":"https:\/\/www.czslc.sk\/index.php?rest_route=\/wp\/v2\/pages\/13\/revisions"}],"predecessor-version":[{"id":37973,"href":"https:\/\/www.czslc.sk\/index.php?rest_route=\/wp\/v2\/pages\/13\/revisions\/37973"}],"wp:attachment":[{"href":"https:\/\/www.czslc.sk\/index.php?rest_route=%2Fwp%2Fv2%2Fmedia&parent=13"}],"curies":[{"name":"wp","href":"https:\/\/api.w.org\/{rel}","templated":true}]}}