{"id":1149,"date":"2014-09-18T10:33:50","date_gmt":"2014-09-18T08:33:50","guid":{"rendered":"http:\/\/www.czssvjanabosca.sk\/?page_id=1149"},"modified":"2025-10-13T12:24:55","modified_gmt":"2025-10-13T10:24:55","slug":"konzultacne-hodiny-pedagogov","status":"publish","type":"page","link":"https:\/\/www.czslc.sk\/?page_id=1149","title":{"rendered":"Konzulta\u010dn\u00e9 hodiny pedag\u00f3gov"},"content":{"rendered":"<p align=\"center\"><strong>Mil\u00ed rodi<\/strong><strong>\u010dia<\/strong><strong>!<\/strong><\/p>\n<p align=\"center\"><strong>Pon\u00fakame V\u00e1m term\u00edny konzulta<\/strong><strong>\u010d<\/strong><strong>n\u00fdch hod\u00edn, ktor\u00e9 si m\u00f4<\/strong><strong>\u017ee<\/strong><strong>te dohodn\u00fa\u0165<\/strong> <strong>osobne<\/strong> <strong>alebo<\/strong> <strong>telefonicky. <\/strong><\/p>\n<p style=\"text-align: center;\"><strong>Konzulta\u010dn\u00e9 hodiny pedag\u00f3gov 2025\/2026<\/strong><\/p>\n<p><strong>&nbsp;<\/strong><\/p>\n<table dir=\"ltr\" border=\"1\" cellspacing=\"0\" cellpadding=\"0\" data-sheets-root=\"1\" data-sheets-baot=\"1\" data-sheets-original-selection=\"A2:D29\" data-sheets-named-table-range=\"A2:D29\" data-sheets-named-table=\"{&quot;1&quot;:{&quot;1&quot;:{&quot;1&quot;:{&quot;4&quot;:{&quot;1&quot;:2,&quot;2&quot;:3500116}},&quot;2&quot;:{&quot;4&quot;:{&quot;1&quot;:2,&quot;2&quot;:16777215}},&quot;3&quot;:1,&quot;4&quot;:{&quot;4&quot;:{&quot;1&quot;:2,&quot;2&quot;:16185593}},&quot;5&quot;:1}},&quot;2&quot;:&quot;Tabu\u013eka1&quot;,&quot;3&quot;:[{&quot;1&quot;:0,&quot;2&quot;:1,&quot;3&quot;:{&quot;2&quot;:2},&quot;4&quot;:4}]}\">\n<colgroup>\n<col width=\"150\"\/>\n<col width=\"100\"\/>\n<col width=\"100\"\/>\n<col width=\"105\"\/><\/colgroup>\n<tbody>\n<tr>\n<td>meno a priezvisko<\/td>\n<td>de\u0148<\/td>\n<td>\u010das<\/td>\n<td>pozn\u00e1mka<\/td>\n<\/tr>\n<tr>\n<td>Zuzana Z\u00e1chensk\u00e1<\/td>\n<td>utorok<\/td>\n<td>14:00 &#8211; 15:30<\/td>\n<td>&nbsp;<\/td>\n<\/tr>\n<tr>\n<td>Zuzana Fulajt\u00e1rov\u00e1<\/td>\n<td>streda<\/td>\n<td>13:00 -14:00<\/td>\n<td>&nbsp;<\/td>\n<\/tr>\n<tr>\n<td>So\u0148a Kandov\u00e1<\/td>\n<td>pondelok<\/td>\n<td>14:00-15:30<\/td>\n<td>&nbsp;<\/td>\n<\/tr>\n<tr>\n<td>Zuzana Vojtekov\u00e1<\/td>\n<td>pondelok<\/td>\n<td>14:00-15:30<\/td>\n<td>&nbsp;<\/td>\n<\/tr>\n<tr>\n<td>Vikt\u00f3ria Band\u00farov\u00e1<\/td>\n<td>Pondelok<\/td>\n<td>14:00 &#8211; 15:30<\/td>\n<td>&nbsp;<\/td>\n<\/tr>\n<tr>\n<td>Ingrid Ha\u0161kov\u00e1<\/td>\n<td>\u0160tvrtok<\/td>\n<td>11:00-11:45<\/td>\n<td>&nbsp;<\/td>\n<\/tr>\n<tr>\n<td>Beata Paulovi\u010dov\u00e1<\/td>\n<td>\u0161tvrtok<\/td>\n<td>13:00 &#8211; 14:00<\/td>\n<td>&nbsp;<\/td>\n<\/tr>\n<tr>\n<td>Zuzana Kru\u017eliakov\u00e1<\/td>\n<td>\u0161tvrtok<\/td>\n<td>13:00 -14:00<\/td>\n<td>&nbsp;<\/td>\n<\/tr>\n<tr>\n<td>Renata Halajov\u00e1<\/td>\n<td>pondelok<\/td>\n<td>13:00 &#8211; 14:00<\/td>\n<td>&nbsp;<\/td>\n<\/tr>\n<tr>\n<td>Du\u0161an \u0160imov<\/td>\n<td>\u0161tvrtok<\/td>\n<td>13:30 &#8211; 14:30<\/td>\n<td>&nbsp;<\/td>\n<\/tr>\n<tr>\n<td>Adriana Zimanov\u00e1<\/td>\n<td>utorok<\/td>\n<td>10:00 &#8211; 10:45<\/td>\n<td>&nbsp;<\/td>\n<\/tr>\n<tr>\n<td>Mariana Vacul\u010diakov\u00e1<\/td>\n<td>streda<\/td>\n<td>13:00 &#8211; 14:00<\/td>\n<td>&nbsp;<\/td>\n<\/tr>\n<tr>\n<td>Peter Vinar\u010d\u00edk<\/td>\n<td>pondelok<\/td>\n<td>13:30 &#8211; 14:00<\/td>\n<td>&nbsp;<\/td>\n<\/tr>\n<tr>\n<td>Matej Gajdo\u0161<\/td>\n<td>pondelok<\/td>\n<td>9:00 &#8211; 10:45<\/td>\n<td>&nbsp;<\/td>\n<\/tr>\n<tr>\n<td>Andrej Spodniak<\/td>\n<td>\u0161tvrtok<\/td>\n<td>11:00 &#8211; 12:00<\/td>\n<td>&nbsp;<\/td>\n<\/tr>\n<tr>\n<td>Martina Ko\u010di\u0161ov\u00e1<\/td>\n<td>streda<\/td>\n<td>13:00 &#8211; 14:00<\/td>\n<td>&nbsp;<\/td>\n<\/tr>\n<tr>\n<td>Silvia Salajov\u00e1<\/td>\n<td>streda<\/td>\n<td>12:00 &#8211; 12:45<\/td>\n<td>&nbsp;<\/td>\n<\/tr>\n<tr>\n<td>Sindy Ka\u0161kov\u00e1<\/td>\n<td>utorok<\/td>\n<td>10:00 &#8211; 10:45<\/td>\n<td>&nbsp;<\/td>\n<\/tr>\n<tr>\n<td>Jana Rechtor\u00edkov\u00e1<\/td>\n<td>pondelok<\/td>\n<td>10:00- 11:00<\/td>\n<td>&nbsp;<\/td>\n<\/tr>\n<tr>\n<td>Pamela Kokyov\u00e1<\/td>\n<td>utorok<\/td>\n<td>10:00-11:00<\/td>\n<td>&nbsp;<\/td>\n<\/tr>\n<tr>\n<td>Adriana Kuri\u0161ov\u00e1<\/td>\n<td>utorok<\/td>\n<td>10:00-11:00<\/td>\n<td>&nbsp;<\/td>\n<\/tr>\n<tr>\n<td>Katar\u00edna Gajdo\u0161ov\u00e1<\/td>\n<td>pondelok<\/td>\n<td>10:00- 10:45<\/td>\n<td>&nbsp;<\/td>\n<\/tr>\n<tr>\n<td>M\u00e1ria Mizer\u00e1kov\u00e1<\/td>\n<td>streda<\/td>\n<td>14.00 &#8211; 15.00<\/td>\n<td>&nbsp;<\/td>\n<\/tr>\n<tr>\n<td>Mariana Vinar\u010d\u00edkov\u00e1<\/td>\n<td>po dohode<\/td>\n<td>0915 804553<\/td>\n<td>&nbsp;<\/td>\n<\/tr>\n<tr>\n<td>Janka Magicov\u00e1<\/td>\n<td>pondelok<\/td>\n<td>14:00 &#8211; 15:30<\/td>\n<td>&nbsp;<\/td>\n<\/tr>\n<tr>\n<td>Ren\u00e1ta Uhn\u00e1kov\u00e1<\/td>\n<td>po dohode<\/td>\n<td>917951136<\/td>\n<td>&nbsp;<\/td>\n<\/tr>\n<tr>\n<td>Be\u00e1ta Spahi\u010dov\u00e1<\/td>\n<td>pondelok<\/td>\n<td>14.00 &#8211; 15.00<\/td>\n<td>&nbsp;<\/td>\n<\/tr>\n<\/tbody>\n<\/table>\n<p><strong>&nbsp;<\/strong><\/p>\n<p align=\"center\"><strong>&nbsp;<\/strong><\/p>\n","protected":false},"excerpt":{"rendered":"<p>Mil\u00ed rodi\u010dia! Pon\u00fakame V\u00e1m term\u00edny konzulta\u010dn\u00fdch hod\u00edn, ktor\u00e9 si m\u00f4\u017eete dohodn\u00fa\u0165 osobne alebo telefonicky. Konzulta\u010dn\u00e9 hodiny pedag\u00f3gov 2025\/2026 &nbsp; meno a priezvisko de\u0148 \u010das pozn\u00e1mka Zuzana Z\u00e1chensk\u00e1 utorok 14:00 &#8211; 15:30 &nbsp; Zuzana Fulajt\u00e1rov\u00e1 streda 13:00 -14:00 &nbsp; So\u0148a Kandov\u00e1 pondelok 14:00-15:30 &nbsp; Zuzana Vojtekov\u00e1 pondelok 14:00-15:30 &nbsp; Vikt\u00f3ria Band\u00farov\u00e1 &hellip;<\/p>\n","protected":false},"author":1,"featured_media":0,"parent":0,"menu_order":0,"comment_status":"closed","ping_status":"open","template":"","meta":{"ngg_post_thumbnail":0,"footnotes":""},"class_list":["post-1149","page","type-page","status-publish","hentry"],"aioseo_notices":[],"_links":{"self":[{"href":"https:\/\/www.czslc.sk\/index.php?rest_route=\/wp\/v2\/pages\/1149","targetHints":{"allow":["GET"]}}],"collection":[{"href":"https:\/\/www.czslc.sk\/index.php?rest_route=\/wp\/v2\/pages"}],"about":[{"href":"https:\/\/www.czslc.sk\/index.php?rest_route=\/wp\/v2\/types\/page"}],"author":[{"embeddable":true,"href":"https:\/\/www.czslc.sk\/index.php?rest_route=\/wp\/v2\/users\/1"}],"replies":[{"embeddable":true,"href":"https:\/\/www.czslc.sk\/index.php?rest_route=%2Fwp%2Fv2%2Fcomments&post=1149"}],"version-history":[{"count":13,"href":"https:\/\/www.czslc.sk\/index.php?rest_route=\/wp\/v2\/pages\/1149\/revisions"}],"predecessor-version":[{"id":38279,"href":"https:\/\/www.czslc.sk\/index.php?rest_route=\/wp\/v2\/pages\/1149\/revisions\/38279"}],"wp:attachment":[{"href":"https:\/\/www.czslc.sk\/index.php?rest_route=%2Fwp%2Fv2%2Fmedia&parent=1149"}],"curies":[{"name":"wp","href":"https:\/\/api.w.org\/{rel}","templated":true}]}}