{"id":111,"date":"2012-10-17T12:24:56","date_gmt":"2012-10-17T10:24:56","guid":{"rendered":"http:\/\/www.czssvjanabosca.sk\/?page_id=111"},"modified":"2025-10-13T12:12:25","modified_gmt":"2025-10-13T10:12:25","slug":"kruzky","status":"publish","type":"page","link":"https:\/\/www.czslc.sk\/?page_id=111","title":{"rendered":"Kr\u00fa\u017eky"},"content":{"rendered":"\n<table width=\"989\">\n<tbody>\n<tr>\n<td width=\"45\">\n<p>&nbsp;<\/p>\n<\/td>\n<td width=\"197\">\n<p>&nbsp;<\/p>\n<p>N\u00e1zov kr\u00fa\u017eku<\/p>\n<\/td>\n<td width=\"158\">\n<p>&nbsp;<\/p>\n<p>Meno vyu\u010duj\u00faceho<\/p>\n<\/td>\n<td width=\"131\">\n<p>&nbsp;<\/p>\n<p>De\u0148 v t\u00fd\u017edni<\/p>\n<\/td>\n<td width=\"167\">\n<p>&nbsp;<\/p>\n<p>Trvanie<\/p>\n<p>od&#8230; do &#8230;<\/p>\n<\/td>\n<td width=\"173\">\n<p>&nbsp;<\/p>\n<p>&nbsp;<\/p>\n<p>Miestnos\u0165<\/p>\n<\/td>\n<td width=\"118\">\n<p>&nbsp;<\/p>\n<p>Ur\u010den\u00fd pre \u017eiakov<\/p>\n<p>I.\/II. stup\u0148a<\/p>\n<\/td>\n<\/tr>\n<tr>\n<td width=\"45\">\n<p>1.<\/p>\n<\/td>\n<td width=\"197\">\n<p><strong>\u0160portov\u00e9 hry<\/strong><\/p>\n<\/td>\n<td width=\"158\">\n<p>Spodniak<\/p>\n<\/td>\n<td width=\"131\">\n<p>\u0161tvrtok<\/p>\n<\/td>\n<td width=\"167\">\n<p>14:00 &#8211; 16.00<\/p>\n<\/td>\n<td width=\"173\">\n<p>Teloc.\/\u0161k.ihrisko<\/p>\n<\/td>\n<td width=\"118\">\n<p>II.stupe\u0148<\/p>\n<\/td>\n<\/tr>\n<tr>\n<td width=\"45\">\n<p>2.<\/p>\n<\/td>\n<td width=\"197\">\n<p><strong>Volejbal<\/strong><\/p>\n<\/td>\n<td width=\"158\">\n<p>Kandov\u00e1<\/p>\n<\/td>\n<td width=\"131\">\n<p>streda<\/p>\n<\/td>\n<td width=\"167\">\n<p>14:00 &#8211; 16:00<\/p>\n<\/td>\n<td width=\"173\">\n<p>Telocvi\u010d\u0148a<\/p>\n<\/td>\n<td width=\"118\">\n<p>II.stupe\u0148<\/p>\n<\/td>\n<\/tr>\n<tr>\n<td width=\"45\">\n<p>3.<\/p>\n<\/td>\n<td width=\"197\">\n<p><strong>Zahrajme si divadielko<\/strong><\/p>\n<\/td>\n<td width=\"158\">\n<p>Ko\u010di\u0161ov\u00e1<\/p>\n<\/td>\n<td width=\"131\">\n<p>pondelok<\/p>\n<\/td>\n<td width=\"167\">\n<p>13:00 &#8211; 15:00<\/p>\n<\/td>\n<td width=\"173\">\n<p>3.A<\/p>\n<\/td>\n<td width=\"118\">\n<p>I.stupe\u0148<\/p>\n<\/td>\n<\/tr>\n<tr>\n<td width=\"45\">\n<p>4.<\/p>\n<\/td>\n<td width=\"197\">\n<p><strong>Angli\u010dtina hrou<\/strong><\/p>\n<\/td>\n<td width=\"158\">\n<p>Ha\u0161kov\u00e1<\/p>\n<\/td>\n<td width=\"131\">\n<p>pondelok<\/p>\n<\/td>\n<td width=\"167\">\n<p>13:00 &#8211; 15:00<\/p>\n<\/td>\n<td width=\"173\">\n<p>2.A<\/p>\n<\/td>\n<td width=\"118\">\n<p>I.stupe\u0148 &#8211; 1.-2.r.<\/p>\n<\/td>\n<\/tr>\n<tr>\n<td width=\"45\">\n<p>5.<\/p>\n<\/td>\n<td width=\"197\">\n<p><strong>T\u00falav\u00e9 top\u00e1nky<\/strong><\/p>\n<\/td>\n<td width=\"158\">\n<p>Salajov\u00e1<\/p>\n<\/td>\n<td width=\"131\">\n<p>sobota<\/p>\n<\/td>\n<td width=\"167\">\n<p>&nbsp;<\/p>\n<\/td>\n<td width=\"173\">\n<p>outdoor<\/p>\n<\/td>\n<td width=\"118\">\n<p>I.stupe\u0148<\/p>\n<\/td>\n<\/tr>\n<tr>\n<td width=\"45\">\n<p>6.<\/p>\n<\/td>\n<td width=\"197\">\n<p><strong>Hrn\u010diarsky<\/strong><\/p>\n<\/td>\n<td width=\"158\">\n<p>Vacul\u010diakov\u00e1<\/p>\n<\/td>\n<td width=\"131\">\n<p>streda aj \u0161tvrtok<\/p>\n<\/td>\n<td width=\"167\">\n<p>14:00 \u2013 16:00<\/p>\n<\/td>\n<td width=\"173\">\n<p>dielne<\/p>\n<\/td>\n<td width=\"118\">\n<p>I.-II.stupe\u0148<\/p>\n<\/td>\n<\/tr>\n<tr>\n<td width=\"45\">\n<p>7.<\/p>\n<\/td>\n<td width=\"197\">\n<p><strong>Pr\u00edprava na testovanie z matematiky<\/strong><\/p>\n<\/td>\n<td width=\"158\">\n<p>\u0160imov<\/p>\n<\/td>\n<td width=\"131\">\n<p>\u0161tvrtok<\/p>\n<\/td>\n<td width=\"167\">\n<p>13:30 &#8211; 15:30<\/p>\n<\/td>\n<td width=\"173\">\n<p>9.A<\/p>\n<\/td>\n<td width=\"118\">\n<p>9r.<\/p>\n<\/td>\n<\/tr>\n<tr>\n<td width=\"45\">\n<p>8.<\/p>\n<\/td>\n<td width=\"197\">\n<p><strong>Hackni to!<\/strong><\/p>\n<\/td>\n<td width=\"158\">\n<p>Vinar\u010d\u00edk<\/p>\n<\/td>\n<td width=\"131\">\n<p>streda<\/p>\n<\/td>\n<td width=\"167\">\n<p>14:00 \u2013 16:00<\/p>\n<\/td>\n<td width=\"173\">\n<p>inf. u\u010deb\u0148a<\/p>\n<\/td>\n<td width=\"118\">\n<p>II.stupe\u0148<\/p>\n<\/td>\n<\/tr>\n<tr>\n<td width=\"45\">\n<p>9.<\/p>\n<\/td>\n<td width=\"197\">\n<p><strong>\u0160achov\u00fd <\/strong><\/p>\n<\/td>\n<td width=\"158\">\n<p>Ballo<\/p>\n<\/td>\n<td width=\"131\">\n<p>\u0160tvrtok<\/p>\n<\/td>\n<td width=\"167\">\n<p>14:00 \u2013 16:00<\/p>\n<\/td>\n<td width=\"173\">\n<p>2.A<\/p>\n<\/td>\n<td width=\"118\">\n<p>I.-II-stupe\u0148<\/p>\n<\/td>\n<\/tr>\n<\/tbody>\n<\/table>\n","protected":false},"excerpt":{"rendered":"<p>&nbsp; &nbsp; N\u00e1zov kr\u00fa\u017eku &nbsp; Meno vyu\u010duj\u00faceho &nbsp; De\u0148 v t\u00fd\u017edni &nbsp; Trvanie od&#8230; do &#8230; &nbsp; &nbsp; Miestnos\u0165 &nbsp; Ur\u010den\u00fd pre \u017eiakov I.\/II. stup\u0148a 1. \u0160portov\u00e9 hry Spodniak \u0161tvrtok 14:00 &#8211; 16.00 Teloc.\/\u0161k.ihrisko II.stupe\u0148 2. Volejbal Kandov\u00e1 streda 14:00 &#8211; 16:00 Telocvi\u010d\u0148a II.stupe\u0148 3. Zahrajme si divadielko Ko\u010di\u0161ov\u00e1 pondelok &hellip;<\/p>\n","protected":false},"author":1,"featured_media":0,"parent":0,"menu_order":0,"comment_status":"closed","ping_status":"closed","template":"","meta":{"ngg_post_thumbnail":0,"footnotes":""},"class_list":["post-111","page","type-page","status-publish","hentry"],"aioseo_notices":[],"_links":{"self":[{"href":"https:\/\/www.czslc.sk\/index.php?rest_route=\/wp\/v2\/pages\/111","targetHints":{"allow":["GET"]}}],"collection":[{"href":"https:\/\/www.czslc.sk\/index.php?rest_route=\/wp\/v2\/pages"}],"about":[{"href":"https:\/\/www.czslc.sk\/index.php?rest_route=\/wp\/v2\/types\/page"}],"author":[{"embeddable":true,"href":"https:\/\/www.czslc.sk\/index.php?rest_route=\/wp\/v2\/users\/1"}],"replies":[{"embeddable":true,"href":"https:\/\/www.czslc.sk\/index.php?rest_route=%2Fwp%2Fv2%2Fcomments&post=111"}],"version-history":[{"count":39,"href":"https:\/\/www.czslc.sk\/index.php?rest_route=\/wp\/v2\/pages\/111\/revisions"}],"predecessor-version":[{"id":38275,"href":"https:\/\/www.czslc.sk\/index.php?rest_route=\/wp\/v2\/pages\/111\/revisions\/38275"}],"wp:attachment":[{"href":"https:\/\/www.czslc.sk\/index.php?rest_route=%2Fwp%2Fv2%2Fmedia&parent=111"}],"curies":[{"name":"wp","href":"https:\/\/api.w.org\/{rel}","templated":true}]}}